{"id":13044,"date":"2016-07-26T10:22:29","date_gmt":"2016-07-26T08:22:29","guid":{"rendered":"http:\/\/www.conselharan.org\/ca\/ua-lengua-oficiau\/"},"modified":"2016-07-26T17:25:57","modified_gmt":"2016-07-26T15:25:57","slug":"ua-lengua-oficiau","status":"publish","type":"page","link":"https:\/\/www.conselharan.org\/ca\/ua-lengua-oficiau\/","title":{"rendered":"Una llengua oficial"},"content":{"rendered":"<p>[vc_row css=&#8221;.vc_custom_1469546136237{margin-top: 30px !important;}&#8221;][vc_column][vc_column_text]<img loading=\"lazy\" decoding=\"async\" class=\"aligncenter wp-image-13015 size-full\" src=\"http:\/\/www.conselharan.org\/wp-content\/uploads\/2016\/07\/oficial-maxi.jpg\" alt=\"oficial-maxi\" width=\"940\" height=\"325\" srcset=\"https:\/\/www.conselharan.org\/wp-content\/uploads\/2016\/07\/oficial-maxi.jpg 940w, https:\/\/www.conselharan.org\/wp-content\/uploads\/2016\/07\/oficial-maxi-300x104.jpg 300w, https:\/\/www.conselharan.org\/wp-content\/uploads\/2016\/07\/oficial-maxi-768x266.jpg 768w\" sizes=\"(max-width: 940px) 100vw, 940px\" \/><\/p>\n<h2 style=\"text-align: justify;\">El marc legal<\/h2>\n<p style=\"text-align: justify;\">Ent\u00e0 desvolopar era oficialitat der aran\u00e9s d\u2019ac\u00f2rd damb er Estatut d\u2019Autonomia de 2006 eth Parlament de Catalunya aprov\u00e8c era Lei de occitan, aran\u00e9s en Aran, eth 22 de seteme de 2010. S\u2019aprov\u00e8c per 117 v\u00f2ts a favor e 7 en contra.<\/p>\n<p style=\"text-align: justify;\">Amb l\u2019aprovaci\u00f3 de la <strong>Llei 16\/1990, del 13 de juliol, sobre el r\u00e8gim especial de la Vall d\u2019Aran<\/strong>, l\u2019aran\u00e8s va ser reconegut com una llengua oficial. Aquesta llei dedica l\u2019article 2 a l\u2019aran\u00e8s.<\/p>\n<h3 style=\"text-align: justify;\">Art\u00edculo 2<\/h3>\n<ul style=\"text-align: justify;\">\n<li>L\u2019aran\u00e8s, varietat de la llengua occitana i pr\u00f2pia de l\u2019Aran, \u00e9s oficial a la Vall d\u2019Aran. Aix\u00ed com el catal\u00e0 i el castell\u00e0, d\u2019acord amb l\u2019article 3 de l\u2019Estatut d\u2019Autonomia de Catalunya.<\/li>\n<li>D\u2019acord amb l\u2019article 3.4 de l\u2019Estatut d\u2019Autonomia de Catalunya, l\u2019aran\u00e8s ha de ser objecte d\u2019estudi i d\u2019especial respecte i protecci\u00f3, i s\u2019ha de garantir l\u2019us del mateix al sistema educatiu aix\u00ed com a la activitat de l\u2019Administraci\u00f3 de la Generalitat de Catalunya i al mitjans que depenen de la CCRTV al territori de la Vall d\u2019Aran.<\/li>\n<li>La Generalitat i les institucions de l\u2019Aran han d\u2019adoptar les mesures necess\u00e0ries per a garantitzar el coneixement i l\u2019us quotidi\u00e0 de l\u2019aran\u00e8s cap a la seva normalitzaci\u00f3.<\/li>\n<li>La Generalitat i les institucions de l\u2019Aran han de vetllar pel seu manteniment, promoci\u00f3 i difusi\u00f3 de la cultura aranesa.La <strong>Llei 1\/1998 del 7 de gener, de pol\u00edtica ling\u00fc\u00edstica<\/strong> a l\u2019article 7 fa refer\u00e8ncia a la protecci\u00f3 de l\u2019aran\u00e8s.L\u2019aran\u00e8s, \u00e9s una varietat de la llengua occitana pr\u00f2pia de la Vall d\u2019Aran, es regeix pel que fa a la seva utilitzaci\u00f3, per la Llei 16\/1990, del 13 de juliol, sobre el r\u00e8gim especial de la Vall d\u2019Aran, i am\u00e9s, pels preceptes d\u2019aquesta Llei, els quals no poden ser interpretats en detriment de l\u2019us de l\u2019aran\u00e8s.La <strong>Llei org\u00e0nica 6\/2006, del 19 de juriol, de reforma del Estatut d\u2019Autonomia de Catalunya<\/strong>, estableix a l\u2019article 6:<\/li>\n<li>La llengua occitana, denominada aran\u00e8s a l\u2019Aran, \u00e9s la llengua pr\u00f2pia d\u2019aquest territori i es oficial a Catalunya, d\u2019acord amb el que estableix l\u2019Estatut i les lleis de normalitzaci\u00f3 ling\u00fc\u00edstica.<\/li>\n<\/ul>\n<h2 style=\"text-align: justify;\">Percentatge de coneixement de l\u2019aran\u00e8s<\/h2>\n<p style=\"text-align: justify;\">Evoluci\u00f3 del nombre de persones que l\u2019ent\u00e9n, el saben parlar, el saben llegir i el saben escriure. Cens ling\u00fc\u00edstic 2001<\/p>\n<div style=\"text-align: justify;\">Distribuci\u00f3 porcentual.Font: Idescat<\/div>\n<table border=\"1\" cellspacing=\"0\" cellpadding=\"0\">\n<tbody>\n<tr>\n<td width=\"106\"><\/td>\n<td width=\"66\">\n<div align=\"center\"><strong>1996<\/strong><\/div>\n<\/td>\n<td width=\"66\">\n<div align=\"center\"><strong>2001<\/strong><\/div>\n<\/td>\n<\/tr>\n<tr>\n<td width=\"106\">\n<div><strong>L&#8217;enten<\/strong><\/div>\n<\/td>\n<td width=\"66\">\n<div align=\"center\">90,05<\/div>\n<\/td>\n<td width=\"66\">\n<div align=\"center\">88,88<\/div>\n<\/td>\n<\/tr>\n<tr>\n<td width=\"106\"><strong>El sap parlar<\/strong><\/td>\n<td width=\"66\">\n<div align=\"center\">64,85<\/div>\n<\/td>\n<td width=\"66\">\n<div align=\"center\">62,24<\/div>\n<\/td>\n<\/tr>\n<tr>\n<td width=\"106\">\n<div><strong>El sap llegir<\/strong><\/div>\n<\/td>\n<td width=\"66\">\n<div align=\"center\">59,29<\/div>\n<\/td>\n<td width=\"66\">\n<div align=\"center\">58,44<\/div>\n<\/td>\n<\/tr>\n<tr>\n<td width=\"106\">\n<div><strong>El sap escriure<\/strong><\/div>\n<\/td>\n<td width=\"66\">\n<div align=\"center\">24,97<\/div>\n<\/td>\n<td width=\"66\">\n<div align=\"center\">26,69<\/div>\n<\/td>\n<\/tr>\n<\/tbody>\n<\/table>\n<table dir=\"ltr\" border=\"1\" width=\"455\" cellspacing=\"0\" cellpadding=\"0\">\n<tbody>\n<tr>\n<td colspan=\"5\" width=\"98\" height=\"39\">\n<h4 style=\"text-align: center;\">Usatges Ling\u00fcistics en Aran<\/h4>\n<\/td>\n<\/tr>\n<tr>\n<td width=\"98\" height=\"39\">&nbsp;<\/p>\n<p>&nbsp;<\/td>\n<td width=\"99\" height=\"39\">\n<div><b>Castellano<\/b><\/div>\n<\/td>\n<td width=\"99\" height=\"39\">\n<div><b>Aran\u00e9s<\/b><\/div>\n<\/td>\n<td width=\"99\" height=\"39\">\n<div><b>Catal\u00e0<\/b><\/div>\n<\/td>\n<td width=\"99\" height=\"39\">\n<div><b>D\u2019autes<\/b><\/div>\n<\/td>\n<\/tr>\n<tr>\n<td width=\"98\" height=\"33\">\n<div>Lengua mairau<\/div>\n<\/td>\n<td width=\"99\" height=\"33\">\n<div>38,8%<\/div>\n<\/td>\n<td width=\"99\" height=\"33\">\n<div>34,2%<\/div>\n<\/td>\n<td width=\"99\" height=\"33\">\n<div>19,4%<\/div>\n<\/td>\n<td width=\"99\" height=\"33\">\n<div>7,6%<\/div>\n<\/td>\n<\/tr>\n<tr>\n<td width=\"98\" height=\"41\">\n<div>En casa(de forma exclusiva)<\/div>\n<\/td>\n<td width=\"99\" height=\"41\">\n<div>35,3%<\/div>\n<\/td>\n<td width=\"99\" height=\"41\">\n<div>25,8%<\/div>\n<\/td>\n<td width=\"99\" height=\"41\">\n<div>13,0%<\/div>\n<\/td>\n<td width=\"99\" height=\"41\">\n<div>s\/d<\/div>\n<\/td>\n<\/tr>\n<tr>\n<td width=\"98\" height=\"45\">\n<div>En casa (damb d\u2019autes leng\u00fces)<\/div>\n<\/td>\n<td width=\"99\" height=\"45\">\n<div>50,7%<\/div>\n<\/td>\n<td width=\"99\" height=\"45\">\n<div>40,3%<\/div>\n<\/td>\n<td width=\"99\" height=\"45\">\n<div>24,6%<\/div>\n<\/td>\n<td width=\"99\" height=\"45\">\n<div>3,8%<\/div>\n<\/td>\n<\/tr>\n<tr>\n<td width=\"98\" height=\"45\">\n<div>En trabalh (de forma exclusiva)<\/div>\n<\/td>\n<td width=\"99\" height=\"45\">\n<div>30,8%<\/div>\n<\/td>\n<td width=\"99\" height=\"45\">\n<div>9,2%<\/div>\n<\/td>\n<td width=\"99\" height=\"45\">\n<div>7,9%<\/div>\n<\/td>\n<td width=\"99\" height=\"45\">\n<div>s\/d<\/div>\n<\/td>\n<\/tr>\n<tr>\n<td width=\"98\" height=\"51\">\n<div>En trabalh (damb d\u2019autes leng\u00fces)<\/div>\n<\/td>\n<td width=\"99\" height=\"51\">\n<div>63,1%<\/div>\n<\/td>\n<td width=\"99\" height=\"51\">\n<div>34,6%<\/div>\n<\/td>\n<td width=\"99\" height=\"51\">\n<div>43,9%<\/div>\n<\/td>\n<td width=\"99\" height=\"51\">\n<div>1,8%<\/div>\n<\/td>\n<\/tr>\n<\/tbody>\n<\/table>\n<div style=\"text-align: justify;\"><\/div>\n<div style=\"text-align: justify;\"><\/div>\n<h2 style=\"text-align: justify;\">L\u2019estudi de l\u2019aran\u00e8s a l\u2019escola<\/h2>\n<p style=\"text-align: justify;\">L\u2019aran\u00e8s \u00e9s la llengua d\u2019aprenentatge dels escolars de 3 a 7 anys i la llengua vehicular a tots els centres d\u2019educaci\u00f3 infantil i primaria.<\/p>\n<ul style=\"text-align: justify;\">\n<li>Educaci\u00f3 infantil: la llengua base d\u2019aprenentatge \u00e9s l\u2019aran\u00e8s. Tamb\u00e9 s\u2019ensenya el castell\u00e0 i el catal\u00e0 a nivell oral.<\/li>\n<li>Educaci\u00f3 prim\u00e0ria: s\u2019ensenyen les 3 lleng\u00fces oficials i s\u2019utilitzen les tres lleng\u00fces per impartir les diferents mat\u00e8ries. Al cicle mig s\u2019introdueix la primera llengua estrangera i al cicle superior la segona llengua estrangera<\/li>\n<li>Etapa de la ESO: dos hores setmanals de cada una de les lleng\u00fces oficials<\/li>\n<\/ul>\n<h2 style=\"text-align: justify;\">Mitjans de comunicaci\u00f3<\/h2>\n<h4 style=\"text-align: justify;\">R\u00c0DIO<\/h4>\n<p style=\"text-align: justify;\">En desconnexi\u00f3 per la Vall d\u2019Aran a la emissora de Catalunya Informaci\u00f3.<\/p>\n<ul style=\"text-align: justify;\">\n<li>Noticiari, de dilluns a divendres de 8,00 a 8,30 .<\/li>\n<li>Actualitat local al programa Aran, meddia aran\u00e8s, de dilluns a divendres, de 12,00 a 13,00 . Remissi\u00f3 de 19,00 a 20,00.<\/li>\n<li>Tamb\u00e9 es pot escoltar a <a href=\"http:\/\/www.catradio.cat\">www.catradio.cat<\/a><\/li>\n<\/ul>\n<h4 style=\"text-align: justify;\">TELEVISI\u00d3<\/h4>\n<ul style=\"text-align: justify;\">\n<li>En canal 3\/24 informativo en aran\u00e9s de Lunes a Viernes, a las 16.45: <a href=\"http:\/\/www.tv3.cat\/aran\">www.tv3.cat\/aran<\/a><\/li>\n<\/ul>\n<h2 style=\"text-align: justify;\">Literatura<\/h2>\n<p style=\"text-align: justify;\">La llengua occitana, instrument dels trobadors a l\u2019Edat Mitjana, va deixar una gran obra tant qualitativa com quantitativa. Durant molts segles sempre hi ha hagut una producci\u00f3 liter\u00e0ria en occit\u00e0: els. XIX el moviment Felibritge va posar un renaixement per l\u2019occit\u00e0, amb el que Frederic Mistral va obtenir el Premi Nobel de literatura l\u2019any 1904.<\/p>\n<p style=\"text-align: justify;\">La producci\u00f3 liter\u00e0ria en aran\u00e8s ha sigut m\u00e9s b\u00e9 escassa. Malgrat aix\u00f2 no poden oblidar l\u2019obra de Moss\u00e9n J. Cond\u00f2 Sambeat (1867-1919).<\/p>\n<p style=\"text-align: justify;\">La producci\u00f3 liter\u00e0ria actual en aran\u00e8s ha sigut recollida als llibres de la Col\u00b7lecci\u00f3 Garona, on es publiquen les obres premiades als concursos literaris que convoca el Conselh Generau d\u2019Aran cada any: premi Mn. Cond\u00f2 Sambeat i premi Aran de literatura.<\/p>\n<h2 style=\"text-align: justify;\">L\u2019\u00e0rea de Pol\u00edtica ling\u00fc\u00edstica<\/h2>\n<p style=\"text-align: justify;\">Foma part del Departament de Cultura del Conselh Generau d&#8217;Aran i t\u00e9 com activitats principals:<\/p>\n<ul>\n<li style=\"text-align: justify;\">Serveis ling\u00fc\u00edstics: traduccions, correccions, consultes, assessorament.<\/li>\n<li style=\"text-align: justify;\">Ensenyament del aran\u00e8s per a adults, cursos espec\u00edfics per a col\u00b7lectius.<\/li>\n<li style=\"text-align: justify;\">Normalitzaci\u00f3 social: campanyes de sensivilitzaci\u00f3, convenis i gestions per promoure la llengua amb diferents empreses i institucions.<\/li>\n<li style=\"text-align: justify;\">Dinamitzaci\u00f3 cultural: convocat\u00f2ria de Concursos Literaris, seminaris, confer\u00e8ncias&#8230;<\/li>\n<li style=\"text-align: justify;\">Material escolar en aran\u00e8s<\/li>\n<li style=\"text-align: justify;\">Publicacions<\/li>\n<\/ul>\n<p>[\/vc_column_text][\/vc_column][\/vc_row]<\/p>\n ","protected":false},"excerpt":{"rendered":"<p>[vc_row css=&#8221;.vc_custom_1469546136237{margin-top: 30px !important;}&#8221;][vc_column][vc_column_text] El marc legal Ent\u00e0 desvolopar era oficialitat der aran\u00e9s d\u2019ac\u00f2rd damb er Estatut d\u2019Autonomia de 2006 eth Parlament de Catalunya aprov\u00e8c era Lei de occitan, aran\u00e9s en Aran, eth 22 de seteme de 2010. S\u2019aprov\u00e8c per 117 v\u00f2ts a favor e 7 en contra. Amb l\u2019aprovaci\u00f3 de la Llei 16\/1990, del&#8230;<\/p>\n","protected":false},"author":8,"featured_media":0,"parent":0,"menu_order":0,"comment_status":"closed","ping_status":"closed","template":"page-onesidebar.php","meta":{"footnotes":""},"_links":{"self":[{"href":"https:\/\/www.conselharan.org\/ca\/wp-json\/wp\/v2\/pages\/13044"}],"collection":[{"href":"https:\/\/www.conselharan.org\/ca\/wp-json\/wp\/v2\/pages"}],"about":[{"href":"https:\/\/www.conselharan.org\/ca\/wp-json\/wp\/v2\/types\/page"}],"author":[{"embeddable":true,"href":"https:\/\/www.conselharan.org\/ca\/wp-json\/wp\/v2\/users\/8"}],"replies":[{"embeddable":true,"href":"https:\/\/www.conselharan.org\/ca\/wp-json\/wp\/v2\/comments?post=13044"}],"version-history":[{"count":5,"href":"https:\/\/www.conselharan.org\/ca\/wp-json\/wp\/v2\/pages\/13044\/revisions"}],"predecessor-version":[{"id":13091,"href":"https:\/\/www.conselharan.org\/ca\/wp-json\/wp\/v2\/pages\/13044\/revisions\/13091"}],"wp:attachment":[{"href":"https:\/\/www.conselharan.org\/ca\/wp-json\/wp\/v2\/media?parent=13044"}],"curies":[{"name":"wp","href":"https:\/\/api.w.org\/{rel}","templated":true}]}}