{"id":148,"date":"2013-02-21T11:00:27","date_gmt":"2013-02-21T11:00:27","guid":{"rendered":"http:\/\/www.conselharan.org\/?page_id=148"},"modified":"2015-08-31T13:12:11","modified_gmt":"2015-08-31T11:12:11","slug":"videos","status":"publish","type":"page","link":"https:\/\/www.conselharan.org\/ca\/videos\/","title":{"rendered":"Videos"},"content":{"rendered":"<div class=\"srizon-yt-container\" id=\"srizonytscroller1\"><div class=\"yt-fp-outer outerwidthlarge3 outerwidthsmall1 roundingnone\"><div class=\"yt-fp-padding padding5\"><div class=\"imgbox fpthumb shadownone\" ><a class=\"magpopif\" href=\"https:\/\/www.youtube.com\/watch?v=WlrYv2POSAY\"><img decoding=\"async\" alt=\"Accions POCTEFA Habios sus galliformes de montanha\" src=\"https:\/\/i.ytimg.com\/vi\/WlrYv2POSAY\/mqdefault.jpg\" \/><div class=\"vidicon\"><\/div><\/a><\/div><div class=\"titlebelowthumb\" style=\"height:50px\"><a class=\"magpopif\" href=\"https:\/\/www.youtube.com\/watch?v=WlrYv2POSAY\">Accions POCTEFA Habios sus galliformes de montanha<\/a><\/div><\/div><\/div><div class=\"yt-fp-outer outerwidthlarge3 outerwidthsmall1 roundingnone\"><div class=\"yt-fp-padding padding5\"><div class=\"imgbox fpthumb shadownone\" ><a class=\"magpopif\" href=\"https:\/\/www.youtube.com\/watch?v=yfr59dURo1w\"><img decoding=\"async\" alt=\"Lu\u00eds Carlos Medina d\u00e8ishe eth s\u00f2n cargue en Conselh Generau d\u2019Aran\" src=\"https:\/\/i.ytimg.com\/vi\/yfr59dURo1w\/mqdefault.jpg\" \/><div class=\"vidicon\"><\/div><\/a><\/div><div class=\"titlebelowthumb\" style=\"height:50px\"><a class=\"magpopif\" href=\"https:\/\/www.youtube.com\/watch?v=yfr59dURo1w\">Lu\u00eds Carlos Medina d\u00e8ishe eth s\u00f2n cargue en Conselh Generau d\u2019Aran<\/a><\/div><\/div><\/div><div class=\"yt-fp-outer outerwidthlarge3 outerwidthsmall1 roundingnone\"><div class=\"yt-fp-padding padding5\"><div class=\"imgbox fpthumb shadownone\" ><a class=\"magpopif\" href=\"https:\/\/www.youtube.com\/watch?v=K-DO0HASkSQ\"><img decoding=\"async\" alt=\"Inaugurat eth Centre d'Interpretacion dera Artiga de Lin\" src=\"https:\/\/i.ytimg.com\/vi\/K-DO0HASkSQ\/mqdefault.jpg\" \/><div class=\"vidicon\"><\/div><\/a><\/div><div class=\"titlebelowthumb\" style=\"height:50px\"><a class=\"magpopif\" href=\"https:\/\/www.youtube.com\/watch?v=K-DO0HASkSQ\">Inaugurat eth Centre d'Interpretacion dera Artiga de Lin<\/a><\/div><\/div><\/div><div class=\"yt-fp-outer outerwidthlarge3 outerwidthsmall1 roundingnone\"><div class=\"yt-fp-padding padding5\"><div class=\"imgbox fpthumb shadownone\" ><a class=\"magpopif\" href=\"https:\/\/www.youtube.com\/watch?v=ic9yV6vqQFI\"><img decoding=\"async\" alt=\"Sindic d'Aran: \"Volem era captura e repatriacion der os Goiat\"\" src=\"https:\/\/i.ytimg.com\/vi\/ic9yV6vqQFI\/mqdefault.jpg\" \/><div class=\"vidicon\"><\/div><\/a><\/div><div class=\"titlebelowthumb\" style=\"height:50px\"><a class=\"magpopif\" href=\"https:\/\/www.youtube.com\/watch?v=ic9yV6vqQFI\">Sindic d'Aran: \"Volem era captura e repatriacion der os Goiat\"<\/a><\/div><\/div><\/div><div class=\"yt-fp-outer outerwidthlarge3 outerwidthsmall1 roundingnone\"><div class=\"yt-fp-padding padding5\"><div class=\"imgbox fpthumb shadownone\" ><a class=\"magpopif\" href=\"https:\/\/www.youtube.com\/watch?v=-ovB5XPxaAg\"><img decoding=\"async\" alt=\"Comence a foncionar provisionauments era prum\u00e8ra fasa deth nau centre de recuelhuda de residus\" src=\"https:\/\/i.ytimg.com\/vi\/-ovB5XPxaAg\/mqdefault.jpg\" \/><div class=\"vidicon\"><\/div><\/a><\/div><div class=\"titlebelowthumb\" style=\"height:50px\"><a class=\"magpopif\" href=\"https:\/\/www.youtube.com\/watch?v=-ovB5XPxaAg\">Comence a foncionar provisionauments era prum\u00e8ra fasa deth nau centre de recuelhuda de residus<\/a><\/div><\/div><\/div><div class=\"yt-fp-outer outerwidthlarge3 outerwidthsmall1 roundingnone\"><div class=\"yt-fp-padding padding5\"><div class=\"imgbox fpthumb shadownone\" ><a class=\"magpopif\" href=\"https:\/\/www.youtube.com\/watch?v=-XTPQUakTzk\"><img decoding=\"async\" alt=\"Esbau\u00e7ament de granes dimensions ena rib\u00e8ra de Valarties\" src=\"https:\/\/i.ytimg.com\/vi\/-XTPQUakTzk\/mqdefault.jpg\" \/><div class=\"vidicon\"><\/div><\/a><\/div><div class=\"titlebelowthumb\" style=\"height:50px\"><a class=\"magpopif\" href=\"https:\/\/www.youtube.com\/watch?v=-XTPQUakTzk\">Esbau\u00e7ament de granes dimensions ena rib\u00e8ra de Valarties<\/a><\/div><\/div><\/div><div class=\"yt-fp-outer outerwidthlarge3 outerwidthsmall1 roundingnone\"><div class=\"yt-fp-padding padding5\"><div class=\"imgbox fpthumb shadownone\" ><a class=\"magpopif\" href=\"https:\/\/www.youtube.com\/watch?v=uWKA8PORDBY\"><img decoding=\"async\" alt=\"Aprobacion definitiva dera regulacion des B\u00f2rdes e Cabanes ena Val d'Aran\" src=\"https:\/\/i.ytimg.com\/vi\/uWKA8PORDBY\/mqdefault.jpg\" \/><div class=\"vidicon\"><\/div><\/a><\/div><div class=\"titlebelowthumb\" style=\"height:50px\"><a class=\"magpopif\" href=\"https:\/\/www.youtube.com\/watch?v=uWKA8PORDBY\">Aprobacion definitiva dera regulacion des B\u00f2rdes e Cabanes ena Val d'Aran<\/a><\/div><\/div><\/div><div class=\"yt-fp-outer outerwidthlarge3 outerwidthsmall1 roundingnone\"><div class=\"yt-fp-padding padding5\"><div class=\"imgbox fpthumb shadownone\" ><a class=\"magpopif\" href=\"https:\/\/www.youtube.com\/watch?v=HdEy-RVPKoY\"><img decoding=\"async\" alt=\"M\u00e0ster d\u2019Atencion Pre-espital\u00e0ria e Espital\u00e0ria Urgenta ena Val d\u2019Aran\" src=\"https:\/\/i.ytimg.com\/vi\/HdEy-RVPKoY\/mqdefault.jpg\" \/><div class=\"vidicon\"><\/div><\/a><\/div><div class=\"titlebelowthumb\" style=\"height:50px\"><a class=\"magpopif\" href=\"https:\/\/www.youtube.com\/watch?v=HdEy-RVPKoY\">M\u00e0ster d\u2019Atencion Pre-espital\u00e0ria e Espital\u00e0ria Urgenta ena Val d\u2019Aran<\/a><\/div><\/div><\/div><div class=\"yt-fp-outer outerwidthlarge3 outerwidthsmall1 roundingnone\"><div class=\"yt-fp-padding padding5\"><div class=\"imgbox fpthumb shadownone\" ><a class=\"magpopif\" href=\"https:\/\/www.youtube.com\/watch?v=JjROA2V265w\"><img decoding=\"async\" alt=\"Culminacion de 7 ans de trabalh\" src=\"https:\/\/i.ytimg.com\/vi\/JjROA2V265w\/mqdefault.jpg\" \/><div class=\"vidicon\"><\/div><\/a><\/div><div class=\"titlebelowthumb\" style=\"height:50px\"><a class=\"magpopif\" href=\"https:\/\/www.youtube.com\/watch?v=JjROA2V265w\">Culminacion de 7 ans de trabalh<\/a><\/div><\/div><\/div><div class=\"yt-fp-outer outerwidthlarge3 outerwidthsmall1 roundingnone\"><div class=\"yt-fp-padding padding5\"><div class=\"imgbox fpthumb shadownone\" ><a class=\"magpopif\" href=\"https:\/\/www.youtube.com\/watch?v=mVdE5IqgecE\"><img decoding=\"async\" alt=\"Era Comission Assessora der Auviatge dera Val d\u2019Aran refusse es alternatiues de Fomento entara N-230\" src=\"https:\/\/i.ytimg.com\/vi\/mVdE5IqgecE\/mqdefault.jpg\" \/><div class=\"vidicon\"><\/div><\/a><\/div><div class=\"titlebelowthumb\" style=\"height:50px\"><a class=\"magpopif\" href=\"https:\/\/www.youtube.com\/watch?v=mVdE5IqgecE\">Era Comission Assessora der Auviatge dera Val d\u2019Aran refusse es alternatiues de Fomento entara N-230<\/a><\/div><\/div><\/div><div class=\"yt-fp-outer outerwidthlarge3 outerwidthsmall1 roundingnone\"><div class=\"yt-fp-padding padding5\"><div class=\"imgbox fpthumb shadownone\" ><a class=\"magpopif\" href=\"https:\/\/www.youtube.com\/watch?v=WMrJPSA6kLo\"><img decoding=\"async\" alt=\"Era conselh\u00e8ra de Torisme, Ana D\u00edaz, presente era mem\u00f2ria de Torisme Val d'Aran 2017\" src=\"https:\/\/i.ytimg.com\/vi\/WMrJPSA6kLo\/mqdefault.jpg\" \/><div class=\"vidicon\"><\/div><\/a><\/div><div class=\"titlebelowthumb\" style=\"height:50px\"><a class=\"magpopif\" href=\"https:\/\/www.youtube.com\/watch?v=WMrJPSA6kLo\">Era conselh\u00e8ra de Torisme, Ana D\u00edaz, presente era mem\u00f2ria de Torisme Val d'Aran 2017<\/a><\/div><\/div><\/div><div class=\"yt-fp-outer outerwidthlarge3 outerwidthsmall1 roundingnone\"><div class=\"yt-fp-padding padding5\"><div class=\"imgbox fpthumb shadownone\" ><a class=\"magpopif\" href=\"https:\/\/www.youtube.com\/watch?v=tVpOkP_GfbQ\"><img decoding=\"async\" alt=\"Dues persones an resultat m\u00f2rtes e ua tresau herida gr\u00e8u per un laueg ena Val d\u2019Aran\" src=\"https:\/\/i.ytimg.com\/vi\/tVpOkP_GfbQ\/mqdefault.jpg\" \/><div class=\"vidicon\"><\/div><\/a><\/div><div class=\"titlebelowthumb\" style=\"height:50px\"><a class=\"magpopif\" href=\"https:\/\/www.youtube.com\/watch?v=tVpOkP_GfbQ\">Dues persones an resultat m\u00f2rtes e ua tresau herida gr\u00e8u per un laueg ena Val d\u2019Aran<\/a><\/div><\/div><\/div><div class=\"yt-fp-outer outerwidthlarge3 outerwidthsmall1 roundingnone\"><div class=\"yt-fp-padding padding5\"><div class=\"imgbox fpthumb shadownone\" ><a class=\"magpopif\" href=\"https:\/\/www.youtube.com\/watch?v=53tGSnf0cko\"><img decoding=\"async\" alt=\"Re\u00fcnion de trabalh damb eth secretari d'Ah\u00e8rs Sociaus e Familhes\" src=\"https:\/\/i.ytimg.com\/vi\/53tGSnf0cko\/mqdefault.jpg\" \/><div class=\"vidicon\"><\/div><\/a><\/div><div class=\"titlebelowthumb\" style=\"height:50px\"><a class=\"magpopif\" href=\"https:\/\/www.youtube.com\/watch?v=53tGSnf0cko\">Re\u00fcnion de trabalh damb eth secretari d'Ah\u00e8rs Sociaus e Familhes<\/a><\/div><\/div><\/div><div class=\"yt-fp-outer outerwidthlarge3 outerwidthsmall1 roundingnone\"><div class=\"yt-fp-padding padding5\"><div class=\"imgbox fpthumb shadownone\" ><a class=\"magpopif\" href=\"https:\/\/www.youtube.com\/watch?v=-yQK1QCiQ7I\"><img decoding=\"async\" alt=\"Eth Plen apr\u00f2ve ua mocion conjunta en favor der impuls e proteccion der aran\u00e9s\" src=\"https:\/\/i.ytimg.com\/vi\/-yQK1QCiQ7I\/mqdefault.jpg\" \/><div class=\"vidicon\"><\/div><\/a><\/div><div class=\"titlebelowthumb\" style=\"height:50px\"><a class=\"magpopif\" href=\"https:\/\/www.youtube.com\/watch?v=-yQK1QCiQ7I\">Eth Plen apr\u00f2ve ua mocion conjunta en favor der impuls e proteccion der aran\u00e9s<\/a><\/div><\/div><\/div><div class=\"yt-fp-outer outerwidthlarge3 outerwidthsmall1 roundingnone\"><div class=\"yt-fp-padding padding5\"><div class=\"imgbox fpthumb shadownone\" ><a class=\"magpopif\" href=\"https:\/\/www.youtube.com\/watch?v=Vw9yDrRvsis\"><img decoding=\"async\" alt=\"Desencadenament de lauegi controtladi en Bonaigua\" src=\"https:\/\/i.ytimg.com\/vi\/Vw9yDrRvsis\/mqdefault.jpg\" \/><div class=\"vidicon\"><\/div><\/a><\/div><div class=\"titlebelowthumb\" style=\"height:50px\"><a class=\"magpopif\" href=\"https:\/\/www.youtube.com\/watch?v=Vw9yDrRvsis\">Desencadenament de lauegi controtladi en Bonaigua<\/a><\/div><\/div><\/div><div class=\"yt-fp-outer outerwidthlarge3 outerwidthsmall1 roundingnone\"><div class=\"yt-fp-padding padding5\"><div class=\"imgbox fpthumb shadownone\" ><a class=\"magpopif\" href=\"https:\/\/www.youtube.com\/watch?v=TnEScv55ZGw\"><img decoding=\"async\" alt=\"Presenten eth prec\u00e8pte sus era posita juridica deth dret a decidir dera Val d\u2019Aran\" src=\"https:\/\/i.ytimg.com\/vi\/TnEScv55ZGw\/mqdefault.jpg\" \/><div class=\"vidicon\"><\/div><\/a><\/div><div class=\"titlebelowthumb\" style=\"height:50px\"><a class=\"magpopif\" href=\"https:\/\/www.youtube.com\/watch?v=TnEScv55ZGw\">Presenten eth prec\u00e8pte sus era posita juridica deth dret a decidir dera Val d\u2019Aran<\/a><\/div><\/div><\/div><div class=\"yt-fp-outer outerwidthlarge3 outerwidthsmall1 roundingnone\"><div class=\"yt-fp-padding padding5\"><div class=\"imgbox fpthumb shadownone\" ><a class=\"magpopif\" href=\"https:\/\/www.youtube.com\/watch?v=OkEIcpVWZpY\"><img decoding=\"async\" alt=\"Era aucupacion otel\u00e8ra en Nadau se place pr\u00f2p deth 90% en tota era Val d\u2019Aran\" src=\"https:\/\/i.ytimg.com\/vi\/OkEIcpVWZpY\/mqdefault.jpg\" \/><div class=\"vidicon\"><\/div><\/a><\/div><div class=\"titlebelowthumb\" style=\"height:50px\"><a class=\"magpopif\" href=\"https:\/\/www.youtube.com\/watch?v=OkEIcpVWZpY\">Era aucupacion otel\u00e8ra en Nadau se place pr\u00f2p deth 90% en tota era Val d\u2019Aran<\/a><\/div><\/div><\/div><div class=\"yt-fp-outer outerwidthlarge3 outerwidthsmall1 roundingnone\"><div class=\"yt-fp-padding padding5\"><div class=\"imgbox fpthumb shadownone\" ><a class=\"magpopif\" href=\"https:\/\/www.youtube.com\/watch?v=lerhkD327pE\"><img decoding=\"async\" alt=\"Eth Plen deth Conselh apr\u00f2ve era modificacion de cr\u00e8dit entara resid\u00e9ncia deth Baish Aran\" src=\"https:\/\/i.ytimg.com\/vi\/lerhkD327pE\/mqdefault.jpg\" \/><div class=\"vidicon\"><\/div><\/a><\/div><div class=\"titlebelowthumb\" style=\"height:50px\"><a class=\"magpopif\" href=\"https:\/\/www.youtube.com\/watch?v=lerhkD327pE\">Eth Plen deth Conselh apr\u00f2ve era modificacion de cr\u00e8dit entara resid\u00e9ncia deth Baish Aran<\/a><\/div><\/div><\/div><div class=\"yt-fp-outer outerwidthlarge3 outerwidthsmall1 roundingnone\"><div class=\"yt-fp-padding padding5\"><div class=\"imgbox fpthumb shadownone\" ><a class=\"magpopif\" href=\"https:\/\/www.youtube.com\/watch?v=tnbdXLwMlBg\"><img decoding=\"async\" alt=\"Simulacre d'actuacion en situacion d'emerg\u00e9ncia - GRM des Pompi\u00e8rs d\u2019Aran\" src=\"https:\/\/i.ytimg.com\/vi\/tnbdXLwMlBg\/mqdefault.jpg\" \/><div class=\"vidicon\"><\/div><\/a><\/div><div class=\"titlebelowthumb\" style=\"height:50px\"><a class=\"magpopif\" href=\"https:\/\/www.youtube.com\/watch?v=tnbdXLwMlBg\">Simulacre d'actuacion en situacion d'emerg\u00e9ncia - GRM des Pompi\u00e8rs d\u2019Aran<\/a><\/div><\/div><\/div><div class=\"yt-fp-outer outerwidthlarge3 outerwidthsmall1 roundingnone\"><div class=\"yt-fp-padding padding5\"><div class=\"imgbox fpthumb shadownone\" ><a class=\"magpopif\" href=\"https:\/\/www.youtube.com\/watch?v=7pVfB5be4C8\"><img decoding=\"async\" alt=\"Era Val d\u2019Aran premanida ent\u00e0 Nadau demp\u00fas d'un excepcionau p\u00f2nt dera Constitucion\" src=\"https:\/\/i.ytimg.com\/vi\/7pVfB5be4C8\/mqdefault.jpg\" \/><div class=\"vidicon\"><\/div><\/a><\/div><div class=\"titlebelowthumb\" style=\"height:50px\"><a class=\"magpopif\" href=\"https:\/\/www.youtube.com\/watch?v=7pVfB5be4C8\">Era Val d\u2019Aran premanida ent\u00e0 Nadau demp\u00fas d'un excepcionau p\u00f2nt dera Constitucion<\/a><\/div><\/div><\/div><div class=\"yt-fp-outer outerwidthlarge3 outerwidthsmall1 roundingnone\"><div class=\"yt-fp-padding padding5\"><div class=\"imgbox fpthumb shadownone\" ><a class=\"magpopif\" href=\"https:\/\/www.youtube.com\/watch?v=ohTKSw-y2Kc\"><img decoding=\"async\" alt=\"Es Pompi\u00e8rs d\u2019Aran cel\u00e8bren un an m\u00e8s Santa Barbara\" src=\"https:\/\/i.ytimg.com\/vi\/ohTKSw-y2Kc\/mqdefault.jpg\" \/><div class=\"vidicon\"><\/div><\/a><\/div><div class=\"titlebelowthumb\" style=\"height:50px\"><a class=\"magpopif\" href=\"https:\/\/www.youtube.com\/watch?v=ohTKSw-y2Kc\">Es Pompi\u00e8rs d\u2019Aran cel\u00e8bren un an m\u00e8s Santa Barbara<\/a><\/div><\/div><\/div><div class=\"yt-fp-outer outerwidthlarge3 outerwidthsmall1 roundingnone\"><div class=\"yt-fp-padding padding5\"><div class=\"imgbox fpthumb shadownone\" ><a class=\"magpopif\" href=\"https:\/\/www.youtube.com\/watch?v=WTcnUhp9JC8\"><img decoding=\"async\" alt=\"Manif\u00e8st damb motiu deth Dia Internacionau contra era Viol\u00e9ncia de Genre\" src=\"https:\/\/i.ytimg.com\/vi\/WTcnUhp9JC8\/mqdefault.jpg\" \/><div class=\"vidicon\"><\/div><\/a><\/div><div class=\"titlebelowthumb\" style=\"height:50px\"><a class=\"magpopif\" href=\"https:\/\/www.youtube.com\/watch?v=WTcnUhp9JC8\">Manif\u00e8st damb motiu deth Dia Internacionau contra era Viol\u00e9ncia de Genre<\/a><\/div><\/div><\/div><div class=\"yt-fp-outer outerwidthlarge3 outerwidthsmall1 roundingnone\"><div class=\"yt-fp-padding padding5\"><div class=\"imgbox fpthumb shadownone\" ><a class=\"magpopif\" href=\"https:\/\/www.youtube.com\/watch?v=DBF7jeNp4IE\"><img decoding=\"async\" alt=\"Comencen es \u00f2bres de reubicacion des servicis administratius der Espitau dera Val d\u2019Aran\" src=\"https:\/\/i.ytimg.com\/vi\/DBF7jeNp4IE\/mqdefault.jpg\" \/><div class=\"vidicon\"><\/div><\/a><\/div><div class=\"titlebelowthumb\" style=\"height:50px\"><a class=\"magpopif\" href=\"https:\/\/www.youtube.com\/watch?v=DBF7jeNp4IE\">Comencen es \u00f2bres de reubicacion des servicis administratius der Espitau dera Val d\u2019Aran<\/a><\/div><\/div><\/div><div class=\"yt-fp-outer outerwidthlarge3 outerwidthsmall1 roundingnone\"><div class=\"yt-fp-padding padding5\"><div class=\"imgbox fpthumb shadownone\" ><a class=\"magpopif\" href=\"https:\/\/www.youtube.com\/watch?v=Egkh40Rznm8\"><img decoding=\"async\" alt=\"Aprobacion deth contracte der \"Arrendament de neg\u00f2ci dera Auberja Era Garona\" src=\"https:\/\/i.ytimg.com\/vi\/Egkh40Rznm8\/mqdefault.jpg\" \/><div class=\"vidicon\"><\/div><\/a><\/div><div class=\"titlebelowthumb\" style=\"height:50px\"><a class=\"magpopif\" href=\"https:\/\/www.youtube.com\/watch?v=Egkh40Rznm8\">Aprobacion deth contracte der \"Arrendament de neg\u00f2ci dera Auberja Era Garona<\/a><\/div><\/div><\/div><div class=\"yt-fp-outer outerwidthlarge3 outerwidthsmall1 roundingnone\"><div class=\"yt-fp-padding padding5\"><div class=\"imgbox fpthumb shadownone\" ><a class=\"magpopif\" href=\"https:\/\/www.youtube.com\/watch?v=F49z-6vog9s\"><img decoding=\"async\" alt=\"Declaracions sindic Carlos Barrera en Plen deth Conselh Generau d'Aran\" src=\"https:\/\/i.ytimg.com\/vi\/F49z-6vog9s\/mqdefault.jpg\" \/><div class=\"vidicon\"><\/div><\/a><\/div><div class=\"titlebelowthumb\" style=\"height:50px\"><a class=\"magpopif\" href=\"https:\/\/www.youtube.com\/watch?v=F49z-6vog9s\">Declaracions sindic Carlos Barrera en Plen deth Conselh Generau d'Aran<\/a><\/div><\/div><\/div><div style=\"clear:both;\"><\/div><\/div>\n ","protected":false},"excerpt":{"rendered":"Accions POCTEFA Habios sus galliformes de montanhaLu\u00eds Carlos Medina d\u00e8ishe eth s\u00f2n cargue en Conselh Generau d\u2019AranInaugurat eth Centre d'Interpretacion dera Artiga de LinSindic d'Aran: \"Volem era captura e repatriacion der os Goiat\"Comence a foncionar provisionauments era prum\u00e8ra fasa deth nau centre de recuelhuda de residusEsbau\u00e7ament de granes dimensions ena rib\u00e8ra de ValartiesAprobacion definitiva dera...","protected":false},"author":1,"featured_media":0,"parent":0,"menu_order":0,"comment_status":"open","ping_status":"open","template":"page-onesidebar.php","meta":{"footnotes":""},"_links":{"self":[{"href":"https:\/\/www.conselharan.org\/ca\/wp-json\/wp\/v2\/pages\/148"}],"collection":[{"href":"https:\/\/www.conselharan.org\/ca\/wp-json\/wp\/v2\/pages"}],"about":[{"href":"https:\/\/www.conselharan.org\/ca\/wp-json\/wp\/v2\/types\/page"}],"author":[{"embeddable":true,"href":"https:\/\/www.conselharan.org\/ca\/wp-json\/wp\/v2\/users\/1"}],"replies":[{"embeddable":true,"href":"https:\/\/www.conselharan.org\/ca\/wp-json\/wp\/v2\/comments?post=148"}],"version-history":[{"count":6,"href":"https:\/\/www.conselharan.org\/ca\/wp-json\/wp\/v2\/pages\/148\/revisions"}],"predecessor-version":[{"id":8241,"href":"https:\/\/www.conselharan.org\/ca\/wp-json\/wp\/v2\/pages\/148\/revisions\/8241"}],"wp:attachment":[{"href":"https:\/\/www.conselharan.org\/ca\/wp-json\/wp\/v2\/media?parent=148"}],"curies":[{"name":"wp","href":"https:\/\/api.w.org\/{rel}","templated":true}]}}