{"id":15278,"date":"2017-01-10T21:32:43","date_gmt":"2017-01-10T20:32:43","guid":{"rendered":"http:\/\/www.conselharan.org\/ca\/meteo\/"},"modified":"2026-04-06T08:40:28","modified_gmt":"2026-04-06T06:40:28","slug":"meteo","status":"publish","type":"page","link":"https:\/\/www.conselharan.org\/ca\/meteo\/","title":{"rendered":"Meteo"},"content":{"rendered":"<h2>Jornadas primaverales con predominio del sol y la estabilidad.<\/h2>\n<h3>Actualitzat 6\/4\/2026.<\/h3>\n<p>Lunes 6 de abril<br \/>\njornada soleada con algunas nubes altas muy delgadas y algunas nubes evoluci\u00f3n dispersas por la tarde.<br \/>\nVientos d\u00e9biles del sur.<br \/>\nLas temperaturas se situar\u00e1n bastante por encima de las habituales.<br \/>\nBausen: \ud83c\udf21\ufe0f 8 \u00b0C \/ 23 \u00b0C<br \/>\nBetren: \ud83c\udf21\ufe0f 7 \u00b0C \/ 22 \u00b0C<\/p>\n<p>Martes 7 de abril<br \/>\nSe prev\u00e9 una jornada de estabilidad absoluta con cielos pr\u00e1cticamente despejados con algunas tenues nubes altas. Vientos d\u00e9biles del suroeste.<br \/>\nLas temperaturas continuar\u00e1n siendo de finales de primavera casi de principios de verano.<br \/>\nBausen: \ud83c\udf21\ufe0f 9 \u00b0C \/ 23 \u00b0C<br \/>\nBetren: \ud83c\udf21\ufe0f 7 \u00b0C \/ 22 \u00b0C<\/p>\n ","protected":false},"excerpt":{"rendered":"<p>Jornadas primaverales con predominio del sol y la estabilidad. Actualitzat 6\/4\/2026. Lunes 6 de abril jornada soleada con algunas nubes altas muy delgadas y algunas nubes evoluci\u00f3n dispersas por la tarde. Vientos d\u00e9biles del sur. Las temperaturas se situar\u00e1n bastante por encima de las habituales. Bausen: \ud83c\udf21\ufe0f 8 \u00b0C \/ 23 \u00b0C Betren: \ud83c\udf21\ufe0f 7&#8230;<\/p>\n","protected":false},"author":9,"featured_media":0,"parent":0,"menu_order":0,"comment_status":"closed","ping_status":"closed","template":"page-onesidebar.php","meta":{"footnotes":""},"_links":{"self":[{"href":"https:\/\/www.conselharan.org\/ca\/wp-json\/wp\/v2\/pages\/15278"}],"collection":[{"href":"https:\/\/www.conselharan.org\/ca\/wp-json\/wp\/v2\/pages"}],"about":[{"href":"https:\/\/www.conselharan.org\/ca\/wp-json\/wp\/v2\/types\/page"}],"author":[{"embeddable":true,"href":"https:\/\/www.conselharan.org\/ca\/wp-json\/wp\/v2\/users\/9"}],"replies":[{"embeddable":true,"href":"https:\/\/www.conselharan.org\/ca\/wp-json\/wp\/v2\/comments?post=15278"}],"version-history":[{"count":3061,"href":"https:\/\/www.conselharan.org\/ca\/wp-json\/wp\/v2\/pages\/15278\/revisions"}],"predecessor-version":[{"id":66671,"href":"https:\/\/www.conselharan.org\/ca\/wp-json\/wp\/v2\/pages\/15278\/revisions\/66671"}],"wp:attachment":[{"href":"https:\/\/www.conselharan.org\/ca\/wp-json\/wp\/v2\/media?parent=15278"}],"curies":[{"name":"wp","href":"https:\/\/api.w.org\/{rel}","templated":true}]}}