{"id":18907,"date":"2017-09-04T09:52:13","date_gmt":"2017-09-04T07:52:13","guid":{"rendered":"http:\/\/www.conselharan.org\/ca\/evolucion-del-reciclaje\/"},"modified":"2017-09-14T11:38:10","modified_gmt":"2017-09-14T09:38:10","slug":"evolucio-del-reciclatge","status":"publish","type":"page","link":"https:\/\/www.conselharan.org\/ca\/evolucio-del-reciclatge\/","title":{"rendered":"Evoluci\u00f3 del reciclatge"},"content":{"rendered":"<p>[vc_row css=&#8221;.vc_custom_1469550744820{margin-top: 30px !important;}&#8221;][vc_column][vc_column_text]<img loading=\"lazy\" decoding=\"async\" class=\"aligncenter wp-image-13007 size-full\" src=\"http:\/\/www.conselharan.org\/wp-content\/uploads\/2017\/09\/evolucion-residuos.jpg\" alt=\"romanica-maxi\" width=\"940\" height=\"325\" \/><\/p>\n<p>Amb l\u2019\u00e0nim de millorar la comunicaci\u00f3 i la transpar\u00e8ncia del servei s\u2019actualitza peri\u00f2dicament la informaci\u00f3 de la producci\u00f3 de la recollida selectiva al nostre territori.<\/p>\n<p>L\u2019increment progressiu i la conseq\u00fcent millora d\u2019aquests percentatges demostren l\u2019augment de la conscienciaci\u00f3 ciutadana sobre la import\u00e0ncia de la conservaci\u00f3 del medi ambient.<\/p>\n<p><img loading=\"lazy\" decoding=\"async\" class=\"aligncenter size-full wp-image-19029\" src=\"http:\/\/www.conselharan.org\/wp-content\/uploads\/2017\/09\/EVOLUCI\u00d3-ANUAL-DE-RESIDUS-TOTI-ES-IDIOMES-catalan.jpg\" alt=\"EVOLUCI\u00d3-ANUAL-DE-RESIDUS-TOTI-ES-IDIOMES-catalan\" width=\"3000\" height=\"2250\" srcset=\"https:\/\/www.conselharan.org\/wp-content\/uploads\/2017\/09\/EVOLUCI\u00d3-ANUAL-DE-RESIDUS-TOTI-ES-IDIOMES-catalan.jpg 3000w, https:\/\/www.conselharan.org\/wp-content\/uploads\/2017\/09\/EVOLUCI\u00d3-ANUAL-DE-RESIDUS-TOTI-ES-IDIOMES-catalan-300x225.jpg 300w, https:\/\/www.conselharan.org\/wp-content\/uploads\/2017\/09\/EVOLUCI\u00d3-ANUAL-DE-RESIDUS-TOTI-ES-IDIOMES-catalan-768x576.jpg 768w, https:\/\/www.conselharan.org\/wp-content\/uploads\/2017\/09\/EVOLUCI\u00d3-ANUAL-DE-RESIDUS-TOTI-ES-IDIOMES-catalan-1024x768.jpg 1024w\" sizes=\"(max-width: 3000px) 100vw, 3000px\" \/>[\/vc_column_text][\/vc_column][\/vc_row]<\/p>\n ","protected":false},"excerpt":{"rendered":"<p>[vc_row css=&#8221;.vc_custom_1469550744820{margin-top: 30px !important;}&#8221;][vc_column][vc_column_text] Amb l\u2019\u00e0nim de millorar la comunicaci\u00f3 i la transpar\u00e8ncia del servei s\u2019actualitza peri\u00f2dicament la informaci\u00f3 de la producci\u00f3 de la recollida selectiva al nostre territori. L\u2019increment progressiu i la conseq\u00fcent millora d\u2019aquests percentatges demostren l\u2019augment de la conscienciaci\u00f3 ciutadana sobre la import\u00e0ncia de la conservaci\u00f3 del medi ambient. [\/vc_column_text][\/vc_column][\/vc_row]<\/p>\n","protected":false},"author":8,"featured_media":0,"parent":0,"menu_order":0,"comment_status":"closed","ping_status":"closed","template":"page-onesidebar.php","meta":{"footnotes":""},"_links":{"self":[{"href":"https:\/\/www.conselharan.org\/ca\/wp-json\/wp\/v2\/pages\/18907"}],"collection":[{"href":"https:\/\/www.conselharan.org\/ca\/wp-json\/wp\/v2\/pages"}],"about":[{"href":"https:\/\/www.conselharan.org\/ca\/wp-json\/wp\/v2\/types\/page"}],"author":[{"embeddable":true,"href":"https:\/\/www.conselharan.org\/ca\/wp-json\/wp\/v2\/users\/8"}],"replies":[{"embeddable":true,"href":"https:\/\/www.conselharan.org\/ca\/wp-json\/wp\/v2\/comments?post=18907"}],"version-history":[{"count":2,"href":"https:\/\/www.conselharan.org\/ca\/wp-json\/wp\/v2\/pages\/18907\/revisions"}],"predecessor-version":[{"id":19030,"href":"https:\/\/www.conselharan.org\/ca\/wp-json\/wp\/v2\/pages\/18907\/revisions\/19030"}],"wp:attachment":[{"href":"https:\/\/www.conselharan.org\/ca\/wp-json\/wp\/v2\/media?parent=18907"}],"curies":[{"name":"wp","href":"https:\/\/api.w.org\/{rel}","templated":true}]}}