{"id":19069,"date":"2017-09-15T11:50:23","date_gmt":"2017-09-15T09:50:23","guid":{"rendered":"http:\/\/www.conselharan.org\/es\/?page_id=19069"},"modified":"2017-09-15T12:00:25","modified_gmt":"2017-09-15T10:00:25","slug":"que-es-la-deixalleria-que-cal-portar-hi","status":"publish","type":"page","link":"https:\/\/www.conselharan.org\/ca\/deixalleria\/que-es-la-deixalleria-que-cal-portar-hi\/","title":{"rendered":"Qu\u00e9 es la deixalleria? Que cal portar-hi?"},"content":{"rendered":"<p>[vc_row css=&#8221;.vc_custom_1469550744820{margin-top: 30px !important;}&#8221;][vc_column][vc_column_text]Aquestes instal\u00b7lacions recullen aquells residus per a les quals no hi ha un sistema de recollida domicili\u00e0ria o uns contenidors espec\u00edfics al carrer.<\/p>\n<p>Els materials d\u2019aquests residus tornaran als cicles de producci\u00f3 de nova mat\u00e8ria prima i si no \u00e9s possible es destinaran al tractament m\u00e9s adequat per a evitar malmetre el medi ambient.<\/p>\n<p>La deixalleria \u00e9s, per tant, un lloc on el ciutad\u00e0 participa activament en la gesti\u00f3 de residus municipals.<\/p>\n<p>Aix\u00ed doncs, el servei de deixalleria \u00e9s important perqu\u00e8 permet:<\/p>\n<ul>\n<li>Aprofitar els residus valoritzables.<\/li>\n<li>Disminuir la quantitat de residus que van a parar als abocadors.<\/li>\n<li>Evitar l&#8217;abocament incontrolat de residus a l&#8217;entorn dels nostres pobles.<\/li>\n<li>Separar els residus perillosos generats per a donar-los la destinaci\u00f3 final m\u00e9s adequada.<\/li>\n<\/ul>\n<p>[\/vc_column_text][\/vc_column][\/vc_row][vc_row][vc_column width=&#8221;1\/2&#8243;][vc_column_text]<span style=\"color: #339966;\">RESIDUS MUNICIPALS ESPECIALS<\/span><\/p>\n<ul>\n<li>Pneum\u00e0tics<\/li>\n<li>Fluorescents i l\u00e0mpades de vapor de mercuri<\/li>\n<li>Bateries<\/li>\n<li>Dissolvents<\/li>\n<li>Pintures i vernissos<\/li>\n<li>Piles<\/li>\n<li>Electrodom\u00e8stics que continguin subst\u00e0ncies perilloses<\/li>\n<li>Olis minerals usats<\/li>\n<\/ul>\n<p>[\/vc_column_text][\/vc_column][vc_column width=&#8221;1\/2&#8243;][vc_column_text]<span style=\"color: #339966;\">RESIDUS MUNICIPALS ORDINARIS<\/span><\/p>\n<ul>\n<li>Paper i cartr\u00f3<\/li>\n<li>Vidre<\/li>\n<li>Envasos lleugers<\/li>\n<li>Pl\u00e0stics<\/li>\n<li>Ferralla i metalls<\/li>\n<li>T\u00e8xtils<\/li>\n<li>Olis vegetals usats<\/li>\n<li>Ampolles de cava senceres<\/li>\n<\/ul>\n<p>[\/vc_column_text][\/vc_column][\/vc_row][vc_row][vc_column width=&#8221;1\/2&#8243;][vc_column_text]<span style=\"color: #339966;\">RESIDUS MUNICIPALS VOLUMINOSOS<\/span><\/p>\n<ul>\n<li>Mobles i altres<\/li>\n<li>Electrodom\u00e8stics que no contenen subst\u00e0ncies perilloses<\/li>\n<li>Ferralla electr\u00f2nica(ordinadors, petits electrodom\u00e8stics&#8230;)<\/li>\n<\/ul>\n<p>[\/vc_column_text][\/vc_column][vc_column width=&#8221;1\/2&#8243;][vc_column_text]<span style=\"color: #339966;\">ALTRES RESIDUS MUNICIPALS<\/span><\/p>\n<ul>\n<li>Fustes<\/li>\n<li>Restes de poda o jardineria<\/li>\n<li>Runes i restes de la construcci\u00f3 d\u2019obres menors<\/li>\n<\/ul>\n<p>[\/vc_column_text][\/vc_column][\/vc_row][vc_row][vc_column][vc_column_text]<span style=\"color: #ff0000;\">MATERIALS NO ACCEPTATS<\/span><\/p>\n<ul>\n<li>Materials barrejats<\/li>\n<li>Mat\u00e8ria org\u00e0nica<\/li>\n<li>Residus industrials en grans quantitats<\/li>\n<li>Materials explosius<\/li>\n<li>Residus radioactius<\/li>\n<li>Residus sanitaris<\/li>\n<\/ul>\n<p>[\/vc_column_text][\/vc_column][\/vc_row]<\/p>\n ","protected":false},"excerpt":{"rendered":"<p>[vc_row css=&#8221;.vc_custom_1469550744820{margin-top: 30px !important;}&#8221;][vc_column][vc_column_text]Aquestes instal\u00b7lacions recullen aquells residus per a les quals no hi ha un sistema de recollida domicili\u00e0ria o uns contenidors espec\u00edfics al carrer. Els materials d\u2019aquests residus tornaran als cicles de producci\u00f3 de nova mat\u00e8ria prima i si no \u00e9s possible es destinaran al tractament m\u00e9s adequat per a evitar malmetre el&#8230;<\/p>\n","protected":false},"author":8,"featured_media":0,"parent":18887,"menu_order":0,"comment_status":"closed","ping_status":"closed","template":"page-onesidebar.php","meta":{"footnotes":""},"_links":{"self":[{"href":"https:\/\/www.conselharan.org\/ca\/wp-json\/wp\/v2\/pages\/19069"}],"collection":[{"href":"https:\/\/www.conselharan.org\/ca\/wp-json\/wp\/v2\/pages"}],"about":[{"href":"https:\/\/www.conselharan.org\/ca\/wp-json\/wp\/v2\/types\/page"}],"author":[{"embeddable":true,"href":"https:\/\/www.conselharan.org\/ca\/wp-json\/wp\/v2\/users\/8"}],"replies":[{"embeddable":true,"href":"https:\/\/www.conselharan.org\/ca\/wp-json\/wp\/v2\/comments?post=19069"}],"version-history":[{"count":1,"href":"https:\/\/www.conselharan.org\/ca\/wp-json\/wp\/v2\/pages\/19069\/revisions"}],"predecessor-version":[{"id":19073,"href":"https:\/\/www.conselharan.org\/ca\/wp-json\/wp\/v2\/pages\/19069\/revisions\/19073"}],"up":[{"embeddable":true,"href":"https:\/\/www.conselharan.org\/ca\/wp-json\/wp\/v2\/pages\/18887"}],"wp:attachment":[{"href":"https:\/\/www.conselharan.org\/ca\/wp-json\/wp\/v2\/media?parent=19069"}],"curies":[{"name":"wp","href":"https:\/\/api.w.org\/{rel}","templated":true}]}}