{"id":208,"date":"2013-02-22T07:52:48","date_gmt":"2013-02-22T06:52:48","guid":{"rendered":"http:\/\/www.conselharan.org\/govern\/equip-de-govern\/"},"modified":"2024-04-04T11:40:49","modified_gmt":"2024-04-04T09:40:49","slug":"equip-de-govern","status":"publish","type":"page","link":"https:\/\/www.conselharan.org\/ca\/equip-de-govern\/","title":{"rendered":"Equip de govern"},"content":{"rendered":"<p>[vc_row el_position=&#8221;first&#8221;][vc_column][vc_column_text el_position=&#8221;first last&#8221;]Eth gov\u00e8rn deth Conselh Generau d\u2019Aran ei er organ collegiat damb foncions executives e administratives format per ueit conselh\u00e8rs generaus e coordinat pera Sindica d\u2019Aran, Maria Verg\u00e9s.<\/p>\n<p>Er equip de gov\u00e8rn s\u2019amasse cada quinze dies en Conselh de Gov\u00e8rn e es s\u00f2ns membres son:[\/vc_column_text][\/vc_column][\/vc_row][vc_row][vc_column width=&#8221;1\/3&#8243;][vc_column_text] [\/vc_column_text][\/vc_column][vc_column width=&#8221;1\/3&#8243; el_class=&#8221;box-govern&#8221;][vc_single_image image=&#8221;53699&#8243; img_size=&#8221;288&#215;291&#8243; alignment=&#8221;center&#8221; el_position=&#8221;first&#8221;][vc_column_text el_class=&#8221;texto-govern&#8221;]<\/p>\n<h2 style=\"text-align: left;\"><strong>Maria Verg\u00e9s P\u00e9rez<\/strong><\/h2>\n<h3 style=\"text-align: left;\"><strong>S\u00cdNDICA D&#8217;ARAN<\/strong><\/h3>\n<ul>\n<li>Departament de Cultura i Llengua<\/li>\n<li>Departament de Salut i Benestar<\/li>\n<li>Departament de Pompi\u00e8rs-Emerg\u00e8ncies<\/li>\n<li>Departament d&#8217;Economia, Urbanisme i Planejament<\/li>\n<\/ul>\n<p>[\/vc_column_text][\/vc_column][vc_column width=&#8221;1\/3&#8243;][vc_column_text] [\/vc_column_text][\/vc_column][\/vc_row][vc_row][vc_column][vc_column_text] [\/vc_column_text][\/vc_column][\/vc_row][vc_row css=&#8221;.vc_custom_1435824686665{margin-right: 0px !important;margin-left: 0px !important;}&#8221;][vc_column width=&#8221;1\/3&#8243; el_class=&#8221;box-govern&#8221;][vc_single_image image=&#8221;53709&#8243; img_size=&#8221;288&#215;291&#8243; alignment=&#8221;center&#8221; el_position=&#8221;first&#8221;][vc_column_text el_class=&#8221;texto-govern&#8221; el_position=&#8221;last&#8221;]<\/p>\n<h2 style=\"text-align: left;\"><strong>Francisco Bruna Capel<\/strong><\/h2>\n<h3 style=\"text-align: left;\"><strong>CONSELLER<\/strong><\/h3>\n<ul>\n<li>Vices\u00edndic 1r<\/li>\n<li>Departament de Territori, Paisatge i Canvi clim\u00e0tic<\/li>\n<\/ul>\n<p>[\/vc_column_text][\/vc_column][vc_column width=&#8221;1\/3&#8243; el_class=&#8221;box-govern&#8221;][vc_single_image image=&#8221;53732&#8243; img_size=&#8221;288&#215;291&#8243; alignment=&#8221;center&#8221; el_position=&#8221;first&#8221;][vc_column_text el_class=&#8221;texto-govern&#8221; el_position=&#8221;last&#8221;]<\/p>\n<h2 style=\"text-align: left;\"><strong>Oriol Sala S\u00e1nchez<\/strong><\/h2>\n<h3 style=\"text-align: left;\"><strong>CONSELLER<\/strong><\/h3>\n<ul>\n<li>Vices\u00edndic 2n<\/li>\n<li>Departament de Gesti\u00f3 Ambiental i Transici\u00f3 Energ\u00e8tica<\/li>\n<li>Departament d&#8217;Innovaci\u00f3<\/li>\n<\/ul>\n<p>[\/vc_column_text][\/vc_column][vc_column width=&#8221;1\/3&#8243; el_class=&#8221;box-govern&#8221;][vc_single_image image=&#8221;53727&#8243; img_size=&#8221;288&#215;291&#8243; alignment=&#8221;center&#8221; el_position=&#8221;first&#8221;][vc_column_text el_class=&#8221;texto-govern&#8221; el_position=&#8221;last&#8221;]<\/p>\n<h2 style=\"text-align: left;\"><strong>Javier Cavero S\u00e1ez<\/strong><\/h2>\n<h3 style=\"text-align: left;\"><strong>CONSELLER<\/strong><\/h3>\n<ul>\n<li>Vices\u00edndic 3r<\/li>\n<li>Departament d&#8217;Esports<\/li>\n<\/ul>\n<p>[\/vc_column_text][\/vc_column][\/vc_row][vc_row][vc_column][vc_column_text] [\/vc_column_text][\/vc_column][\/vc_row][vc_row css=&#8221;.vc_custom_1435824693840{margin-right: 0px !important;margin-left: 0px !important;}&#8221;][vc_column width=&#8221;1\/3&#8243; el_class=&#8221;box-govern&#8221;][vc_single_image image=&#8221;53714&#8243; img_size=&#8221;288&#215;291&#8243; alignment=&#8221;center&#8221; el_position=&#8221;first&#8221;][vc_column_text el_class=&#8221;texto-govern&#8221;]<\/p>\n<h2 style=\"text-align: left;\"><strong>Maria Menis Farr\u00e9<\/strong><\/h2>\n<h3 style=\"text-align: left;\"><strong>CONSELLERA<\/strong><\/h3>\n<ul>\n<li><span lang=\"ES\">Departament de Joventut, Igualtat i Inclusi\u00f3 Social<\/span><\/li>\n<\/ul>\n<p>[\/vc_column_text][\/vc_column][vc_column width=&#8221;1\/3&#8243; el_class=&#8221;box-govern&#8221;][vc_single_image image=&#8221;53719&#8243; img_size=&#8221;288&#215;291&#8243; alignment=&#8221;center&#8221; el_position=&#8221;first&#8221;][vc_column_text el_class=&#8221;texto-govern&#8221;]<\/p>\n<h2 style=\"text-align: left;\"><strong>Josep Canut Herraiz<\/strong><\/h2>\n<h3 style=\"text-align: left;\"><strong>CONSELLER<\/strong><\/h3>\n<ul>\n<li>Departament de Turisme<\/li>\n<li>Departament de Promoci\u00f3 Econ\u00f2mica, Comer\u00e7 i Mobilitat<\/li>\n<\/ul>\n<p>[\/vc_column_text][\/vc_column][vc_column width=&#8221;1\/3&#8243; el_class=&#8221;box-govern&#8221;][vc_single_image image=&#8221;53724&#8243; img_size=&#8221;288&#215;291&#8243; alignment=&#8221;center&#8221; el_position=&#8221;first&#8221;][vc_column_text el_class=&#8221;texto-govern&#8221;]<\/p>\n<h2 style=\"text-align: left;\"><strong>Andreu Cort\u00e9s Labrid<\/strong><\/h2>\n<h3 style=\"text-align: left;\"><strong>CONSELLER<\/strong><\/h3>\n<ul>\n<li>Departament d&#8217;Habitatge i Agenda Urbana<\/li>\n<li>Departament de Governaci\u00f3<\/li>\n<\/ul>\n<div style=\"height: 8px;\"><\/div>\n<p>[\/vc_column_text][\/vc_column][\/vc_row][vc_row][vc_column][vc_column_text] [\/vc_column_text][\/vc_column][\/vc_row][vc_row css=&#8221;.vc_custom_1435824693840{margin-right: 0px !important;margin-left: 0px !important;}&#8221;][vc_column width=&#8221;1\/6&#8243;][\/vc_column][vc_column width=&#8221;2\/6&#8243; el_class=&#8221;box-govern&#8221;][vc_single_image image=&#8221;29334&#8243; img_size=&#8221;288&#215;291&#8243; alignment=&#8221;center&#8221; el_position=&#8221;first&#8221;][vc_column_text el_class=&#8221;texto-govern&#8221; el_position=&#8221;last&#8221;]<\/p>\n<h2 style=\"text-align: left;\"><strong>\u00c0ngela Cases Andreu<\/strong><\/h2>\n<h3 style=\"text-align: left;\"><strong>CONSELLERA<\/strong><\/h3>\n<ul>\n<li>Departament de Coneixement<\/li>\n<\/ul>\n<p>[\/vc_column_text][\/vc_column][vc_column width=&#8221;2\/6&#8243; el_class=&#8221;box-govern&#8221;][vc_single_image image=&#8221;56715&#8243; img_size=&#8221;288&#215;291&#8243; alignment=&#8221;center&#8221; el_position=&#8221;first&#8221;][vc_column_text el_class=&#8221;texto-govern&#8221;]<\/p>\n<h2 style=\"text-align: left;\"><strong>Jos\u00e9 Luis Boya Al\u00f3s<\/strong><\/h2>\n<h3 style=\"text-align: left;\"><strong>CONSELLER<\/strong><\/h3>\n<ul>\n<li>Departament d&#8217;Infraestructures i Obres<\/li>\n<\/ul>\n<div style=\"height: 0px;\"><\/div>\n<p>[\/vc_column_text][\/vc_column][vc_column width=&#8221;1\/6&#8243;][\/vc_column][\/vc_row][vc_row][vc_column][vc_column_text] [\/vc_column_text][\/vc_column][\/vc_row][vc_row el_class=&#8221;ocultar&#8221;][vc_column][vc_column_text el_position=&#8221;first last&#8221;]<\/p>\n<h1 style=\"text-align: left;\"><strong>Los altos cargos<br \/>\n<\/strong><\/h1>\n<p>[\/vc_column_text][\/vc_column][\/vc_row][vc_row el_class=&#8221;ocultar&#8221;][vc_column][vc_column_text] [\/vc_column_text][\/vc_column][\/vc_row][vc_row el_class=&#8221;ocultar&#8221;][vc_column width=&#8221;1\/3&#8243;][vc_column_text el_class=&#8221;texto-govern&#8221; el_position=&#8221;first last&#8221;]<\/p>\n<h4 style=\"text-align: left;\"><\/h4>\n<p>[\/vc_column_text][\/vc_column][vc_column width=&#8221;1\/3&#8243;][\/vc_column][vc_column width=&#8221;1\/3&#8243;][\/vc_column][\/vc_row]<\/p>\n ","protected":false},"excerpt":{"rendered":"<p>[vc_row el_position=&#8221;first&#8221;][vc_column][vc_column_text el_position=&#8221;first last&#8221;]Eth gov\u00e8rn deth Conselh Generau d\u2019Aran ei er organ collegiat damb foncions executives e administratives format per ueit conselh\u00e8rs generaus e coordinat pera Sindica d\u2019Aran, Maria Verg\u00e9s. Er equip de gov\u00e8rn s\u2019amasse cada quinze dies en Conselh de Gov\u00e8rn e es s\u00f2ns membres son:[\/vc_column_text][\/vc_column][\/vc_row][vc_row][vc_column width=&#8221;1\/3&#8243;][vc_column_text] [\/vc_column_text][\/vc_column][vc_column width=&#8221;1\/3&#8243; el_class=&#8221;box-govern&#8221;][vc_single_image image=&#8221;53699&#8243; img_size=&#8221;288&#215;291&#8243; alignment=&#8221;center&#8221; el_position=&#8221;first&#8221;][vc_column_text&#8230;<\/p>\n","protected":false},"author":1,"featured_media":56722,"parent":0,"menu_order":0,"comment_status":"closed","ping_status":"closed","template":"page-onesidebar.php","meta":{"footnotes":""},"_links":{"self":[{"href":"https:\/\/www.conselharan.org\/ca\/wp-json\/wp\/v2\/pages\/208"}],"collection":[{"href":"https:\/\/www.conselharan.org\/ca\/wp-json\/wp\/v2\/pages"}],"about":[{"href":"https:\/\/www.conselharan.org\/ca\/wp-json\/wp\/v2\/types\/page"}],"author":[{"embeddable":true,"href":"https:\/\/www.conselharan.org\/ca\/wp-json\/wp\/v2\/users\/1"}],"replies":[{"embeddable":true,"href":"https:\/\/www.conselharan.org\/ca\/wp-json\/wp\/v2\/comments?post=208"}],"version-history":[{"count":96,"href":"https:\/\/www.conselharan.org\/ca\/wp-json\/wp\/v2\/pages\/208\/revisions"}],"predecessor-version":[{"id":56745,"href":"https:\/\/www.conselharan.org\/ca\/wp-json\/wp\/v2\/pages\/208\/revisions\/56745"}],"wp:featuredmedia":[{"embeddable":true,"href":"https:\/\/www.conselharan.org\/ca\/wp-json\/wp\/v2\/media\/56722"}],"wp:attachment":[{"href":"https:\/\/www.conselharan.org\/ca\/wp-json\/wp\/v2\/media?parent=208"}],"curies":[{"name":"wp","href":"https:\/\/api.w.org\/{rel}","templated":true}]}}