{"id":214,"date":"2013-02-22T07:53:25","date_gmt":"2013-02-22T07:53:25","guid":{"rendered":"http:\/\/www.conselharan.org\/govern\/eth-plen\/"},"modified":"2024-04-04T09:22:45","modified_gmt":"2024-04-04T07:22:45","slug":"eth-plen","status":"publish","type":"page","link":"https:\/\/www.conselharan.org\/ca\/eth-plen\/","title":{"rendered":"El Ple"},"content":{"rendered":"<p>[vc_row el_position=&#8221;first last&#8221;][vc_column][vc_single_image image=&#8221;56730&#8243; img_size=&#8221;940&#215;325&#8243; el_position=&#8221;first&#8221;][vc_column_text]<\/p>\n<p>El Ple \u00e9s l&#8217;\u00f2rgan suprem de manifestaci\u00f3 de la voluntat del Conselh General d\u2019Aran, i \u00e9s integrat per 13 conselh\u00e8rs (escollits democr\u00e0ticament en les eleccions municipals cada quatre anys) i presidit pel s\u00edndic d\u2019Aran o vicesindic que legalment el substitueix.<\/p>\n<p>\u00c9s compet\u00e8ncia del Ple les senyalades en l&#8217;article 10 de la Llei 16\/1990, de 13 de juliol, sobre el R\u00e8gim Especial de la Val d\u2019Aran i aquelles que li siguin assignades per les lleis sectorials.<\/p>\n<p>Les sessions del Consell poden ser ordin\u00e0ries i extraordin\u00e0ries, i aquestes \u00faltimes, a la vegada, poden ser urgents. Les sessions extraordin\u00e0ries son convocades per resoldre afers que precisen ser tractats de manera singular o, que per ra\u00f3 d\u2019urg\u00e8ncia, no poden romandre fins a la celebraci\u00f3 de la sessi\u00f3 ordin\u00e0ria.<\/p>\n<p>El Ple del Consell es reunir\u00e0 en sessi\u00f3 plen\u00e0ria ordin\u00e0ria, com m\u00ednim, cada dos mesos i en sessi\u00f3 extraordin\u00e0ria quan aix\u00ed ho decideixi el s\u00edndic o ho sol\u00b7licita la quarta part, almenys, del nombre legal dels consellers del Conselh Generau d\u2019Aran, sense que cap conseller pugui sol\u00b7licitar-ne m\u00e9s de tres anualment.<\/p>\n<p>Les sessions ordin\u00e0ries se celebraran l\u2019\u00faltim dilluns de mes cada dos mesos, comen\u00e7ant el febrer i seguint a l\u2019abril, juny, octubre i desembre. El m\u00e9s d\u2019agost es considerar\u00e0 inabil traslladant-se la celebraci\u00f3 de la sessi\u00f3 ordin\u00e0ria corresponent a aquest mes dins de la primera quinzena del mes de setembre.<\/p>\n<p>Els afers de les resolucions que corresponguin al Ple seran elaborats per l&#8217;\u00f2rgan competent o pel conseller-delegat.<\/p>\n<p>Els Plens se celebraran a la Sala de sessions de la seu oficial del Conselh Generau d\u2019Aran, o ben a la Sala de sessions de la Casa deth Senhor d\u2019Arr\u00f2s habilitada a l&#8217;efecte, en virtut d\u2019acord plenari de 24 de febrer de 1999.<\/p>\n<p>Els acords dels Plens seran executius un cop acabada la sessi\u00f3 en la qual siguin adoptats.<\/p>\n<p>Els Plens del Consell seran p\u00fablics per\u00f2 podent ser secrets el debat i la votaci\u00f3 d\u2019aquells afers que puguin afectar el dret fonamental els ciutadans al qual fes refer\u00e8ncia l&#8217;article 18.1 de la Constituci\u00f3 Espanyola, quan aix\u00ed ho acorda el Ple per majoria absoluta.<\/p>\n<p>[\/vc_column_text][\/vc_column][\/vc_row][vc_row][vc_column][vc_column_text el_position=&#8221;first last&#8221;]<\/p>\n<h2>Composici\u00f3<\/h2>\n<p>[\/vc_column_text][\/vc_column][\/vc_row][vc_row][vc_column width=&#8221;1\/2&#8243;][vc_column_text el_class=&#8221;texto-govern&#8221; el_position=&#8221;first last&#8221;]UNITAT D\u2019ARAN- PARTIT DES SOCIALISTES DE CATALUNYA (UA-PSC)<\/p>\n<p><strong>Maria Verg\u00e9s P\u00e9rez<\/strong><\/p>\n<p><strong>Oriol Sala S\u00e1nchez<\/strong><\/p>\n<p><strong>Francisco Bruna Capel<\/strong><\/p>\n<p><strong>Jos\u00e9 Canut Herraiz<\/strong><\/p>\n<p><strong>\u00c0ngela Cases Andreu<\/strong><\/p>\n<p><strong>Andreu Cort\u00e9s Labrid<\/strong><\/p>\n<p><strong>Javier Cavero S\u00e1ez<\/strong><\/p>\n<p><strong>Maria Menis Farr\u00e9<\/strong><\/p>\n<p><strong>Jos\u00e9 Luis Boya Al\u00f3s<\/strong>[\/vc_column_text][\/vc_column][vc_column width=&#8221;1\/2&#8243;][vc_column_text el_class=&#8221;texto-govern&#8221; el_position=&#8221;first last&#8221;]CONVERG\u00c9NCIA DEMOCRATICA ARANESA- PARTIT NACIONALISTA ARAN\u00c9S (CDA-PNA)<\/p>\n<p><strong>Rosa Mari Salgueiro Puj\u00f2s<\/strong><\/p>\n<p><strong>C\u00e9sar Ruiz-Canela Nieto<\/strong><\/p>\n<p><strong>\u00d2scar Canut C\u00f3nsul<\/strong><\/p>\n<p><strong>Francisco Jos\u00e9 Rodr\u00edguez Berart<\/strong>[\/vc_column_text][\/vc_column][\/vc_row][vc_row][vc_column][\/vc_column][\/vc_row]<\/p>\n ","protected":false},"excerpt":{"rendered":"<p>[vc_row el_position=&#8221;first last&#8221;][vc_column][vc_single_image image=&#8221;56730&#8243; img_size=&#8221;940&#215;325&#8243; el_position=&#8221;first&#8221;][vc_column_text] El Ple \u00e9s l&#8217;\u00f2rgan suprem de manifestaci\u00f3 de la voluntat del Conselh General d\u2019Aran, i \u00e9s integrat per 13 conselh\u00e8rs (escollits democr\u00e0ticament en les eleccions municipals cada quatre anys) i presidit pel s\u00edndic d\u2019Aran o vicesindic que legalment el substitueix. \u00c9s compet\u00e8ncia del Ple les senyalades en l&#8217;article 10&#8230;<\/p>\n","protected":false},"author":1,"featured_media":56726,"parent":0,"menu_order":0,"comment_status":"closed","ping_status":"closed","template":"page-onesidebar.php","meta":{"footnotes":""},"_links":{"self":[{"href":"https:\/\/www.conselharan.org\/ca\/wp-json\/wp\/v2\/pages\/214"}],"collection":[{"href":"https:\/\/www.conselharan.org\/ca\/wp-json\/wp\/v2\/pages"}],"about":[{"href":"https:\/\/www.conselharan.org\/ca\/wp-json\/wp\/v2\/types\/page"}],"author":[{"embeddable":true,"href":"https:\/\/www.conselharan.org\/ca\/wp-json\/wp\/v2\/users\/1"}],"replies":[{"embeddable":true,"href":"https:\/\/www.conselharan.org\/ca\/wp-json\/wp\/v2\/comments?post=214"}],"version-history":[{"count":33,"href":"https:\/\/www.conselharan.org\/ca\/wp-json\/wp\/v2\/pages\/214\/revisions"}],"predecessor-version":[{"id":56743,"href":"https:\/\/www.conselharan.org\/ca\/wp-json\/wp\/v2\/pages\/214\/revisions\/56743"}],"wp:featuredmedia":[{"embeddable":true,"href":"https:\/\/www.conselharan.org\/ca\/wp-json\/wp\/v2\/media\/56726"}],"wp:attachment":[{"href":"https:\/\/www.conselharan.org\/ca\/wp-json\/wp\/v2\/media?parent=214"}],"curies":[{"name":"wp","href":"https:\/\/api.w.org\/{rel}","templated":true}]}}