{"id":2152,"date":"2013-09-12T12:45:56","date_gmt":"2013-09-12T10:45:56","guid":{"rendered":"http:\/\/www.conselharan.org\/?page_id=2152"},"modified":"2013-09-12T12:59:43","modified_gmt":"2013-09-12T10:59:43","slug":"2152-2","status":"publish","type":"page","link":"https:\/\/www.conselharan.org\/ca\/competencies\/2152-2\/","title":{"rendered":"Comer\u00e7"},"content":{"rendered":"<p>[vc_row el_position=&#8221;first&#8221;] [vc_column] [vc_single_image image=&#8221;2081&#8243; img_size=&#8221;940&#215;325&#8243; img_link_target=&#8221;_self&#8221; el_position=&#8221;first last&#8221;] [\/vc_column] [\/vc_row] [vc_row el_position=&#8221;last&#8221;] [vc_column] [vc_column_text el_position=&#8221;first&#8221;]<\/p>\n<h1>Documentaci\u00f3<\/h1>\n<p>[\/vc_column_text] [vc_column_text el_position=&#8221;last&#8221;]<\/p>\n<p><strong>Conveni de col\u00b7laboraci\u00f3<\/strong> entre el Consorci de Promoci\u00f3 Comercial de Catalunya i el Conselh Generau dera Val d&#8217;Aran per a la creaci\u00f3 de l&#8217;Ag\u00e8ncia per a la Promoci\u00f3 del Comer\u00e7 de la Val d&#8217;Aran. El COPCA aportar\u00e0 fins a 45.000 euros (annex a l&#8217;acord de trasp\u00e0s en mat\u00e8ria de comer\u00e7, any 2005).<\/p>\n<p>[\/vc_column_text] [\/vc_column] [\/vc_row]<\/p>\n ","protected":false},"excerpt":{"rendered":"<p>[vc_row el_position=&#8221;first&#8221;] [vc_column] [vc_single_image image=&#8221;2081&#8243; img_size=&#8221;940&#215;325&#8243; img_link_target=&#8221;_self&#8221; el_position=&#8221;first last&#8221;] [\/vc_column] [\/vc_row] [vc_row el_position=&#8221;last&#8221;] [vc_column] [vc_column_text el_position=&#8221;first&#8221;] Documentaci\u00f3 [\/vc_column_text] [vc_column_text el_position=&#8221;last&#8221;] Conveni de col\u00b7laboraci\u00f3 entre el Consorci de Promoci\u00f3 Comercial de Catalunya i el Conselh Generau dera Val d&#8217;Aran per a la creaci\u00f3 de l&#8217;Ag\u00e8ncia per a la Promoci\u00f3 del Comer\u00e7 de la Val d&#8217;Aran. El&#8230;<\/p>\n","protected":false},"author":1,"featured_media":0,"parent":268,"menu_order":0,"comment_status":"closed","ping_status":"closed","template":"page-onesidebar.php","meta":{"footnotes":""},"_links":{"self":[{"href":"https:\/\/www.conselharan.org\/ca\/wp-json\/wp\/v2\/pages\/2152"}],"collection":[{"href":"https:\/\/www.conselharan.org\/ca\/wp-json\/wp\/v2\/pages"}],"about":[{"href":"https:\/\/www.conselharan.org\/ca\/wp-json\/wp\/v2\/types\/page"}],"author":[{"embeddable":true,"href":"https:\/\/www.conselharan.org\/ca\/wp-json\/wp\/v2\/users\/1"}],"replies":[{"embeddable":true,"href":"https:\/\/www.conselharan.org\/ca\/wp-json\/wp\/v2\/comments?post=2152"}],"version-history":[{"count":2,"href":"https:\/\/www.conselharan.org\/ca\/wp-json\/wp\/v2\/pages\/2152\/revisions"}],"predecessor-version":[{"id":2162,"href":"https:\/\/www.conselharan.org\/ca\/wp-json\/wp\/v2\/pages\/2152\/revisions\/2162"}],"up":[{"embeddable":true,"href":"https:\/\/www.conselharan.org\/ca\/wp-json\/wp\/v2\/pages\/268"}],"wp:attachment":[{"href":"https:\/\/www.conselharan.org\/ca\/wp-json\/wp\/v2\/media?parent=2152"}],"curies":[{"name":"wp","href":"https:\/\/api.w.org\/{rel}","templated":true}]}}