{"id":2157,"date":"2013-09-12T12:51:56","date_gmt":"2013-09-12T10:51:56","guid":{"rendered":"http:\/\/www.conselharan.org\/?page_id=2157"},"modified":"2016-08-17T19:40:04","modified_gmt":"2016-08-17T17:40:04","slug":"defensa-dels-consumidors-i-dels-usuaris","status":"publish","type":"page","link":"https:\/\/www.conselharan.org\/ca\/competencies\/defensa-dels-consumidors-i-dels-usuaris\/","title":{"rendered":"Defensa dels consumidors i dels usuaris"},"content":{"rendered":"<p>[vc_row el_position=&#8221;first&#8221;][vc_column][vc_single_image image=&#8221;2019&#8243; img_size=&#8221;940&#215;325&#8243; el_position=&#8221;first last&#8221;][\/vc_column][\/vc_row][vc_row][vc_column][vc_column_text] [\/vc_column_text][\/vc_column][\/vc_row][vc_row el_position=&#8221;last&#8221;][vc_column][vc_column_text el_position=&#8221;first&#8221;]<\/p>\n<h1>Documentaci\u00f3<\/h1>\n<p>[\/vc_column_text][vc_column_text el_position=&#8221;last&#8221;]<a href=\"http:\/\/www.conselharan.org\/wp-content\/uploads\/2016\/08\/398827.pdf\"><img loading=\"lazy\" decoding=\"async\" class=\"alignleft size-full wp-image-1752\" src=\"http:\/\/www.conselharan.org\/wp-content\/uploads\/2013\/07\/pdf.png\" alt=\"pdf\" width=\"32\" height=\"32\" \/>Decret 45\/2005, de 22 de mar\u00e7<\/a>, de transfer\u00e8ncia de compet\u00e8ncies de la Generalitat de Catalunya al Consell General d&#8217;Aran en mat\u00e8ria de defensa dels consumidors i dels usuaris (DOGC 4350, de 24.03.2005).[\/vc_column_text][\/vc_column][\/vc_row]<\/p>\n ","protected":false},"excerpt":{"rendered":"<p>[vc_row el_position=&#8221;first&#8221;][vc_column][vc_single_image image=&#8221;2019&#8243; img_size=&#8221;940&#215;325&#8243; el_position=&#8221;first last&#8221;][\/vc_column][\/vc_row][vc_row][vc_column][vc_column_text] [\/vc_column_text][\/vc_column][\/vc_row][vc_row el_position=&#8221;last&#8221;][vc_column][vc_column_text el_position=&#8221;first&#8221;] Documentaci\u00f3 [\/vc_column_text][vc_column_text el_position=&#8221;last&#8221;]Decret 45\/2005, de 22 de mar\u00e7, de transfer\u00e8ncia de compet\u00e8ncies de la Generalitat de Catalunya al Consell General d&#8217;Aran en mat\u00e8ria de defensa dels consumidors i dels usuaris (DOGC 4350, de 24.03.2005).[\/vc_column_text][\/vc_column][\/vc_row]<\/p>\n","protected":false},"author":1,"featured_media":0,"parent":268,"menu_order":0,"comment_status":"closed","ping_status":"closed","template":"page-onesidebar.php","meta":{"footnotes":""},"_links":{"self":[{"href":"https:\/\/www.conselharan.org\/ca\/wp-json\/wp\/v2\/pages\/2157"}],"collection":[{"href":"https:\/\/www.conselharan.org\/ca\/wp-json\/wp\/v2\/pages"}],"about":[{"href":"https:\/\/www.conselharan.org\/ca\/wp-json\/wp\/v2\/types\/page"}],"author":[{"embeddable":true,"href":"https:\/\/www.conselharan.org\/ca\/wp-json\/wp\/v2\/users\/1"}],"replies":[{"embeddable":true,"href":"https:\/\/www.conselharan.org\/ca\/wp-json\/wp\/v2\/comments?post=2157"}],"version-history":[{"count":5,"href":"https:\/\/www.conselharan.org\/ca\/wp-json\/wp\/v2\/pages\/2157\/revisions"}],"predecessor-version":[{"id":13498,"href":"https:\/\/www.conselharan.org\/ca\/wp-json\/wp\/v2\/pages\/2157\/revisions\/13498"}],"up":[{"embeddable":true,"href":"https:\/\/www.conselharan.org\/ca\/wp-json\/wp\/v2\/pages\/268"}],"wp:attachment":[{"href":"https:\/\/www.conselharan.org\/ca\/wp-json\/wp\/v2\/media?parent=2157"}],"curies":[{"name":"wp","href":"https:\/\/api.w.org\/{rel}","templated":true}]}}