{"id":2173,"date":"2013-09-12T13:18:21","date_gmt":"2013-09-12T11:18:21","guid":{"rendered":"http:\/\/www.conselharan.org\/?page_id=2173"},"modified":"2016-08-17T20:01:11","modified_gmt":"2016-08-17T18:01:11","slug":"2173-2","status":"publish","type":"page","link":"https:\/\/www.conselharan.org\/ca\/competencies\/2173-2\/","title":{"rendered":"Salvaments i extinci\u00f3 d&#8217;incendis"},"content":{"rendered":"<p>[vc_row el_position=&#8221;first&#8221;][vc_column][vc_single_image image=&#8221;2028&#8243; img_size=&#8221;940&#215;325&#8243; el_position=&#8221;first last&#8221;][\/vc_column][\/vc_row][vc_row][vc_column][vc_column_text] [\/vc_column_text][\/vc_column][\/vc_row][vc_row el_position=&#8221;last&#8221;][vc_column][vc_column_text el_position=&#8221;first&#8221;]<\/p>\n<h1>Documentaci\u00f3<\/h1>\n<p>[\/vc_column_text][vc_column_text el_position=&#8221;last&#8221;]<a href=\"http:\/\/www.conselharan.org\/wp-content\/uploads\/2016\/08\/51939.pdf\"><img loading=\"lazy\" decoding=\"async\" class=\"alignleft size-full wp-image-1752\" src=\"http:\/\/www.conselharan.org\/wp-content\/uploads\/2013\/07\/pdf.png\" alt=\"pdf\" width=\"32\" height=\"32\" \/>Decret 170\/1994, de 14 de juny<\/a>, de trasp\u00e0s de serveis, mitjans i recursos de l&#8217;Administraci\u00f3 de la Generalitat de Catalunya al Conselh Generau de la Val d&#8217;Aran en mat\u00e8ria de salvaments i extinci\u00f3 d&#8217;incendis (DOGC 1925, de 25.07.1994).<\/p>\n<ul>\n<li><b>Conveni de col\u00b7laboraci\u00f3<\/b>\u00a0entre la Direcci\u00f3 General de Prevenci\u00f3, Extinci\u00f3 d&#8217;Incendis i Salvaments de Catalunya de l&#8217;Administraci\u00f3 de la Generalitat i el Conselh Generau d&#8217;Aran annex a l&#8217;acord de trasp\u00e0s en aquesta mat\u00e8ria, de 14 de mar\u00e7 de 1994.<\/li>\n<\/ul>\n<p>[\/vc_column_text][\/vc_column][\/vc_row]<\/p>\n ","protected":false},"excerpt":{"rendered":"<p>[vc_row el_position=&#8221;first&#8221;][vc_column][vc_single_image image=&#8221;2028&#8243; img_size=&#8221;940&#215;325&#8243; el_position=&#8221;first last&#8221;][\/vc_column][\/vc_row][vc_row][vc_column][vc_column_text] [\/vc_column_text][\/vc_column][\/vc_row][vc_row el_position=&#8221;last&#8221;][vc_column][vc_column_text el_position=&#8221;first&#8221;] Documentaci\u00f3 [\/vc_column_text][vc_column_text el_position=&#8221;last&#8221;]Decret 170\/1994, de 14 de juny, de trasp\u00e0s de serveis, mitjans i recursos de l&#8217;Administraci\u00f3 de la Generalitat de Catalunya al Conselh Generau de la Val d&#8217;Aran en mat\u00e8ria de salvaments i extinci\u00f3 d&#8217;incendis (DOGC 1925, de 25.07.1994). Conveni de col\u00b7laboraci\u00f3\u00a0entre la Direcci\u00f3 General&#8230;<\/p>\n","protected":false},"author":1,"featured_media":0,"parent":268,"menu_order":0,"comment_status":"closed","ping_status":"closed","template":"page-onesidebar.php","meta":{"footnotes":""},"_links":{"self":[{"href":"https:\/\/www.conselharan.org\/ca\/wp-json\/wp\/v2\/pages\/2173"}],"collection":[{"href":"https:\/\/www.conselharan.org\/ca\/wp-json\/wp\/v2\/pages"}],"about":[{"href":"https:\/\/www.conselharan.org\/ca\/wp-json\/wp\/v2\/types\/page"}],"author":[{"embeddable":true,"href":"https:\/\/www.conselharan.org\/ca\/wp-json\/wp\/v2\/users\/1"}],"replies":[{"embeddable":true,"href":"https:\/\/www.conselharan.org\/ca\/wp-json\/wp\/v2\/comments?post=2173"}],"version-history":[{"count":4,"href":"https:\/\/www.conselharan.org\/ca\/wp-json\/wp\/v2\/pages\/2173\/revisions"}],"predecessor-version":[{"id":13510,"href":"https:\/\/www.conselharan.org\/ca\/wp-json\/wp\/v2\/pages\/2173\/revisions\/13510"}],"up":[{"embeddable":true,"href":"https:\/\/www.conselharan.org\/ca\/wp-json\/wp\/v2\/pages\/268"}],"wp:attachment":[{"href":"https:\/\/www.conselharan.org\/ca\/wp-json\/wp\/v2\/media?parent=2173"}],"curies":[{"name":"wp","href":"https:\/\/api.w.org\/{rel}","templated":true}]}}