{"id":2181,"date":"2013-09-16T11:11:45","date_gmt":"2013-09-16T09:11:45","guid":{"rendered":"http:\/\/www.conselharan.org\/?page_id=2181"},"modified":"2016-08-17T20:23:37","modified_gmt":"2016-08-17T18:23:37","slug":"gestio-i-administracio-despais-protegits-millora-dels-boscos-educacio-ambiental-caca-pesca-fluvial-prevencio-dincendis-aprofitaments-forestals-restauracio-hidrologicoforestal-proteccio-de","status":"publish","type":"page","link":"https:\/\/www.conselharan.org\/ca\/competencies\/gestio-i-administracio-despais-protegits-millora-dels-boscos-educacio-ambiental-caca-pesca-fluvial-prevencio-dincendis-aprofitaments-forestals-restauracio-hidrologicoforestal-proteccio-de\/","title":{"rendered":"Gesti\u00f3 i administraci\u00f3 d&#8217;espais protegits, millora dels boscos, educaci\u00f3 ambiental, ca\u00e7a, pesca fluvial, prevenci\u00f3 d&#8217;incendis, aprofitaments forestals, restauraci\u00f3 hidrologicoforestal, protecci\u00f3 de la fauna, artesania aliment\u00e0ria i circulaci\u00f3 motoritzada"},"content":{"rendered":"<p>[vc_row el_position=&#8221;first&#8221;][vc_column][vc_single_image image=&#8221;2038&#8243; img_size=&#8221;940&#215;325&#8243; el_position=&#8221;first last&#8221;][\/vc_column][\/vc_row][vc_row][vc_column][vc_column_text] [\/vc_column_text][\/vc_column][\/vc_row][vc_row el_position=&#8221;last&#8221;][vc_column][vc_column_text el_position=&#8221;first&#8221;]<\/p>\n<h1>Documentaci\u00f3<\/h1>\n<p>[\/vc_column_text][vc_column_text el_position=&#8221;last&#8221;]<a href=\"http:\/\/www.conselharan.org\/wp-content\/uploads\/2016\/08\/398824_1.pdf\"><img loading=\"lazy\" decoding=\"async\" class=\"alignleft size-full wp-image-1752\" src=\"http:\/\/www.conselharan.org\/wp-content\/uploads\/2013\/07\/pdf.png\" alt=\"pdf\" width=\"32\" height=\"32\" \/>Decret 43\/2005, de 22 de mar\u00e7<\/a>, de transfer\u00e8ncia de compet\u00e8ncies de la Generalitat de Catalunya al Consell General d&#8217;Aran en mat\u00e8ria de medi ambient (DOGC 4350, de 24.03.2005).<\/p>\n<p><a href=\"http:\/\/www.conselharan.org\/wp-content\/uploads\/2016\/08\/93285_2.pdf\"><img loading=\"lazy\" decoding=\"async\" class=\"alignleft size-full wp-image-1752\" src=\"http:\/\/www.conselharan.org\/wp-content\/uploads\/2013\/07\/pdf.png\" alt=\"pdf\" width=\"32\" height=\"32\" \/>Decret 288\/1997, de 31 d&#8217;octubre<\/a>, de transfer\u00e8ncia de compet\u00e8ncies i serveis de la Generalitat de Catalunya al Conselh Generau de la Val d&#8217;Aran en mat\u00e8ria de ca\u00e7a, pesca i aprofitaments forestals (DOGC 2518, de 14.11.1997).<\/p>\n<p><a href=\"http:\/\/www.conselharan.org\/wp-content\/uploads\/2016\/08\/132383_3.pdf\"><img loading=\"lazy\" decoding=\"async\" class=\"alignleft size-full wp-image-1752\" src=\"http:\/\/www.conselharan.org\/wp-content\/uploads\/2013\/07\/pdf.png\" alt=\"pdf\" width=\"32\" height=\"32\" \/>Decret 150\/1999, d&#8217;1 de juny<\/a>, de transfer\u00e8ncia de serveis i funcions de la Generalitat de Catalunya al Conselh Generau d&#8217;Aran en mat\u00e8ria de restauraci\u00f3 hidrologicoforestal, fauna, espais inclosos al Pla d&#8217;espais d&#8217;inter\u00e8s natural, artesania aliment\u00e0ria i sobre l&#8217;ampliaci\u00f3 dels traspassos d&#8217;aprofitaments forestals, pesca fluvial, circulaci\u00f3 motoritzada i prevenci\u00f3 d&#8217;incendis forestals (DOGC 2906, de 9.06.1999).<\/p>\n<p><a href=\"http:\/\/www.conselharan.org\/wp-content\/uploads\/2016\/08\/837802_4.pdf\"><img loading=\"lazy\" decoding=\"async\" class=\"alignleft size-full wp-image-1752\" src=\"http:\/\/www.conselharan.org\/wp-content\/uploads\/2013\/07\/pdf.png\" alt=\"pdf\" width=\"32\" height=\"32\" \/>Decret 365\/2000, de 7 de novembre<\/a>, de transfer\u00e8ncia de compet\u00e8ncies i serveis de la Generalitat de Catalunya al Conselh Generau dera Val d&#8217;Aran en mat\u00e8ria de medi ambient (DOGC 3271, de 22.11.2000).<\/p>\n<p><a href=\"http:\/\/www.conselharan.org\/wp-content\/uploads\/2016\/08\/268374_5.pdf\"><img loading=\"lazy\" decoding=\"async\" class=\"alignleft size-full wp-image-1752\" src=\"http:\/\/www.conselharan.org\/wp-content\/uploads\/2013\/07\/pdf.png\" alt=\"pdf\" width=\"32\" height=\"32\" \/>Decret 368\/2001, de 18 de desembre<\/a>, de transfer\u00e8ncia de compet\u00e8ncies de la Generalitat de Catalunya al Conselh Generau dera Val d&#8217;Aran en mat\u00e8ria de medi ambient (DOGC 3546, de 4.01.2002).<\/p>\n<p><a href=\"http:\/\/www.conselharan.org\/wp-content\/uploads\/2016\/08\/356354_6.pdf\"><img loading=\"lazy\" decoding=\"async\" class=\"alignleft size-full wp-image-1752\" src=\"http:\/\/www.conselharan.org\/wp-content\/uploads\/2013\/07\/pdf.png\" alt=\"pdf\" width=\"32\" height=\"32\" \/>Decret 146\/2003, de 10 de juny<\/a>, de transfer\u00e8ncia de compet\u00e8ncies de la Generalitat de Catalunya al Conselh General d\u2019Aran en mat\u00e8ria de declaraci\u00f3 de nuclis zool\u00f2gics i de determinaci\u00f3 de les funcions transferides en mat\u00e8ria de protecci\u00f3 dels animals i de gossos considerats potencialment perillosos (DOGC 3911, 25.6.2003).[\/vc_column_text][\/vc_column][\/vc_row]<\/p>\n ","protected":false},"excerpt":{"rendered":"<p>[vc_row el_position=&#8221;first&#8221;][vc_column][vc_single_image image=&#8221;2038&#8243; img_size=&#8221;940&#215;325&#8243; el_position=&#8221;first last&#8221;][\/vc_column][\/vc_row][vc_row][vc_column][vc_column_text] [\/vc_column_text][\/vc_column][\/vc_row][vc_row el_position=&#8221;last&#8221;][vc_column][vc_column_text el_position=&#8221;first&#8221;] Documentaci\u00f3 [\/vc_column_text][vc_column_text el_position=&#8221;last&#8221;]Decret 43\/2005, de 22 de mar\u00e7, de transfer\u00e8ncia de compet\u00e8ncies de la Generalitat de Catalunya al Consell General d&#8217;Aran en mat\u00e8ria de medi ambient (DOGC 4350, de 24.03.2005). Decret 288\/1997, de 31 d&#8217;octubre, de transfer\u00e8ncia de compet\u00e8ncies i serveis de la Generalitat de Catalunya&#8230;<\/p>\n","protected":false},"author":1,"featured_media":0,"parent":268,"menu_order":0,"comment_status":"closed","ping_status":"closed","template":"page-onesidebar.php","meta":{"footnotes":""},"_links":{"self":[{"href":"https:\/\/www.conselharan.org\/ca\/wp-json\/wp\/v2\/pages\/2181"}],"collection":[{"href":"https:\/\/www.conselharan.org\/ca\/wp-json\/wp\/v2\/pages"}],"about":[{"href":"https:\/\/www.conselharan.org\/ca\/wp-json\/wp\/v2\/types\/page"}],"author":[{"embeddable":true,"href":"https:\/\/www.conselharan.org\/ca\/wp-json\/wp\/v2\/users\/1"}],"replies":[{"embeddable":true,"href":"https:\/\/www.conselharan.org\/ca\/wp-json\/wp\/v2\/comments?post=2181"}],"version-history":[{"count":4,"href":"https:\/\/www.conselharan.org\/ca\/wp-json\/wp\/v2\/pages\/2181\/revisions"}],"predecessor-version":[{"id":13520,"href":"https:\/\/www.conselharan.org\/ca\/wp-json\/wp\/v2\/pages\/2181\/revisions\/13520"}],"up":[{"embeddable":true,"href":"https:\/\/www.conselharan.org\/ca\/wp-json\/wp\/v2\/pages\/268"}],"wp:attachment":[{"href":"https:\/\/www.conselharan.org\/ca\/wp-json\/wp\/v2\/media?parent=2181"}],"curies":[{"name":"wp","href":"https:\/\/api.w.org\/{rel}","templated":true}]}}