{"id":2224,"date":"2013-09-17T11:16:46","date_gmt":"2013-09-17T09:16:46","guid":{"rendered":"http:\/\/www.conselharan.org\/?page_id=2224"},"modified":"2016-08-18T19:12:50","modified_gmt":"2016-08-18T17:12:50","slug":"elaboracio-i-produccio-de-llibres-de-text-i-material-didactic-en-aranes-formacio-permanent-del-professorat-en-llengua-i-cultura-aranesa-auxiliars-de-conversa-en-aranes-activitats-dimplanta","status":"publish","type":"page","link":"https:\/\/www.conselharan.org\/ca\/competencies\/elaboracio-i-produccio-de-llibres-de-text-i-material-didactic-en-aranes-formacio-permanent-del-professorat-en-llengua-i-cultura-aranesa-auxiliars-de-conversa-en-aranes-activitats-dimplanta\/","title":{"rendered":"Elaboraci\u00f3 i producci\u00f3 de llibres de text i material did\u00e0ctic en aran\u00e8s, formaci\u00f3 permanent del professorat en llengua i cultura aranesa, auxiliars de conversa en aran\u00e8s, activitats d\u2019implantaci\u00f3 de la reforma educativa i desenvolupament en llengua aranesa, gesti\u00f3 dels serveis de menjador i transport escolar i formaci\u00f3 ocupacional"},"content":{"rendered":"<p>[vc_row el_position=&#8221;first&#8221;][vc_column][vc_single_image image=&#8221;2051&#8243; img_size=&#8221;940&#215;325&#8243; el_position=&#8221;first last&#8221;][\/vc_column][\/vc_row][vc_row][vc_column][vc_column_text] [\/vc_column_text][\/vc_column][\/vc_row][vc_row el_position=&#8221;last&#8221;][vc_column][vc_column_text el_position=&#8221;first&#8221;]<\/p>\n<h1>Documentaci\u00f3<\/h1>\n<p>[\/vc_column_text][vc_column_text el_position=&#8221;last&#8221;]<\/p>\n<ul>\n<li><strong>Acord de col\u00b7laboraci\u00f3<\/strong>\u00a0entre el Departament d&#8217;Educaci\u00f3 de la Generalitat de Catalunya i el Conselh Generau dera Val d&#8217;Aran per a la incentivaci\u00f3 de l&#8217;\u00fas de l&#8217;aran\u00e8s als centres educatius i la incorporaci\u00f3 de continguts espec\u00edfics de la Val d&#8217;Aran en el curr\u00edculum ordinari (any 2005).<\/li>\n<li><strong>Protocol de col\u00b7laboraci\u00f3<\/strong>\u00a0entre el Departament d&#8217;Educaci\u00f3 de la Generalitat de Catalunya i el Conselh Generau dera Val d&#8217;Aran en mat\u00e8ria d&#8217;inspecci\u00f3 d&#8217;educaci\u00f3 (any 2005).<\/li>\n<\/ul>\n<p><a href=\"http:\/\/www.conselharan.org\/wp-content\/uploads\/2016\/08\/398819_1.pdf\"><img loading=\"lazy\" decoding=\"async\" class=\"alignleft size-full wp-image-1752\" src=\"http:\/\/www.conselharan.org\/wp-content\/uploads\/2013\/07\/pdf.png\" alt=\"pdf\" width=\"32\" height=\"32\" \/>Decret 44\/2005, de 22 de mar\u00e7<\/a>, pel qual es deixa parcialment sense efectes el Decret 178\/2003, de 8 de juliol, de transfer\u00e8ncia de compet\u00e8ncies de la Generalitat de Catalunya al Consell General d&#8217;Aran en mat\u00e8ria de formaci\u00f3 ocupacional en l&#8217;\u00e0mbit de l&#8217;escola d&#8217;hoteleria (DOGC 4350, de 24.03.2005).<\/p>\n<p><a href=\"http:\/\/www.conselharan.org\/wp-content\/uploads\/2016\/08\/2925CAT_2.pdf\"><img loading=\"lazy\" decoding=\"async\" class=\"alignleft size-full wp-image-1752\" src=\"http:\/\/www.conselharan.org\/wp-content\/uploads\/2013\/07\/pdf.png\" alt=\"pdf\" width=\"32\" height=\"32\" \/>Decret 212\/1999, de 27 de juliol<\/a>, de transfer\u00e8ncia de compet\u00e8ncies i serveis de la Generalitat de Catalunya al Conselh Generau d&#8217;Aran en mat\u00e8ria d&#8217;ensenyament (DOGC 2925, de 7.07.1999).<\/p>\n<ul>\n<li><b>Conveni de col\u00b7laboraci\u00f3<\/b>\u00a0entre el Departament d&#8217;Ensenyament i el Conselh Generau d&#8217;Aran annex a l&#8217;acord de trasp\u00e0s en mat\u00e8ria d&#8217;ensenyament.<\/li>\n<\/ul>\n<p><a href=\"http:\/\/www.conselharan.org\/wp-content\/uploads\/2016\/08\/335996_3.pdf\"><img loading=\"lazy\" decoding=\"async\" class=\"alignleft size-full wp-image-1752\" src=\"http:\/\/www.conselharan.org\/wp-content\/uploads\/2013\/07\/pdf.png\" alt=\"pdf\" width=\"32\" height=\"32\" \/>Decret 178\/2003, de 8 de juliol<\/a><strong>,<\/strong>\u00a0de transfer\u00e8ncia de compet\u00e8ncies de la Generalitat de Catalunya al Conselh General d\u2019Aran en mat\u00e8ria de formaci\u00f3 ocupacional en l\u2019\u00e0mbit de l\u2019escola d\u2019hoteleria (DOGC 3935, de 29.7.2003).[\/vc_column_text][\/vc_column][\/vc_row]<\/p>\n ","protected":false},"excerpt":{"rendered":"<p>[vc_row el_position=&#8221;first&#8221;][vc_column][vc_single_image image=&#8221;2051&#8243; img_size=&#8221;940&#215;325&#8243; el_position=&#8221;first last&#8221;][\/vc_column][\/vc_row][vc_row][vc_column][vc_column_text] [\/vc_column_text][\/vc_column][\/vc_row][vc_row el_position=&#8221;last&#8221;][vc_column][vc_column_text el_position=&#8221;first&#8221;] Documentaci\u00f3 [\/vc_column_text][vc_column_text el_position=&#8221;last&#8221;] Acord de col\u00b7laboraci\u00f3\u00a0entre el Departament d&#8217;Educaci\u00f3 de la Generalitat de Catalunya i el Conselh Generau dera Val d&#8217;Aran per a la incentivaci\u00f3 de l&#8217;\u00fas de l&#8217;aran\u00e8s als centres educatius i la incorporaci\u00f3 de continguts espec\u00edfics de la Val d&#8217;Aran en el curr\u00edculum ordinari&#8230;<\/p>\n","protected":false},"author":1,"featured_media":0,"parent":268,"menu_order":0,"comment_status":"closed","ping_status":"closed","template":"page-onesidebar.php","meta":{"footnotes":""},"_links":{"self":[{"href":"https:\/\/www.conselharan.org\/ca\/wp-json\/wp\/v2\/pages\/2224"}],"collection":[{"href":"https:\/\/www.conselharan.org\/ca\/wp-json\/wp\/v2\/pages"}],"about":[{"href":"https:\/\/www.conselharan.org\/ca\/wp-json\/wp\/v2\/types\/page"}],"author":[{"embeddable":true,"href":"https:\/\/www.conselharan.org\/ca\/wp-json\/wp\/v2\/users\/1"}],"replies":[{"embeddable":true,"href":"https:\/\/www.conselharan.org\/ca\/wp-json\/wp\/v2\/comments?post=2224"}],"version-history":[{"count":2,"href":"https:\/\/www.conselharan.org\/ca\/wp-json\/wp\/v2\/pages\/2224\/revisions"}],"predecessor-version":[{"id":13589,"href":"https:\/\/www.conselharan.org\/ca\/wp-json\/wp\/v2\/pages\/2224\/revisions\/13589"}],"up":[{"embeddable":true,"href":"https:\/\/www.conselharan.org\/ca\/wp-json\/wp\/v2\/pages\/268"}],"wp:attachment":[{"href":"https:\/\/www.conselharan.org\/ca\/wp-json\/wp\/v2\/media?parent=2224"}],"curies":[{"name":"wp","href":"https:\/\/api.w.org\/{rel}","templated":true}]}}