{"id":2230,"date":"2013-09-17T11:29:05","date_gmt":"2013-09-17T09:29:05","guid":{"rendered":"http:\/\/www.conselharan.org\/?page_id=2230"},"modified":"2016-08-18T19:17:36","modified_gmt":"2016-08-18T17:17:36","slug":"funcions-que-realitza-loficina-comarcal-del-departament-dagricultura-ramaderia-i-pesca-a-era-val-daran","status":"publish","type":"page","link":"https:\/\/www.conselharan.org\/ca\/competencies\/funcions-que-realitza-loficina-comarcal-del-departament-dagricultura-ramaderia-i-pesca-a-era-val-daran\/","title":{"rendered":"Funcions que realitza l\u2019Oficina Comarcal del Departament d\u2019Agricultura, Ramaderia i Pesca a Era Val d\u2019Aran"},"content":{"rendered":"<p>[vc_row el_position=&#8221;first&#8221;][vc_column][vc_single_image image=&#8221;2056&#8243; img_size=&#8221;940&#215;325&#8243; el_position=&#8221;first last&#8221;][\/vc_column][\/vc_row][vc_row][vc_column][vc_column_text] [\/vc_column_text][\/vc_column][\/vc_row][vc_row el_position=&#8221;last&#8221;][vc_column][vc_column_text el_position=&#8221;first&#8221;]<\/p>\n<h1>Documentaci\u00f3<\/h1>\n<p>[\/vc_column_text][vc_column_text el_position=&#8221;last&#8221;]<a href=\"http:\/\/www.conselharan.org\/wp-content\/uploads\/2016\/08\/837943.pdf\"><img loading=\"lazy\" decoding=\"async\" class=\"alignleft size-full wp-image-1752\" src=\"http:\/\/www.conselharan.org\/wp-content\/uploads\/2013\/07\/pdf.png\" alt=\"pdf\" width=\"32\" height=\"32\" \/>Decret 259\/2000, de 24 de juliol<\/a>, de transfer\u00e8ncia de compet\u00e8ncies i serveis de la Generalitat de Catalunya al Consell General d&#8217;Aran en mat\u00e8ria d&#8217;agricultura i ramaderia (DOGC 3200, de 8.08.2000).[\/vc_column_text][\/vc_column][\/vc_row]<\/p>\n ","protected":false},"excerpt":{"rendered":"<p>[vc_row el_position=&#8221;first&#8221;][vc_column][vc_single_image image=&#8221;2056&#8243; img_size=&#8221;940&#215;325&#8243; el_position=&#8221;first last&#8221;][\/vc_column][\/vc_row][vc_row][vc_column][vc_column_text] [\/vc_column_text][\/vc_column][\/vc_row][vc_row el_position=&#8221;last&#8221;][vc_column][vc_column_text el_position=&#8221;first&#8221;] Documentaci\u00f3 [\/vc_column_text][vc_column_text el_position=&#8221;last&#8221;]Decret 259\/2000, de 24 de juliol, de transfer\u00e8ncia de compet\u00e8ncies i serveis de la Generalitat de Catalunya al Consell General d&#8217;Aran en mat\u00e8ria d&#8217;agricultura i ramaderia (DOGC 3200, de 8.08.2000).[\/vc_column_text][\/vc_column][\/vc_row]<\/p>\n","protected":false},"author":1,"featured_media":0,"parent":268,"menu_order":0,"comment_status":"closed","ping_status":"closed","template":"page-onesidebar.php","meta":{"footnotes":""},"_links":{"self":[{"href":"https:\/\/www.conselharan.org\/ca\/wp-json\/wp\/v2\/pages\/2230"}],"collection":[{"href":"https:\/\/www.conselharan.org\/ca\/wp-json\/wp\/v2\/pages"}],"about":[{"href":"https:\/\/www.conselharan.org\/ca\/wp-json\/wp\/v2\/types\/page"}],"author":[{"embeddable":true,"href":"https:\/\/www.conselharan.org\/ca\/wp-json\/wp\/v2\/users\/1"}],"replies":[{"embeddable":true,"href":"https:\/\/www.conselharan.org\/ca\/wp-json\/wp\/v2\/comments?post=2230"}],"version-history":[{"count":3,"href":"https:\/\/www.conselharan.org\/ca\/wp-json\/wp\/v2\/pages\/2230\/revisions"}],"predecessor-version":[{"id":13594,"href":"https:\/\/www.conselharan.org\/ca\/wp-json\/wp\/v2\/pages\/2230\/revisions\/13594"}],"up":[{"embeddable":true,"href":"https:\/\/www.conselharan.org\/ca\/wp-json\/wp\/v2\/pages\/268"}],"wp:attachment":[{"href":"https:\/\/www.conselharan.org\/ca\/wp-json\/wp\/v2\/media?parent=2230"}],"curies":[{"name":"wp","href":"https:\/\/api.w.org\/{rel}","templated":true}]}}