{"id":268,"date":"2013-02-22T08:38:37","date_gmt":"2013-02-22T07:38:37","guid":{"rendered":"http:\/\/www.conselharan.org\/competencies-2\/"},"modified":"2019-10-02T16:57:05","modified_gmt":"2019-10-02T14:57:05","slug":"competencies","status":"publish","type":"page","link":"https:\/\/www.conselharan.org\/ca\/competencies\/","title":{"rendered":"Competencies"},"content":{"rendered":"<p>[vc_row el_position=&#8221;first&#8221;][vc_column][vc_single_image image=&#8221;30522&#8243; img_size=&#8221;940&#215;325&#8243; el_position=&#8221;first last&#8221;][\/vc_column][\/vc_row][vc_row][vc_column][vc_column_text] [\/vc_column_text][\/vc_column][\/vc_row][vc_row][vc_column width=&#8221;1\/2&#8243;][vc_column_text el_position=&#8221;first last&#8221;]<\/p>\n<ul>\n<li>Sanitat.<\/li>\n<li>Servicis sociaus.<\/li>\n<li>Torisme.<\/li>\n<li>Proteccion, mantenen\u00e7a e administracion deth s\u00f2n auviatge istoric e artistic.<\/li>\n<li>Proteccion dera natura, montanha e vies forestaus.<\/li>\n<li>Agricultura, bestiar, pesca, ca\u00e7a e profitaments forestaus.<\/li>\n<li>Sauvaments e escandiment de huecs.<\/li>\n<li>Joenessa.<\/li>\n<\/ul>\n<p>[\/vc_column_text][\/vc_column][vc_column width=&#8221;1\/2&#8243;][vc_column_text el_position=&#8221;first last&#8221;]<\/p>\n<ul>\n<li>L\u00e9ser e temps liure.<\/li>\n<li>Esp\u00f2rts.<\/li>\n<li>Miei ambient.<\/li>\n<li>Arremassatge e tractament de residus solids.<\/li>\n<li>Salubritat publica.<\/li>\n<li>Carret\u00e8res locaus.<\/li>\n<li>Transp\u00f2rt interior de viatg\u00e8rs.<\/li>\n<li>Artesania.<\/li>\n<\/ul>\n<p>[\/vc_column_text][\/vc_column][\/vc_row][vc_row][vc_column][vc_column_text] [\/vc_column_text][\/vc_column][\/vc_row][vc_row][vc_column][vc_column_text el_position=&#8221;first last&#8221;]<\/p>\n<h1>Decrets e convenis<\/h1>\n<p>[\/vc_column_text][\/vc_column][\/vc_row][vc_row][vc_column][vc_column_text] [\/vc_column_text][\/vc_column][\/vc_row][vc_row][vc_column width=&#8221;1\/3&#8243; el_class=&#8221;box-competencies&#8221;][vc_single_image image=&#8221;2083&#8243; img_size=&#8221;288&#215;206&#8243; el_position=&#8221;first&#8221;][vc_column_text el_class=&#8221;texto-govern&#8221; el_position=&#8221;last&#8221;]<\/p>\n<p><strong><a href=\"\/?page_id=2152\">Comer\u00e7<\/a><\/strong><\/p>\n<p>[\/vc_column_text][\/vc_column][vc_column width=&#8221;1\/3&#8243; el_class=&#8221;box-competencies&#8221;][vc_single_image image=&#8221;2113&#8243; img_size=&#8221;288&#215;206&#8243; el_position=&#8221;first&#8221;][vc_column_text el_class=&#8221;texto-govern&#8221; el_position=&#8221;last&#8221;]<\/p>\n<p><a href=\"\/?page_id=2157\"><strong>Defensa dels consumidors i dels usuaris<\/strong><\/a><\/p>\n<p>[\/vc_column_text][\/vc_column][vc_column width=&#8221;1\/3&#8243; el_class=&#8221;box-competencies&#8221;][vc_single_image image=&#8221;2122&#8243; img_size=&#8221;288&#215;206&#8243; el_position=&#8221;first&#8221;][vc_column_text el_class=&#8221;texto-govern&#8221; el_position=&#8221;last&#8221;]<\/p>\n<p><a href=\"\/?page_id=290\"><strong>Pol\u00edtica ling\u00fc\u00edstica, promoci\u00f3 i difusi\u00f3 cultural, patrimoni cultural i s\u00edmbols de les entitats locals<\/strong><\/a><\/p>\n<p>[\/vc_column_text][\/vc_column][\/vc_row][vc_row][vc_column][vc_column_text] [\/vc_column_text][\/vc_column][\/vc_row][vc_row][vc_column width=&#8221;1\/3&#8243; el_class=&#8221;box-competencies&#8221;][vc_single_image image=&#8221;2132&#8243; img_size=&#8221;288&#215;206&#8243; el_position=&#8221;first&#8221;][vc_column_text el_class=&#8221;texto-govern&#8221; el_position=&#8221;last&#8221;]<\/p>\n<p><a href=\"\/?page_id=2173\"><strong>Salvaments i extinci\u00f3 d&#8217;incendis<\/strong><\/a><\/p>\n<p>[\/vc_column_text][\/vc_column][vc_column width=&#8221;1\/3&#8243; el_class=&#8221;box-competencies&#8221;][vc_single_image image=&#8221;2137&#8243; img_size=&#8221;288&#215;206&#8243; el_position=&#8221;first&#8221;][vc_column_text el_class=&#8221;texto-govern&#8221; el_position=&#8221;last&#8221;]<\/p>\n<p><a href=\"\/?page_id=2181\"><strong>Espais protegits, boscos, educaci\u00f3 ambiental, ca\u00e7a, pesca, prevenci\u00f3 d&#8217;incendis, fauna, artesania aliment\u00e0ria i circulaci\u00f3<\/strong><\/a><\/p>\n<p>[\/vc_column_text][\/vc_column][vc_column width=&#8221;1\/3&#8243; el_class=&#8221;box-competencies&#8221;][vc_single_image image=&#8221;2146&#8243; img_size=&#8221;288&#215;206&#8243; el_position=&#8221;first&#8221;][vc_column_text el_class=&#8221;texto-govern&#8221; el_position=&#8221;last&#8221;]<\/p>\n<p><a href=\"\/?page_id=2188\"><strong>Gesti\u00f3 del Despatx de Serveis de Joventut, gesti\u00f3 dels albergs de joventut i funcions executives en mat\u00e8ria d&#8217;instal\u00b7lacions juvenils<\/strong><\/a><\/p>\n<p>[\/vc_column_text][\/vc_column][\/vc_row][vc_row][vc_column][vc_column_text] [\/vc_column_text][\/vc_column][\/vc_row][vc_row][vc_column width=&#8221;1\/3&#8243; el_class=&#8221;box-competencies&#8221;][vc_single_image image=&#8221;2258&#8243; img_size=&#8221;288&#215;206&#8243; el_position=&#8221;first&#8221;][vc_column_text el_class=&#8221;texto-govern&#8221; el_position=&#8221;last&#8221;]<\/p>\n<p><a href=\"\/?page_id=285\"><strong>Promoci\u00f3 tur\u00edstica, allotjaments tur\u00edstics, establiments de restauraci\u00f3 i empreses d&#8217;esports d&#8217;aventura<\/strong><\/a><\/p>\n<p>[\/vc_column_text][\/vc_column][vc_column width=&#8221;1\/3&#8243; el_class=&#8221;box-competencies&#8221;][vc_single_image image=&#8221;2279&#8243; img_size=&#8221;288&#215;206&#8243; el_position=&#8221;first&#8221;][vc_column_text el_class=&#8221;texto-govern&#8221; el_position=&#8221;last&#8221;]<\/p>\n<p><a href=\"\/?page_id=280\"><strong>Prestaci\u00f3 de serveis socials d&#8217;atenci\u00f3 prim\u00e0ria i de vigila a la gent gran<\/strong><\/a><\/p>\n<p>[\/vc_column_text][\/vc_column][vc_column width=&#8221;1\/3&#8243; el_class=&#8221;box-competencies&#8221;][vc_single_image image=&#8221;2284&#8243; img_size=&#8221;288&#215;206&#8243; el_position=&#8221;first&#8221;][vc_column_text el_class=&#8221;texto-govern&#8221; el_position=&#8221;last&#8221;]<\/p>\n<p><a href=\"\/?page_id=2217\"><strong>Serveis interiors de viatgers per carretera, infrastructures vi\u00e0ries, transports, manteniment i \u00a0marquesines d&#8217;espera<\/strong><\/a><\/p>\n<p>[\/vc_column_text][\/vc_column][\/vc_row][vc_row][vc_column][vc_column_text] [\/vc_column_text][\/vc_column][\/vc_row][vc_row][vc_column width=&#8221;1\/3&#8243; el_class=&#8221;box-competencies&#8221;][vc_single_image image=&#8221;2293&#8243; img_size=&#8221;288&#215;206&#8243; el_position=&#8221;first&#8221;][vc_column_text el_class=&#8221;texto-govern&#8221; el_position=&#8221;last&#8221;]<a href=\"\/?page_id=2224\"><strong>Producci\u00f3 de llibres en aran\u00e8s, formaci\u00f3 permanent del professorat en llengua aranesa, menjador, transport escolar i formaci\u00f3<\/strong><\/a>[\/vc_column_text][\/vc_column][vc_column width=&#8221;1\/3&#8243; el_class=&#8221;box-competencies&#8221;][vc_single_image image=&#8221;2306&#8243; img_size=&#8221;288&#215;206&#8243; el_position=&#8221;first&#8221;][vc_column_text el_class=&#8221;texto-govern&#8221; el_position=&#8221;last&#8221;]<\/p>\n<p><a href=\"\/?page_id=2230\"><strong>Funcions que realitza el Despatx Comarcal del Departament d&#8217;Agricultura, Ramaderia i Pesca a la Val d&#8217;Aran<\/strong><\/a><\/p>\n<p>[\/vc_column_text][\/vc_column][vc_column width=&#8221;1\/3&#8243; el_class=&#8221;box-competencies&#8221;][vc_single_image image=&#8221;2311&#8243; img_size=&#8221;288&#215;206&#8243; el_position=&#8221;first&#8221;][vc_column_text el_class=&#8221;texto-govern&#8221; el_position=&#8221;last&#8221;]<\/p>\n<p><a href=\"\/?page_id=274\"><strong>Gesti\u00f3 del sistema sanitari p\u00fablic dins en l&#8217;\u00e0mbit territorial de la Val d&#8217;Aran<\/strong><\/a><\/p>\n<p>[\/vc_column_text][\/vc_column][\/vc_row][vc_row][vc_column][vc_column_text] [\/vc_column_text][\/vc_column][\/vc_row][vc_row el_position=&#8221;last&#8221;][vc_column width=&#8221;1\/3&#8243; el_class=&#8221;box-competencies&#8221;][vc_single_image image=&#8221;2316&#8243; img_size=&#8221;288&#215;206&#8243; el_position=&#8221;first&#8221;][vc_column_text el_class=&#8221;texto-govern&#8221; el_position=&#8221;last&#8221;]<\/p>\n<p><a href=\"\/?page_id=2247\"><strong>Organitzaci\u00f3 del territori i urbanisme<\/strong><\/a><\/p>\n<p>[\/vc_column_text][\/vc_column][vc_column width=&#8221;1\/3&#8243;][vc_column_text] [\/vc_column_text][\/vc_column][vc_column width=&#8221;1\/3&#8243;][vc_column_text] [\/vc_column_text][\/vc_column][\/vc_row]<\/p>\n ","protected":false},"excerpt":{"rendered":"<p>[vc_row el_position=&#8221;first&#8221;][vc_column][vc_single_image image=&#8221;30522&#8243; img_size=&#8221;940&#215;325&#8243; el_position=&#8221;first last&#8221;][\/vc_column][\/vc_row][vc_row][vc_column][vc_column_text] [\/vc_column_text][\/vc_column][\/vc_row][vc_row][vc_column width=&#8221;1\/2&#8243;][vc_column_text el_position=&#8221;first last&#8221;] Sanitat. Servicis sociaus. Torisme. Proteccion, mantenen\u00e7a e administracion deth s\u00f2n auviatge istoric e artistic. Proteccion dera natura, montanha e vies forestaus. Agricultura, bestiar, pesca, ca\u00e7a e profitaments forestaus. Sauvaments e escandiment de huecs. Joenessa. [\/vc_column_text][\/vc_column][vc_column width=&#8221;1\/2&#8243;][vc_column_text el_position=&#8221;first last&#8221;] L\u00e9ser e temps liure. Esp\u00f2rts. Miei ambient&#8230;.<\/p>\n","protected":false},"author":1,"featured_media":30528,"parent":0,"menu_order":2,"comment_status":"open","ping_status":"closed","template":"page-onesidebar.php","meta":{"footnotes":""},"_links":{"self":[{"href":"https:\/\/www.conselharan.org\/ca\/wp-json\/wp\/v2\/pages\/268"}],"collection":[{"href":"https:\/\/www.conselharan.org\/ca\/wp-json\/wp\/v2\/pages"}],"about":[{"href":"https:\/\/www.conselharan.org\/ca\/wp-json\/wp\/v2\/types\/page"}],"author":[{"embeddable":true,"href":"https:\/\/www.conselharan.org\/ca\/wp-json\/wp\/v2\/users\/1"}],"replies":[{"embeddable":true,"href":"https:\/\/www.conselharan.org\/ca\/wp-json\/wp\/v2\/comments?post=268"}],"version-history":[{"count":49,"href":"https:\/\/www.conselharan.org\/ca\/wp-json\/wp\/v2\/pages\/268\/revisions"}],"predecessor-version":[{"id":30523,"href":"https:\/\/www.conselharan.org\/ca\/wp-json\/wp\/v2\/pages\/268\/revisions\/30523"}],"wp:featuredmedia":[{"embeddable":true,"href":"https:\/\/www.conselharan.org\/ca\/wp-json\/wp\/v2\/media\/30528"}],"wp:attachment":[{"href":"https:\/\/www.conselharan.org\/ca\/wp-json\/wp\/v2\/media?parent=268"}],"curies":[{"name":"wp","href":"https:\/\/api.w.org\/{rel}","templated":true}]}}