{"id":274,"date":"2013-02-22T08:39:36","date_gmt":"2013-02-22T08:39:36","guid":{"rendered":"http:\/\/www.conselharan.org\/competencies\/sanitat\/"},"modified":"2016-08-18T19:39:54","modified_gmt":"2016-08-18T17:39:54","slug":"sanitat","status":"publish","type":"page","link":"https:\/\/www.conselharan.org\/ca\/competencies\/sanitat\/","title":{"rendered":"Gesti\u00f3 del sistema sanitari p\u00fablic dins l&#8217;\u00e0mbit territorial de la Val d&#8217;Aran"},"content":{"rendered":"<p>[vc_row el_position=&#8221;first&#8221;][vc_column][vc_single_image image=&#8221;1783&#8243; img_size=&#8221;940&#215;325&#8243; el_position=&#8221;first last&#8221;][\/vc_column][\/vc_row][vc_row][vc_column][vc_column_text] [\/vc_column_text][\/vc_column][\/vc_row][vc_row el_position=&#8221;last&#8221;][vc_column][vc_column_text el_position=&#8221;first&#8221;]<\/p>\n<h1 style=\"text-align: justify;\">Documentaci\u00f3<\/h1>\n<p>[\/vc_column_text][vc_column_text el_position=&#8221;last&#8221;]<\/p>\n<h3><strong style=\"font-size: 13px;\"><a href=\"http:\/\/www.conselharan.org\/wp-content\/uploads\/2016\/08\/824527_1.pdf\"><img loading=\"lazy\" decoding=\"async\" class=\"alignleft size-full wp-image-1752\" src=\"http:\/\/www.conselharan.org\/wp-content\/uploads\/2013\/07\/pdf.png\" alt=\"pdf\" width=\"32\" height=\"32\" \/><\/a><\/strong><\/h3>\n<div>\n<p><span style=\"text-decoration: underline;\"><strong><a href=\"http:\/\/www.conselharan.org\/wp-content\/uploads\/2016\/08\/824527_1.pdf\">Decret 399\/2000, de 27 de desembre<\/a><\/strong><\/span>, de transfer\u00e8ncia de compet\u00e8ncies de la Generalitat de Catalunya al Consell General d&#8217;Aran en mat\u00e8ria de sanitat (DOGC 3294, de 29.12.2000).<\/p>\n<p><span style=\"text-decoration: underline;\"><strong><a href=\"http:\/\/www.conselharan.org\/wp-content\/uploads\/2016\/08\/238913_2.pdf\"><img loading=\"lazy\" decoding=\"async\" class=\"alignleft size-full wp-image-1752\" src=\"http:\/\/www.conselharan.org\/wp-content\/uploads\/2013\/07\/pdf.png\" alt=\"pdf\" width=\"32\" height=\"32\" \/><\/a><a href=\"http:\/\/www.conselharan.org\/wp-content\/uploads\/2016\/08\/238913_2.pdf\">Decret 354\/2001, de 18 de desembre<\/a><\/strong><\/span>, de transfer\u00e8ncia de compet\u00e8ncies de la Generalitat de Catalunya al Conselh Generau dera Val d&#8217;Aran en mat\u00e8ria de sanitat (DOGC 3544, de 2.01.2002)<\/p>\n<\/div>\n<p>[\/vc_column_text][\/vc_column][\/vc_row]<\/p>\n ","protected":false},"excerpt":{"rendered":"<p>[vc_row el_position=&#8221;first&#8221;][vc_column][vc_single_image image=&#8221;1783&#8243; img_size=&#8221;940&#215;325&#8243; el_position=&#8221;first last&#8221;][\/vc_column][\/vc_row][vc_row][vc_column][vc_column_text] [\/vc_column_text][\/vc_column][\/vc_row][vc_row el_position=&#8221;last&#8221;][vc_column][vc_column_text el_position=&#8221;first&#8221;] Documentaci\u00f3 [\/vc_column_text][vc_column_text el_position=&#8221;last&#8221;] Decret 399\/2000, de 27 de desembre, de transfer\u00e8ncia de compet\u00e8ncies de la Generalitat de Catalunya al Consell General d&#8217;Aran en mat\u00e8ria de sanitat (DOGC 3294, de 29.12.2000). Decret 354\/2001, de 18 de desembre, de transfer\u00e8ncia de compet\u00e8ncies de la Generalitat de Catalunya al&#8230;<\/p>\n","protected":false},"author":1,"featured_media":0,"parent":268,"menu_order":0,"comment_status":"open","ping_status":"open","template":"page-onesidebar.php","meta":{"footnotes":""},"_links":{"self":[{"href":"https:\/\/www.conselharan.org\/ca\/wp-json\/wp\/v2\/pages\/274"}],"collection":[{"href":"https:\/\/www.conselharan.org\/ca\/wp-json\/wp\/v2\/pages"}],"about":[{"href":"https:\/\/www.conselharan.org\/ca\/wp-json\/wp\/v2\/types\/page"}],"author":[{"embeddable":true,"href":"https:\/\/www.conselharan.org\/ca\/wp-json\/wp\/v2\/users\/1"}],"replies":[{"embeddable":true,"href":"https:\/\/www.conselharan.org\/ca\/wp-json\/wp\/v2\/comments?post=274"}],"version-history":[{"count":33,"href":"https:\/\/www.conselharan.org\/ca\/wp-json\/wp\/v2\/pages\/274\/revisions"}],"predecessor-version":[{"id":13602,"href":"https:\/\/www.conselharan.org\/ca\/wp-json\/wp\/v2\/pages\/274\/revisions\/13602"}],"up":[{"embeddable":true,"href":"https:\/\/www.conselharan.org\/ca\/wp-json\/wp\/v2\/pages\/268"}],"wp:attachment":[{"href":"https:\/\/www.conselharan.org\/ca\/wp-json\/wp\/v2\/media?parent=274"}],"curies":[{"name":"wp","href":"https:\/\/api.w.org\/{rel}","templated":true}]}}