{"id":280,"date":"2013-02-22T08:41:26","date_gmt":"2013-02-22T08:41:26","guid":{"rendered":"http:\/\/www.conselharan.org\/competencies\/servicis-sociaus\/"},"modified":"2016-08-18T18:52:13","modified_gmt":"2016-08-18T16:52:13","slug":"servicis-sociaus","status":"publish","type":"page","link":"https:\/\/www.conselharan.org\/ca\/competencies\/servicis-sociaus\/","title":{"rendered":"Prestaci\u00f3 de serveis socials d&#8217;atenci\u00f3 prim\u00e0ria i d&#8217;atenci\u00f3 a la gent gran"},"content":{"rendered":"<p>[vc_row el_position=&#8221;first&#8221;][vc_column][vc_single_image image=&#8221;1861&#8243; img_size=&#8221;940&#215;325&#8243; el_position=&#8221;first last&#8221;][\/vc_column][\/vc_row][vc_row][vc_column][vc_column_text] [\/vc_column_text][\/vc_column][\/vc_row][vc_row el_position=&#8221;last&#8221;][vc_column][vc_column_text el_position=&#8221;first&#8221;]<\/p>\n<h1>Documentaci\u00f3<\/h1>\n<p>[\/vc_column_text][vc_column_text el_position=&#8221;last&#8221;]<\/p>\n<div>\n<p><strong>Conv\u00e8ni de collaboracion<\/strong> entre eth Departament de Benestar e Familha dera Generalitat de Catalonha e eth Conselh Generau dera Val d&#8217;Aran entara realizacion deth Plan territoriau de ciutadania e immigracion dera Val d&#8217;Aran. Era quantitat que s&#8217;ap\u00f2rte ei de 30.000 \u00e8uros (an 2005).<\/p>\n<p><a href=\"http:\/\/www.conselharan.org\/wp-content\/uploads\/2016\/08\/94269_1.pdf\"><strong><img loading=\"lazy\" decoding=\"async\" class=\"alignleft size-full wp-image-1752\" src=\"http:\/\/www.conselharan.org\/wp-content\/uploads\/2013\/07\/pdf.png\" alt=\"pdf\" width=\"32\" height=\"32\" \/>Decr\u00e8t 302\/1997, de 25 de novembre<\/strong><\/a>, d&#8217;aprobacion deth trasp\u00e0s des servicis sociaus d&#8217;atencion prim\u00e0ria ath Conselh Generau d&#8217;Aran (DOGC 2528, de 28.01.1997).<\/p>\n<p><a href=\"http:\/\/www.conselharan.org\/wp-content\/uploads\/2016\/08\/2577CAT.pdf\"><strong><img loading=\"lazy\" decoding=\"async\" class=\"alignleft size-full wp-image-1752\" src=\"http:\/\/www.conselharan.org\/wp-content\/uploads\/2013\/07\/pdf.png\" alt=\"pdf\" width=\"32\" height=\"32\" \/>Ac\u00f2rd de Gov\u00e8rn dera Generalitat de Catalonha, de 23 de deseme de 1997<\/strong><\/a>, de delegacion de compet\u00e9ncies en mat\u00e8ria de servicis sociaus d&#8217;atencion ara gent grana dera Administracion dera Generalitat ath Conselh Generau d&#8217;Aran (DOGC 2577, de 12.02.1998).<\/p>\n<p><strong><a href=\"http:\/\/www.conselharan.org\/wp-content\/uploads\/2016\/08\/327017_3.pdf\"><img loading=\"lazy\" decoding=\"async\" class=\"alignleft size-full wp-image-1752\" src=\"http:\/\/www.conselharan.org\/wp-content\/uploads\/2013\/07\/pdf.png\" alt=\"pdf\" width=\"32\" height=\"32\" \/>Decr\u00e8t 285\/2003, de 4 de noveme<\/a><\/strong>, de trasp\u00e0s de compet\u00e9ncies e servicis dera Generalitat de Catalonha ath Conselh Generau d&#8217;Aran en mat\u00e8ria de servicis sociaus (DOGC 4018, de 26.11.2003).<\/p>\n<\/div>\n<p>[\/vc_column_text][\/vc_column][\/vc_row]<\/p>\n ","protected":false},"excerpt":{"rendered":"<p>[vc_row el_position=&#8221;first&#8221;][vc_column][vc_single_image image=&#8221;1861&#8243; img_size=&#8221;940&#215;325&#8243; el_position=&#8221;first last&#8221;][\/vc_column][\/vc_row][vc_row][vc_column][vc_column_text] [\/vc_column_text][\/vc_column][\/vc_row][vc_row el_position=&#8221;last&#8221;][vc_column][vc_column_text el_position=&#8221;first&#8221;] Documentaci\u00f3 [\/vc_column_text][vc_column_text el_position=&#8221;last&#8221;] Conv\u00e8ni de collaboracion entre eth Departament de Benestar e Familha dera Generalitat de Catalonha e eth Conselh Generau dera Val d&#8217;Aran entara realizacion deth Plan territoriau de ciutadania e immigracion dera Val d&#8217;Aran. Era quantitat que s&#8217;ap\u00f2rte ei de 30.000 \u00e8uros (an 2005)&#8230;.<\/p>\n","protected":false},"author":1,"featured_media":0,"parent":268,"menu_order":0,"comment_status":"open","ping_status":"open","template":"page-onesidebar.php","meta":{"footnotes":""},"_links":{"self":[{"href":"https:\/\/www.conselharan.org\/ca\/wp-json\/wp\/v2\/pages\/280"}],"collection":[{"href":"https:\/\/www.conselharan.org\/ca\/wp-json\/wp\/v2\/pages"}],"about":[{"href":"https:\/\/www.conselharan.org\/ca\/wp-json\/wp\/v2\/types\/page"}],"author":[{"embeddable":true,"href":"https:\/\/www.conselharan.org\/ca\/wp-json\/wp\/v2\/users\/1"}],"replies":[{"embeddable":true,"href":"https:\/\/www.conselharan.org\/ca\/wp-json\/wp\/v2\/comments?post=280"}],"version-history":[{"count":19,"href":"https:\/\/www.conselharan.org\/ca\/wp-json\/wp\/v2\/pages\/280\/revisions"}],"predecessor-version":[{"id":13575,"href":"https:\/\/www.conselharan.org\/ca\/wp-json\/wp\/v2\/pages\/280\/revisions\/13575"}],"up":[{"embeddable":true,"href":"https:\/\/www.conselharan.org\/ca\/wp-json\/wp\/v2\/pages\/268"}],"wp:attachment":[{"href":"https:\/\/www.conselharan.org\/ca\/wp-json\/wp\/v2\/media?parent=280"}],"curies":[{"name":"wp","href":"https:\/\/api.w.org\/{rel}","templated":true}]}}