{"id":285,"date":"2013-02-22T08:43:55","date_gmt":"2013-02-22T08:43:55","guid":{"rendered":"http:\/\/www.conselharan.org\/competencies\/torisme\/"},"modified":"2016-08-18T17:18:08","modified_gmt":"2016-08-18T15:18:08","slug":"torisme","status":"publish","type":"page","link":"https:\/\/www.conselharan.org\/ca\/competencies\/torisme\/","title":{"rendered":"Inspecci\u00f3 de disciplina tur\u00edstica i de procediment, promoci\u00f3 tur\u00edstica, allotjaments tur\u00edstics, establiments de restauraci\u00f3 i empreses d&#8217;esports d&#8217;aventura"},"content":{"rendered":"<p>[vc_row el_position=&#8221;first&#8221;][vc_column][vc_single_image image=&#8221;1893&#8243; img_size=&#8221;940&#215;325&#8243; el_position=&#8221;first last&#8221;][\/vc_column][\/vc_row][vc_row][vc_column][vc_column_text] [\/vc_column_text][\/vc_column][\/vc_row][vc_row el_position=&#8221;last&#8221;][vc_column][vc_column_text el_position=&#8221;first&#8221;]<\/p>\n<h1>Documentaci\u00f3<\/h1>\n<p>[\/vc_column_text][vc_column_text el_position=&#8221;last&#8221;]<\/p>\n<h4><a href=\"http:\/\/www.conselharan.org\/wp-content\/uploads\/2016\/08\/96483_1.pdf\"><img loading=\"lazy\" decoding=\"async\" class=\"alignleft size-full wp-image-1752\" src=\"http:\/\/www.conselharan.org\/wp-content\/uploads\/2013\/07\/pdf.png\" alt=\"pdf\" width=\"32\" height=\"32\" \/><\/a><\/h4>\n<div>\n<p><a href=\"http:\/\/www.conselharan.org\/wp-content\/uploads\/2016\/08\/96483_1.pdf\">Decret 298\/1997, de 4 de desembre<\/a>, de transfer\u00e8ncia de compet\u00e8ncies i serveis de la Generalitat de Catalunya al Conselh Generau d&#8217;Aran en mat\u00e8ria de turisme (DOGC 2528, de 28.11.1997).<\/p>\n<p><a href=\"http:\/\/www.conselharan.org\/wp-content\/uploads\/2016\/08\/159667_2.pdf\"><img loading=\"lazy\" decoding=\"async\" class=\"alignleft size-full wp-image-1752\" src=\"http:\/\/www.conselharan.org\/wp-content\/uploads\/2013\/07\/pdf.png\" alt=\"pdf\" width=\"32\" height=\"32\" \/>Decret 176\/1999, de 29 de juny<\/a>, de transfer\u00e8ncia de serveis i funcions de la Generalitat de Catalunya al Conselh Generau d&#8217;Aran en mat\u00e8ria de turisme (DOGC 2925, de 7.07.1999).<\/p>\n<p><a href=\"http:\/\/www.conselharan.org\/wp-content\/uploads\/2016\/08\/837948_3.pdf\"><img loading=\"lazy\" decoding=\"async\" class=\"alignleft size-full wp-image-1752\" src=\"http:\/\/www.conselharan.org\/wp-content\/uploads\/2013\/07\/pdf.png\" alt=\"pdf\" width=\"32\" height=\"32\" \/>Decret 257\/2000, de 24 de juliol<\/a>, de transfer\u00e8ncia de compet\u00e8ncies de la Generalitat de Catalunya al Consell General d&#8217;Aran en mat\u00e8ria de turisme (DOGC 3200, de 8.08.2000).<\/p>\n<\/div>\n<p>[\/vc_column_text][\/vc_column][\/vc_row]<\/p>\n ","protected":false},"excerpt":{"rendered":"<p>[vc_row el_position=&#8221;first&#8221;][vc_column][vc_single_image image=&#8221;1893&#8243; img_size=&#8221;940&#215;325&#8243; el_position=&#8221;first last&#8221;][\/vc_column][\/vc_row][vc_row][vc_column][vc_column_text] [\/vc_column_text][\/vc_column][\/vc_row][vc_row el_position=&#8221;last&#8221;][vc_column][vc_column_text el_position=&#8221;first&#8221;] Documentaci\u00f3 [\/vc_column_text][vc_column_text el_position=&#8221;last&#8221;] Decret 298\/1997, de 4 de desembre, de transfer\u00e8ncia de compet\u00e8ncies i serveis de la Generalitat de Catalunya al Conselh Generau d&#8217;Aran en mat\u00e8ria de turisme (DOGC 2528, de 28.11.1997). Decret 176\/1999, de 29 de juny, de transfer\u00e8ncia de serveis i funcions de la&#8230;<\/p>\n","protected":false},"author":1,"featured_media":0,"parent":268,"menu_order":0,"comment_status":"open","ping_status":"open","template":"page-onesidebar.php","meta":{"footnotes":""},"_links":{"self":[{"href":"https:\/\/www.conselharan.org\/ca\/wp-json\/wp\/v2\/pages\/285"}],"collection":[{"href":"https:\/\/www.conselharan.org\/ca\/wp-json\/wp\/v2\/pages"}],"about":[{"href":"https:\/\/www.conselharan.org\/ca\/wp-json\/wp\/v2\/types\/page"}],"author":[{"embeddable":true,"href":"https:\/\/www.conselharan.org\/ca\/wp-json\/wp\/v2\/users\/1"}],"replies":[{"embeddable":true,"href":"https:\/\/www.conselharan.org\/ca\/wp-json\/wp\/v2\/comments?post=285"}],"version-history":[{"count":14,"href":"https:\/\/www.conselharan.org\/ca\/wp-json\/wp\/v2\/pages\/285\/revisions"}],"predecessor-version":[{"id":13565,"href":"https:\/\/www.conselharan.org\/ca\/wp-json\/wp\/v2\/pages\/285\/revisions\/13565"}],"up":[{"embeddable":true,"href":"https:\/\/www.conselharan.org\/ca\/wp-json\/wp\/v2\/pages\/268"}],"wp:attachment":[{"href":"https:\/\/www.conselharan.org\/ca\/wp-json\/wp\/v2\/media?parent=285"}],"curies":[{"name":"wp","href":"https:\/\/api.w.org\/{rel}","templated":true}]}}