{"id":290,"date":"2013-02-22T08:45:35","date_gmt":"2013-02-22T08:45:35","guid":{"rendered":"http:\/\/www.conselharan.org\/competencies\/patrimoni\/"},"modified":"2016-08-17T19:52:17","modified_gmt":"2016-08-17T17:52:17","slug":"patrimoni","status":"publish","type":"page","link":"https:\/\/www.conselharan.org\/ca\/competencies\/patrimoni\/","title":{"rendered":"Pol\u00edtica ling\u00fc\u00edstica, promoci\u00f3 i difusi\u00f3 cultural, patrimoni cultural i s\u00edmbols dels ens locals"},"content":{"rendered":"<p>[vc_row el_position=&#8221;first&#8221;][vc_column][vc_single_image image=&#8221;1915&#8243; img_size=&#8221;940&#215;325&#8243; el_position=&#8221;first last&#8221;][\/vc_column][\/vc_row][vc_row][vc_column][vc_column_text] [\/vc_column_text][\/vc_column][\/vc_row][vc_row el_position=&#8221;last&#8221;][vc_column][vc_column_text el_position=&#8221;first&#8221;]<\/p>\n<h1>Documentaci\u00f3<\/h1>\n<p>[\/vc_column_text][vc_column_text el_position=&#8221;last&#8221;]<a href=\"http:\/\/www.conselharan.org\/wp-content\/uploads\/2016\/08\/37903_1.pdf\"><img loading=\"lazy\" decoding=\"async\" class=\"alignleft size-full wp-image-1752\" src=\"http:\/\/www.conselharan.org\/wp-content\/uploads\/2013\/07\/pdf.png\" alt=\"pdf\" width=\"32\" height=\"32\" \/>Decr\u00e8t 305\/1992, de 4 de deseme<\/a>, de transfer\u00e8ncia de compet\u00e8ncies i serveis de la Generalitat de Catalunya al Conselh Generau d&#8217;Aran en mat\u00e8ria de cultura (DOGC 1688, de 30.12.1992).<\/p>\n<p><a href=\"http:\/\/www.conselharan.org\/wp-content\/uploads\/2016\/08\/94796_2.pdf\"><img loading=\"lazy\" decoding=\"async\" class=\"alignleft size-full wp-image-1752\" src=\"http:\/\/www.conselharan.org\/wp-content\/uploads\/2013\/07\/pdf.png\" alt=\"pdf\" width=\"32\" height=\"32\" \/>Decr\u00e8t 291\/1997, de 11 de noveme<\/a>, d&#8217;ampliaci\u00f3 dels mitjans transferits per la Generalitat de Catalunya al Conselh Generau de la Val d&#8217;Aran en mat\u00e8ria de cultura (DOGC 2520, de 18.11.1997).<\/p>\n<p><a href=\"http:\/\/www.conselharan.org\/wp-content\/uploads\/2016\/08\/314823_3.pdf\"><img loading=\"lazy\" decoding=\"async\" class=\"alignleft size-full wp-image-1752\" src=\"http:\/\/www.conselharan.org\/wp-content\/uploads\/2013\/07\/pdf.png\" alt=\"pdf\" width=\"32\" height=\"32\" \/>Decr\u00e8t 352\/2002, de 24 de deseme<\/a>, de transfer\u00e8ncia de compet\u00e8ncies de la Generalitat de Catalunya al Conselh Generau d\u2019Aran en mat\u00e8ria de s\u00edmbols dels ens locals (DOGC 3795, de 08.01.2003).[\/vc_column_text][\/vc_column][\/vc_row]<\/p>\n ","protected":false},"excerpt":{"rendered":"<p>[vc_row el_position=&#8221;first&#8221;][vc_column][vc_single_image image=&#8221;1915&#8243; img_size=&#8221;940&#215;325&#8243; el_position=&#8221;first last&#8221;][\/vc_column][\/vc_row][vc_row][vc_column][vc_column_text] [\/vc_column_text][\/vc_column][\/vc_row][vc_row el_position=&#8221;last&#8221;][vc_column][vc_column_text el_position=&#8221;first&#8221;] Documentaci\u00f3 [\/vc_column_text][vc_column_text el_position=&#8221;last&#8221;]Decr\u00e8t 305\/1992, de 4 de deseme, de transfer\u00e8ncia de compet\u00e8ncies i serveis de la Generalitat de Catalunya al Conselh Generau d&#8217;Aran en mat\u00e8ria de cultura (DOGC 1688, de 30.12.1992). Decr\u00e8t 291\/1997, de 11 de noveme, d&#8217;ampliaci\u00f3 dels mitjans transferits per la Generalitat de Catalunya&#8230;<\/p>\n","protected":false},"author":1,"featured_media":0,"parent":268,"menu_order":0,"comment_status":"open","ping_status":"open","template":"page-onesidebar.php","meta":{"footnotes":""},"_links":{"self":[{"href":"https:\/\/www.conselharan.org\/ca\/wp-json\/wp\/v2\/pages\/290"}],"collection":[{"href":"https:\/\/www.conselharan.org\/ca\/wp-json\/wp\/v2\/pages"}],"about":[{"href":"https:\/\/www.conselharan.org\/ca\/wp-json\/wp\/v2\/types\/page"}],"author":[{"embeddable":true,"href":"https:\/\/www.conselharan.org\/ca\/wp-json\/wp\/v2\/users\/1"}],"replies":[{"embeddable":true,"href":"https:\/\/www.conselharan.org\/ca\/wp-json\/wp\/v2\/comments?post=290"}],"version-history":[{"count":12,"href":"https:\/\/www.conselharan.org\/ca\/wp-json\/wp\/v2\/pages\/290\/revisions"}],"predecessor-version":[{"id":13505,"href":"https:\/\/www.conselharan.org\/ca\/wp-json\/wp\/v2\/pages\/290\/revisions\/13505"}],"up":[{"embeddable":true,"href":"https:\/\/www.conselharan.org\/ca\/wp-json\/wp\/v2\/pages\/268"}],"wp:attachment":[{"href":"https:\/\/www.conselharan.org\/ca\/wp-json\/wp\/v2\/media?parent=290"}],"curies":[{"name":"wp","href":"https:\/\/api.w.org\/{rel}","templated":true}]}}