{"id":29627,"date":"2019-07-29T15:36:33","date_gmt":"2019-07-29T13:36:33","guid":{"rendered":"https:\/\/www.conselharan.org\/comunicat-licencia-pesca\/"},"modified":"2019-07-29T15:47:51","modified_gmt":"2019-07-29T13:47:51","slug":"comunicat-licencia-pesca","status":"publish","type":"page","link":"https:\/\/www.conselharan.org\/ca\/comunicat-licencia-pesca\/","title":{"rendered":"Comunicat"},"content":{"rendered":"<p>[vc_row][vc_column width=&#8221;2\/3&#8243;][vc_column_text]Amb motiu de la interposici\u00f3 per part de la Generalitat de Catalunya de recurs contenci\u00f3s administratiu en contra de l&#8217;aprovaci\u00f3 de l&#8217;Ordenan\u00e7a fiscal n\u00fam.4 reguladora de la taxa per l&#8217;expedici\u00f3 de permisos, llic\u00e8ncies i concursos de pesca recreativa a la Val d&#8217;Aran, el Tribunal Superior de Justicia de Catalunya ha adoptat com mesura cautelar la suspensi\u00f3 de l&#8217;article 3 i de la disposici\u00f3 final segona de l&#8217;ordenan\u00e7a, el que afecte a que El Conselh Generau no pot expedir les seves pr\u00f2pies llic\u00e8ncies.<\/p>\n<p><strong>En aquest sentit, les llicencies s&#8217;hauran de sol\u00b7licitar en la seu del Conselh Generau d&#8217;Aran.<\/strong>[\/vc_column_text][\/vc_column][vc_column width=&#8221;1\/3&#8243;][vc_single_image image=&#8221;27477&#8243; img_size=&#8221;full&#8221;][\/vc_column][\/vc_row]<\/p>\n ","protected":false},"excerpt":{"rendered":"<p>[vc_row][vc_column width=&#8221;2\/3&#8243;][vc_column_text]Amb motiu de la interposici\u00f3 per part de la Generalitat de Catalunya de recurs contenci\u00f3s administratiu en contra de l&#8217;aprovaci\u00f3 de l&#8217;Ordenan\u00e7a fiscal n\u00fam.4 reguladora de la taxa per l&#8217;expedici\u00f3 de permisos, llic\u00e8ncies i concursos de pesca recreativa a la Val d&#8217;Aran, el Tribunal Superior de Justicia de Catalunya ha adoptat com mesura cautelar&#8230;<\/p>\n","protected":false},"author":1,"featured_media":0,"parent":0,"menu_order":0,"comment_status":"closed","ping_status":"closed","template":"page-full.php","meta":{"footnotes":""},"_links":{"self":[{"href":"https:\/\/www.conselharan.org\/ca\/wp-json\/wp\/v2\/pages\/29627"}],"collection":[{"href":"https:\/\/www.conselharan.org\/ca\/wp-json\/wp\/v2\/pages"}],"about":[{"href":"https:\/\/www.conselharan.org\/ca\/wp-json\/wp\/v2\/types\/page"}],"author":[{"embeddable":true,"href":"https:\/\/www.conselharan.org\/ca\/wp-json\/wp\/v2\/users\/1"}],"replies":[{"embeddable":true,"href":"https:\/\/www.conselharan.org\/ca\/wp-json\/wp\/v2\/comments?post=29627"}],"version-history":[{"count":2,"href":"https:\/\/www.conselharan.org\/ca\/wp-json\/wp\/v2\/pages\/29627\/revisions"}],"predecessor-version":[{"id":29630,"href":"https:\/\/www.conselharan.org\/ca\/wp-json\/wp\/v2\/pages\/29627\/revisions\/29630"}],"wp:attachment":[{"href":"https:\/\/www.conselharan.org\/ca\/wp-json\/wp\/v2\/media?parent=29627"}],"curies":[{"name":"wp","href":"https:\/\/api.w.org\/{rel}","templated":true}]}}