{"id":31851,"date":"2020-01-29T12:38:43","date_gmt":"2020-01-29T11:38:43","guid":{"rendered":"https:\/\/www.conselharan.org\/?page_id=31851"},"modified":"2020-02-27T08:50:41","modified_gmt":"2020-02-27T07:50:41","slug":"idapa","status":"publish","type":"page","link":"https:\/\/www.conselharan.org\/ca\/promocion-economica\/idapa\/","title":{"rendered":"IDAPA"},"content":{"rendered":"<p>[vc_row css=&#8221;.vc_custom_1469520409518{margin-top: 30px !important;}&#8221;][vc_column][vc_row_inner][vc_column_inner][vc_column_text]<\/p>\n<h2 style=\"text-align: left;\">Institut per al Desenvolupament i la Promoci\u00f3 de l&#8217;Alt Pirineu i Aran<\/h2>\n<div id=\"gtx-trans\" style=\"position: absolute; left: -50px; top: 43.2656px;\">\n<div class=\"gtx-trans-icon\"><\/div>\n<\/div>\n<p>[\/vc_column_text][\/vc_column_inner][\/vc_row_inner][\/vc_column][\/vc_row][vc_row][vc_column width=&#8221;1\/2&#8243;][vc_column_text]Aquest projecte es conforma de taules de treball intercomarcals de cooperaci\u00f3 territorial, \u00e9s un organisme multidisciplinari en temes de promoci\u00f3 econ\u00f2mica i desenvolupament local de l&#8217;Alt Pirineu i Aran, integrat per t\u00e8cnics comarcals que, entre altres accions, impulsen programes, identifiquen reptes, defineixen estrat\u00e8gies, redirigeixen projectes i aporten coneixements per al desenvolupament territorial.<\/p>\n<p>Es pret\u00e9n consolidar una antena des de\u00a0IDAPA\u00a0a cadascun dels territoris comarcals, que actuen com a espai de cooperaci\u00f3 i concentraci\u00f3 territorial, entre l&#8217;administraci\u00f3 p\u00fablica i els agents econ\u00f2mics i socials.[\/vc_column_text][\/vc_column][vc_column width=&#8221;1\/2&#8243;][vc_column_text]Aquest grup de treball, a part de t\u00e8cnics comarcals, est\u00e0 tamb\u00e9 integrat pels representants dels dos grups d&#8217;acci\u00f3 local de l&#8217;\u00e0mbit territorial que regenten el programa\u00a0Leader, el Patronat de Promoci\u00f3 Econ\u00f2mica de la Diputaci\u00f3 de Lleida i els representants de diferents departaments de la Generalitat amb representaci\u00f3 a l&#8217;Alt Pirineu i Aran, amb compet\u00e8ncies en promoci\u00f3 econ\u00f2mica, ocupaci\u00f3 i desenvolupament territorial, entre altres.<\/p>\n<p>A partir d&#8217;aquest marc d&#8217;acci\u00f3 es vol coordinar una s\u00e8rie de programes i accions en el camp de la promoci\u00f3 econ\u00f2mica, amb la taula territorial d&#8217;emprenedoria, economia social i cooperatives de l&#8217;Alt Pirineu i Aran, el programa de suport a l&#8217;ocupaci\u00f3 de muntanya\u00a0SOMPirineu\u00a0aix\u00ed com els diferents plans estrat\u00e8gics comarcals.[\/vc_column_text][\/vc_column][\/vc_row][vc_row][vc_column][vc_row_inner][vc_column_inner][vc_column_text]<\/p>\n<p style=\"text-align: left;\"><a href=\"http:\/\/territori.gencat.cat\/ca\/06_territori_i_urbanisme\/idapa\/\">M\u00e9s informaci\u00f3<\/a><\/p>\n<div id=\"gtx-trans\" style=\"position: absolute; left: 20px; top: 38px;\">\n<div class=\"gtx-trans-icon\"><\/div>\n<\/div>\n<p>[\/vc_column_text][\/vc_column_inner][\/vc_row_inner][\/vc_column][\/vc_row]<\/p>\n ","protected":false},"excerpt":{"rendered":"<p>[vc_row css=&#8221;.vc_custom_1469520409518{margin-top: 30px !important;}&#8221;][vc_column][vc_row_inner][vc_column_inner][vc_column_text] Institut per al Desenvolupament i la Promoci\u00f3 de l&#8217;Alt Pirineu i Aran [\/vc_column_text][\/vc_column_inner][\/vc_row_inner][\/vc_column][\/vc_row][vc_row][vc_column width=&#8221;1\/2&#8243;][vc_column_text]Aquest projecte es conforma de taules de treball intercomarcals de cooperaci\u00f3 territorial, \u00e9s un organisme multidisciplinari en temes de promoci\u00f3 econ\u00f2mica i desenvolupament local de l&#8217;Alt Pirineu i Aran, integrat per t\u00e8cnics comarcals que, entre altres accions, impulsen&#8230;<\/p>\n","protected":false},"author":8,"featured_media":0,"parent":31804,"menu_order":0,"comment_status":"closed","ping_status":"closed","template":"page-full.php","meta":{"footnotes":""},"_links":{"self":[{"href":"https:\/\/www.conselharan.org\/ca\/wp-json\/wp\/v2\/pages\/31851"}],"collection":[{"href":"https:\/\/www.conselharan.org\/ca\/wp-json\/wp\/v2\/pages"}],"about":[{"href":"https:\/\/www.conselharan.org\/ca\/wp-json\/wp\/v2\/types\/page"}],"author":[{"embeddable":true,"href":"https:\/\/www.conselharan.org\/ca\/wp-json\/wp\/v2\/users\/8"}],"replies":[{"embeddable":true,"href":"https:\/\/www.conselharan.org\/ca\/wp-json\/wp\/v2\/comments?post=31851"}],"version-history":[{"count":3,"href":"https:\/\/www.conselharan.org\/ca\/wp-json\/wp\/v2\/pages\/31851\/revisions"}],"predecessor-version":[{"id":32432,"href":"https:\/\/www.conselharan.org\/ca\/wp-json\/wp\/v2\/pages\/31851\/revisions\/32432"}],"up":[{"embeddable":true,"href":"https:\/\/www.conselharan.org\/ca\/wp-json\/wp\/v2\/pages\/31804"}],"wp:attachment":[{"href":"https:\/\/www.conselharan.org\/ca\/wp-json\/wp\/v2\/media?parent=31851"}],"curies":[{"name":"wp","href":"https:\/\/api.w.org\/{rel}","templated":true}]}}