{"id":31860,"date":"2020-01-29T12:50:22","date_gmt":"2020-01-29T11:50:22","guid":{"rendered":"https:\/\/www.conselharan.org\/?page_id=31860"},"modified":"2020-02-27T08:58:20","modified_gmt":"2020-02-27T07:58:20","slug":"gestio-dels-programes-del-soc","status":"publish","type":"page","link":"https:\/\/www.conselharan.org\/ca\/promocion-economica\/gestio-dels-programes-del-soc\/","title":{"rendered":"Gesti\u00f3 dels Programes del SOC"},"content":{"rendered":"<p>[vc_row][vc_column width=&#8221;1\/2&#8243;][vc_column_text]<\/p>\n<p align=\"JUSTIFY\"><span lang=\"ca-ES\">El programa de treball i formaci\u00f3 t\u00e9 com a objectiu afavorir la contractaci\u00f3 de persones en situaci\u00f3 de desocupaci\u00f3 a trav\u00e9s del suport a les entitats, ja que duen a terme accions d&#8217;experi\u00e8ncia laboral, de formaci\u00f3, de coordinaci\u00f3 i de suport t\u00e8cnic.<\/span><\/p>\n<p align=\"JUSTIFY\"><span lang=\"ca-ES\">Es concentra en una subvenci\u00f3 que estableix tres l\u00ednies de finan\u00e7ament:<\/span><\/p>\n<p>\u2022L\u00ednia A: accions d&#8217;experi\u00e8ncia laboral i accions de formaci\u00f3, dirigida a persones en situaci\u00f3 de desocupaci\u00f3 no perceptores de prestaci\u00f3 i\/o subsidi per desocupaci\u00f3, preferentment majors de 45 anys (PANP).<\/p>\n<p>\u2022L\u00ednia B: accions d&#8217;experi\u00e8ncia laboral i accions de formaci\u00f3, dirigida a persones en situaci\u00f3 de desocupaci\u00f3 benefici\u00e0ries de la Renda M\u00ednima d&#8217;Inserci\u00f3 (PRMI).<\/p>\n<p>\u2022L\u00ednia C: accions de coordinaci\u00f3 i suport t\u00e8cnic.<\/p>\n<p>&nbsp;<\/p>\n<p><a href=\"https:\/\/serveiocupacio.gencat.cat\/ca\/soc\/\">M\u00e9s informaci\u00f3<\/a><\/p>\n<div id=\"gtx-trans\" style=\"position: absolute; left: 13px; top: 350px;\">\n<div class=\"gtx-trans-icon\"><\/div>\n<\/div>\n<p>[\/vc_column_text][\/vc_column][vc_column width=&#8221;1\/2&#8243;][vc_column_text]En el marc del programa de Garantia Juvenil a Catalunya, el\u00a0SOC\u00a0incentiva la contractaci\u00f3 en pr\u00e0ctiques de joves amb formaci\u00f3 per a millorar la seva\u00a0ocupabilitat\u00a0amb l&#8217;adquisici\u00f3 de les aptituds i compet\u00e8ncies derivades de la pr\u00e0ctica laboral i afavorir d&#8217;aquesta forma la seva incorporaci\u00f3 al mercat laboral de manera estable i duradora en el temps.<\/p>\n<p align=\"JUSTIFY\"><a href=\"http:\/\/garantiajuvenil.gencat.cat\/ca\/inici\">M<\/a><a href=\"http:\/\/territori.gencat.cat\/ca\/06_territori_i_urbanisme\/idapa\/\">\u00e9<\/a><a href=\"http:\/\/garantiajuvenil.gencat.cat\/ca\/inici\">s informaci\u00f3<\/a><\/p>\n<div id=\"gtx-trans\" style=\"position: absolute; left: 13px; top: 102px;\">\n<div class=\"gtx-trans-icon\"><\/div>\n<\/div>\n<p>[\/vc_column_text][\/vc_column][\/vc_row]<\/p>\n ","protected":false},"excerpt":{"rendered":"<p>[vc_row][vc_column width=&#8221;1\/2&#8243;][vc_column_text] El programa de treball i formaci\u00f3 t\u00e9 com a objectiu afavorir la contractaci\u00f3 de persones en situaci\u00f3 de desocupaci\u00f3 a trav\u00e9s del suport a les entitats, ja que duen a terme accions d&#8217;experi\u00e8ncia laboral, de formaci\u00f3, de coordinaci\u00f3 i de suport t\u00e8cnic. Es concentra en una subvenci\u00f3 que estableix tres l\u00ednies de finan\u00e7ament:&#8230;<\/p>\n","protected":false},"author":8,"featured_media":0,"parent":31804,"menu_order":0,"comment_status":"closed","ping_status":"closed","template":"page-full.php","meta":{"footnotes":""},"_links":{"self":[{"href":"https:\/\/www.conselharan.org\/ca\/wp-json\/wp\/v2\/pages\/31860"}],"collection":[{"href":"https:\/\/www.conselharan.org\/ca\/wp-json\/wp\/v2\/pages"}],"about":[{"href":"https:\/\/www.conselharan.org\/ca\/wp-json\/wp\/v2\/types\/page"}],"author":[{"embeddable":true,"href":"https:\/\/www.conselharan.org\/ca\/wp-json\/wp\/v2\/users\/8"}],"replies":[{"embeddable":true,"href":"https:\/\/www.conselharan.org\/ca\/wp-json\/wp\/v2\/comments?post=31860"}],"version-history":[{"count":5,"href":"https:\/\/www.conselharan.org\/ca\/wp-json\/wp\/v2\/pages\/31860\/revisions"}],"predecessor-version":[{"id":32443,"href":"https:\/\/www.conselharan.org\/ca\/wp-json\/wp\/v2\/pages\/31860\/revisions\/32443"}],"up":[{"embeddable":true,"href":"https:\/\/www.conselharan.org\/ca\/wp-json\/wp\/v2\/pages\/31804"}],"wp:attachment":[{"href":"https:\/\/www.conselharan.org\/ca\/wp-json\/wp\/v2\/media?parent=31860"}],"curies":[{"name":"wp","href":"https:\/\/api.w.org\/{rel}","templated":true}]}}