{"id":31864,"date":"2020-01-29T12:57:10","date_gmt":"2020-01-29T11:57:10","guid":{"rendered":"https:\/\/www.conselharan.org\/?page_id=31864"},"modified":"2020-02-27T08:51:16","modified_gmt":"2020-02-27T07:51:16","slug":"bulleti-de-subvencions-locals","status":"publish","type":"page","link":"https:\/\/www.conselharan.org\/ca\/promocion-economica\/bulleti-de-subvencions-locals\/","title":{"rendered":"Bullet\u00ed de subvencions locals"},"content":{"rendered":"<p>[vc_row][vc_column][vc_column_text]<\/p>\n<p align=\"JUSTIFY\"><span style=\"color: #000000;\"><span lang=\"ca-ES\">Donant-se d&#8217;alta en el servei rebr\u00e0 di\u00e0riament un butllet\u00ed amb la informaci\u00f3 sol\u00b7licitada, que s&#8217;enviar\u00e0 per correu electr\u00f2nic a l&#8217;adre\u00e7a e-mail proporcionada. Aquest butllet\u00ed \u00e9s el resultat d&#8217;una recopilaci\u00f3 exhaustiva de les convocat\u00f2ries de finan\u00e7ament (subvencions, ajudes, premis, beques&#8230;) de proced\u00e8ncia p\u00fablica \u2013des de l&#8217;administraci\u00f3 local fins a la comunit\u00e0ria\u2013 i tamb\u00e9 de proced\u00e8ncia privada \u2013fundacions, bancs, caixes, obra social de grans empreses i multinacionals&#8230; \u2013 que puguin beneficiar a ciutadans, associacions, empreses locals i altres entitats p\u00fabliques.<\/span><\/span><\/p>\n<p><a href=\"http:\/\/www.butlletilocaldesubvencions.com\/home.cgi?Id=Mzk1\">M<\/a><a href=\"http:\/\/territori.gencat.cat\/ca\/06_territori_i_urbanisme\/idapa\/\">\u00e9<\/a><a href=\"http:\/\/www.butlletilocaldesubvencions.com\/home.cgi?Id=Mzk1\">s informaci\u00f3<\/a><\/p>\n<div id=\"gtx-trans\" style=\"position: absolute; left: 20px; top: 150px;\">\n<div class=\"gtx-trans-icon\"><\/div>\n<\/div>\n<p>[\/vc_column_text][\/vc_column][\/vc_row]<\/p>\n ","protected":false},"excerpt":{"rendered":"<p>[vc_row][vc_column][vc_column_text] Donant-se d&#8217;alta en el servei rebr\u00e0 di\u00e0riament un butllet\u00ed amb la informaci\u00f3 sol\u00b7licitada, que s&#8217;enviar\u00e0 per correu electr\u00f2nic a l&#8217;adre\u00e7a e-mail proporcionada. Aquest butllet\u00ed \u00e9s el resultat d&#8217;una recopilaci\u00f3 exhaustiva de les convocat\u00f2ries de finan\u00e7ament (subvencions, ajudes, premis, beques&#8230;) de proced\u00e8ncia p\u00fablica \u2013des de l&#8217;administraci\u00f3 local fins a la comunit\u00e0ria\u2013 i tamb\u00e9 de proced\u00e8ncia&#8230;<\/p>\n","protected":false},"author":8,"featured_media":0,"parent":31804,"menu_order":0,"comment_status":"closed","ping_status":"closed","template":"page-full.php","meta":{"footnotes":""},"_links":{"self":[{"href":"https:\/\/www.conselharan.org\/ca\/wp-json\/wp\/v2\/pages\/31864"}],"collection":[{"href":"https:\/\/www.conselharan.org\/ca\/wp-json\/wp\/v2\/pages"}],"about":[{"href":"https:\/\/www.conselharan.org\/ca\/wp-json\/wp\/v2\/types\/page"}],"author":[{"embeddable":true,"href":"https:\/\/www.conselharan.org\/ca\/wp-json\/wp\/v2\/users\/8"}],"replies":[{"embeddable":true,"href":"https:\/\/www.conselharan.org\/ca\/wp-json\/wp\/v2\/comments?post=31864"}],"version-history":[{"count":3,"href":"https:\/\/www.conselharan.org\/ca\/wp-json\/wp\/v2\/pages\/31864\/revisions"}],"predecessor-version":[{"id":32435,"href":"https:\/\/www.conselharan.org\/ca\/wp-json\/wp\/v2\/pages\/31864\/revisions\/32435"}],"up":[{"embeddable":true,"href":"https:\/\/www.conselharan.org\/ca\/wp-json\/wp\/v2\/pages\/31804"}],"wp:attachment":[{"href":"https:\/\/www.conselharan.org\/ca\/wp-json\/wp\/v2\/media?parent=31864"}],"curies":[{"name":"wp","href":"https:\/\/api.w.org\/{rel}","templated":true}]}}