{"id":31880,"date":"2020-01-29T16:42:28","date_gmt":"2020-01-29T15:42:28","guid":{"rendered":"https:\/\/www.conselharan.org\/?page_id=31880"},"modified":"2020-02-27T08:51:44","modified_gmt":"2020-02-27T07:51:44","slug":"cei-val-daran","status":"publish","type":"page","link":"https:\/\/www.conselharan.org\/ca\/promocion-economica\/cei-val-daran\/","title":{"rendered":"CEI VAL D\u2019ARAN"},"content":{"rendered":"<p>[vc_row css=&#8221;.vc_custom_1469520409518{margin-top: 30px !important;}&#8221;][vc_column][vc_row_inner][vc_column_inner][vc_column_text]<\/p>\n<h2 style=\"text-align: left;\">Centre d\u2019Empreses Innovadores<\/h2>\n<div id=\"gtx-trans\" style=\"position: absolute; left: -50px; top: 43.2656px;\">\n<div class=\"gtx-trans-icon\"><\/div>\n<\/div>\n<p>[\/vc_column_text][\/vc_column_inner][\/vc_row_inner][\/vc_column][\/vc_row][vc_row][vc_column][vc_column_text]\u00c9s un equipament destinat a la ubicaci\u00f3 de noves activitats empresarials que acull en les seves instal\u00b7lacions empreses innovadores o relacionades amb les noves tecnologies.<\/p>\n<p>Al mateix temps que se sost\u00e9 al teixit empresarial del territori mitjan\u00e7ant la transfer\u00e8ncia tecnol\u00f2gica i la millora de les xarxes de cooperaci\u00f3 entre les empreses del territori.<\/p>\n<p>El\u00a0CEI\u00a0de la Val d&#8217;Aran est\u00e0 situat en la direcci\u00f3\u00a0Pla\u00e7a\u00a0Naua, 1 de Casau i compta amb unes instal\u00b7lacions de m\u00e9s de 950\u00a0m\u00b2\u00a0a la disposici\u00f3 dels emprenedors, a m\u00e9s de sala de formaci\u00f3, sala polivalent, 4 sales de reunions, 9 locals i un\u00a0office.[\/vc_column_text][\/vc_column][\/vc_row][vc_row][vc_column][vc_row_inner][vc_column_inner][vc_column_text]<\/p>\n<p style=\"text-align: left;\"><a href=\"https:\/\/www.ceivaldaran.org\/\">M<\/a><a href=\"http:\/\/territori.gencat.cat\/ca\/06_territori_i_urbanisme\/idapa\/\">\u00e9<\/a><a href=\"https:\/\/www.ceivaldaran.org\/\">s informaci\u00f3<\/a><\/p>\n<div id=\"gtx-trans\" style=\"position: absolute; left: 14px; top: 38px;\">\n<div class=\"gtx-trans-icon\"><\/div>\n<\/div>\n<p>[\/vc_column_text][\/vc_column_inner][\/vc_row_inner][\/vc_column][\/vc_row]<\/p>\n ","protected":false},"excerpt":{"rendered":"<p>[vc_row css=&#8221;.vc_custom_1469520409518{margin-top: 30px !important;}&#8221;][vc_column][vc_row_inner][vc_column_inner][vc_column_text] Centre d\u2019Empreses Innovadores [\/vc_column_text][\/vc_column_inner][\/vc_row_inner][\/vc_column][\/vc_row][vc_row][vc_column][vc_column_text]\u00c9s un equipament destinat a la ubicaci\u00f3 de noves activitats empresarials que acull en les seves instal\u00b7lacions empreses innovadores o relacionades amb les noves tecnologies. Al mateix temps que se sost\u00e9 al teixit empresarial del territori mitjan\u00e7ant la transfer\u00e8ncia tecnol\u00f2gica i la millora de les xarxes de cooperaci\u00f3&#8230;<\/p>\n","protected":false},"author":8,"featured_media":0,"parent":31804,"menu_order":0,"comment_status":"closed","ping_status":"closed","template":"page-full.php","meta":{"footnotes":""},"_links":{"self":[{"href":"https:\/\/www.conselharan.org\/ca\/wp-json\/wp\/v2\/pages\/31880"}],"collection":[{"href":"https:\/\/www.conselharan.org\/ca\/wp-json\/wp\/v2\/pages"}],"about":[{"href":"https:\/\/www.conselharan.org\/ca\/wp-json\/wp\/v2\/types\/page"}],"author":[{"embeddable":true,"href":"https:\/\/www.conselharan.org\/ca\/wp-json\/wp\/v2\/users\/8"}],"replies":[{"embeddable":true,"href":"https:\/\/www.conselharan.org\/ca\/wp-json\/wp\/v2\/comments?post=31880"}],"version-history":[{"count":3,"href":"https:\/\/www.conselharan.org\/ca\/wp-json\/wp\/v2\/pages\/31880\/revisions"}],"predecessor-version":[{"id":32438,"href":"https:\/\/www.conselharan.org\/ca\/wp-json\/wp\/v2\/pages\/31880\/revisions\/32438"}],"up":[{"embeddable":true,"href":"https:\/\/www.conselharan.org\/ca\/wp-json\/wp\/v2\/pages\/31804"}],"wp:attachment":[{"href":"https:\/\/www.conselharan.org\/ca\/wp-json\/wp\/v2\/media?parent=31880"}],"curies":[{"name":"wp","href":"https:\/\/api.w.org\/{rel}","templated":true}]}}