{"id":31888,"date":"2020-01-29T19:02:36","date_gmt":"2020-01-29T18:02:36","guid":{"rendered":"https:\/\/www.conselharan.org\/?page_id=31888"},"modified":"2020-02-27T08:52:06","modified_gmt":"2020-02-27T07:52:06","slug":"reempresa","status":"publish","type":"page","link":"https:\/\/www.conselharan.org\/ca\/promocion-economica\/reempresa\/","title":{"rendered":"Reempresa"},"content":{"rendered":"<p>[vc_row][vc_column width=&#8221;1\/2&#8243;][vc_column_text]Aquest \u00e9s un nou model de creixement empresarial, un mecanisme professional on una o m\u00e9s persones reprenedores accedeixen a la propietat d&#8217;una empresa ja en funcionament, per a fer-la cr\u00e9ixer sense haver de passar per la fase de crear-la.<\/p>\n<p>En la majoria de Pime&#8217;s, i en totes les empreses personals, aquest proc\u00e9s significa assumir les tasques de direcci\u00f3 i gesti\u00f3 per part de la persona reprenedora.<\/p>\n<p>En estructurar-se mantenen tots els actius de l&#8217;emprenedoria i aquest continua en funcionament, mantenint llocs de treball,\u00a0instal\u2022lacions, clients i prove\u00efdors, i d\u00f3na valor a tota la hist\u00f2ria i a l&#8217;esfor\u00e7 dedicat a la creaci\u00f3 i desenvolupament inicial.[\/vc_column_text][\/vc_column][vc_column width=&#8221;1\/2&#8243;][vc_column_text]A m\u00e9s, amb el cessament de l&#8217;emprenedoria es refor\u00e7a el teixit empresarial actual i futur i es promou un mercat susceptible de provocar creixement econ\u00f2mic.<\/p>\n<p>\u00c9s evident que en l&#8217;emprenedoria el funcionament ordinari t\u00e9 moltes m\u00e9s possibilitats i capacitats de generaci\u00f3 de recursos que una nova empresa que comen\u00e7a de zero, i evita la conflictivitat i la judicialitzaci\u00f3 dels processos empresarials de tancament.[\/vc_column_text][\/vc_column][\/vc_row][vc_row][vc_column][vc_row_inner][vc_column_inner][vc_column_text]<\/p>\n<p style=\"text-align: left;\"><a href=\"https:\/\/www.ceivaldaran.org\/\">M<\/a><a href=\"http:\/\/territori.gencat.cat\/ca\/06_territori_i_urbanisme\/idapa\/\">\u00e9<\/a><a href=\"https:\/\/www.ceivaldaran.org\/\">s informaci\u00f3<\/a><\/p>\n<div id=\"gtx-trans\" style=\"position: absolute; left: 12px; top: -10px;\">\n<div class=\"gtx-trans-icon\"><\/div>\n<\/div>\n<p>[\/vc_column_text][\/vc_column_inner][\/vc_row_inner][\/vc_column][\/vc_row]<\/p>\n ","protected":false},"excerpt":{"rendered":"<p>[vc_row][vc_column width=&#8221;1\/2&#8243;][vc_column_text]Aquest \u00e9s un nou model de creixement empresarial, un mecanisme professional on una o m\u00e9s persones reprenedores accedeixen a la propietat d&#8217;una empresa ja en funcionament, per a fer-la cr\u00e9ixer sense haver de passar per la fase de crear-la. En la majoria de Pime&#8217;s, i en totes les empreses personals, aquest proc\u00e9s significa assumir&#8230;<\/p>\n","protected":false},"author":8,"featured_media":0,"parent":31804,"menu_order":0,"comment_status":"closed","ping_status":"closed","template":"page-full.php","meta":{"footnotes":""},"_links":{"self":[{"href":"https:\/\/www.conselharan.org\/ca\/wp-json\/wp\/v2\/pages\/31888"}],"collection":[{"href":"https:\/\/www.conselharan.org\/ca\/wp-json\/wp\/v2\/pages"}],"about":[{"href":"https:\/\/www.conselharan.org\/ca\/wp-json\/wp\/v2\/types\/page"}],"author":[{"embeddable":true,"href":"https:\/\/www.conselharan.org\/ca\/wp-json\/wp\/v2\/users\/8"}],"replies":[{"embeddable":true,"href":"https:\/\/www.conselharan.org\/ca\/wp-json\/wp\/v2\/comments?post=31888"}],"version-history":[{"count":4,"href":"https:\/\/www.conselharan.org\/ca\/wp-json\/wp\/v2\/pages\/31888\/revisions"}],"predecessor-version":[{"id":32441,"href":"https:\/\/www.conselharan.org\/ca\/wp-json\/wp\/v2\/pages\/31888\/revisions\/32441"}],"up":[{"embeddable":true,"href":"https:\/\/www.conselharan.org\/ca\/wp-json\/wp\/v2\/pages\/31804"}],"wp:attachment":[{"href":"https:\/\/www.conselharan.org\/ca\/wp-json\/wp\/v2\/media?parent=31888"}],"curies":[{"name":"wp","href":"https:\/\/api.w.org\/{rel}","templated":true}]}}