{"id":31893,"date":"2020-01-29T19:04:23","date_gmt":"2020-01-29T18:04:23","guid":{"rendered":"https:\/\/www.conselharan.org\/?page_id=31893"},"modified":"2020-01-29T19:04:23","modified_gmt":"2020-01-29T18:04:23","slug":"assessorament-a-lemprenedoria","status":"publish","type":"page","link":"https:\/\/www.conselharan.org\/ca\/promocion-economica\/assessorament-a-lemprenedoria\/","title":{"rendered":"Assessorament a l\u2019emprenedoria"},"content":{"rendered":"<p>[vc_row css=&#8221;.vc_custom_1469520409518{margin-top: 30px !important;}&#8221;][vc_column][vc_row_inner][vc_column_inner][vc_column_text]<\/p>\n<h2 style=\"text-align: left;\">Si tens una idea de negoci i vols crear la teva pr\u00f2pia empresa, dirigeix-te al Servei de Promoci\u00f3 Econ\u00f2mica, on trobar\u00e0s el suport necessari per a posar-la en marxa.<\/h2>\n<div id=\"gtx-trans\" style=\"position: absolute; left: -50px; top: 43.2656px;\">\n<div class=\"gtx-trans-icon\"><\/div>\n<\/div>\n<p>[\/vc_column_text][\/vc_column_inner][\/vc_row_inner][\/vc_column][\/vc_row][vc_row][vc_column][vc_column_text]\u00c9s el punt d&#8217;atenci\u00f3 a l&#8217;emprenedoria qui s&#8217;encarrega d&#8217;informar, orientar i assessorar les empreses i particulars dels tr\u00e0mits a seguir per a la creaci\u00f3 de noves empreses i a les ajudes existents.<\/p>\n<p>L&#8217;\u00e0rea de dinamitzaci\u00f3 econ\u00f2mica est\u00e0 a la disposici\u00f3 de totes les persones que vulguin participar, amb esperit constructiu i actitud proactiva, al desenvolupament comarcal.<\/p>\n<p>Dirigiu-nos qualsevol proposta, idea o suggeriment i us ajudarem a desenvolupar-la.[\/vc_column_text][\/vc_column][\/vc_row]<\/p>\n ","protected":false},"excerpt":{"rendered":"<p>[vc_row css=&#8221;.vc_custom_1469520409518{margin-top: 30px !important;}&#8221;][vc_column][vc_row_inner][vc_column_inner][vc_column_text] Si tens una idea de negoci i vols crear la teva pr\u00f2pia empresa, dirigeix-te al Servei de Promoci\u00f3 Econ\u00f2mica, on trobar\u00e0s el suport necessari per a posar-la en marxa. [\/vc_column_text][\/vc_column_inner][\/vc_row_inner][\/vc_column][\/vc_row][vc_row][vc_column][vc_column_text]\u00c9s el punt d&#8217;atenci\u00f3 a l&#8217;emprenedoria qui s&#8217;encarrega d&#8217;informar, orientar i assessorar les empreses i particulars dels tr\u00e0mits a seguir per a&#8230;<\/p>\n","protected":false},"author":8,"featured_media":0,"parent":31804,"menu_order":0,"comment_status":"closed","ping_status":"closed","template":"page-full.php","meta":{"footnotes":""},"_links":{"self":[{"href":"https:\/\/www.conselharan.org\/ca\/wp-json\/wp\/v2\/pages\/31893"}],"collection":[{"href":"https:\/\/www.conselharan.org\/ca\/wp-json\/wp\/v2\/pages"}],"about":[{"href":"https:\/\/www.conselharan.org\/ca\/wp-json\/wp\/v2\/types\/page"}],"author":[{"embeddable":true,"href":"https:\/\/www.conselharan.org\/ca\/wp-json\/wp\/v2\/users\/8"}],"replies":[{"embeddable":true,"href":"https:\/\/www.conselharan.org\/ca\/wp-json\/wp\/v2\/comments?post=31893"}],"version-history":[{"count":2,"href":"https:\/\/www.conselharan.org\/ca\/wp-json\/wp\/v2\/pages\/31893\/revisions"}],"predecessor-version":[{"id":31947,"href":"https:\/\/www.conselharan.org\/ca\/wp-json\/wp\/v2\/pages\/31893\/revisions\/31947"}],"up":[{"embeddable":true,"href":"https:\/\/www.conselharan.org\/ca\/wp-json\/wp\/v2\/pages\/31804"}],"wp:attachment":[{"href":"https:\/\/www.conselharan.org\/ca\/wp-json\/wp\/v2\/media?parent=31893"}],"curies":[{"name":"wp","href":"https:\/\/api.w.org\/{rel}","templated":true}]}}