{"id":34909,"date":"2020-07-13T11:54:33","date_gmt":"2020-07-13T09:54:33","guid":{"rendered":"https:\/\/www.conselharan.org\/agroalimentacion\/"},"modified":"2020-08-25T17:24:22","modified_gmt":"2020-08-25T15:24:22","slug":"agroalimentacio","status":"publish","type":"page","link":"https:\/\/www.conselharan.org\/ca\/agroalimentacio\/","title":{"rendered":"Agroalimentaci\u00f3"},"content":{"rendered":"<p>[vc_row][vc_column width=&#8221;1\/2&#8243;][vc_column_text css=&#8221;.vc_custom_1594638511798{margin-bottom: 0px !important;padding-top: 10px !important;padding-right: 10px !important;padding-bottom: 10px !important;padding-left: 10px !important;background-color: #de9600 !important;}&#8221;]<\/p>\n<h2>Grup groc &#8211; Aurelio<\/h2>\n<p>[\/vc_column_text][vc_column_text css=&#8221;.vc_custom_1598369019966{border-top-width: 1px !important;border-right-width: 1px !important;border-bottom-width: 1px !important;border-left-width: 1px !important;padding-top: 10px !important;padding-right: 10px !important;padding-bottom: 10px !important;padding-left: 10px !important;border-left-color: #de9600 !important;border-left-style: solid !important;border-right-color: #de9600 !important;border-right-style: solid !important;border-top-color: #de9600 !important;border-top-style: solid !important;border-bottom-color: #de9600 !important;border-bottom-style: solid !important;}&#8221; el_class=&#8221;caja-amarilla&#8221;]<\/p>\n<p>&nbsp;<\/p>\n<p><strong><span style=\"color: #de9600;\">FACTORS RELACIONALS<\/span><\/strong><\/p>\n<ul>\n<li>Potenciar la uni\u00f3 o associaci\u00f3 del sector productiu<\/li>\n<\/ul>\n<p>&nbsp;<\/p>\n<p><strong><span style=\"color: #de9600;\">ESTRAT\u00c8GIA DE SUPORT Al SECTOR PRODUCTIU I TRANSFORMADOR vinculat a la MARCA DE GARANTIA<\/span><\/strong><\/p>\n<ul>\n<li>Reorientar la marca de garantia perqu\u00e8 sigui m\u00e9s \u00fatil als productors: gratu\u00efta inicialment, proporcionada a la grand\u00e0ria del productor<\/li>\n<li>Marca de Garantia com a eina de protecci\u00f3 dels productes de la Vall<\/li>\n<li>Considerar herois als productors actuals i tractar d&#8217;ajudar-los al m\u00e0xim en les seves necessitats<\/li>\n<li>Utilitzar la marca de Garantia per a aconseguir una alta qualitat del producte local<\/li>\n<\/ul>\n<p>&nbsp;<\/p>\n<p><strong><span style=\"color: #de9600;\">IMPULS DE NOVES ESTRAT\u00c8GIES DE COMERCIALITZACI\u00d3<\/span><\/strong><\/p>\n<ul>\n<li>Crear una plataforma de e-commerce per a producte local des de la iniciativa privada<br \/>\n(garantia de comprom\u00eds, viabilitat i menor cost de diners p\u00fablics)<\/li>\n<li>Adequar la capacitat de producci\u00f3 i subministrament a la demanda sense descartar abs\u00e8ncies planificades per no ser capaces d&#8217;atendre puntes de demanda<\/li>\n<li>Subministrar al canal restauraci\u00f3 i botiga de producte de la Vall<\/li>\n<li>Fomentar els mercats de producte de la Vall per a donar visibilitat i aconseguir una experi\u00e8ncia al visitant per la seva est\u00e8tica i atractiu<\/li>\n<\/ul>\n<p>&nbsp;<\/p>\n<p><strong><span style=\"color: #de9600;\">SUPORT Al EMPRENEDOR RAMADER, PRODUCTOR I TRANSFORMADOR<\/span><\/strong><\/p>\n<ul>\n<li>Oferir ajudes, facilitats a les personas que vulguin emprendre en el sector agroalimentari: terres, impostos, canals comercials, espais com a naus, obradors col\u00b7lectius, etc.<\/li>\n<\/ul>\n<p>[\/vc_column_text][\/vc_column][vc_column width=&#8221;1\/2&#8243;][vc_column_text css=&#8221;.vc_custom_1594638531966{margin-bottom: 0px !important;padding-top: 10px !important;padding-right: 10px !important;padding-bottom: 10px !important;padding-left: 10px !important;background-color: #8ecbb2 !important;}&#8221;]<\/p>\n<h2>Grup verd &#8211; S\u00edlvia i Clara<\/h2>\n<p>[\/vc_column_text][vc_column_text css=&#8221;.vc_custom_1598369040349{border-top-width: 1px !important;border-right-width: 1px !important;border-bottom-width: 1px !important;border-left-width: 1px !important;padding-top: 10px !important;padding-right: 10px !important;padding-bottom: 10px !important;padding-left: 10px !important;border-left-color: #8ecbb2 !important;border-left-style: solid !important;border-right-color: #8ecbb2 !important;border-right-style: solid !important;border-top-color: #8ecbb2 !important;border-top-style: solid !important;border-bottom-color: #8ecbb2 !important;border-bottom-style: solid !important;}&#8221; el_class=&#8221;caja-verde&#8221;]<\/p>\n<p>&nbsp;<\/p>\n<p><span style=\"color: #8ecbb2;\"><strong>FORMACI\u00d3 I FOMENT DE LA CULTURA PRODUCTIVA<\/strong><\/span><\/p>\n<ul>\n<li>Oferir una formaci\u00f3 agr\u00edcola a la val d\u2019aran<\/li>\n<li>Veure models de territoris ve\u00efns<\/li>\n<li>(Col\u00b7lectiu a Bausen) aprofitar \/recuperar coneixement persones de la vall<\/li>\n<li>Er ren\u00e9ixer el sentiment de poble \u2013solidaritat<\/li>\n<li>Involucrar gent gran del territori<\/li>\n<li>Creaci\u00f3 d&#8217;horts comunitaris<\/li>\n<li>Crear una estrat\u00e8gia de futur permacultura als pobles<\/li>\n<li>Poder impulsar una cooperativa del sector primari i de venda\/consum<\/li>\n<li>Creaci\u00f3 d&#8217;un viver<\/li>\n<\/ul>\n<p>&nbsp;<\/p>\n<p><span style=\"color: #8ecbb2;\"><strong>ACC\u00c9S I DISPONIBILITAT DE TERRES<\/strong><\/span><\/p>\n<ul>\n<li>Facilitar l&#8217;acc\u00e9s a la terra<\/li>\n<li>Incentius fiscals per a les persones que arrendin les terres<\/li>\n<li>Donar facilitats des de les admin. x activar les terres i fer de mediadors entre propietaris i potencials arrendataris<\/li>\n<li>Perdonar impostos o mesures de discriminaci\u00f3 positiva per als propietaris que arrendin les terres<\/li>\n<li>Crear una borsa de terres i que a trav\u00e9s d&#8217;aquesta es gestionin les mesures anteriors<\/li>\n<\/ul>\n<p>&nbsp;<\/p>\n<p><strong><span style=\"color: #8ecbb2;\">NOVES PRODUCCIONS<\/span><\/strong><\/p>\n<ul>\n<li>Explotar les potencialitats del clima de muntanya<\/li>\n<li>Gesti\u00f3 forestal i aprofitament del bosc &#8211; gran potencial \u2013 fusta<\/li>\n<li>Aprofitar que a la vall es mantenen 4 estacions diferenciades<\/li>\n<li>Recollida selectiva de residus org\u00e0nics per a la generaci\u00f3 d&#8217;adob<\/li>\n<\/ul>\n<p>[\/vc_column_text][\/vc_column][\/vc_row][vc_row][vc_column width=&#8221;1\/2&#8243;][vc_column_text css=&#8221;.vc_custom_1594638549473{margin-bottom: 0px !important;padding-top: 10px !important;padding-right: 10px !important;padding-bottom: 10px !important;padding-left: 10px !important;background-color: #944894 !important;}&#8221;]<\/p>\n<h2>Grup Lila &#8211; Anna i Clara<\/h2>\n<p>[\/vc_column_text][vc_column_text css=&#8221;.vc_custom_1598369048455{border-top-width: 1px !important;border-right-width: 1px !important;border-bottom-width: 1px !important;border-left-width: 1px !important;padding-top: 10px !important;padding-right: 10px !important;padding-bottom: 10px !important;padding-left: 10px !important;border-left-color: #944894 !important;border-left-style: solid !important;border-right-color: #944894 !important;border-right-style: solid !important;border-top-color: #944894 !important;border-top-style: solid !important;border-bottom-color: #944894 !important;border-bottom-style: solid !important;}&#8221; el_class=&#8221;caja-lila&#8221;]<\/p>\n<p>&nbsp;<\/p>\n<p><span style=\"color: #944894;\"><strong>ACC\u00c9S I DISPONIBILITAT DE TERRES<\/strong><\/span><\/p>\n<ul>\n<li>Recuperaci\u00f3 de terres<\/li>\n<li>Fer un banc de terres i fer un servei d\u2019intermediari per generar confian\u00e7a<\/li>\n<\/ul>\n<p>&nbsp;<\/p>\n<p><strong><span style=\"color: #944894;\">ACOMPANYAMENT A EMPRESES I EMPRENEDORS<\/span><\/strong><\/p>\n<ul>\n<li>Caldria fer formaci\u00f3 per al sector i als emprendedors<\/li>\n<li>Crear un servei d&#8217;acompanyament a emprenedors agroalimentaris\u00a0 per a fer pla d&#8217;empresa<\/li>\n<\/ul>\n<p>&nbsp;<\/p>\n<p><span style=\"color: #944894;\"><strong>ESTRAT\u00c8GIA I VALORS DE MARCA<\/strong><\/span><\/p>\n<ul>\n<li>La marca de garantia hauria d&#8217;evolucionar i a banda de garantir que est\u00e0 elaborat a l&#8217;aran tamb\u00e9 hauria de garantir qualitat<\/li>\n<li>La marca de garantia hauria de crear uns espais de trobada i treball conjunt per tal de crear sin\u00e8rgies<\/li>\n<li>La marca no hauria de marcar on es venen els productes. caldria que cada productor fixi la seva estrat\u00e8gia comercial i que la marca li doni suport<\/li>\n<li>Prioritzar la producci\u00f3 ecol\u00f2gica i crear una\u00a0 marca verda<\/li>\n<li>Fomentar producci\u00f3 ecol\u00f2gica i envasos sostenibles<\/li>\n<\/ul>\n<p>&nbsp;<\/p>\n<p><strong><span style=\"color: #944894;\">INTEGRACI\u00d3 DEL SECTOR<\/span><\/strong><\/p>\n<ul>\n<li>Crear un obrador comunitari &#8211; centre de transformaci\u00f3. sobretot per potenciar les noves activitats i consolidar-se<\/li>\n<li>Que es pugui fer una cooperativa de productors que sigui la que porti a terme el centre de transformaci\u00f3 col\u00b7lectiu<\/li>\n<\/ul>\n<p>&nbsp;<\/p>\n<p><span style=\"color: #944894;\"><strong>ESTRAT\u00c8GIES GLOBALS AMB\u00a0 INCID\u00c8NCIA EN EL SECTOR<\/strong><\/span><\/p>\n<ul>\n<li>Fixar poblaci\u00f3 ja que a l&#8217;estiu podrien treballar al sector agroalimentari (recollida de fruita, etc.). tot i que caldria treballar el problema de la vivenda ja que els lloguers s\u00f3n alts i mobilitat<\/li>\n<\/ul>\n<p>&nbsp;<\/p>\n<p><strong><span style=\"color: #944894;\">NOVES PRODUCCIONS<\/span><\/strong><\/p>\n<ul>\n<li>Profitar era carn de ca\u00e7a ent\u00e0 generar productes agroalimentaris e entara restauracion<\/li>\n<\/ul>\n<p>[\/vc_column_text][\/vc_column][vc_column width=&#8221;1\/2&#8243;][vc_column_text css=&#8221;.vc_custom_1594638559650{margin-bottom: 0px !important;padding-top: 10px !important;padding-right: 10px !important;padding-bottom: 10px !important;padding-left: 10px !important;background-color: #10737d !important;}&#8221;]<\/p>\n<h2>Grup blau &#8211; Eva i Ruth<\/h2>\n<p>[\/vc_column_text][vc_column_text css=&#8221;.vc_custom_1598369060903{border-top-width: 1px !important;border-right-width: 1px !important;border-bottom-width: 1px !important;border-left-width: 1px !important;padding-top: 10px !important;padding-right: 10px !important;padding-bottom: 10px !important;padding-left: 10px !important;border-left-color: #10737d !important;border-left-style: solid !important;border-right-color: #10737d !important;border-right-style: solid !important;border-top-color: #10737d !important;border-top-style: solid !important;border-bottom-color: #10737d !important;border-bottom-style: solid !important;}&#8221; el_class=&#8221;caja-azul&#8221;]<\/p>\n<p>&nbsp;<\/p>\n<p><span style=\"color: #10737d;\"><b>ACC\u00c9S I DISPONIBILITAT DE TERRES<\/b><\/span><\/p>\n<ul>\n<li>Acc\u00e9s a terres<\/li>\n<\/ul>\n<p>&nbsp;<\/p>\n<p><span style=\"color: #10737d;\"><b>ESTRAT\u00c8GIA DE SUPORT AL SECTOR\u00a0 PRODUCTIU\u00a0I TRANSFORMADOR<\/b><\/span><\/p>\n<ul>\n<li>Suport a la creaci\u00f3 de noves empreses i suport a les existent<\/li>\n<li>Identificaci\u00f3 de posibles estrat\u00e8gies comercials compartides<\/li>\n<li>An\u00e0lisi del mercat en el context de crisi: canvi d&#8217;h\u00e0bits de consum i valors<\/li>\n<\/ul>\n<p>&nbsp;<\/p>\n<p><span style=\"color: #10737d;\"><b>COMPATIBILITAT URBAN\u00cdSTICA<\/b><\/span><\/p>\n<ul>\n<li>Flexibilitzaci\u00f3 urban\u00edstica per acollir (noves) instal\u00b7lacions ramaderes<\/li>\n<\/ul>\n<p>&nbsp;<\/p>\n<p><span style=\"color: #10737d;\"><b>INTEGRACI\u00d3 DEL SECTOR<\/b><\/span><\/p>\n<ul>\n<li>Enfortiment de xarxa entre productors, restauradors, comer\u00e7os<\/li>\n<li>Cooperativisme (com a eina d&#8217;uni\u00f3 d&#8217;interessos<\/li>\n<\/ul>\n<p>&nbsp;<\/p>\n<p><span style=\"color: #10737d;\"><b>DIGNIFICACI\u00d3 SECTOR RAMADER<\/b><\/span><\/p>\n<ul>\n<li>Dignificar el sector ramader<\/li>\n<\/ul>\n<p>[\/vc_column_text][\/vc_column][\/vc_row]<\/p>\n ","protected":false},"excerpt":{"rendered":"<p>[vc_row][vc_column width=&#8221;1\/2&#8243;][vc_column_text css=&#8221;.vc_custom_1594638511798{margin-bottom: 0px !important;padding-top: 10px !important;padding-right: 10px !important;padding-bottom: 10px !important;padding-left: 10px !important;background-color: #de9600 !important;}&#8221;] Grup groc &#8211; Aurelio [\/vc_column_text][vc_column_text css=&#8221;.vc_custom_1598369019966{border-top-width: 1px !important;border-right-width: 1px !important;border-bottom-width: 1px !important;border-left-width: 1px !important;padding-top: 10px !important;padding-right: 10px !important;padding-bottom: 10px !important;padding-left: 10px !important;border-left-color: #de9600 !important;border-left-style: solid !important;border-right-color: #de9600 !important;border-right-style: solid !important;border-top-color: #de9600 !important;border-top-style: solid !important;border-bottom-color: #de9600 !important;border-bottom-style: solid !important;}&#8221; el_class=&#8221;caja-amarilla&#8221;] &nbsp;&#8230;<\/p>\n","protected":false},"author":8,"featured_media":0,"parent":0,"menu_order":0,"comment_status":"closed","ping_status":"closed","template":"page-full.php","meta":{"footnotes":""},"_links":{"self":[{"href":"https:\/\/www.conselharan.org\/ca\/wp-json\/wp\/v2\/pages\/34909"}],"collection":[{"href":"https:\/\/www.conselharan.org\/ca\/wp-json\/wp\/v2\/pages"}],"about":[{"href":"https:\/\/www.conselharan.org\/ca\/wp-json\/wp\/v2\/types\/page"}],"author":[{"embeddable":true,"href":"https:\/\/www.conselharan.org\/ca\/wp-json\/wp\/v2\/users\/8"}],"replies":[{"embeddable":true,"href":"https:\/\/www.conselharan.org\/ca\/wp-json\/wp\/v2\/comments?post=34909"}],"version-history":[{"count":11,"href":"https:\/\/www.conselharan.org\/ca\/wp-json\/wp\/v2\/pages\/34909\/revisions"}],"predecessor-version":[{"id":35735,"href":"https:\/\/www.conselharan.org\/ca\/wp-json\/wp\/v2\/pages\/34909\/revisions\/35735"}],"wp:attachment":[{"href":"https:\/\/www.conselharan.org\/ca\/wp-json\/wp\/v2\/media?parent=34909"}],"curies":[{"name":"wp","href":"https:\/\/api.w.org\/{rel}","templated":true}]}}