{"id":34933,"date":"2020-07-14T09:33:32","date_gmt":"2020-07-14T07:33:32","guid":{"rendered":"https:\/\/www.conselharan.org\/?page_id=34933"},"modified":"2020-08-25T17:56:19","modified_gmt":"2020-08-25T15:56:19","slug":"economia-verda","status":"publish","type":"page","link":"https:\/\/www.conselharan.org\/ca\/economia-verda\/","title":{"rendered":"Economia Verda"},"content":{"rendered":"<p>[vc_row][vc_column width=&#8221;1\/2&#8243;][vc_column_text css=&#8221;.vc_custom_1594712500820{margin-bottom: 0px !important;padding-top: 10px !important;padding-right: 10px !important;padding-bottom: 10px !important;padding-left: 10px !important;background-color: #de9600 !important;}&#8221;]<\/p>\n<h2>Grup Groc &#8211; Aurelio<\/h2>\n<p>[\/vc_column_text][vc_column_text css=&#8221;.vc_custom_1598370953050{border-top-width: 1px !important;border-right-width: 1px !important;border-bottom-width: 1px !important;border-left-width: 1px !important;padding-top: 10px !important;padding-right: 10px !important;padding-bottom: 10px !important;padding-left: 10px !important;border-left-color: #de9600 !important;border-left-style: solid !important;border-right-color: #de9600 !important;border-right-style: solid !important;border-top-color: #de9600 !important;border-top-style: solid !important;border-bottom-color: #de9600 !important;border-bottom-style: solid !important;}&#8221; el_class=&#8221;caja-amarilla&#8221;]<\/p>\n<div style=\"height: 30px;\"><\/div>\n<h3><strong><span style=\"color: #de9600; padding-top: 30px;\">ESTIMULAR LA DEMANDA D&#8217;ECONOMIA VERDA<\/span><\/strong><\/h3>\n<p>Iniciativa p\u00fablica d&#8217;instal\u00b7laci\u00f3 de caldera de biomassa d&#8217;estelles a l&#8217;hospital<\/p>\n<p><span style=\"color: #de9600;\"><strong><br \/>\nCONSTRUCCI\u00d3 AMB FUSTA<\/strong><\/span><\/p>\n<ul>\n<li>Modificar la normativa urban\u00edstica perqu\u00e8 permeti la construcci\u00f3 de cases de fusta, amb prefer\u00e8ncia a les quals es facin amb fusta local<\/li>\n<li>Conscienciaci\u00f3 social i regulaci\u00f3 p\u00fablica per a fomentar els recursos locals per exemple fusta en la construcci\u00f3<\/li>\n<\/ul>\n<p><span style=\"color: #de9600;\"><strong><br \/>\nGESTI\u00d3 DELS RESIDUS<\/strong><\/span><\/p>\n<ul>\n<li>Compost: planificaci\u00f3 per a crear un servei p\u00fablic que apili els residus org\u00e0nics i vegetals. Es requereix conscienciaci\u00f3 i educaci\u00f3 de comunitat per a fer una classificaci\u00f3 adequada, es podria fer millor amb recollida porta a porta<\/li>\n<li>Abordar el repte de la classificaci\u00f3 dels recursos orientat al compost en els grans generadors: restaurants, estacions d&#8217;esqu\u00ed, etc.<\/li>\n<li>Regulaci\u00f3 econ\u00f3mica sobre la gesti\u00f3 del residu que afavoreixi l&#8217;acci\u00f3 ciutadana de selecci\u00f3. Paga menys qui contribueix socialment. Paga m\u00e9s qui no tingui comprom\u00eds social.<\/li>\n<\/ul>\n<div style=\"height: 30px;\"><\/div>\n<h3><span style=\"color: #de9600; padding-top: 30px;\"><strong>PROMOCI\u00d3 DE L&#8217;OFERTA DE SERVEI DE ECONOMIA VERDA<\/strong><\/span><\/h3>\n<p><span style=\"color: #de9600;\"><strong><br \/>\nVALORITZACI\u00d3 DELS RECURSOS FORESTALS<\/strong><\/span><\/p>\n<ul>\n<li>Promoure cultius de bosc planificant i preparant els seus cultius: bolets, fruits vermells, plantes medicinals, etc.<\/li>\n<li>Crear processos d&#8217;innovaci\u00f3 que contribueixin a evitar la duresa del treball alhora que ens generen noves oportunitats<\/li>\n<li>Establir sinergies amb els gremis de la construcci\u00f3 per a fer aprofitament del recurs local<\/li>\n<li>Iniciatives empresarials per a processar el % de fusta que no es genera de manera paral\u00b7lela a l&#8217;astellat<\/li>\n<\/ul>\n<p><span style=\"color: #de9600;\"><strong><br \/>\nVALORITZACI\u00d3 DELS RECURSOS NATURALS<\/strong><\/span><\/p>\n<ul>\n<li>Potenciar el cultiu i la comercialitzaci\u00f3 de la genciana per la seva viabilitat econ\u00f2mica i per la qualitat, \u00e9s viable malgrat la duresa del seu cultiu. L&#8217;assecat \u00e9s dif\u00edcil en la pr\u00f2pia Vall<\/li>\n<li>Promoure la generaci\u00f3 d&#8217;altres energies renovables, per exemple la solar<\/li>\n<li>Promoure cultius en el bosc d&#8217;altres productes: bolets, fruits vermells de bosc, plantes medicinals, etc.<\/li>\n<li>Combinar el cultiu dels prats emboscats privats per als cultius i de pas recuperar aquests prats<\/li>\n<\/ul>\n<p><span style=\"color: #de9600;\"><strong><br \/>\nMILLORA DE LA GESTI\u00d3 DELS RESIDUS<\/strong><\/span><\/p>\n<ul>\n<li>Oportunitat de creaci\u00f3 d&#8217;empresa de recollida, gesti\u00f3 i comercialitzaci\u00f3 del compost<\/li>\n<li>Fomentar la generaci\u00f3 de demanda de compost potenciant els horts familiars<\/li>\n<\/ul>\n<p><span style=\"color: #de9600;\"><strong><br \/>\nFORMACI\u00d3 VINCULADA A l&#8217;ECONOMIA VERDA<\/strong><\/span><\/p>\n<ul>\n<li>Formaci\u00f3 com a eina per a tenir professionals adequats.<\/li>\n<li>Recuperar els oficis perduts combinant aquest talent amb la innovaci\u00f3<\/li>\n<li>Crear professionals que treballin en la muntanya per a l&#8217;extracci\u00f3 i el processament de la fusta: formaci\u00f3, fer el treball mes suportable amb maquin\u00e0ria i tecnologia<\/li>\n<\/ul>\n<p>[\/vc_column_text][\/vc_column][vc_column width=&#8221;1\/2&#8243;][vc_column_text css=&#8221;.vc_custom_1594638559650{margin-bottom: 0px !important;padding-top: 10px !important;padding-right: 10px !important;padding-bottom: 10px !important;padding-left: 10px !important;background-color: #10737d !important;}&#8221;]<\/p>\n<h2>Grup blau &#8211; Eva i Ruth<\/h2>\n<p>[\/vc_column_text][vc_column_text css=&#8221;.vc_custom_1598370976440{border-top-width: 1px !important;border-right-width: 1px !important;border-bottom-width: 1px !important;border-left-width: 1px !important;padding-top: 10px !important;padding-right: 10px !important;padding-bottom: 10px !important;padding-left: 10px !important;border-left-color: #10737d !important;border-left-style: solid !important;border-right-color: #10737d !important;border-right-style: solid !important;border-top-color: #10737d !important;border-top-style: solid !important;border-bottom-color: #10737d !important;border-bottom-style: solid !important;}&#8221; el_class=&#8221;caja-azul&#8221;]<\/p>\n<div style=\"height: 30px;\"><\/div>\n<h3><span style=\"color: #10737d; padding-top: 30px;\">ESTIMULAR LA DEMANDA DE ECONOM\u00cdA VERDA<\/span><\/h3>\n<p><span style=\"color: #10737d;\"><strong><br \/>\nDEMANDA P\u00daBLICA DE BIOMASSA<\/strong><\/span><\/p>\n<ul>\n<li>Demana p\u00fablica (instal\u00b7lacions) District heating<\/li>\n<li>Incentius per a les instal\u00b7lacions<\/li>\n<li>Valorar tamb\u00e9 la demanda externa<\/li>\n<li>Valorar instal\u00b7lacions en cases privades<\/li>\n<li>Projecte per fomentar l&#8217;\u00fas de biomassa en hotels\u2013 viabilitat<\/li>\n<\/ul>\n<p><span style=\"color: #10737d;\"><strong><br \/>\nCONSTRUCCI\u00d3 AMB FUSTA<\/strong><\/span><\/p>\n<ul>\n<li>Foment de la rehabilitaci\u00f3<\/li>\n<li>Fusta de qualitat per la construcci\u00f3<\/li>\n<\/ul>\n<p><span style=\"color: #10737d;\"><strong><br \/>\nVALORS A CONTEMPLAR<\/strong><\/span><\/p>\n<ul>\n<li>Import\u00e0ncia de la sobirania aliment\u00e0ria, energ\u00e8tica, etc<\/li>\n<li>Contemplar el decreixement<\/li>\n<\/ul>\n<div style=\"height: 30px;\"><\/div>\n<h3><span style=\"color: #10737d; padding-top: 30px;\">PROMOCI\u00d3 DE L&#8217;OFERTA DE SERVEIS D&#8217;ECONOMIA VERDA<\/span><\/h3>\n<p><span style=\"color: #10737d;\"><strong><br \/>\nVALORITZACI\u00d3 DELS RECURSOS FORESTALS<\/strong><\/span><\/p>\n<ul>\n<li>Gesti\u00f3 de boscos<\/li>\n<li>Altres aprofitamentsdels boscos: bolets, plantes medicinals, etc.<\/li>\n<li>Fusta per a instruments musicals<\/li>\n<li>Possible producci\u00f3 amb tracci\u00f3 animal<\/li>\n<li>Recuperaci\u00f3 des concessions ideol\u00e8ctriques<\/li>\n<li>Minicentrals<\/li>\n<li>Cases bioclim\u00e0tiques (legislaci\u00f3 urban\u00edstica)<\/li>\n<li>Valorar externalitats dels boscos<\/li>\n<li>Segell llenya de Val d&#8217;Aran<\/li>\n<\/ul>\n<p><strong><span style=\"color: #10737d;\"><br \/>\nVINCULAR RECURSOS NATURALS AMB EL TURISME<\/span><\/strong><\/p>\n<ul>\n<li>Aigua<\/li>\n<li>Energia geot\u00e9rmica<\/li>\n<li>Gesti\u00f3 de l&#8217;espai natural (camins, pex, etc)<\/li>\n<li>Valoritzaci\u00f3 del paisatge com a recurs<\/li>\n<li>Gesti\u00f3 dels camins<\/li>\n<\/ul>\n<p><span style=\"color: #10737d;\"><strong><br \/>\nVALORITZACI\u00d3 DE LA PRODUCCI\u00d3 SOSTENIBLE<\/strong><\/span><\/p>\n<ul>\n<li>Agricultura ecol\u00f2gica<\/li>\n<li>\u00das comercial de la llana<\/li>\n<li>Economia circular (residus, transports, etc)<\/li>\n<\/ul>\n<p><span style=\"color: #10737d;\"><strong><br \/>\nMILLORA DEL SISTEMA DE RESIDUS<\/strong><\/span><\/p>\n<ul>\n<li>Necessitat de transformar la forma ena que es gestionen els residus<\/li>\n<\/ul>\n<p><span style=\"color: #10737d;\"><strong><br \/>\nFORMACI\u00d3 VINCULADA A L&#8217;ECONOMIA VERDA<\/strong><\/span><\/p>\n<ul>\n<li>Formaci\u00f3 a tots els nivells per a valorar els recursos naturals<\/li>\n<li>Formaci\u00f3 professional per incorporar aquestes activitats<\/li>\n<\/ul>\n<p><span style=\"color: #10737d;\"><strong><br \/>\nCAPTACI\u00d3 DE TALENT<\/strong><\/span><\/p>\n<ul>\n<li>Concurs d&#8217;iniciatives i projectes<\/li>\n<\/ul>\n<p><span style=\"color: #10737d;\"><strong><br \/>\nPERSPECTIVA SOCIAL<\/strong><\/span><\/p>\n<ul>\n<li>Foment del cooperativisme<\/li>\n<\/ul>\n<p>[\/vc_column_text][\/vc_column][\/vc_row]<\/p>\n ","protected":false},"excerpt":{"rendered":"<p>[vc_row][vc_column width=&#8221;1\/2&#8243;][vc_column_text css=&#8221;.vc_custom_1594712500820{margin-bottom: 0px !important;padding-top: 10px !important;padding-right: 10px !important;padding-bottom: 10px !important;padding-left: 10px !important;background-color: #de9600 !important;}&#8221;] Grup Groc &#8211; Aurelio [\/vc_column_text][vc_column_text css=&#8221;.vc_custom_1598370953050{border-top-width: 1px !important;border-right-width: 1px !important;border-bottom-width: 1px !important;border-left-width: 1px !important;padding-top: 10px !important;padding-right: 10px !important;padding-bottom: 10px !important;padding-left: 10px !important;border-left-color: #de9600 !important;border-left-style: solid !important;border-right-color: #de9600 !important;border-right-style: solid !important;border-top-color: #de9600 !important;border-top-style: solid !important;border-bottom-color: #de9600 !important;border-bottom-style: solid !important;}&#8221; el_class=&#8221;caja-amarilla&#8221;] ESTIMULAR&#8230;<\/p>\n","protected":false},"author":8,"featured_media":0,"parent":0,"menu_order":0,"comment_status":"closed","ping_status":"closed","template":"page-full.php","meta":{"footnotes":""},"_links":{"self":[{"href":"https:\/\/www.conselharan.org\/ca\/wp-json\/wp\/v2\/pages\/34933"}],"collection":[{"href":"https:\/\/www.conselharan.org\/ca\/wp-json\/wp\/v2\/pages"}],"about":[{"href":"https:\/\/www.conselharan.org\/ca\/wp-json\/wp\/v2\/types\/page"}],"author":[{"embeddable":true,"href":"https:\/\/www.conselharan.org\/ca\/wp-json\/wp\/v2\/users\/8"}],"replies":[{"embeddable":true,"href":"https:\/\/www.conselharan.org\/ca\/wp-json\/wp\/v2\/comments?post=34933"}],"version-history":[{"count":17,"href":"https:\/\/www.conselharan.org\/ca\/wp-json\/wp\/v2\/pages\/34933\/revisions"}],"predecessor-version":[{"id":35762,"href":"https:\/\/www.conselharan.org\/ca\/wp-json\/wp\/v2\/pages\/34933\/revisions\/35762"}],"wp:attachment":[{"href":"https:\/\/www.conselharan.org\/ca\/wp-json\/wp\/v2\/media?parent=34933"}],"curies":[{"name":"wp","href":"https:\/\/api.w.org\/{rel}","templated":true}]}}