{"id":34982,"date":"2020-07-14T10:03:13","date_gmt":"2020-07-14T08:03:13","guid":{"rendered":"https:\/\/www.conselharan.org\/?page_id=34982"},"modified":"2020-08-25T17:34:56","modified_gmt":"2020-08-25T15:34:56","slug":"atencio-a-les-persones","status":"publish","type":"page","link":"https:\/\/www.conselharan.org\/ca\/atencio-a-les-persones\/","title":{"rendered":"Atenci\u00f3 a les persones"},"content":{"rendered":"<p>[vc_row][vc_column][vc_column_text css=&#8221;.vc_custom_1594713497955{margin-bottom: 0px !important;padding-top: 10px !important;padding-right: 10px !important;padding-bottom: 10px !important;padding-left: 10px !important;background-color: #de9600 !important;}&#8221;][\/vc_column_text][vc_column_text css=&#8221;.vc_custom_1598369694216{padding-top: 10px !important;padding-right: 10px !important;padding-bottom: 10px !important;padding-left: 10px !important;}&#8221; el_class=&#8221;caja-amarilla&#8221;]<\/p>\n<p>&nbsp;<\/p>\n<p><span style=\"color: #de9600;\"><strong>SAD INTEGRAL (PROJECTE CONSELH)<\/strong><\/span><\/p>\n<ul>\n<li>Grup de voluntariat d&#8217;atenci\u00f3 a les persones grans (Associaci\u00f3)<\/li>\n<li>Necessitaran formaci\u00f3<\/li>\n<li>Servei d&#8217;atenci\u00f3 a les persones treballadores (espec\u00edficament els treballadors\/es amb pocs recursos Covid ha fet que augmentessin).<\/li>\n<li>Resposta des dels Sindicats. Habitatge, escoles, connectivitat&#8230;<\/li>\n<\/ul>\n<p>&nbsp;<\/p>\n<p><strong><span style=\"color: #de9600;\">PROJECTE ARAN IMPULS<\/span><\/strong><\/p>\n<ul>\n<li>Diversitat funcional. Quins serveis es podien posar en marxa a la Val d\u2019Aran per respondre a les necessitats vinculada a generar projectes per a persones. Que les estructures s&#8217;adaptin a les persones<\/li>\n<li>Urg\u00e8ncia social: increment de la despesa en emerg\u00e8ncia social a causa del Coronavirus Covid: ha evidenciat que s&#8217;han d&#8217;obrir nous plans per a les persones (les persones s&#8217;han quedat a casa i se n&#8217;han sortit)<\/li>\n<li>Pla de viabilitat per obrir servei en espais polivalents (per persones grans, amb diversitat&#8230;) persones treballadores, perfils&#8230;(vinculat a Aran Impuls)<\/li>\n<li>Necessitat de donar a con\u00e8ixer les necessitats socials i la realitat de la diversitat funcional I tamb\u00e9 en salut mental<\/li>\n<li>Empresa social de serveis (cooperativa?) com a possible evoluci\u00f3 de l&#8217;Ass.<\/li>\n<\/ul>\n<p>&nbsp;<\/p>\n<p><strong><span style=\"color: #de9600;\">ADDA<\/span><\/strong><\/p>\n<ul>\n<li>Buscar bones pr\u00e0ctiques a altres territoris per intentar aplicar-se a la Val d&#8217;Aran. Bones pr\u00e0ctiques de col\u00b7laboraci\u00f3 p\u00fablico-privada<\/li>\n<li>Espai per a l&#8217;economia social<\/li>\n<li>Elaborar una &#8220;comunicaci\u00f3&#8221; per fer arribar al teixit empresarial les necessitats a respondre<\/li>\n<li>Import\u00e0ncia d&#8217;analitzar \/mostrar la possible viabilitat econ\u00f2mica de les possibles iniciatives<\/li>\n<li>Algunes de les iniciatives es poden recolzar de forma concertada<\/li>\n<li>Diagnosi: les persones amb necessitats intenten auto-resoldre la seva situaci\u00f3. Diagnosi arran del covid: la situaci\u00f3 de necessitat social a la Val d&#8217;Aran haur\u00e0 canviat (relaci\u00f3 AP-empreses)<\/li>\n<li>Hauria d&#8217;implicar un canvi de model: cap a servei personalitzat<\/li>\n<li>Barrera de persones que no acudeixen als serveis per no ser &#8220;estigmatitzades&#8221;<\/li>\n<li>El canvi de model haur\u00e0 de permetre donar serveis a moltes m\u00e9s persones<\/li>\n<li>Aix\u00f2 permet atendre m\u00e9s persones i captar m\u00e9s recursos per atendre-les al territori, generaci\u00f3 de llocs de treball<\/li>\n<li>&#8220;Turisme&#8221; o &#8220;estades&#8221; de salut (model Luchon). Cal contemplar-ho? (est\u00e0 vinculat al model de sanitat franc\u00e8s). Implicaci\u00f3 dels Banys de Les<\/li>\n<li>Necessitat de detectar de forma r\u00e0pida les persones vulnerables (COVID). Especialment persones joves.<\/li>\n<li>El model d&#8217;atenci\u00f3 a persones amb diversitat permet tamb\u00e9 ser aplicat a persones grans<\/li>\n<\/ul>\n<p>&nbsp;<\/p>\n<p><strong><span style=\"color: #de9600;\">HABITATGE<\/span><\/strong><\/p>\n<ul>\n<li>Caldr\u00e0 superar barreres al territori com l&#8217;acc\u00e9s a l&#8217;habitatge<\/li>\n<li>Caldr\u00e0 abordar l&#8217;\u00e0mbit de les rehabilitacions per adaptar l&#8217;habitatge<\/li>\n<li>Modalitat de &#8220;llars per a la inf\u00e0ncia&#8221; en llars particulars amb petits grups (a partir de convenis amb AP)<\/li>\n<li>Possibilitat del &#8220;cohousing&#8221; per acollir persones grans. Compartir habitatge.<\/li>\n<\/ul>\n<p>&nbsp;<\/p>\n<p><span style=\"color: #de9600;\"><strong>PROPOSTES CONJUNTES<\/strong><\/span><\/p>\n<ul>\n<li>Necessitats de generar din\u00e0mica de comunicaci\u00f3 (AP, ONG, Emprenedoria)<\/li>\n<li>Moltes idees la dinamitzaci\u00f3 social (posar en com\u00fa persones grans I persones joves, pex)<\/li>\n<li>Pr\u00e0ctica interessant: patis d&#8217;escoles que estan en contacte amb espais per a persones grans. Import\u00e0ncia de compartir espais.<\/li>\n<li>Assist\u00e8ncia personal en diferents activitats, serveis, etc (per fer esport per exemple, amb programes ja disponibles)<\/li>\n<li>Projecte d&#8217;activitats ofertes durant tot l&#8217;any (esports, medi ambient, patrimoni&#8230;) a partir d&#8217;una Associaci\u00f3 per a donar servei a la inf\u00e0ncia<\/li>\n<li>Esport inclusiu. Donar-lo a con\u00e8ixer<\/li>\n<\/ul>\n<p>[\/vc_column_text][\/vc_column][\/vc_row][vc_row][vc_column width=&#8221;1\/2&#8243;][\/vc_column][vc_column width=&#8221;1\/2&#8243;][\/vc_column][\/vc_row]<\/p>\n ","protected":false},"excerpt":{"rendered":"<p>[vc_row][vc_column][vc_column_text css=&#8221;.vc_custom_1594713497955{margin-bottom: 0px !important;padding-top: 10px !important;padding-right: 10px !important;padding-bottom: 10px !important;padding-left: 10px !important;background-color: #de9600 !important;}&#8221;][\/vc_column_text][vc_column_text css=&#8221;.vc_custom_1598369694216{padding-top: 10px !important;padding-right: 10px !important;padding-bottom: 10px !important;padding-left: 10px !important;}&#8221; el_class=&#8221;caja-amarilla&#8221;] &nbsp; SAD INTEGRAL (PROJECTE CONSELH) Grup de voluntariat d&#8217;atenci\u00f3 a les persones grans (Associaci\u00f3) Necessitaran formaci\u00f3 Servei d&#8217;atenci\u00f3 a les persones treballadores (espec\u00edficament els treballadors\/es amb pocs recursos Covid ha fet&#8230;<\/p>\n","protected":false},"author":8,"featured_media":0,"parent":0,"menu_order":0,"comment_status":"closed","ping_status":"closed","template":"page-full.php","meta":{"footnotes":""},"_links":{"self":[{"href":"https:\/\/www.conselharan.org\/ca\/wp-json\/wp\/v2\/pages\/34982"}],"collection":[{"href":"https:\/\/www.conselharan.org\/ca\/wp-json\/wp\/v2\/pages"}],"about":[{"href":"https:\/\/www.conselharan.org\/ca\/wp-json\/wp\/v2\/types\/page"}],"author":[{"embeddable":true,"href":"https:\/\/www.conselharan.org\/ca\/wp-json\/wp\/v2\/users\/8"}],"replies":[{"embeddable":true,"href":"https:\/\/www.conselharan.org\/ca\/wp-json\/wp\/v2\/comments?post=34982"}],"version-history":[{"count":9,"href":"https:\/\/www.conselharan.org\/ca\/wp-json\/wp\/v2\/pages\/34982\/revisions"}],"predecessor-version":[{"id":35741,"href":"https:\/\/www.conselharan.org\/ca\/wp-json\/wp\/v2\/pages\/34982\/revisions\/35741"}],"wp:attachment":[{"href":"https:\/\/www.conselharan.org\/ca\/wp-json\/wp\/v2\/media?parent=34982"}],"curies":[{"name":"wp","href":"https:\/\/api.w.org\/{rel}","templated":true}]}}