{"id":34998,"date":"2020-07-14T10:32:08","date_gmt":"2020-07-14T08:32:08","guid":{"rendered":"https:\/\/www.conselharan.org\/?page_id=34998"},"modified":"2020-08-25T18:28:37","modified_gmt":"2020-08-25T16:28:37","slug":"tecnologia","status":"publish","type":"page","link":"https:\/\/www.conselharan.org\/ca\/tecnologia\/","title":{"rendered":"Tecnologia"},"content":{"rendered":"<p>[vc_row][vc_column][vc_column_text css=&#8221;.vc_custom_1594715507423{margin-bottom: 0px !important;padding-top: 10px !important;padding-right: 10px !important;padding-bottom: 10px !important;padding-left: 10px !important;background-color: #de9600 !important;}&#8221;][\/vc_column_text][vc_column_text css=&#8221;.vc_custom_1598372914576{border-top-width: 1px !important;border-right-width: 1px !important;border-bottom-width: 1px !important;border-left-width: 1px !important;padding-top: 10px !important;padding-right: 10px !important;padding-bottom: 10px !important;padding-left: 10px !important;border-left-color: #de9600 !important;border-left-style: solid !important;border-right-color: #de9600 !important;border-right-style: solid !important;border-top-color: #de9600 !important;border-top-style: solid !important;border-bottom-color: #de9600 !important;border-bottom-style: solid !important;}&#8221; el_class=&#8221;caja-amarilla&#8221;]<strong><span style=\"color: #de9600;\">LA TECNOLOGIA COM A SOLUCI\u00d3 PELS REPTES DE LA MUNTANYA<\/span><\/strong><\/p>\n<ul>\n<li>Necessari per a la diversificaci\u00f3 econ\u00f2mica<\/li>\n<li>Investigaci\u00f3 i desenvolupament en esports<\/li>\n<li>Oportunitats no explorades<\/li>\n<li>Mobilitat (gesti\u00f3 de fluxos)<\/li>\n<li>Gesti\u00f3 de residus<\/li>\n<li>Rellev\u00e0ncia de la intel\u00b7lig\u00e8ncia artificial<\/li>\n<\/ul>\n<p>&nbsp;<\/p>\n<p><strong><span style=\"color: #de9600;\">RETENIR\/CAPTAR TALENT<\/span><\/strong><\/p>\n<ul>\n<li>Formaci\u00f3 i divulgaci\u00f3 sobre les oportunitats tecnol\u00f2giques<\/li>\n<li>Divulgaci\u00f3 a la poblaci\u00f3 sobre oportunitats tecnol\u00f2giques<\/li>\n<li>Formaci\u00f3 professional espec\u00edfica dirigida a noves tend\u00e8ncies tecnol\u00f2giques<\/li>\n<li>Vinculaci\u00f3 Institut i empreses locals<\/li>\n<li>Valoritzar el capital hum\u00e0 i relacional<\/li>\n<li>Comunicaci\u00f3 i networking entre empreses locals i iniciatives<\/li>\n<li>Capitalitzaci\u00f3 del talent \u2013 Capital relacional (mapa capital relacional)<\/li>\n<li>Cartes de comprom\u00eds (generar il\u00b7lusi\u00f3 pel territori)<\/li>\n<li>Component social i cultural \u2013 vital per l\u2019arrelament<\/li>\n<li>Identitat cultural i idiom\u00e0tica com a oportunitat<\/li>\n<li>Considerar \u201cmultietapa\u201d (joves i no tan joves)<\/li>\n<\/ul>\n<p>&nbsp;<\/p>\n<p><strong><span style=\"color: #de9600;\">PROMOURE L\u2019EMPRENEDORIA AMB BASE TECNOL\u00d2GICA<\/span><\/strong><\/p>\n<p>Valoritzaci\u00f3 i millora de la competitivitat del territori com a espai de treball tecnol\u00f2gic<\/p>\n<p><span style=\"color: #de9600;\">Oportunitats<\/span><\/p>\n<ul>\n<li>Promoci\u00f3 d\u2019Aran marca territorial<\/li>\n<li>Atractivitat d\u2019Aran: singularitat, cultura i paisatge<\/li>\n<li>Aprofitar la proximitat amb Comminges<\/li>\n<li>Consolidaci\u00f3 teletreball<\/li>\n<\/ul>\n<p><span style=\"color: #de9600;\">Generaci\u00f3 ecosistema relacional<\/span><\/p>\n<ul>\n<li>Generaci\u00f3 de bi\u00f2tops d\u2019innovaci\u00f3<\/li>\n<li>Import\u00e0ncia de l\u2019intercanvi d\u2019iniciatives (compartir locals, per exemple)<\/li>\n<li>Mentoratge<\/li>\n<li>Vincle amb la universitat (per mantenir-nos actualitzats)<\/li>\n<li>Associaci\u00f3 tica-info (bioecologia) \u2013 living lab<\/li>\n<\/ul>\n<p><span style=\"color: #de9600;\">Finan\u00e7ament i incentius per projectes tecnol\u00f2gics<\/span><\/p>\n<ul>\n<li>Suport financer<\/li>\n<li>Fons d\u2019inversi\u00f3 publicoprivats<\/li>\n<li>Possible discriminaci\u00f3 positiva de les empreses que aporten valor afegit<\/li>\n<\/ul>\n<p><span style=\"color: #de9600;\">Millora de la connectivitat<\/span><\/p>\n<ul>\n<li>Connectivitat i xarxa local \u2013 t\u00e8cnica i econ\u00f2micament viable<\/li>\n<li>\u201cLow tech\u201d (important marcar tend\u00e8ncies \u2013 responsabilitat social i ambiental)<\/li>\n<\/ul>\n<p><span style=\"color: #de9600;\">Acc\u00e9s a espais empresarials<\/span><\/p>\n<ul>\n<li>Preu immobles (factor limitant) trencar din\u00e0mica del mercat immobiliari<\/li>\n<li>Inventari de b\u00e9ns immobles p\u00fablics o sense \u00fas que poden incorporar-se al mercat com locals per empreses<\/li>\n<li>Creaci\u00f3 d\u2019espais per ind\u00fastries \u201cnetes\u201d<\/li>\n<\/ul>\n<p>[\/vc_column_text][\/vc_column][\/vc_row]<\/p>\n ","protected":false},"excerpt":{"rendered":"<p>[vc_row][vc_column][vc_column_text css=&#8221;.vc_custom_1594715507423{margin-bottom: 0px !important;padding-top: 10px !important;padding-right: 10px !important;padding-bottom: 10px !important;padding-left: 10px !important;background-color: #de9600 !important;}&#8221;][\/vc_column_text][vc_column_text css=&#8221;.vc_custom_1598372914576{border-top-width: 1px !important;border-right-width: 1px !important;border-bottom-width: 1px !important;border-left-width: 1px !important;padding-top: 10px !important;padding-right: 10px !important;padding-bottom: 10px !important;padding-left: 10px !important;border-left-color: #de9600 !important;border-left-style: solid !important;border-right-color: #de9600 !important;border-right-style: solid !important;border-top-color: #de9600 !important;border-top-style: solid !important;border-bottom-color: #de9600 !important;border-bottom-style: solid !important;}&#8221; el_class=&#8221;caja-amarilla&#8221;]LA TECNOLOGIA COM A SOLUCI\u00d3 PELS REPTES DE&#8230;<\/p>\n","protected":false},"author":8,"featured_media":0,"parent":0,"menu_order":0,"comment_status":"closed","ping_status":"closed","template":"page-full.php","meta":{"footnotes":""},"_links":{"self":[{"href":"https:\/\/www.conselharan.org\/ca\/wp-json\/wp\/v2\/pages\/34998"}],"collection":[{"href":"https:\/\/www.conselharan.org\/ca\/wp-json\/wp\/v2\/pages"}],"about":[{"href":"https:\/\/www.conselharan.org\/ca\/wp-json\/wp\/v2\/types\/page"}],"author":[{"embeddable":true,"href":"https:\/\/www.conselharan.org\/ca\/wp-json\/wp\/v2\/users\/8"}],"replies":[{"embeddable":true,"href":"https:\/\/www.conselharan.org\/ca\/wp-json\/wp\/v2\/comments?post=34998"}],"version-history":[{"count":7,"href":"https:\/\/www.conselharan.org\/ca\/wp-json\/wp\/v2\/pages\/34998\/revisions"}],"predecessor-version":[{"id":35783,"href":"https:\/\/www.conselharan.org\/ca\/wp-json\/wp\/v2\/pages\/34998\/revisions\/35783"}],"wp:attachment":[{"href":"https:\/\/www.conselharan.org\/ca\/wp-json\/wp\/v2\/media?parent=34998"}],"curies":[{"name":"wp","href":"https:\/\/api.w.org\/{rel}","templated":true}]}}