{"id":35015,"date":"2020-07-14T18:11:28","date_gmt":"2020-07-14T16:11:28","guid":{"rendered":"https:\/\/www.conselharan.org\/?page_id=35015"},"modified":"2020-08-25T18:16:22","modified_gmt":"2020-08-25T16:16:22","slug":"formacio-i-retencio-del-talent","status":"publish","type":"page","link":"https:\/\/www.conselharan.org\/ca\/formacio-i-retencio-del-talent\/","title":{"rendered":"Formaci\u00f3 i retenci\u00f3 del talent"},"content":{"rendered":"<p>[vc_row][vc_column][vc_column_text css=&#8221;.vc_custom_1594717044657{margin-bottom: 0px !important;padding-top: 10px !important;padding-right: 10px !important;padding-bottom: 10px !important;padding-left: 10px !important;background-color: #de9600 !important;}&#8221;][\/vc_column_text][vc_column_text css=&#8221;.vc_custom_1598372179546{padding-top: 10px !important;padding-right: 10px !important;padding-bottom: 10px !important;padding-left: 10px !important;}&#8221; el_class=&#8221;caja-amarilla&#8221;]<\/p>\n<p>&nbsp;<\/p>\n<p><strong><span style=\"color: #de9600;\">ADMINISTRACI\u00d3<\/span><\/strong><\/p>\n<ul>\n<li>Millora d\u2019infraestructures per a la instal\u00b7laci\u00f3 d\u2019empreses<\/li>\n<li>M\u00e9s oferta de llocs de treball en pr\u00e0ctiques<\/li>\n<li>Espais i recursos per a la formaci\u00f3 continuada de nous graduats<\/li>\n<li>Arribar a acords amb universitats per m\u00e0sters o d\u2019altre formacions<\/li>\n<li>Caldria regular les professions i que hi hagu\u00e9s uns est\u00e0ndards, sobretot per tema de serveis, i que tots els empresaris i treballadors del sector tinguessin una formaci\u00f3<\/li>\n<li>Desenvolupament del nostre propi est\u00e0ndard de qualitat \u2013 vinculat a la sostenibilitat<\/li>\n<li>Possibles centre d\u2019orientaci\u00f3 a joves estudiants (en estudis i futur professional). On estudien els nostres joves? (tenir-los localitzats)<\/li>\n<li>Necessitat d\u2019aules polivalents per a possibles formacions i agents dinamitzadors dels espais (ETEVA t\u00e9 5 aules disponibles para utilitzar-les)<\/li>\n<li>Hi ha infraestructures que es fan servir poc. Potser cal intercanviar m\u00e9s informaci\u00f3 (hi ha talent i infraestructures, per\u00f2 no es coneixen)<\/li>\n<\/ul>\n<p>&nbsp;<\/p>\n<p><strong><span style=\"color: #de9600;\">EMPRESA<\/span><\/strong><\/p>\n<ul>\n<li>Oferta de pr\u00e0ctiques remunerades (en llocs de treball diversos)<\/li>\n<li>Oferta de pla de carrera per a que els joves puguin projectar-se laboralment i en experi\u00e8ncia pel futur<\/li>\n<li>Empresa tur\u00edstica: caldria reciclar-se amb noves estrat\u00e8gies i tend\u00e8ncies<\/li>\n<li>Dificultat de les empreses per accedir a certs perfils de persones titulades<\/li>\n<li>Falta de formaci\u00f3 b\u00e0sica per empreses i per emprenedors abans de donar d\u2019alta una activitat \uf0e0 potser no haurien de ser una exig\u00e8ncia per\u00f2 s\u00ed que fossin accessibles i atractives per poder accedir<\/li>\n<li>Nous espais de coworking i suport a l\u2019emprenedoria del tipus \u201cBarcelona Activa\u201d<\/li>\n<li>Possible connexi\u00f3 amb PIMEC?<\/li>\n<li>Formaci\u00f3 continuada, tamb\u00e9 \u00e9s important<\/li>\n<li>Import\u00e0ncia de formaci\u00f3 en estrat\u00e8gia empresarial i de gestaci\u00f3 per empreses (potser un possible cicle formatiu)<\/li>\n<\/ul>\n<p>&nbsp;<\/p>\n<p><strong><span style=\"color: #de9600;\">JOVES\/PERSONES QUE ES FORMEN<\/span><\/strong><\/p>\n<ul>\n<li>Han d\u2019entendre la casu\u00edstica de la Val d\u2019Aran: han d\u2019entendre que han d\u2019aportar valor<\/li>\n<li>Valoraci\u00f3 de cost-benefici que t\u00e9 viure fora. Donar-lo a con\u00e8ixer als joves<\/li>\n<li>Hi ha molta demanda de treballadors al sector servicis<\/li>\n<li>Joves formant-se al territori? (el COVID-19 ens ha fet veure que \u00e9s possible)<\/li>\n<li>Dificultat dels joves per a emprendre territori i per trobar feina<\/li>\n<li>Ara \u00e9s f\u00e0cil formar-se des del territori, potser s\u2019hauria d\u2019incidir m\u00e9s en les \u201cganes de formar-se\u201d<\/li>\n<li>Dificultat per accedir a joves que s\u2019estan formant i que poden ser persones qualificades per oferir certs serveis<\/li>\n<li>Qu\u00e8 fem amb el talent \u201cvol\u00e0til\u201d? Persones amb talent que venen o passen per la Val d\u2019Aran. Caldria connectar-se amb aquestes persones. Caldria estirar del \u201clligam\u201d amb el territori<\/li>\n<li>Fan falta joves universitaris i joves t\u00e8cnics<\/li>\n<\/ul>\n<p>&nbsp;<\/p>\n<p><strong><span style=\"color: #de9600;\">UNIVERSITATS I CENTREOS D\u2019INVESTIGACI\u00d3<\/span><\/strong><\/p>\n<ul>\n<li>Visites d\u2019universitats amb finalitats docents i d\u2019investigaci\u00f3: geologia, biologia, economia, turisme. Hi ha un gran desconeixement des del territori i es podrien buscar vincles per a donessin formaci\u00f3 al territori, per exemple<\/li>\n<li>Vincular les universitats amb els instituts, empreses o la societat en general<\/li>\n<li>Es poden fer formacions a la Val d\u2019Aran que liderin les universitats i es podria coordinar des d\u2019ETEVA, creant vincles amb aquestes universitats<\/li>\n<li>Obertura de les universitats al territori (ex\u00e0mens al territori, borsa de treball)<\/li>\n<li>Com superar la limitaci\u00f3 del n\u00famero d\u2019alumnes per ensenyament espec\u00edfics, sobretot a nivell universitari?<\/li>\n<li>El COVID-19 ha generat que molts centres educatius hagin d\u2019habilitar noves f\u00f2rmules per fer ex\u00e0mens, formaci\u00f3, etc<\/li>\n<li>Possible magisteri de ci\u00e8ncies al territori? (formaci\u00f3- turisme- biodiversitat)<\/li>\n<li>Possible \u201cuniversitat\u201d virtual en col\u00b7laboraci\u00f3 amb altres universitats? (universitat local)<\/li>\n<\/ul>\n<p>&nbsp;<\/p>\n<p><strong><span style=\"color: #de9600;\">CENTRES FORMATIUS LOCALS<\/span><\/strong><\/p>\n<ul>\n<li>Falta valoraci\u00f3 de la formaci\u00f3 professional i t\u00e8cnica (de vegades des del propi col\u00b7lectiu)<\/li>\n<li>Cal advocar per la formaci\u00f3 professional i t\u00e8cnica: espec\u00edficament serveis, restauraci\u00f3, comer\u00e7\u2026 (import\u00e0ncia del cicl\u00f3 de comer\u00e7)<\/li>\n<li>Campanya de Comunicaci\u00f3n, divulgaci\u00f3 de totes les formacions que es fan i valorar-les<\/li>\n<li>Possibles formacions singulars a la Val d\u2019Aran (complementar-les amb llotjament, que es punto feble del territori)<\/li>\n<li>Si el sector productiu primari \u00e9s important: caldria iniciar algun cicle agrari o forestal?<\/li>\n<li>Continuar potenciant la formaci\u00f3 dual<\/li>\n<li>Refor\u00e7ar la formaci\u00f3 professional a d\u2019\u00e0mbit serveis amb cicles formatius de grau superior<\/li>\n<li>Destacar la iniciativa del Centre de Alt Rendiment (professionals de l\u2019esport)<\/li>\n<\/ul>\n<p>&nbsp;<\/p>\n<p><span style=\"color: #de9600;\"><strong>TERRITORI<\/strong><\/span><\/p>\n<ul>\n<li>Xarxa de connexi\u00f3 entre empreses i joves (Odisseu)<\/li>\n<li>Import\u00e0ncia de la diversificaci\u00f3 econ\u00f2mica<\/li>\n<li>Possible esdeveniment obert a tots els sectors econ\u00f2mics i de formaci\u00f3 a l\u2019Aran (tipus networking Odisseu) i complementar-ho amb serveis innovadores i de investigaci\u00f3<\/li>\n<li>Caldria incidir en el tema del allotjament pels joves estudiants. Tenir allotjament facilitaria molt les possibles noves matriculacions d\u2019alumnes<\/li>\n<li>Necessitat de bona connectivitat al territori i d\u2019agents de suport per possibles incid\u00e8ncies o ajuda<\/li>\n<li>Cal millorar la comunicaci\u00f3 per con\u00e8ixer millor els serveis, iniciatives\u2026<\/li>\n<li>Es pot atreure possibles esdeveniments especialitzats?<\/li>\n<li>Com millorar el nivell general de formaci\u00f3? (Per qu\u00e8 no hi ha francesos estudiant a Aran si hi ha aranesos estudiant a Fran\u00e7a? Internat, problema idiom\u00e0tic, decalatge formatiu?<\/li>\n<\/ul>\n<p>[\/vc_column_text][\/vc_column][\/vc_row]<\/p>\n ","protected":false},"excerpt":{"rendered":"<p>[vc_row][vc_column][vc_column_text css=&#8221;.vc_custom_1594717044657{margin-bottom: 0px !important;padding-top: 10px !important;padding-right: 10px !important;padding-bottom: 10px !important;padding-left: 10px !important;background-color: #de9600 !important;}&#8221;][\/vc_column_text][vc_column_text css=&#8221;.vc_custom_1598372179546{padding-top: 10px !important;padding-right: 10px !important;padding-bottom: 10px !important;padding-left: 10px !important;}&#8221; el_class=&#8221;caja-amarilla&#8221;] &nbsp; ADMINISTRACI\u00d3 Millora d\u2019infraestructures per a la instal\u00b7laci\u00f3 d\u2019empreses M\u00e9s oferta de llocs de treball en pr\u00e0ctiques Espais i recursos per a la formaci\u00f3 continuada de nous graduats Arribar a acords&#8230;<\/p>\n","protected":false},"author":8,"featured_media":0,"parent":0,"menu_order":0,"comment_status":"closed","ping_status":"closed","template":"page-full.php","meta":{"footnotes":""},"_links":{"self":[{"href":"https:\/\/www.conselharan.org\/ca\/wp-json\/wp\/v2\/pages\/35015"}],"collection":[{"href":"https:\/\/www.conselharan.org\/ca\/wp-json\/wp\/v2\/pages"}],"about":[{"href":"https:\/\/www.conselharan.org\/ca\/wp-json\/wp\/v2\/types\/page"}],"author":[{"embeddable":true,"href":"https:\/\/www.conselharan.org\/ca\/wp-json\/wp\/v2\/users\/8"}],"replies":[{"embeddable":true,"href":"https:\/\/www.conselharan.org\/ca\/wp-json\/wp\/v2\/comments?post=35015"}],"version-history":[{"count":7,"href":"https:\/\/www.conselharan.org\/ca\/wp-json\/wp\/v2\/pages\/35015\/revisions"}],"predecessor-version":[{"id":35770,"href":"https:\/\/www.conselharan.org\/ca\/wp-json\/wp\/v2\/pages\/35015\/revisions\/35770"}],"wp:attachment":[{"href":"https:\/\/www.conselharan.org\/ca\/wp-json\/wp\/v2\/media?parent=35015"}],"curies":[{"name":"wp","href":"https:\/\/api.w.org\/{rel}","templated":true}]}}