{"id":35043,"date":"2020-07-15T11:56:54","date_gmt":"2020-07-15T09:56:54","guid":{"rendered":"https:\/\/www.conselharan.org\/?page_id=35043"},"modified":"2020-08-25T17:40:34","modified_gmt":"2020-08-25T15:40:34","slug":"esport","status":"publish","type":"page","link":"https:\/\/www.conselharan.org\/ca\/esport\/","title":{"rendered":"Esp\u00f2rt"},"content":{"rendered":"<p>[vc_row][vc_column][vc_column_text css=&#8221;.vc_custom_1594745463533{margin-bottom: 0px !important;padding-top: 10px !important;padding-right: 10px !important;padding-bottom: 10px !important;padding-left: 10px !important;background-color: #de9600 !important;}&#8221;][\/vc_column_text][vc_column_text css=&#8221;.vc_custom_1598370031573{border-top-width: 1px !important;border-right-width: 1px !important;border-bottom-width: 1px !important;border-left-width: 1px !important;padding-top: 10px !important;padding-right: 10px !important;padding-bottom: 10px !important;padding-left: 10px !important;border-left-color: #de9600 !important;border-left-style: solid !important;border-right-color: #de9600 !important;border-right-style: solid !important;border-top-color: #de9600 !important;border-top-style: solid !important;border-bottom-color: #de9600 !important;border-bottom-style: solid !important;}&#8221; el_class=&#8221;caja-amarilla&#8221;]<\/p>\n<p>&nbsp;<\/p>\n<p><strong><span style=\"color: #de9600;\">L&#8217;ESPORT COM A COHESIONADOR I DINAMITZADOR SOCIAL<\/span><\/strong><\/p>\n<ul>\n<li>Proposta de canviar l&#8217;enfocament de l&#8217;esport: servei a la poblaci\u00f3 en 1r lloc<\/li>\n<li>Compartir equipaments (cooperaci\u00f3 territorial)<\/li>\n<li>Rellev\u00e0ncia palau de gel per la poblaci\u00f3 resident<\/li>\n<li>Potenciaci\u00f3 esport de base (diversificaci\u00f3, esports d&#8217;estiu, esports de gel)<\/li>\n<li>Adequaci\u00f3 d&#8217;infraestructures esportives (estat,capacitat, tipologia usuaris, tecnologia\u2026)<\/li>\n<li>Noves infraestructures?<\/li>\n<li>Adequaci\u00f3 urbanitzaci\u00f3 pobles (carril bici, patins)<\/li>\n<\/ul>\n<p>&nbsp;<\/p>\n<p><strong><span style=\"color: #de9600;\">POSICIONAMENT COM A TERRITORI ESPORTIU<\/span><\/strong><\/p>\n<p><span style=\"color: #de9600;\"><br \/>\nPromoci\u00f3 car esportiu:<\/span><\/p>\n<ul>\n<li>Centre alt rendiment (fisio, infraestructures) per esportistes professionals i amateurs (si ens volem posicionar com a territori d&#8217;esports)<\/li>\n<li>Potenciar acollida d&#8217;equips i esportistes (centre alt rendiment)<\/li>\n<\/ul>\n<p><span style=\"color: #de9600;\"><br \/>\nCompeticions internacionals<\/span><\/p>\n<ul>\n<li>Competicions esportives internacional<\/li>\n<\/ul>\n<p><span style=\"color: #de9600;\"><br \/>\nValoritzaci\u00f3 de recursos existents<\/span><\/p>\n<ul>\n<li>Valoritzar hospital com a recurs esportiu<\/li>\n<li>Coordinaci\u00f3 \u2013cooperaci\u00f3 p\u00fablicaassociacions privats<\/li>\n<\/ul>\n<p><span style=\"color: #de9600;\"><br \/>\nFormaci\u00f3 i transfer\u00e8ncia de coneixement<\/span><\/p>\n<ul>\n<li>Buscar l&#8217;especialitzaci\u00f3 en la formaci\u00f3 (innovaci\u00f3)<\/li>\n<li>Transfer\u00e8ncia de coneixement -digitalitzaci\u00f3 data (ex. zona zero)<\/li>\n<li>Cal aprendre d&#8217;altres llocs per tranferir coneixement per a nous models de negoci vinculats a l&#8217;esport<\/li>\n<li>Recerca i buscar el vincle amb les universitats<\/li>\n<\/ul>\n<p><span style=\"color: #de9600;\"><br \/>\nRecerca i innovaci\u00f3 en l&#8217;esport<\/span><\/p>\n<ul>\n<li>Tecnologia vinculada a l&#8217;esport<\/li>\n<li>R+I de l&#8217;esport<\/li>\n<\/ul>\n<p>&nbsp;<\/p>\n<p><strong><span style=\"color: #de9600;\">IMPULS DEL TURISME ESPORTIU<\/span><\/strong><\/p>\n<ul>\n<li>Actualitzar la visi\u00f3 del ciclisme (refer\u00e8ncia arag\u00f3 en desestacionalitzaci\u00f3)\n<ul>\n<li>Recuperaci\u00f3 de camins i espais naturals. ull! quins camins s&#8217;utilitzen per cada esport &#8211; serparar-los (bici, senderisme&#8230;)<\/li>\n<li>Promoci\u00f3 del cicloturisme<\/li>\n<\/ul>\n<\/li>\n<\/ul>\n<ul>\n<li>Potenciar bicicleta el\u00e8ctrica<\/li>\n<li>Valoritzar el paper dels guies<\/li>\n<li>Turisme: internacional i segments de mercats m\u00e9s espec\u00edfics<\/li>\n<\/ul>\n<div id=\"gtx-anchor\" style=\"position: absolute; visibility: hidden; left: 10px; top: 946px; width: 260.516px; height: 19px;\"><\/div>\n<div class=\"jfk-bubble gtx-bubble\" style=\"visibility: visible; left: 126px; top: 975px; opacity: 1;\" role=\"alertdialog\" aria-describedby=\"bubble-9\">\n<div id=\"bubble-9\" class=\"jfk-bubble-content-id\">\n<div id=\"gtx-host\" style=\"min-width: 200px; max-width: 400px;\"><\/div>\n<\/div>\n<div class=\"jfk-bubble-closebtn-id jfk-bubble-closebtn\" tabindex=\"0\" role=\"button\" aria-label=\"Close\"><\/div>\n<div class=\"jfk-bubble-arrow-id jfk-bubble-arrow jfk-bubble-arrowup\" style=\"left: 130.5px;\">\n<div class=\"jfk-bubble-arrowimplbefore\"><\/div>\n<div class=\"jfk-bubble-arrowimplafter\"><\/div>\n<\/div>\n<\/div>\n<p>[\/vc_column_text][\/vc_column][\/vc_row]<\/p>\n ","protected":false},"excerpt":{"rendered":"<p>[vc_row][vc_column][vc_column_text css=&#8221;.vc_custom_1594745463533{margin-bottom: 0px !important;padding-top: 10px !important;padding-right: 10px !important;padding-bottom: 10px !important;padding-left: 10px !important;background-color: #de9600 !important;}&#8221;][\/vc_column_text][vc_column_text css=&#8221;.vc_custom_1598370031573{border-top-width: 1px !important;border-right-width: 1px !important;border-bottom-width: 1px !important;border-left-width: 1px !important;padding-top: 10px !important;padding-right: 10px !important;padding-bottom: 10px !important;padding-left: 10px !important;border-left-color: #de9600 !important;border-left-style: solid !important;border-right-color: #de9600 !important;border-right-style: solid !important;border-top-color: #de9600 !important;border-top-style: solid !important;border-bottom-color: #de9600 !important;border-bottom-style: solid !important;}&#8221; el_class=&#8221;caja-amarilla&#8221;] &nbsp; L&#8217;ESPORT COM A COHESIONADOR I DINAMITZADOR&#8230;<\/p>\n","protected":false},"author":8,"featured_media":0,"parent":0,"menu_order":0,"comment_status":"closed","ping_status":"closed","template":"page-full.php","meta":{"footnotes":""},"_links":{"self":[{"href":"https:\/\/www.conselharan.org\/ca\/wp-json\/wp\/v2\/pages\/35043"}],"collection":[{"href":"https:\/\/www.conselharan.org\/ca\/wp-json\/wp\/v2\/pages"}],"about":[{"href":"https:\/\/www.conselharan.org\/ca\/wp-json\/wp\/v2\/types\/page"}],"author":[{"embeddable":true,"href":"https:\/\/www.conselharan.org\/ca\/wp-json\/wp\/v2\/users\/8"}],"replies":[{"embeddable":true,"href":"https:\/\/www.conselharan.org\/ca\/wp-json\/wp\/v2\/comments?post=35043"}],"version-history":[{"count":10,"href":"https:\/\/www.conselharan.org\/ca\/wp-json\/wp\/v2\/pages\/35043\/revisions"}],"predecessor-version":[{"id":35747,"href":"https:\/\/www.conselharan.org\/ca\/wp-json\/wp\/v2\/pages\/35043\/revisions\/35747"}],"wp:attachment":[{"href":"https:\/\/www.conselharan.org\/ca\/wp-json\/wp\/v2\/media?parent=35043"}],"curies":[{"name":"wp","href":"https:\/\/api.w.org\/{rel}","templated":true}]}}