{"id":35058,"date":"2020-07-16T09:02:27","date_gmt":"2020-07-16T07:02:27","guid":{"rendered":"https:\/\/www.conselharan.org\/?page_id=35058"},"modified":"2020-08-25T18:24:51","modified_gmt":"2020-08-25T16:24:51","slug":"innovacion","status":"publish","type":"page","link":"https:\/\/www.conselharan.org\/ca\/innovacion\/","title":{"rendered":"Innovacion"},"content":{"rendered":"<p>[vc_row][vc_column][vc_column_text css=&#8221;.vc_custom_1594824884284{margin-bottom: 0px !important;padding-top: 10px !important;padding-right: 10px !important;padding-bottom: 10px !important;padding-left: 10px !important;background-color: #de9600 !important;}&#8221;][\/vc_column_text][vc_column_text css=&#8221;.vc_custom_1598372688354{border-top-width: 1px !important;border-right-width: 1px !important;border-bottom-width: 1px !important;border-left-width: 1px !important;padding-top: 10px !important;padding-right: 10px !important;padding-bottom: 10px !important;padding-left: 10px !important;border-left-color: #de9600 !important;border-left-style: solid !important;border-right-color: #de9600 !important;border-right-style: solid !important;border-top-color: #de9600 !important;border-top-style: solid !important;border-bottom-color: #de9600 !important;border-bottom-style: solid !important;}&#8221; el_class=&#8221;caja-amarilla&#8221;]<\/p>\n<p>&nbsp;<\/p>\n<p><strong><span style=\"color: #de9600;\">ECOSISTEMA INNOVADOR?<\/span><\/strong><\/p>\n<p><span style=\"color: #de9600;\">Generar CULTURA de la INNOVACI\u00d3 i de l&#8217;EMPRENEDORIA<\/span><\/p>\n<ul>\n<li>Pensar com treballar la cultura de la innovaci\u00f3?<\/li>\n<\/ul>\n<p><span style=\"color: #de9600;\">Val d&#8217;Aran \u00e9s emprenedora per\u00f2 amb poca innovaci\u00f3 caldria un centre d&#8217;iniciatives empresarials per dinamitzar l&#8217;emprenedoria i acompanyar-los en la innovaci\u00f3<\/span><\/p>\n<ul>\n<li>Esdeveniments, especialistes, al territori.<\/li>\n<\/ul>\n<p><span style=\"color: #de9600;\">Creaci\u00f3 d&#8217;un cicle professional vinculat a la innovaci\u00f3: economia verda, enginyeria rob\u00f2tica&#8230; caldria estudiar el qu\u00e8<\/span><\/p>\n<ul>\n<li>M\u00e0rqueting social: posar en valor l&#8217;emprenedor i l&#8217;empresari. Ser reconegut socialment<\/li>\n<li>Accions educatives en la inf\u00e0ncia: necessitem referents, i accions que poden tenir incid\u00e8ncia en el futur<\/li>\n<li>Necessitat d&#8217;involucrar a l&#8217;institut<\/li>\n<li>Hi ha molts programes per a adolescents per inspirar-se al m\u00f3n i &#8220;tornar&#8221;<\/li>\n<li>Tallers de rob\u00f2tica a Bossost (ja s&#8217;est\u00e0 fent) i volen tenir un centre per oferir servei tot l&#8217;any<\/li>\n<\/ul>\n<p>&nbsp;<\/p>\n<p><strong><span style=\"color: #de9600;\">CONNECTIVITAT<\/span><\/strong><\/p>\n<ul>\n<li>Necessitat de tenir una connectivitat optima: alta velocitat<\/li>\n<li>Import\u00e0ncia de tenir l&#8217;aprenentge a l&#8217;abast per aprendre sempre<\/li>\n<li>Tecnologia i digitalitzaci\u00f3 per ser m\u00e9s eficients<\/li>\n<li>Equips multidisciplinars: que poden o no estar treballant junts. Es pot generar una xarxa per connectar-los<\/li>\n<li>S\u2019ha de respondre a les necessitats, per\u00f2 tamb\u00e9 a les oportunitats<\/li>\n<li>CENTRE D&#8217;EMPRENIMENT: Institut, empreses de Casau, rob\u00f2tica&#8230; (necessitat d&#8217;un Hub) perqu\u00e8 es pugui possar en contacte la Val amb l&#8217;exterior. Establir xarxa de contactes<\/li>\n<\/ul>\n<p>&nbsp;<\/p>\n<p><strong><span style=\"color: #de9600;\">COM SUPERAR PROBLEMA DE FINAN\u00c7AMENT<\/span><\/strong><\/p>\n<ul>\n<li>Perqu\u00e8 no sigui un fre per emprendre o per cr\u00e9ixer<\/li>\n<li>Caldria pensar en nous models de finan\u00e7ament tipus &#8220;crowfunding&#8221; on petits inversors poguessin deixar els seus estalvis per a la creaci\u00f3 d&#8217;empreses<\/li>\n<li>Fons d&#8217;inversi\u00f3 local p\u00fablico-privada, amb criteris de diversificaci\u00f3, de bon an\u00e0lisi, aprenentatge&#8230;<\/li>\n<li>Anar amb compte amb els concursos i esdeveniments que financien o que ajuden a les start-ups. Millor un model de finan\u00e7ament m\u00e9s local amb visi\u00f3 de muntanya<\/li>\n<\/ul>\n<p>&nbsp;<\/p>\n<p><strong><span style=\"color: #de9600;\">COM COCREAR? QUINS S\u00d3N ELS PAPERS QUE POT JUGAR CADASC? COM FER XARXA?<\/span><\/strong><\/p>\n<ul>\n<li>Component marquetiniana: el que es faci &#8220;caravana d&#8217;emprenedors&#8221; &#8220;muntanya d&#8217;start- ups&#8221;<\/li>\n<li>Fer alguna cosa boja, fresca que sort\u00eds als diaris i que capt\u00e9s l&#8217;atenci\u00f3: x posicionament i marqueting<\/li>\n<li>Cal fomentar que l&#8217;emprenedoria s&#8217;instal\u00b7li a la Val d&#8217;Aran: ajudes per aut\u00f2noms que puguin traslladar-se a la Val d&#8217;Aran, el territori hauria d&#8217;atreure<\/li>\n<\/ul>\n<p>&nbsp;<\/p>\n<p><strong><span style=\"color: #de9600;\">QUE POT FER LA VALL D\u2019ARAN PER AL M\u00d3N?<\/span><\/strong><\/p>\n<ul>\n<li>Banc de proves &#8220;show room&#8221; de productes innovadors (vinculats a la muntanya?)<\/li>\n<li>Hospital, talento joven, deporte, empresas tecnol\u00f3gicas, liderazgo en la administraci\u00f3n: singularizaci\u00f3n<\/li>\n<li>Cl\u00faster entorn a la salut i els entorns naturals: muntanya sostenible, esportiva, pilots de turisme responsable&#8230;<\/li>\n<li>Liderar un estudi sobre les empreses i projectes empresarials que hi ha en aquest moment: Saber quines empreses tenen compenents innovadores perx. Hi ha m\u00e9s empreses innovadores que en altres territoris?<\/li>\n<li>Montanya &#8211; sostenible: Val d&#8217;Aran (possible diferenciaci\u00f3 territorial)<\/li>\n<li>Import\u00e0ncia de la innovaci\u00f3 digital!! Podria estar a la Val d&#8217;Aran<\/li>\n<li>Microesdeveniments per a stard-ups, per exemple, o altres coses&#8230;<\/li>\n<li>\u00c9s important desenvolupar una cosa que duri tot l&#8217;any (no nom\u00e9s un esdeveniment que dura poc) i que permeti que es visqui a la Val<\/li>\n<li>Centre d&#8217;alt rendiment a la Val d&#8217;Aran &#8211;&gt; innovaci\u00f3 esportiva i desenvolupament tecnol\u00f3gic. Entorn de muntanya: neu, muntanya d&#8217;estiu&#8230;<\/li>\n<li>Associaci\u00f3 Atica: promouen un esdeveniment de jocs digitals<\/li>\n<\/ul>\n<p>[\/vc_column_text][\/vc_column][\/vc_row]<\/p>\n ","protected":false},"excerpt":{"rendered":"<p>[vc_row][vc_column][vc_column_text css=&#8221;.vc_custom_1594824884284{margin-bottom: 0px !important;padding-top: 10px !important;padding-right: 10px !important;padding-bottom: 10px !important;padding-left: 10px !important;background-color: #de9600 !important;}&#8221;][\/vc_column_text][vc_column_text css=&#8221;.vc_custom_1598372688354{border-top-width: 1px !important;border-right-width: 1px !important;border-bottom-width: 1px !important;border-left-width: 1px !important;padding-top: 10px !important;padding-right: 10px !important;padding-bottom: 10px !important;padding-left: 10px !important;border-left-color: #de9600 !important;border-left-style: solid !important;border-right-color: #de9600 !important;border-right-style: solid !important;border-top-color: #de9600 !important;border-top-style: solid !important;border-bottom-color: #de9600 !important;border-bottom-style: solid !important;}&#8221; el_class=&#8221;caja-amarilla&#8221;] &nbsp; ECOSISTEMA INNOVADOR? Generar CULTURA de la&#8230;<\/p>\n","protected":false},"author":8,"featured_media":0,"parent":0,"menu_order":0,"comment_status":"closed","ping_status":"closed","template":"page-full.php","meta":{"footnotes":""},"_links":{"self":[{"href":"https:\/\/www.conselharan.org\/ca\/wp-json\/wp\/v2\/pages\/35058"}],"collection":[{"href":"https:\/\/www.conselharan.org\/ca\/wp-json\/wp\/v2\/pages"}],"about":[{"href":"https:\/\/www.conselharan.org\/ca\/wp-json\/wp\/v2\/types\/page"}],"author":[{"embeddable":true,"href":"https:\/\/www.conselharan.org\/ca\/wp-json\/wp\/v2\/users\/8"}],"replies":[{"embeddable":true,"href":"https:\/\/www.conselharan.org\/ca\/wp-json\/wp\/v2\/comments?post=35058"}],"version-history":[{"count":7,"href":"https:\/\/www.conselharan.org\/ca\/wp-json\/wp\/v2\/pages\/35058\/revisions"}],"predecessor-version":[{"id":35778,"href":"https:\/\/www.conselharan.org\/ca\/wp-json\/wp\/v2\/pages\/35058\/revisions\/35778"}],"wp:attachment":[{"href":"https:\/\/www.conselharan.org\/ca\/wp-json\/wp\/v2\/media?parent=35058"}],"curies":[{"name":"wp","href":"https:\/\/api.w.org\/{rel}","templated":true}]}}