{"id":36265,"date":"2020-09-09T11:13:48","date_gmt":"2020-09-09T09:13:48","guid":{"rendered":"https:\/\/www.conselharan.org\/reserva-dera-biosfera\/"},"modified":"2024-12-11T18:51:38","modified_gmt":"2024-12-11T17:51:38","slug":"reserva-dera-biosfera","status":"publish","type":"page","link":"https:\/\/www.conselharan.org\/ca\/reserva-dera-biosfera\/","title":{"rendered":"Reserva dera Biosfera"},"content":{"rendered":"<p>[vc_row][vc_column width=&#8221;1\/4&#8243;][\/vc_column][vc_column width=&#8221;1\/2&#8243;][vc_single_image image=&#8221;60321&#8243; img_size=&#8221;full&#8221; alignment=&#8221;center&#8221;][\/vc_column][vc_column width=&#8221;1\/4&#8243;][\/vc_column][\/vc_row][vc_row el_class=&#8221;fila-titulos&#8221;][vc_column css=&#8221;.vc_custom_1600069376598{margin-top: 25px !important;margin-bottom: 25px !important;}&#8221; el_class=&#8221;separadores&#8221;][vc_column_text el_class=&#8221;titulos&#8221;]<\/p>\n<h1 style=\"text-align: center;\"><span style=\"color: #000;\"><img loading=\"lazy\" decoding=\"async\" class=\"separadores\" src=\"https:\/\/www.conselharan.org\/wp-content\/uploads\/2024\/12\/Recurso-11.png\" alt=\"\" width=\"150\" height=\"6\" \/>Qu\u00e9 \u00e9s una reserva de la biosfera?<img loading=\"lazy\" decoding=\"async\" class=\"separadores\" src=\"https:\/\/www.conselharan.org\/wp-content\/uploads\/2024\/12\/Recurso-12.png\" alt=\"\" width=\"150\" height=\"6\" \/><\/span><\/h1>\n<p>[\/vc_column_text][\/vc_column][\/vc_row][vc_row][vc_column width=&#8221;1\/2&#8243;][vc_column_text el_class=&#8221;texto-futura&#8221;]Una figura de reconeixement i promoci\u00f3 impulsada pel programa MAB (Man and Biosphere) de la UNESCO, que comporta la definici\u00f3 d\u2019un model d\u2019ordenaci\u00f3 territorial\u00a0on la poblaci\u00f3 local n\u2019\u00e9s la protagonista. Alhora, \u00e9s un reconeixement que distingeix un territori per la seva aposta de conciliaci\u00f3 i equilibri entre el desenvolupament econ\u00f2mic sostenible i la conservaci\u00f3 del seu entorn.[\/vc_column_text][\/vc_column][vc_column width=&#8221;1\/2&#8243;][vc_column_text el_class=&#8221;texto-futura&#8221;]El programa MAB, on s\u2019emmarca la Reserva de la Biosfera de la Val d\u2019Aran, \u00e9s un programa intergovernamental creat per a establir unes bases cient\u00edfiques per a millorar les relacions entre les persones i el seu entorn ambiental. Combina la ci\u00e8ncia, l\u2019economia i l\u2019educaci\u00f3 natural i social per a qu\u00e8 aprenguin a comprometre\u2019s, a gestionar i a utilitzar, de forma sostenible, els recursos naturals.[\/vc_column_text][\/vc_column][\/vc_row][vc_row][vc_column][vc_column_text el_class=&#8221;texto-futura&#8221;]<\/p>\n<p style=\"text-align: center;\">M\u00e9s informaci\u00f3 en enla\u00e7 reserva de la biosfera: <a href=\"http:\/\/rerb.oapn.es\/\" target=\"_blank\" rel=\"noopener noreferrer\">http:\/\/rerb.oapn.es\/<\/a><\/p>\n<p>[\/vc_column_text][\/vc_column][\/vc_row][vc_row el_class=&#8221;fila-titulos&#8221;][vc_column css=&#8221;.vc_custom_1600069399098{margin-top: 25px !important;margin-bottom: 25px !important;}&#8221; el_class=&#8221;separadores&#8221;][vc_column_text el_class=&#8221;titulos&#8221;]<\/p>\n<h1 style=\"text-align: center;\"><span style=\"color: #000;\"><img loading=\"lazy\" decoding=\"async\" class=\"separadores\" src=\"https:\/\/www.conselharan.org\/wp-content\/uploads\/2024\/12\/Recurso-11.png\" alt=\"\" width=\"150\" height=\"6\" \/>En que ens ha d\u2019ajudar\u00a0la Reserva de la Biosfera de la Val d\u2019Aran?<img loading=\"lazy\" decoding=\"async\" class=\"separadores\" src=\"https:\/\/www.conselharan.org\/wp-content\/uploads\/2024\/12\/Recurso-12.png\" alt=\"\" width=\"150\" height=\"6\" \/><\/span><\/h1>\n<p>[\/vc_column_text][vc_row_inner equal_height=&#8221;yes&#8221;][vc_column_inner el_class=&#8221;caja-icono&#8221; width=&#8221;1\/6&#8243;][vc_single_image image=&#8221;60479&#8243; img_size=&#8221;60&#215;60&#8243; alignment=&#8221;right&#8221; el_class=&#8221;caja-icono&#8221;][\/vc_column_inner][vc_column_inner width=&#8221;1\/3&#8243; css=&#8221;.vc_custom_1599752326551{margin-top: 15px !important;}&#8221;][vc_column_text el_class=&#8221;texto-futura&#8221;]<\/p>\n<p style=\"text-align: left;\">Per promoure i dinamitzar la venda de productes locals.<\/p>\n<p>[\/vc_column_text][\/vc_column_inner][vc_column_inner el_class=&#8221;caja-icono&#8221; width=&#8221;1\/6&#8243;][vc_single_image image=&#8221;60459&#8243; img_size=&#8221;60&#215;60&#8243; alignment=&#8221;right&#8221; el_class=&#8221;caja-icono&#8221;][\/vc_column_inner][vc_column_inner width=&#8221;1\/3&#8243; css=&#8221;.vc_custom_1599752354948{margin-top: 15px !important;}&#8221;][vc_column_text el_class=&#8221;texto-futura&#8221;]Per no perdre les nostres senyes d\u2019identitat m\u00e9s profundes.[\/vc_column_text][\/vc_column_inner][\/vc_row_inner][vc_row_inner equal_height=&#8221;yes&#8221;][vc_column_inner el_class=&#8221;caja-icono&#8221; width=&#8221;1\/6&#8243;][vc_single_image image=&#8221;60431&#8243; img_size=&#8221;60&#215;60&#8243; alignment=&#8221;right&#8221; el_class=&#8221;caja-icono&#8221;][\/vc_column_inner][vc_column_inner width=&#8221;1\/3&#8243; css=&#8221;.vc_custom_1599752996719{margin-top: 5px !important;}&#8221;][vc_column_text el_class=&#8221;texto-futura&#8221;]Per atreure visitants exigents i amb altes expectatives, que valorin un entorn cuidat i diferenciat.[\/vc_column_text][\/vc_column_inner][vc_column_inner el_class=&#8221;caja-icono&#8221; width=&#8221;1\/6&#8243;][vc_single_image image=&#8221;60455&#8243; img_size=&#8221;60&#215;60&#8243; alignment=&#8221;right&#8221; el_class=&#8221;caja-icono&#8221;][\/vc_column_inner][vc_column_inner width=&#8221;1\/3&#8243;][vc_column_text el_class=&#8221;texto-futura&#8221;]Per crear un espai que sigui punt de trobada entre la sostenibilitat dels recursos i el desenvolupament rural i local.[\/vc_column_text][\/vc_column_inner][\/vc_row_inner][vc_row_inner equal_height=&#8221;yes&#8221;][vc_column_inner el_class=&#8221;caja-icono&#8221; width=&#8221;1\/6&#8243;][vc_single_image image=&#8221;60435&#8243; img_size=&#8221;60&#215;60&#8243; alignment=&#8221;right&#8221; el_class=&#8221;caja-icono&#8221;][\/vc_column_inner][vc_column_inner width=&#8221;1\/3&#8243; css=&#8221;.vc_custom_1599753006815{margin-top: 5px !important;}&#8221;][vc_column_text el_class=&#8221;texto-futura&#8221;]Per mantenir els vestigis de formes tradicionals d\u2019aprofitament dels recursos de manera sostenible.[\/vc_column_text][\/vc_column_inner][vc_column_inner el_class=&#8221;caja-icono&#8221; width=&#8221;1\/6&#8243;][vc_single_image image=&#8221;60451&#8243; img_size=&#8221;60&#215;60&#8243; alignment=&#8221;right&#8221; el_class=&#8221;caja-icono&#8221;][\/vc_column_inner][vc_column_inner width=&#8221;1\/3&#8243; css=&#8221;.vc_custom_1599753057119{margin-top: 5px !important;}&#8221;][vc_column_text el_class=&#8221;texto-futura&#8221;]Per gestionar espais ben conservats, refugis de formes de vida excepcionals.[\/vc_column_text][\/vc_column_inner][\/vc_row_inner][vc_row_inner equal_height=&#8221;yes&#8221;][vc_column_inner el_class=&#8221;caja-icono&#8221; width=&#8221;1\/6&#8243;][vc_single_image image=&#8221;60475&#8243; img_size=&#8221;60&#215;60&#8243; alignment=&#8221;right&#8221; el_class=&#8221;caja-icono&#8221;][\/vc_column_inner][vc_column_inner width=&#8221;1\/3&#8243; css=&#8221;.vc_custom_1599753020055{margin-top: 5px !important;}&#8221;][vc_column_text el_class=&#8221;texto-futura&#8221;]Per atraure inversions i subvencions sostenibles al territori.[\/vc_column_text][\/vc_column_inner][vc_column_inner el_class=&#8221;caja-icono&#8221; width=&#8221;1\/6&#8243;][vc_single_image image=&#8221;60447&#8243; img_size=&#8221;60&#215;60&#8243; alignment=&#8221;right&#8221; el_class=&#8221;caja-icono&#8221;][\/vc_column_inner][vc_column_inner width=&#8221;1\/3&#8243; css=&#8221;.vc_custom_1599753067778{margin-top: 5px !important;}&#8221;][vc_column_text el_class=&#8221;texto-futura&#8221;]Per desenvolupar i poder oferir experi\u00e8ncies de gesti\u00f3 i aprofitament dels recursos.[\/vc_column_text][\/vc_column_inner][\/vc_row_inner][vc_row_inner equal_height=&#8221;yes&#8221;][vc_column_inner el_class=&#8221;caja-icono&#8221; width=&#8221;1\/6&#8243;][vc_single_image image=&#8221;60471&#8243; img_size=&#8221;60&#215;60&#8243; alignment=&#8221;right&#8221; el_class=&#8221;caja-icono&#8221;][\/vc_column_inner][vc_column_inner width=&#8221;1\/3&#8243;][vc_column_text el_class=&#8221;texto-futura&#8221;]Perqu\u00e8 \u00e9s un reconeixement de diferenciaci\u00f3 en qualitat ambiental, que augmenta el valor del territori i millora la seva competitivitat.[\/vc_column_text][\/vc_column_inner][vc_column_inner el_class=&#8221;caja-icono&#8221; width=&#8221;1\/6&#8243;][vc_single_image image=&#8221;60443&#8243; img_size=&#8221;60&#215;60&#8243; alignment=&#8221;right&#8221; el_class=&#8221;caja-icono&#8221;][\/vc_column_inner][vc_column_inner width=&#8221;1\/3&#8243; css=&#8221;.vc_custom_1599753078226{margin-top: 5px !important;}&#8221;][vc_column_text el_class=&#8221;texto-futura&#8221;]Per aprofitar una xarxa a on cada Reserva es visualitza i retroalimenta de les altres.[\/vc_column_text][\/vc_column_inner][\/vc_row_inner][vc_row_inner equal_height=&#8221;yes&#8221;][vc_column_inner el_class=&#8221;caja-icono&#8221; width=&#8221;1\/6&#8243;][vc_single_image image=&#8221;60467&#8243; img_size=&#8221;60&#215;60&#8243; alignment=&#8221;right&#8221; el_class=&#8221;caja-icono&#8221;][\/vc_column_inner][vc_column_inner width=&#8221;1\/3&#8243; css=&#8221;.vc_custom_1599753095354{margin-top: 5px !important;}&#8221;][vc_column_text el_class=&#8221;texto-futura&#8221;]Per aconseguir la conservaci\u00f3 de la nostra cultura, paisatge i entorn.[\/vc_column_text][\/vc_column_inner][vc_column_inner el_class=&#8221;caja-icono&#8221; width=&#8221;1\/6&#8243;][vc_single_image image=&#8221;60439&#8243; img_size=&#8221;60&#215;60&#8243; alignment=&#8221;right&#8221; el_class=&#8221;caja-icono&#8221;][\/vc_column_inner][vc_column_inner width=&#8221;1\/3&#8243; css=&#8221;.vc_custom_1599753087730{margin-top: 5px !important;}&#8221;][vc_column_text el_class=&#8221;texto-futura&#8221;]Per potenciar les investigacions i la divulgaci\u00f3 de tota la riquesa que ens envolta.[\/vc_column_text][\/vc_column_inner][\/vc_row_inner][vc_row_inner equal_height=&#8221;yes&#8221;][vc_column_inner el_class=&#8221;caja-icono&#8221; width=&#8221;1\/6&#8243;][vc_single_image image=&#8221;60463&#8243; img_size=&#8221;60&#215;60&#8243; alignment=&#8221;right&#8221; el_class=&#8221;caja-icono&#8221;][\/vc_column_inner][vc_column_inner width=&#8221;1\/3&#8243;][vc_column_text el_class=&#8221;texto-futura&#8221;]Per estimular als empresaris locals a pensar en models de creixement territorial sostenible, sensible amb els patrimonis cultural, social i natural.[\/vc_column_text][\/vc_column_inner][\/vc_row_inner][\/vc_column][\/vc_row][vc_row el_class=&#8221;fila-titulos&#8221;][vc_column width=&#8221;1\/3&#8243; el_class=&#8221;separadores&#8221;][vc_single_image image=&#8221;60484&#8243; img_size=&#8221;full&#8221; onclick=&#8221;link_image&#8221; css=&#8221;.vc_custom_1733936595183{margin-top: 0px !important;padding-top: 0px !important;}&#8221;][\/vc_column][vc_column width=&#8221;1\/3&#8243;][vc_single_image image=&#8221;60488&#8243; img_size=&#8221;full&#8221; onclick=&#8221;link_image&#8221;][\/vc_column][vc_column width=&#8221;1\/3&#8243;][vc_single_image image=&#8221;60492&#8243; img_size=&#8221;full&#8221; onclick=&#8221;link_image&#8221;][\/vc_column][\/vc_row][vc_row el_class=&#8221;fila-titulos&#8221;][vc_column css=&#8221;.vc_custom_1600069409908{margin-top: 25px !important;margin-bottom: 25px !important;}&#8221; el_class=&#8221;separadores&#8221;][vc_column_text el_class=&#8221;titulos&#8221;]<\/p>\n<h1 style=\"text-align: center;\"><span style=\"color: #000;\"><img loading=\"lazy\" decoding=\"async\" class=\"separadores\" src=\"https:\/\/www.conselharan.org\/wp-content\/uploads\/2024\/12\/Recurso-11.png\" alt=\"\" width=\"150\" height=\"6\" \/>Not\u00edcies<img loading=\"lazy\" decoding=\"async\" class=\"separadores\" src=\"https:\/\/www.conselharan.org\/wp-content\/uploads\/2024\/12\/Recurso-12.png\" alt=\"\" width=\"150\" height=\"6\" \/><\/span><\/h1>\n<p>[\/vc_column_text][\/vc_column][\/vc_row][vc_row][vc_column][vc_column_text el_class=&#8221;texto-futura&#8221;]<\/p>\n<p style=\"text-align: center;\"><a href=\"https:\/\/www.conselharan.org\/ca\/era-sindica-daran-recep-eth-certificat-oficiau-dera-val-daran-com-a-reserva-dera-biosfera\/\">https:\/\/www.conselharan.org\/ca\/era-sindica-daran-recep-eth-certificat-oficiau-dera-val-daran-com-a-reserva-dera-biosfera\/<\/a><\/p>\n<p style=\"text-align: center;\"><a href=\"https:\/\/www.conselharan.org\/ca\/era-val-daran-artenh-eth-reconeishement-dera-unesco-coma-reserva-dera-biosfera\/\">https:\/\/www.conselharan.org\/ca\/era-val-daran-artenh-eth-reconeishement-dera-unesco-coma-reserva-dera-biosfera\/<\/a><\/p>\n<p style=\"text-align: center;\"><a href=\"https:\/\/www.unesco.org\/es\/articles\/la-unesco-designa-11-nuevas-reservas-de-biosfera-1?hub=66369\">https:\/\/www.unesco.org\/es\/articles\/la-unesco-designa-11-nuevas-reservas-de-biosfera-1?hub=66369<\/a><\/p>\n<p style=\"text-align: center;\"><a href=\"http:\/\/rerb.oapn.es\/red-espanola-de-reservas-de-la-biosfera\/reservas-de-la-biosfera-espanolas\/listado\/85-red-espanola-de-reservas-de-la-biosfera\/las-reservas-de-las-biosferas-espanolas\/523-val-aran\">http:\/\/rerb.oapn.es\/red-espanola-de-reservas-de-la-biosfera\/reservas-de-la-biosfera-espanolas\/listado\/85-red-espanola-de-reservas-de-la-biosfera\/las-reservas-de-las-biosferas-espanolas\/523-val-aran<\/a><\/p>\n<p style=\"text-align: center;\"><a href=\"https:\/\/www.conselharan.org\/ca\/era-val-daran-a-un-pas-desdevier-reserva-dera-biosfera-pera-unesco\/\">https:\/\/www.conselharan.org\/ca\/era-val-daran-a-un-pas-desdevier-reserva-dera-biosfera-pera-unesco\/<\/a><\/p>\n<p>[\/vc_column_text][\/vc_column][\/vc_row][vc_row el_class=&#8221;fila-titulos&#8221;][vc_column css=&#8221;.vc_custom_1600069409908{margin-top: 25px !important;margin-bottom: 25px !important;}&#8221; el_class=&#8221;separadores&#8221;][vc_column_text el_class=&#8221;titulos&#8221;]<\/p>\n<h1 style=\"text-align: center;\"><span style=\"color: #000;\"><img loading=\"lazy\" decoding=\"async\" class=\"separadores\" src=\"https:\/\/www.conselharan.org\/wp-content\/uploads\/2024\/12\/Recurso-11.png\" alt=\"\" width=\"150\" height=\"6\" \/>Contacte<img loading=\"lazy\" decoding=\"async\" class=\"separadores\" src=\"https:\/\/www.conselharan.org\/wp-content\/uploads\/2024\/12\/Recurso-12.png\" alt=\"\" width=\"150\" height=\"6\" \/><\/span><\/h1>\n<p>[\/vc_column_text][\/vc_column][\/vc_row][vc_row el_class=&#8221;fila-titulos&#8221;][vc_column][vc_column_text el_class=&#8221;texto-futura&#8221;]<\/p>\n<p style=\"text-align: center;\">reservabiosfera@aran.org<\/p>\n<p>[\/vc_column_text][\/vc_column][\/vc_row]<\/p>\n ","protected":false},"excerpt":{"rendered":"<p>[vc_row][vc_column width=&#8221;1\/4&#8243;][\/vc_column][vc_column width=&#8221;1\/2&#8243;][vc_single_image image=&#8221;60321&#8243; img_size=&#8221;full&#8221; alignment=&#8221;center&#8221;][\/vc_column][vc_column width=&#8221;1\/4&#8243;][\/vc_column][\/vc_row][vc_row el_class=&#8221;fila-titulos&#8221;][vc_column css=&#8221;.vc_custom_1600069376598{margin-top: 25px !important;margin-bottom: 25px !important;}&#8221; el_class=&#8221;separadores&#8221;][vc_column_text el_class=&#8221;titulos&#8221;] Qu\u00e9 \u00e9s una reserva de la biosfera? [\/vc_column_text][\/vc_column][\/vc_row][vc_row][vc_column width=&#8221;1\/2&#8243;][vc_column_text el_class=&#8221;texto-futura&#8221;]Una figura de reconeixement i promoci\u00f3 impulsada pel programa MAB (Man and Biosphere) de la UNESCO, que comporta la definici\u00f3 d\u2019un model d\u2019ordenaci\u00f3 territorial\u00a0on la poblaci\u00f3 local n\u2019\u00e9s la protagonista. Alhora,&#8230;<\/p>\n","protected":false},"author":8,"featured_media":0,"parent":0,"menu_order":0,"comment_status":"closed","ping_status":"closed","template":"page-full.php","meta":{"footnotes":""},"_links":{"self":[{"href":"https:\/\/www.conselharan.org\/ca\/wp-json\/wp\/v2\/pages\/36265"}],"collection":[{"href":"https:\/\/www.conselharan.org\/ca\/wp-json\/wp\/v2\/pages"}],"about":[{"href":"https:\/\/www.conselharan.org\/ca\/wp-json\/wp\/v2\/types\/page"}],"author":[{"embeddable":true,"href":"https:\/\/www.conselharan.org\/ca\/wp-json\/wp\/v2\/users\/8"}],"replies":[{"embeddable":true,"href":"https:\/\/www.conselharan.org\/ca\/wp-json\/wp\/v2\/comments?post=36265"}],"version-history":[{"count":13,"href":"https:\/\/www.conselharan.org\/ca\/wp-json\/wp\/v2\/pages\/36265\/revisions"}],"predecessor-version":[{"id":36267,"href":"https:\/\/www.conselharan.org\/ca\/wp-json\/wp\/v2\/pages\/36265\/revisions\/36267"}],"wp:attachment":[{"href":"https:\/\/www.conselharan.org\/ca\/wp-json\/wp\/v2\/media?parent=36265"}],"curies":[{"name":"wp","href":"https:\/\/api.w.org\/{rel}","templated":true}]}}