{"id":38577,"date":"2020-12-30T11:14:32","date_gmt":"2020-12-30T10:14:32","guid":{"rendered":"https:\/\/www.conselharan.org\/bcins-dera-val-daran\/"},"modified":"2020-12-30T11:14:32","modified_gmt":"2020-12-30T10:14:32","slug":"bcins-dera-val-daran","status":"publish","type":"page","link":"https:\/\/www.conselharan.org\/ca\/cultura\/patrimoni-culturau-dera-val-daran\/bcins-dera-val-daran\/","title":{"rendered":"BCIN\u2019s dera Val d\u2019Aran"},"content":{"rendered":"<p>[vc_row][vc_column][vc_column_text]<\/p>\n<table style=\"height: 733px;\" border=\"1\" width=\"589\" cellspacing=\"0\" cellpadding=\"0\">\n<tbody>\n<tr>\n<td width=\"240\">\n<div align=\"center\"><span style=\"font-size: small;\"><strong>N\u00f2m<\/strong><\/span><\/div>\n<\/td>\n<td width=\"132\">\n<div align=\"center\"><span style=\"font-size: small;\"><strong>P\u00f2ble<\/strong><\/span><\/div>\n<\/td>\n<td width=\"120\">\n<div align=\"center\"><span style=\"font-size: small;\"><strong>Municipi<\/strong><\/span><\/div>\n<\/td>\n<td width=\"156\">\n<div align=\"center\"><span style=\"font-size: small;\"><strong>Localizacion<\/strong><\/span><\/div>\n<\/td>\n<td valign=\"top\" width=\"106\">\n<div align=\"center\"><span style=\"font-size: small;\"><strong>Tipe<\/strong><\/span><\/div>\n<div align=\"center\"><span style=\"font-size: small;\"><strong>proteccion<\/strong><\/span><\/div>\n<\/td>\n<td valign=\"top\" width=\"98\">\n<div align=\"center\"><span style=\"font-size: small;\"><strong>Data<\/strong><\/span><\/div>\n<div align=\"center\"><span style=\"font-size: small;\"><strong>incoaccion<\/strong><\/span><\/div>\n<\/td>\n<td valign=\"top\" width=\"108\">\n<div align=\"center\"><span style=\"font-size: small;\"><strong>Data<\/strong><\/span><\/div>\n<div align=\"center\"><span style=\"font-size: small;\"><strong>declaracion<\/strong><\/span><\/div>\n<\/td>\n<\/tr>\n<tr>\n<td valign=\"top\" width=\"240\">\n<div style=\"text-align: center;\"><span style=\"font-size: small;\">Gl\u00e8isa\u00a0<\/span><span style=\"font-size: small;\">parroquiau de Sta. Maria<\/span><\/div>\n<\/td>\n<td style=\"text-align: center;\" valign=\"top\" width=\"132\">\n<div><span style=\"font-size: small;\">Arties<\/span><\/div>\n<\/td>\n<td style=\"text-align: center;\" valign=\"top\" width=\"120\">\n<div><span style=\"font-size: small;\">Naut Aran<\/span><\/div>\n<\/td>\n<td style=\"text-align: center;\" valign=\"top\" width=\"156\">\n<div><span style=\"font-size: small;\">325710,<\/span><\/div>\n<div><span style=\"font-size: small;\">4729690<\/span><\/div>\n<\/td>\n<td style=\"text-align: center;\" valign=\"top\" width=\"106\">\n<div><span style=\"font-size: small;\">BCIN<\/span><\/div>\n<\/td>\n<td style=\"text-align: center;\" valign=\"top\" width=\"98\">\n<div><span style=\"font-size: small;\">\u00a0<\/span><\/div>\n<\/td>\n<td style=\"text-align: center;\" valign=\"top\" width=\"108\">\n<div><span style=\"font-size: small;\">14\/10\/1978<\/span><\/div>\n<\/td>\n<\/tr>\n<tr>\n<td style=\"text-align: center;\" valign=\"top\" width=\"240\">\n<div><span style=\"font-size: small;\">Cast\u00e8th d\u2019Arties<\/span><\/div>\n<\/td>\n<td style=\"text-align: center;\" valign=\"top\" width=\"132\">\n<div><span style=\"font-size: small;\">Arties<\/span><\/div>\n<\/td>\n<td style=\"text-align: center;\" valign=\"top\" width=\"120\">\n<div><span style=\"font-size: small;\">Naut Aran<\/span><\/div>\n<\/td>\n<td style=\"text-align: center;\" valign=\"top\" width=\"156\">\n<div><span style=\"font-size: small;\">\u00a0<\/span><\/div>\n<\/td>\n<td style=\"text-align: center;\" valign=\"top\" width=\"106\">\n<div><span style=\"font-size: small;\">BCIN<\/span><\/div>\n<\/td>\n<td style=\"text-align: center;\" valign=\"top\" width=\"98\">\n<div><span style=\"font-size: small;\">\u00a0<\/span><\/div>\n<\/td>\n<td valign=\"top\" width=\"108\">\n<div style=\"text-align: center;\"><span style=\"font-size: small;\">25\/06\/1985<\/span><\/div>\n<\/td>\n<\/tr>\n<tr>\n<td valign=\"top\" width=\"240\">\n<div style=\"text-align: center;\"><span style=\"font-size: small;\">Casa Portol\u00e0<\/span><\/div>\n<\/td>\n<td style=\"text-align: center;\" valign=\"top\" width=\"132\">\n<div><span style=\"font-size: small;\">Arties<\/span><\/div>\n<\/td>\n<td style=\"text-align: center;\" valign=\"top\" width=\"120\">\n<div><span style=\"font-size: small;\">Naut Aran<\/span><\/div>\n<\/td>\n<td style=\"text-align: center;\" valign=\"top\" width=\"156\">\n<div><span style=\"font-size: small;\">\u00a0<\/span><\/div>\n<\/td>\n<td style=\"text-align: center;\" valign=\"top\" width=\"106\">\n<div><span style=\"font-size: small;\">BCIN<\/span><\/div>\n<\/td>\n<td style=\"text-align: center;\" valign=\"top\" width=\"98\">\n<div><span style=\"font-size: small;\">\u00a0<\/span><\/div>\n<\/td>\n<td style=\"text-align: center;\" valign=\"top\" width=\"108\">\n<div><span style=\"font-size: small;\">25\/06\/1985<\/span><\/div>\n<\/td>\n<\/tr>\n<tr>\n<td style=\"text-align: center;\" valign=\"top\" width=\"240\">\n<div><span style=\"font-size: small;\">Casa Paulet<\/span><\/div>\n<\/td>\n<td style=\"text-align: center;\" valign=\"top\" width=\"132\">\n<div><span style=\"font-size: small;\">Arties<\/span><\/div>\n<\/td>\n<td style=\"text-align: center;\" valign=\"top\" width=\"120\">\n<div><span style=\"font-size: small;\">Naut Aran<\/span><\/div>\n<\/td>\n<td style=\"text-align: center;\" valign=\"top\" width=\"156\">\n<div><span style=\"font-size: small;\">\u00a0<\/span><\/div>\n<\/td>\n<td style=\"text-align: center;\" valign=\"top\" width=\"106\">\n<div><span style=\"font-size: small;\">Incoat BCIN<\/span><\/div>\n<\/td>\n<td style=\"text-align: center;\" valign=\"top\" width=\"98\">\n<div><span style=\"font-size: small;\">07\/05\/1980<\/span><\/div>\n<\/td>\n<td valign=\"top\" width=\"108\">\n<div style=\"text-align: center;\"><span style=\"font-size: small;\">\u00a0<\/span><\/div>\n<\/td>\n<\/tr>\n<tr>\n<td valign=\"top\" width=\"240\">\n<div style=\"text-align: center;\"><span style=\"font-size: small;\">Cast\u00e8th de Salard\u00fa<\/span><\/div>\n<\/td>\n<td style=\"text-align: center;\" valign=\"top\" width=\"132\">\n<div><span style=\"font-size: small;\">Salard\u00fa<\/span><\/div>\n<\/td>\n<td style=\"text-align: center;\" valign=\"top\" width=\"120\">\n<div><span style=\"font-size: small;\">Naut Aran<\/span><\/div>\n<\/td>\n<td style=\"text-align: center;\" valign=\"top\" width=\"156\">\n<div><span style=\"font-size: small;\">328150,<\/span><\/div>\n<div><span style=\"font-size: small;\">4730600<\/span><\/div>\n<\/td>\n<td style=\"text-align: center;\" valign=\"top\" width=\"106\">\n<div><span style=\"font-size: small;\">BCIN<\/span><\/div>\n<\/td>\n<td style=\"text-align: center;\" valign=\"top\" width=\"98\">\n<div><span style=\"font-size: small;\">\u00a0<\/span><\/div>\n<\/td>\n<td style=\"text-align: center;\" valign=\"top\" width=\"108\">\n<div><span style=\"font-size: small;\">25\/06\/1985<\/span><\/div>\n<\/td>\n<\/tr>\n<tr>\n<td style=\"text-align: center;\" valign=\"top\" width=\"240\">\n<div><span style=\"font-size: small;\">\u00c7\u00f2 de Brastet<\/span><\/div>\n<\/td>\n<td style=\"text-align: center;\" valign=\"top\" width=\"132\">\n<div><span style=\"font-size: small;\">Unha<\/span><\/div>\n<\/td>\n<td style=\"text-align: center;\" valign=\"top\" width=\"120\">\n<div><span style=\"font-size: small;\">Naut Aran<\/span><\/div>\n<\/td>\n<td style=\"text-align: center;\" valign=\"top\" width=\"156\">\n<div><span style=\"font-size: small;\">\u00a0<\/span><\/div>\n<\/td>\n<td style=\"text-align: center;\" valign=\"top\" width=\"106\">\n<div><span style=\"font-size: small;\">BCIN<\/span><\/div>\n<\/td>\n<td style=\"text-align: center;\" valign=\"top\" width=\"98\">\n<div><span style=\"font-size: small;\">\u00a0<\/span><\/div>\n<\/td>\n<td valign=\"top\" width=\"108\">\n<div style=\"text-align: center;\"><span style=\"font-size: small;\">25\/06\/1985<\/span><\/div>\n<\/td>\n<\/tr>\n<tr>\n<td valign=\"top\" width=\"240\">\n<div style=\"text-align: center;\"><span style=\"font-size: small;\">Casa Adem\u00e0 o casa Negret<\/span><\/div>\n<\/td>\n<td style=\"text-align: center;\" valign=\"top\" width=\"132\">\n<div><span style=\"font-size: small;\">Unha<\/span><\/div>\n<\/td>\n<td style=\"text-align: center;\" valign=\"top\" width=\"120\">\n<div><span style=\"font-size: small;\">Naut Aran<\/span><\/div>\n<\/td>\n<td style=\"text-align: center;\" valign=\"top\" width=\"156\">\n<div><span style=\"font-size: small;\">\u00a0<\/span><\/div>\n<\/td>\n<td style=\"text-align: center;\" valign=\"top\" width=\"106\">\n<div><span style=\"font-size: small;\">Incoat BCIN<\/span><\/div>\n<\/td>\n<td style=\"text-align: center;\" valign=\"top\" width=\"98\">\n<div><span style=\"font-size: small;\">09\/05\/1980<\/span><\/div>\n<\/td>\n<td style=\"text-align: center;\" valign=\"top\" width=\"108\">\n<div><span style=\"font-size: small;\">\u00a0<\/span><\/div>\n<\/td>\n<\/tr>\n<tr>\n<td style=\"text-align: center;\" valign=\"top\" width=\"240\">\n<div><span style=\"font-size: small;\">Casa R\u00f2sa<\/span><\/div>\n<\/td>\n<td style=\"text-align: center;\" valign=\"top\" width=\"132\">\n<div><span style=\"font-size: small;\">Gessa<\/span><\/div>\n<\/td>\n<td style=\"text-align: center;\" valign=\"top\" width=\"120\">\n<div><span style=\"font-size: small;\">Naut Aran<\/span><\/div>\n<\/td>\n<td style=\"text-align: center;\" valign=\"top\" width=\"156\">\n<div><span style=\"font-size: small;\">\u00a0<\/span><\/div>\n<\/td>\n<td style=\"text-align: center;\" valign=\"top\" width=\"106\">\n<div><span style=\"font-size: small;\">BCIN<\/span><\/div>\n<\/td>\n<td style=\"text-align: center;\" valign=\"top\" width=\"98\">\n<div><span style=\"font-size: small;\">\u00a0<\/span><\/div>\n<\/td>\n<td valign=\"top\" width=\"108\">\n<div style=\"text-align: center;\"><span style=\"font-size: small;\">25\/06\/1985<\/span><\/div>\n<\/td>\n<\/tr>\n<tr>\n<td valign=\"top\" width=\"240\">\n<div style=\"text-align: center;\"><span style=\"font-size: small;\">Gl\u00e8isa parroquiau de St. P\u00e8ir<\/span><\/div>\n<\/td>\n<td style=\"text-align: center;\" valign=\"top\" width=\"132\">\n<div><span style=\"font-size: small;\">Escunhau<\/span><\/div>\n<\/td>\n<td style=\"text-align: center;\" valign=\"top\" width=\"120\">\n<div><span style=\"font-size: small;\">Vielha &#8211; Mijaran<\/span><\/div>\n<\/td>\n<td style=\"text-align: center;\" valign=\"top\" width=\"156\">\n<div><span style=\"font-size: small;\">321950,<\/span><\/div>\n<div><span style=\"font-size: small;\">4729580<\/span><\/div>\n<\/td>\n<td style=\"text-align: center;\" valign=\"top\" width=\"106\">\n<div><span style=\"font-size: small;\">Incoat BCIN<\/span><\/div>\n<\/td>\n<td style=\"text-align: center;\" valign=\"top\" width=\"98\">\n<div><span style=\"font-size: small;\">21\/05\/1980<\/span><\/div>\n<\/td>\n<td style=\"text-align: center;\" valign=\"top\" width=\"108\">\n<div><span style=\"font-size: small;\">\u00a0<\/span><\/div>\n<\/td>\n<\/tr>\n<tr>\n<td style=\"text-align: center;\" valign=\"top\" width=\"240\">\n<div><span style=\"font-size: small;\">Tor deth Generau Martinhon<\/span><\/div>\n<div><span style=\"font-size: small;\">(Mus\u00e8u dera Val d\u2019Aran)<\/span><\/div>\n<\/td>\n<td style=\"text-align: center;\" valign=\"top\" width=\"132\">\n<div><span style=\"font-size: small;\">Vielha<\/span><\/div>\n<\/td>\n<td style=\"text-align: center;\" valign=\"top\" width=\"120\">\n<div><span style=\"font-size: small;\">Vielha &#8211; Mijaran<\/span><\/div>\n<\/td>\n<td style=\"text-align: center;\" valign=\"top\" width=\"156\">\n<div><span style=\"font-size: small;\">\u00a0<\/span><\/div>\n<\/td>\n<td style=\"text-align: center;\" valign=\"top\" width=\"106\">\n<div><span style=\"font-size: small;\">BCIN<\/span><\/div>\n<\/td>\n<td style=\"text-align: center;\" valign=\"top\" width=\"98\">\n<div><span style=\"font-size: small;\">\u00a0<\/span><\/div>\n<\/td>\n<td valign=\"top\" width=\"108\">\n<div style=\"text-align: center;\"><span style=\"font-size: small;\">25\/06\/1985<\/span><\/div>\n<\/td>\n<\/tr>\n<tr>\n<td valign=\"top\" width=\"240\">\n<div style=\"text-align: center;\"><span style=\"font-size: small;\">Fortificacion de Cast\u00e8th Leon<\/span><\/div>\n<\/td>\n<td style=\"text-align: center;\" valign=\"top\" width=\"132\">\n<div><span style=\"font-size: small;\">Es B\u00f2rdes<\/span><\/div>\n<\/td>\n<td style=\"text-align: center;\" valign=\"top\" width=\"120\">\n<div><span style=\"font-size: small;\">Es B\u00f2rdes<\/span><\/div>\n<\/td>\n<td style=\"text-align: center;\" valign=\"top\" width=\"156\">\n<div><span style=\"font-size: small;\">313450,<\/span><\/div>\n<div><span style=\"font-size: small;\">4734425<\/span><\/div>\n<\/td>\n<td style=\"text-align: center;\" valign=\"top\" width=\"106\">\n<div><span style=\"font-size: small;\">BCIN<\/span><\/div>\n<\/td>\n<td style=\"text-align: center;\" valign=\"top\" width=\"98\">\n<div><span style=\"font-size: small;\">\u00a0<\/span><\/div>\n<\/td>\n<td style=\"text-align: center;\" valign=\"top\" width=\"108\">\n<div><span style=\"font-size: small;\">25\/06\/1985<\/span><\/div>\n<\/td>\n<\/tr>\n<tr>\n<td style=\"text-align: center;\" valign=\"top\" width=\"240\">\n<div><span style=\"font-size: small;\">Era Castera de Boss\u00f2st<\/span><\/div>\n<\/td>\n<td style=\"text-align: center;\" valign=\"top\" width=\"132\">\n<div><span style=\"font-size: small;\">Boss\u00f2st<\/span><\/div>\n<\/td>\n<td style=\"text-align: center;\" valign=\"top\" width=\"120\">\n<div><span style=\"font-size: small;\">Boss\u00f2st<\/span><\/div>\n<\/td>\n<td style=\"text-align: center;\" valign=\"top\" width=\"156\">\n<div><span style=\"font-size: small;\">311250,<\/span><\/div>\n<div><span style=\"font-size: small;\">4740300<\/span><\/div>\n<\/td>\n<td style=\"text-align: center;\" valign=\"top\" width=\"106\">\n<div><span style=\"font-size: small;\">BCIN<\/span><\/div>\n<\/td>\n<td style=\"text-align: center;\" valign=\"top\" width=\"98\">\n<div><span style=\"font-size: small;\">\u00a0<\/span><\/div>\n<\/td>\n<td valign=\"top\" width=\"108\">\n<div style=\"text-align: center;\"><span style=\"font-size: small;\">25\/06\/1985<\/span><\/div>\n<\/td>\n<\/tr>\n<tr>\n<td valign=\"top\" width=\"240\">\n<div style=\"text-align: center;\"><span style=\"font-size: small;\">Cast\u00e8th de Les<\/span><\/div>\n<\/td>\n<td style=\"text-align: center;\" valign=\"top\" width=\"132\">\n<div><span style=\"font-size: small;\">Les<\/span><\/div>\n<\/td>\n<td style=\"text-align: center;\" valign=\"top\" width=\"120\">\n<div><span style=\"font-size: small;\">Les<\/span><\/div>\n<\/td>\n<td style=\"text-align: center;\" valign=\"top\" width=\"156\">\n<div><span style=\"font-size: small;\">313700,<\/span><\/div>\n<div><span style=\"font-size: small;\">4742750<\/span><\/div>\n<\/td>\n<td style=\"text-align: center;\" valign=\"top\" width=\"106\">\n<div><span style=\"font-size: small;\">BCIN<\/span><\/div>\n<\/td>\n<td style=\"text-align: center;\" valign=\"top\" width=\"98\">\n<div><span style=\"font-size: small;\">\u00a0<\/span><\/div>\n<\/td>\n<td style=\"text-align: center;\" valign=\"top\" width=\"108\">\n<div><span style=\"font-size: small;\">25\/06\/1985<\/span><\/div>\n<\/td>\n<\/tr>\n<tr>\n<td style=\"text-align: center;\" valign=\"top\" width=\"240\">\n<div><span style=\"font-size: small;\">Baronia de Les<\/span><\/div>\n<\/td>\n<td style=\"text-align: center;\" valign=\"top\" width=\"132\">\n<div><span style=\"font-size: small;\">Les<\/span><\/div>\n<\/td>\n<td style=\"text-align: center;\" valign=\"top\" width=\"120\">\n<div><span style=\"font-size: small;\">Les<\/span><\/div>\n<\/td>\n<td style=\"text-align: center;\" valign=\"top\" width=\"156\">\n<div><span style=\"font-size: small;\">\u00a0<\/span><\/div>\n<\/td>\n<td style=\"text-align: center;\" valign=\"top\" width=\"106\">\n<div><span style=\"font-size: small;\">BCIN<\/span><\/div>\n<\/td>\n<td style=\"text-align: center;\" valign=\"top\" width=\"98\">\n<div><span style=\"font-size: small;\">\u00a0<\/span><\/div>\n<\/td>\n<td valign=\"top\" width=\"108\">\n<div style=\"text-align: center;\"><span style=\"font-size: small;\">25\/06\/1985<\/span><\/div>\n<\/td>\n<\/tr>\n<tr>\n<td valign=\"top\" width=\"240\">\n<div style=\"text-align: center;\"><span style=\"font-size: small;\">Casteret de Les<\/span><\/div>\n<\/td>\n<td style=\"text-align: center;\" valign=\"top\" width=\"132\">\n<div><span style=\"font-size: small;\">Les<\/span><\/div>\n<\/td>\n<td style=\"text-align: center;\" valign=\"top\" width=\"120\">\n<div><span style=\"font-size: small;\">Les<\/span><\/div>\n<\/td>\n<td style=\"text-align: center;\" valign=\"top\" width=\"156\">\n<div><span style=\"font-size: small;\">312500,<\/span><\/div>\n<div><span style=\"font-size: small;\">4741260<\/span><\/div>\n<\/td>\n<td style=\"text-align: center;\" valign=\"top\" width=\"106\">\n<div><span style=\"font-size: small;\">BCIN<\/span><\/div>\n<\/td>\n<td style=\"text-align: center;\" valign=\"top\" width=\"98\">\n<div><span style=\"font-size: small;\">\u00a0<\/span><\/div>\n<\/td>\n<td style=\"text-align: center;\" valign=\"top\" width=\"108\">\n<div><span style=\"font-size: small;\">25\/06\/1985<\/span><\/div>\n<\/td>\n<\/tr>\n<tr>\n<td style=\"text-align: center;\" valign=\"top\" width=\"240\">\n<div><span style=\"font-size: small;\">Casa Sirat<\/span><\/div>\n<\/td>\n<td style=\"text-align: center;\" valign=\"top\" width=\"132\">\n<div><span style=\"font-size: small;\">Canejan<\/span><\/div>\n<\/td>\n<td style=\"text-align: center;\" valign=\"top\" width=\"120\">\n<div><span style=\"font-size: small;\">Canejan<\/span><\/div>\n<\/td>\n<td style=\"text-align: center;\" valign=\"top\" width=\"156\">\n<div><span style=\"font-size: small;\">\u00a0<\/span><\/div>\n<\/td>\n<td style=\"text-align: center;\" valign=\"top\" width=\"106\">\n<div><span style=\"font-size: small;\">BCIN<\/span><\/div>\n<\/td>\n<td style=\"text-align: center;\" valign=\"top\" width=\"98\">\n<div><span style=\"font-size: small;\">\u00a0<\/span><\/div>\n<\/td>\n<td valign=\"top\" width=\"108\">\n<div style=\"text-align: center;\"><span style=\"font-size: small;\">25\/06\/1985<\/span><\/div>\n<\/td>\n<\/tr>\n<\/tbody>\n<\/table>\n<p>[\/vc_column_text][\/vc_column][\/vc_row]<\/p>\n ","protected":false},"excerpt":{"rendered":"<p>[vc_row][vc_column][vc_column_text] N\u00f2m P\u00f2ble Municipi Localizacion Tipe proteccion Data incoaccion Data declaracion Gl\u00e8isa\u00a0parroquiau de Sta. Maria Arties Naut Aran 325710, 4729690 BCIN \u00a0 14\/10\/1978 Cast\u00e8th d\u2019Arties Arties Naut Aran \u00a0 BCIN \u00a0 25\/06\/1985 Casa Portol\u00e0 Arties Naut Aran \u00a0 BCIN \u00a0 25\/06\/1985 Casa Paulet Arties Naut Aran \u00a0 Incoat BCIN 07\/05\/1980 \u00a0 Cast\u00e8th de Salard\u00fa Salard\u00fa&#8230;<\/p>\n","protected":false},"author":8,"featured_media":0,"parent":38579,"menu_order":0,"comment_status":"closed","ping_status":"closed","template":"page-full.php","meta":{"footnotes":""},"_links":{"self":[{"href":"https:\/\/www.conselharan.org\/ca\/wp-json\/wp\/v2\/pages\/38577"}],"collection":[{"href":"https:\/\/www.conselharan.org\/ca\/wp-json\/wp\/v2\/pages"}],"about":[{"href":"https:\/\/www.conselharan.org\/ca\/wp-json\/wp\/v2\/types\/page"}],"author":[{"embeddable":true,"href":"https:\/\/www.conselharan.org\/ca\/wp-json\/wp\/v2\/users\/8"}],"replies":[{"embeddable":true,"href":"https:\/\/www.conselharan.org\/ca\/wp-json\/wp\/v2\/comments?post=38577"}],"version-history":[{"count":0,"href":"https:\/\/www.conselharan.org\/ca\/wp-json\/wp\/v2\/pages\/38577\/revisions"}],"up":[{"embeddable":true,"href":"https:\/\/www.conselharan.org\/ca\/wp-json\/wp\/v2\/pages\/38579"}],"wp:attachment":[{"href":"https:\/\/www.conselharan.org\/ca\/wp-json\/wp\/v2\/media?parent=38577"}],"curies":[{"name":"wp","href":"https:\/\/api.w.org\/{rel}","templated":true}]}}