{"id":38579,"date":"2020-12-30T09:36:12","date_gmt":"2020-12-30T08:36:12","guid":{"rendered":"https:\/\/www.conselharan.org\/patrimoni-culturau-dera-val-daran\/"},"modified":"2021-01-13T17:19:22","modified_gmt":"2021-01-13T16:19:22","slug":"patrimoni-culturau-dera-val-daran","status":"publish","type":"page","link":"https:\/\/www.conselharan.org\/ca\/cultura\/patrimoni-culturau-dera-val-daran\/","title":{"rendered":"Patrimoni culturau dera Val d\u2019Aran"},"content":{"rendered":"<p>[vc_row][vc_column][vc_column_text]Des der Airau de Patrim\u00f2ni Culturau deth Conselh Generau se trabalhe ent\u00e0 activar ua naua web foncionau e dinamica estructurada en cinc apartats: compet\u00e9ncies deth Conselh Generau d\u2019Aran, proteccion deth patrim\u00f2ni culturau, documentacion e investigacion, conservacion e restauracion e difusion e formacion.<\/p>\n<p>En prum\u00e8r l\u00f2c, er objectiu ei h\u00e8r a con\u00e9isher e dif\u00f3ner era grana riquesa e varietat d\u2019elements d\u2019inter\u00e8s istoric, artistic, etnologic e arqueologic que comp\u00f2sen eth Patrim\u00f2ni Culturau dera Val d\u2019Aran.<\/p>\n<p>Un element remercable laguens deth patrim\u00f2ni culturau aran\u00e9s ei eth representat pes gl\u00e8ises, majorit\u00e0riament aqueres que pertanhen ara arquitectura romanica e gotica, e qu\u2019ath del\u00e0 en s\u00f2n interior aub\u00e8rgen un legat artistic d\u2019ua varietat e riquesa excepcionaus, de diferenti genres artistics \u2013escultura, pintura, orfebreria e textils \u2013 e estils \u2013 romanic, gotic, renaishentista o barr\u00f2c.<\/p>\n<p>Aguest legat conten \u00f2bres de grana qualitat artistica com eth Crist de Mijaran (f\u00f2to) o eth de Salard\u00fa, Escunhau o Casarilh (f\u00f2tos), emblematiques tara escultura romanica de husta: conjunts subergessents com es d\u2019Arties, Salard\u00fa, Unha, Boss\u00f2st o Vielha (f\u00f2tos) e tanben un gran nombre d\u2019edificis e \u00f2bres m\u00e8s mod\u00e8stes qu\u2019ath marge d\u2019aguesti constitu\u00efssen un document istoric de prum\u00e8ra man, en tot perm\u00e9ter ath visitant submergir-se en ambient, circonst\u00e0ncies e creences d\u2019aqueri que les d\u00e8ren vida.<\/p>\n<p>Ath del\u00e0, non podem desbrembar es imponents campanaus, que damb es s\u00f2ns tets punchents presidissen es p\u00f2bles aranesi.<\/p>\n<p>Era Rota Romanica d\u2019Aran permet gaudir dera visita guidada des 15 gl\u00e8ises m\u00e8s destacades.<\/p>\n<p>De forma progressiva, es usatg\u00e8rs disposar\u00e0n d\u2019informacion relacionada damb es Bens Culturaus d\u2019Inter\u00e8s Nacionau (<a href=\"https:\/\/www.conselharan.org\/cultura\/patrimoni-culturau-dera-val-daran\/bcins-dera-val-daran\/\">BCIN\u2019s<\/a>), Es Bens Culturaus d\u2019Inter\u00e8s Locau (<a href=\"https:\/\/www.conselharan.org\/cultura\/patrimoni-culturau-dera-val-daran\/bcils-dera-val-daran\/\">BCIL\u2019s<\/a>) e es bens sense catalogar. Tanben se dar\u00e0n a con\u00e9isher estudis monografics restacadi (inventari de campanaus e campanes e inventaris de m\u00f2les e ress\u00e8cs)<\/p>\n<p>Tota aguesta informacion s\u2019adrece a un ample ventalh d\u2019usatg\u00e8rs ent\u00e0 satisf\u00e8r besonhs ben diferenti: des de tramitar ua lic\u00e9ncia o redactar un proj\u00e8cte enquiara elaboracion d\u2019estudis e trabalhs d\u2019art o d\u2019ist\u00f2ria, era preparacion d\u2019un viatge toristic o simplament era actualitat d\u2019actes, corsi o actuacions en patrim\u00f2ni culturau dera Val d\u2019Aran.<\/p>\n<p>T\u00e0 comentaris e sugger\u00e9ncies podetz contactar damb nosati en:<\/p>\n<p><a href=\"mailto:cultura@conselharan.org\">cultura@conselharan.org<\/a>[\/vc_column_text][vc_gallery type=&#8221;image_grid&#8221; images=&#8221;38546,38550,38554,38558&#8243; img_size=&#8221;300&#215;300&#8243;][vc_column_text]<\/p>\n<ul>\n<li><a href=\"https:\/\/www.conselharan.org\/cultura\/patrimoni-culturau-dera-val-daran\/encastre-competenciau\/\">\u00c1mbit de compet\u00e9ncia<\/a><\/li>\n<li><a href=\"https:\/\/www.conselharan.org\/cultura\/patrimoni-culturau-dera-val-daran\/bcins-dera-val-daran\/\">BCIL\u2019s dera Val d&#8217;Aran<\/a><\/li>\n<li><a href=\"https:\/\/www.conselharan.org\/cultura\/patrimoni-culturau-dera-val-daran\/bcils-dera-val-daran\/\">BCIN\u2019s dera Val d&#8217;Aran<\/a><\/li>\n<li><a href=\"https:\/\/www.conselharan.org\/cultura\/patrimoni-culturau-dera-val-daran\/actuacions-patrimoni-en-2009\/\">Actuacions en patrimoni 2009<\/a><\/li>\n<li><a href=\"https:\/\/www.conselharan.org\/cultura\/patrimoni-culturau-dera-val-daran\/actuacions-patrimoni-en-2008\/\">Actuacions en patrimoni 2008<\/a><\/li>\n<li><a href=\"https:\/\/www.conselharan.org\/cultura\/patrimoni-culturau-dera-val-daran\/actuacions-en-patrimoni-2007\/\">Actuacions en patrimoni 2007<\/a><\/li>\n<\/ul>\n<p>[\/vc_column_text][\/vc_column][\/vc_row]<\/p>\n ","protected":false},"excerpt":{"rendered":"<p>[vc_row][vc_column][vc_column_text]Des der Airau de Patrim\u00f2ni Culturau deth Conselh Generau se trabalhe ent\u00e0 activar ua naua web foncionau e dinamica estructurada en cinc apartats: compet\u00e9ncies deth Conselh Generau d\u2019Aran, proteccion deth patrim\u00f2ni culturau, documentacion e investigacion, conservacion e restauracion e difusion e formacion. En prum\u00e8r l\u00f2c, er objectiu ei h\u00e8r a con\u00e9isher e dif\u00f3ner era grana&#8230;<\/p>\n","protected":false},"author":8,"featured_media":0,"parent":40597,"menu_order":0,"comment_status":"closed","ping_status":"closed","template":"page-full.php","meta":{"footnotes":""},"_links":{"self":[{"href":"https:\/\/www.conselharan.org\/ca\/wp-json\/wp\/v2\/pages\/38579"}],"collection":[{"href":"https:\/\/www.conselharan.org\/ca\/wp-json\/wp\/v2\/pages"}],"about":[{"href":"https:\/\/www.conselharan.org\/ca\/wp-json\/wp\/v2\/types\/page"}],"author":[{"embeddable":true,"href":"https:\/\/www.conselharan.org\/ca\/wp-json\/wp\/v2\/users\/8"}],"replies":[{"embeddable":true,"href":"https:\/\/www.conselharan.org\/ca\/wp-json\/wp\/v2\/comments?post=38579"}],"version-history":[{"count":2,"href":"https:\/\/www.conselharan.org\/ca\/wp-json\/wp\/v2\/pages\/38579\/revisions"}],"predecessor-version":[{"id":39463,"href":"https:\/\/www.conselharan.org\/ca\/wp-json\/wp\/v2\/pages\/38579\/revisions\/39463"}],"up":[{"embeddable":true,"href":"https:\/\/www.conselharan.org\/ca\/wp-json\/wp\/v2\/pages\/40597"}],"wp:attachment":[{"href":"https:\/\/www.conselharan.org\/ca\/wp-json\/wp\/v2\/media?parent=38579"}],"curies":[{"name":"wp","href":"https:\/\/api.w.org\/{rel}","templated":true}]}}