{"id":38586,"date":"2020-12-30T11:34:01","date_gmt":"2020-12-30T10:34:01","guid":{"rendered":"https:\/\/www.conselharan.org\/patrimoni-culturau-dera-val-daran\/encastre-competenciau\/"},"modified":"2020-12-30T11:34:01","modified_gmt":"2020-12-30T10:34:01","slug":"encastre-competenciau","status":"publish","type":"page","link":"https:\/\/www.conselharan.org\/ca\/cultura\/patrimoni-culturau-dera-val-daran\/encastre-competenciau\/","title":{"rendered":"Encastre competenciau"},"content":{"rendered":"<p>[vc_row][vc_column][vc_column_text]<strong>1)Encastre competenciau<\/strong><\/p>\n<p><strong>Lei 16\/1990, sus Regim Especiau dera Val d\u2019Aran<\/strong><\/p>\n<p>De man\u00e8ra generica mencione eth d\u00e9uer de conservacion, promocion e difusion dera cultura aranesa (arts. 2, 4), e m\u00e8s concretament en art. 20.3.g), era cession per part dera Generalitat ath Conselh Generau d&#8217;Aran, dera compet\u00e9ncia en mat\u00e8ria de proteccion, mantenement e administracion der auviatge istoric e artistic.<\/p>\n<p>Pr\u2019amor deth <strong>Decr\u00e8t 305\/1992<\/strong> se transfer\u00eds era compet\u00e9ncia en mat\u00e8ria de restauracion e conservacion d\u2019imm\u00f2bles d\u2019inter\u00e8s istoricoartistic.<\/p>\n<p><strong>Lei 9\/1993 Patrim\u00f2ni Culturau. Disp. Add. 2au<\/strong><\/p>\n<p>Corresponen ath Conselh Generau d\u2019Aran, en encastre deth s\u00f2n territ\u00f2ri, es compet\u00e9ncies qu\u2019 aguesta Lei assigne ara Administracion dera Generalitat, e que s\u2019enum\u00e8ren ara seguida:<\/p>\n<p>a) Era incoacion e instruccion d\u2019 expedients entara declaracion de bens culturaus d\u2019inter\u00e8s nacionau dera Val d\u2019Aran e ent\u00e0 deishar sense ef\u00e8cte ua declaracion (arts. 8, 9 e 14).<\/p>\n<p>d) Era elaboracion d\u2019informes preceptius e vinculants sus es instruments de planejament urbanistic a qu\u00e9 son obligadi es ajuntaments en cas de conjunts istorics, z\u00f2nes arqueologiques, paleontologiques o d\u2019inter\u00e8s etnologic, e entorns de proteccion de quinsevolh ben culturau d\u2019inter\u00e8s culturau (art 33.2).<\/p>\n<p>f) Era elaboracion d\u2019informes d\u2019avaloracion d\u2019impacte ambientau ena tramitacion de proj\u00e8ctes d\u2019\u00f2bres, installacions o activitats qu\u2019af\u00e8cten bens integrants deth patrim\u00f2ni arqueologic (art 46,3).[\/vc_column_text][\/vc_column][\/vc_row]<\/p>\n ","protected":false},"excerpt":{"rendered":"<p>[vc_row][vc_column][vc_column_text]1)Encastre competenciau Lei 16\/1990, sus Regim Especiau dera Val d\u2019Aran De man\u00e8ra generica mencione eth d\u00e9uer de conservacion, promocion e difusion dera cultura aranesa (arts. 2, 4), e m\u00e8s concretament en art. 20.3.g), era cession per part dera Generalitat ath Conselh Generau d&#8217;Aran, dera compet\u00e9ncia en mat\u00e8ria de proteccion, mantenement e administracion der auviatge istoric&#8230;<\/p>\n","protected":false},"author":8,"featured_media":0,"parent":38579,"menu_order":0,"comment_status":"closed","ping_status":"closed","template":"page-full.php","meta":{"footnotes":""},"_links":{"self":[{"href":"https:\/\/www.conselharan.org\/ca\/wp-json\/wp\/v2\/pages\/38586"}],"collection":[{"href":"https:\/\/www.conselharan.org\/ca\/wp-json\/wp\/v2\/pages"}],"about":[{"href":"https:\/\/www.conselharan.org\/ca\/wp-json\/wp\/v2\/types\/page"}],"author":[{"embeddable":true,"href":"https:\/\/www.conselharan.org\/ca\/wp-json\/wp\/v2\/users\/8"}],"replies":[{"embeddable":true,"href":"https:\/\/www.conselharan.org\/ca\/wp-json\/wp\/v2\/comments?post=38586"}],"version-history":[{"count":0,"href":"https:\/\/www.conselharan.org\/ca\/wp-json\/wp\/v2\/pages\/38586\/revisions"}],"up":[{"embeddable":true,"href":"https:\/\/www.conselharan.org\/ca\/wp-json\/wp\/v2\/pages\/38579"}],"wp:attachment":[{"href":"https:\/\/www.conselharan.org\/ca\/wp-json\/wp\/v2\/media?parent=38586"}],"curies":[{"name":"wp","href":"https:\/\/api.w.org\/{rel}","templated":true}]}}