{"id":38617,"date":"2020-12-30T11:51:19","date_gmt":"2020-12-30T10:51:19","guid":{"rendered":"https:\/\/www.conselharan.org\/patrimoni-culturau-dera-val-daran\/actuacions-patrimoni-en-2009\/"},"modified":"2021-01-13T12:57:37","modified_gmt":"2021-01-13T11:57:37","slug":"actuacions-patrimoni-en-2009","status":"publish","type":"page","link":"https:\/\/www.conselharan.org\/ca\/cultura\/patrimoni-culturau-dera-val-daran\/actuacions-patrimoni-en-2009\/","title":{"rendered":"Actuacions patrim\u00f2ni en 2009"},"content":{"rendered":"<p>[vc_row][vc_column][vc_column_text]<a href=\"https:\/\/www.conselharan.org\/cultura\/patrimoni-culturau-dera-val-daran\/actuacions-patrimoni-en-2009\/projecte-museografic-e-de-seguretat-deth-crist-de-salardu\/\">Proj\u00e8cte museografic e de seguretat deth Crist de Salard\u00fa<\/a><\/p>\n<p><a href=\"https:\/\/www.conselharan.org\/cultura\/patrimoni-culturau-dera-val-daran\/actuacions-patrimoni-en-2009\/expedients-entara-declaracion-coma-bens-culturaus-dinteres-nacionau-bcin-des-gleises-de-salardu\/\">Expedients entara declaracion coma Bens Culturaus d\u2019Inter\u00e8s Nacionau (BCIN) des gl\u00e8ises de Salard\u00fa,<\/a><\/p>\n<p><a href=\"https:\/\/www.conselharan.org\/cultura\/patrimoni-culturau-dera-val-daran\/actuacions-patrimoni-en-2009\/reproduccion-virtuau-des-pintures-romaniques-de-sta-maria-de-cap-daran\/\">Reproduccion virtuau des pintures romaniques de Sta. Maria de Cap d\u2019Aran<\/a><\/p>\n<p><a href=\"https:\/\/www.conselharan.org\/cultura\/patrimoni-culturau-dera-val-daran\/actuacions-patrimoni-en-2009\/eliminacion-dumiditats-e-renauida-de-cuberta-ena-glesia-de-st-sernilh-de-canejan\/\">Eliminacion d\u2019umiditats e renauida de cub\u00e8rta ena gl\u00e8isa de St. Sernilh de Canejan<\/a><\/p>\n<p>Reabilitacion dera M\u00f2la de Betren<\/p>\n<p><a href=\"https:\/\/www.conselharan.org\/cultura\/patrimoni-culturau-dera-val-daran\/actuacions-patrimoni-en-2009\/restauracion-deth-retaule-de-mont\/\">Restauracion deth retaule de Mont<\/a><\/p>\n<p><a href=\"https:\/\/www.conselharan.org\/cultura\/patrimoni-culturau-dera-val-daran\/actuacions-patrimoni-en-2009\/descoberta-e-restauracion-de-naues-pintures-muraus-ena-gleisa-de-santa-eularia-dunha\/\">Descob\u00e8rta e restauracion de naues pintures muraus ena gl\u00e8isa de Santa Eul\u00e0ria d\u2019Unha<\/a><\/p>\n<p><a href=\"https:\/\/www.conselharan.org\/cultura\/patrimoni-culturau-dera-val-daran\/actuacions-patrimoni-en-2009\/intervencion-arqueologica-en-casteth-leon\/\">Intervencion arqueologica en Cast\u00e8th Leon<\/a><\/p>\n<p><a href=\"https:\/\/www.conselharan.org\/cultura\/patrimoni-culturau-dera-val-daran\/actuacions-patrimoni-en-2009\/drenatge-ena-gleisa-de-begos\/\">Drenatge ena gl\u00e8isa de Beg\u00f3s<\/a>[\/vc_column_text][\/vc_column][\/vc_row]<\/p>\n ","protected":false},"excerpt":{"rendered":"<p>[vc_row][vc_column][vc_column_text]Proj\u00e8cte museografic e de seguretat deth Crist de Salard\u00fa Expedients entara declaracion coma Bens Culturaus d\u2019Inter\u00e8s Nacionau (BCIN) des gl\u00e8ises de Salard\u00fa, Reproduccion virtuau des pintures romaniques de Sta. Maria de Cap d\u2019Aran Eliminacion d\u2019umiditats e renauida de cub\u00e8rta ena gl\u00e8isa de St. Sernilh de Canejan Reabilitacion dera M\u00f2la de Betren Restauracion deth retaule de&#8230;<\/p>\n","protected":false},"author":8,"featured_media":0,"parent":38579,"menu_order":0,"comment_status":"closed","ping_status":"closed","template":"page-full.php","meta":{"footnotes":""},"_links":{"self":[{"href":"https:\/\/www.conselharan.org\/ca\/wp-json\/wp\/v2\/pages\/38617"}],"collection":[{"href":"https:\/\/www.conselharan.org\/ca\/wp-json\/wp\/v2\/pages"}],"about":[{"href":"https:\/\/www.conselharan.org\/ca\/wp-json\/wp\/v2\/types\/page"}],"author":[{"embeddable":true,"href":"https:\/\/www.conselharan.org\/ca\/wp-json\/wp\/v2\/users\/8"}],"replies":[{"embeddable":true,"href":"https:\/\/www.conselharan.org\/ca\/wp-json\/wp\/v2\/comments?post=38617"}],"version-history":[{"count":4,"href":"https:\/\/www.conselharan.org\/ca\/wp-json\/wp\/v2\/pages\/38617\/revisions"}],"predecessor-version":[{"id":39467,"href":"https:\/\/www.conselharan.org\/ca\/wp-json\/wp\/v2\/pages\/38617\/revisions\/39467"}],"up":[{"embeddable":true,"href":"https:\/\/www.conselharan.org\/ca\/wp-json\/wp\/v2\/pages\/38579"}],"wp:attachment":[{"href":"https:\/\/www.conselharan.org\/ca\/wp-json\/wp\/v2\/media?parent=38617"}],"curies":[{"name":"wp","href":"https:\/\/api.w.org\/{rel}","templated":true}]}}