{"id":38622,"date":"2020-12-31T08:32:38","date_gmt":"2020-12-31T07:32:38","guid":{"rendered":"https:\/\/www.conselharan.org\/patrimoni-culturau-dera-val-daran\/actuacions-patrimoni-en-2009\/expedients-entara-declaracion-coma-bens-culturaus-dinteres-nacionau-bcin-des-gleises-de-salardu\/"},"modified":"2020-12-31T08:32:38","modified_gmt":"2020-12-31T07:32:38","slug":"expedients-entara-declaracion-coma-bens-culturaus-dinteres-nacionau-bcin-des-gleises-de-salardu","status":"publish","type":"page","link":"https:\/\/www.conselharan.org\/ca\/cultura\/patrimoni-culturau-dera-val-daran\/actuacions-patrimoni-en-2009\/expedients-entara-declaracion-coma-bens-culturaus-dinteres-nacionau-bcin-des-gleises-de-salardu\/","title":{"rendered":"Expedients entara declaracion coma Bens Culturaus d\u2019Inter\u00e8s Nacionau (BCIN) des gl\u00e8ises de Salard\u00fa,"},"content":{"rendered":"<p>[vc_row][vc_column][vc_column_text]Un c\u00f2p acabada era redaccion des mem\u00f2ries istoricoartistiques e arquitectoniques des gl\u00e8ises de St. Andr\u00e8u de Salard\u00fa e dera Mair de Diu dera Purificacion de Boss\u00f2st e demp\u00fas d\u2019auer recebut aguestes, respectivament, es preceptius informes favorables der Institut d\u2019Estudis Catalans e deth Conselh Assessor deth Patrim\u00f2ni Culturau Catalan, eth Conselh Generau d\u2019Aran en tot h\u00e8r us per prum\u00e8r c\u00f2p dera potestat que li confer\u00eds era Lei 9\/1993, de 30 de seteme, deth Patrim\u00f2ni Culturau Catalan, procedir\u00e0 ara instruccion d\u2019and\u00fas expedients administratius ent\u00e0 art\u00e9nher dera Generalitat de Catalonha er ac\u00f2rd de declaracion.<\/p>\n<p>Parall\u00e8lament se trebalhe tanben ena redaccion des mem\u00f2ries istoricoartistiques e arquitectoniques des gl\u00e8ises de Sta. Eul\u00e0ria d\u2019Unha e de Sta. Maria de Cap d\u2019Aran e sus era delimitacion des entorns de proteccion des dus monuments e tanben dera gl\u00e8isa de Sta. Maria d\u2019Arties, era quau, maugrat que des de 1976 gaud\u00eds dera declaracion de Ben Culturau d\u2019Inter\u00e8s Nacionau, non dispause d\u2019un entorn de proteccion.<\/p>\n<p>Gl\u00e8isa de St. Andr\u00e8u de Salard\u00fa[\/vc_column_text][\/vc_column][\/vc_row]<\/p>\n ","protected":false},"excerpt":{"rendered":"<p>[vc_row][vc_column][vc_column_text]Un c\u00f2p acabada era redaccion des mem\u00f2ries istoricoartistiques e arquitectoniques des gl\u00e8ises de St. Andr\u00e8u de Salard\u00fa e dera Mair de Diu dera Purificacion de Boss\u00f2st e demp\u00fas d\u2019auer recebut aguestes, respectivament, es preceptius informes favorables der Institut d\u2019Estudis Catalans e deth Conselh Assessor deth Patrim\u00f2ni Culturau Catalan, eth Conselh Generau d\u2019Aran en tot h\u00e8r&#8230;<\/p>\n","protected":false},"author":8,"featured_media":0,"parent":38617,"menu_order":0,"comment_status":"closed","ping_status":"closed","template":"page-full.php","meta":{"footnotes":""},"_links":{"self":[{"href":"https:\/\/www.conselharan.org\/ca\/wp-json\/wp\/v2\/pages\/38622"}],"collection":[{"href":"https:\/\/www.conselharan.org\/ca\/wp-json\/wp\/v2\/pages"}],"about":[{"href":"https:\/\/www.conselharan.org\/ca\/wp-json\/wp\/v2\/types\/page"}],"author":[{"embeddable":true,"href":"https:\/\/www.conselharan.org\/ca\/wp-json\/wp\/v2\/users\/8"}],"replies":[{"embeddable":true,"href":"https:\/\/www.conselharan.org\/ca\/wp-json\/wp\/v2\/comments?post=38622"}],"version-history":[{"count":0,"href":"https:\/\/www.conselharan.org\/ca\/wp-json\/wp\/v2\/pages\/38622\/revisions"}],"up":[{"embeddable":true,"href":"https:\/\/www.conselharan.org\/ca\/wp-json\/wp\/v2\/pages\/38617"}],"wp:attachment":[{"href":"https:\/\/www.conselharan.org\/ca\/wp-json\/wp\/v2\/media?parent=38622"}],"curies":[{"name":"wp","href":"https:\/\/api.w.org\/{rel}","templated":true}]}}