{"id":38633,"date":"2020-12-31T10:07:32","date_gmt":"2020-12-31T09:07:32","guid":{"rendered":"https:\/\/www.conselharan.org\/patrimoni-culturau-dera-val-daran\/actuacions-patrimoni-en-2009\/restauracion-deth-retaule-de-mont\/"},"modified":"2020-12-31T10:07:32","modified_gmt":"2020-12-31T09:07:32","slug":"restauracion-deth-retaule-de-mont","status":"publish","type":"page","link":"https:\/\/www.conselharan.org\/ca\/cultura\/patrimoni-culturau-dera-val-daran\/actuacions-patrimoni-en-2009\/restauracion-deth-retaule-de-mont\/","title":{"rendered":"Restauracion deth retaule de Mont"},"content":{"rendered":"<p>Eth Conselh Generau a prebotjat era adequacion e restauracion dera cap\u00e8la e retaule deth Ros\u00e8r de Mont, tamb ua inversion d\u2019apupr\u00e8tz 40.000 \u00e8uros. Autant era bastissa coma eth retaule que se trapauen en f\u00f2r\u00e7a mau estat, daten deth s\u00e8gle XVIII.<\/p>\n<p>A finaus deth 2006 se determin\u00e8c qu\u2019es umiditats que per capillaritat afectauen ara estructura constitu\u00efen era principau causa de degradacion d\u2019aguesta e deth retaule e frontau d\u2019autar de husta talhada e policromada d\u2019estil barr\u00f2c sauvadi laguens.<\/p>\n<p>Pr\u2019amor d\u2019aquer\u00f2 s\u2019ami\u00e8c a t\u00e8rme un drenatge ath long des murs n\u00f2rd e o\u00e8st dera cap\u00e8la.<\/p>\n<p>En 2008, e un c\u00f2p comprovada era efectivitat dera intervencion, s\u2019encoman\u00e8c ara empresa especializada TdART era restauracion deth retaule e frontau qu\u2019ena tardor sigueren trasladadi t\u00e0 Barcelona.<\/p>\n<p>Mentretant, se procedic ara adequacion interiora dera cap\u00e8la tamb sanejament e eliminacion deth perbocat de gis existent en murs e v\u00f2uta e aplicacion d\u2019un nau perbocat de mort\u00e8r de caudia; substitucion deth pavement de hormigon per un de mort\u00e8r de caudia, pintura des parets, etc.<br \/>\nComa mesura preventiva, ent\u00e0 evitar en futur eth risque de transmission d\u2019umiditats s\u2019a bastit un mur leug\u00e8rament desseparat dera paret perimetrau a on emparar eth retaule, e sup\u00f2rts metallics t\u00e0 sostier eth frontau der autar.<\/p>\n<p>Eth retaule presente quate colomnes salomoniques que desseparen tres carr\u00e8rs. Eth centrau, m\u00e8s ample, acuelhie ua talha dera Mair de Diu deth Ros\u00e8r, malurosament desapareishuda e pr\u2019amor d\u2019aquer\u00f2, rempla\u00e7ada per ua fotografia dera madeisha. Eth frontau der autar ei tanben de husta talhada e policromada, d\u2019estil barr\u00f2c.<\/p>\n<p>Era actuacion en andues \u00f2bres a consistit ena desinfeccion e assolidament deth sup\u00f2rt e era desinfeccion, neteja e assolidament dera cocha pictorica. Es trabalhs que s\u2019an amiat jos era supervision deth Centre de Restauracion de Bens M\u00f2bles dera Generalitat, an sajat de respectar ath maxim era \u00f2bra originau, en tot retirar quauqui repintats que desmereishien eth conjunt.<\/p>\n ","protected":false},"excerpt":{"rendered":"<p>Eth Conselh Generau a prebotjat era adequacion e restauracion dera cap\u00e8la e retaule deth Ros\u00e8r de Mont, tamb ua inversion d\u2019apupr\u00e8tz 40.000 \u00e8uros. Autant era bastissa coma eth retaule que se trapauen en f\u00f2r\u00e7a mau estat, daten deth s\u00e8gle XVIII. A finaus deth 2006 se determin\u00e8c qu\u2019es umiditats que per capillaritat afectauen ara estructura constitu\u00efen&#8230;<\/p>\n","protected":false},"author":8,"featured_media":0,"parent":38617,"menu_order":0,"comment_status":"closed","ping_status":"closed","template":"page-full.php","meta":{"footnotes":""},"_links":{"self":[{"href":"https:\/\/www.conselharan.org\/ca\/wp-json\/wp\/v2\/pages\/38633"}],"collection":[{"href":"https:\/\/www.conselharan.org\/ca\/wp-json\/wp\/v2\/pages"}],"about":[{"href":"https:\/\/www.conselharan.org\/ca\/wp-json\/wp\/v2\/types\/page"}],"author":[{"embeddable":true,"href":"https:\/\/www.conselharan.org\/ca\/wp-json\/wp\/v2\/users\/8"}],"replies":[{"embeddable":true,"href":"https:\/\/www.conselharan.org\/ca\/wp-json\/wp\/v2\/comments?post=38633"}],"version-history":[{"count":0,"href":"https:\/\/www.conselharan.org\/ca\/wp-json\/wp\/v2\/pages\/38633\/revisions"}],"up":[{"embeddable":true,"href":"https:\/\/www.conselharan.org\/ca\/wp-json\/wp\/v2\/pages\/38617"}],"wp:attachment":[{"href":"https:\/\/www.conselharan.org\/ca\/wp-json\/wp\/v2\/media?parent=38633"}],"curies":[{"name":"wp","href":"https:\/\/api.w.org\/{rel}","templated":true}]}}