{"id":38912,"date":"2021-01-08T17:44:04","date_gmt":"2021-01-08T16:44:04","guid":{"rendered":"https:\/\/www.conselharan.org\/museus-dera-val-daran-un-museu-en-territori\/hilat-de-museus\/gleisa-de-sant-joan-darties\/"},"modified":"2021-02-01T11:32:06","modified_gmt":"2021-02-01T10:32:06","slug":"gleisa-de-sant-joan-darties","status":"publish","type":"page","link":"https:\/\/www.conselharan.org\/ca\/cultura\/museus-dera-val-daran-un-museu-en-territori\/hilat-de-museus\/gleisa-de-sant-joan-darties\/","title":{"rendered":"Gl\u00e8isa de Sant Joan d&#8217;Arties"},"content":{"rendered":"<p>[vc_row][vc_column][vc_single_image image=&#8221;39795&#8243; img_size=&#8221;full&#8221;][vc_column_text]<span style=\"font-family: Cambria, serif;\"><span style=\"font-size: small;\">Lic\u00e8u ara fresca 2018 &#8211; Sant Joan d&#8217;Arties <\/span><\/span><\/p>\n<p>Un des espacis a on se m\u00f2stre era activitat d\u2019un mus\u00e8u ei enes sues exposicions temporaus, aguestes complementen e amplien eth discors des exposicions permanents, m\u00e8s estatiques e damb ua lectura mens prigonda en s\u00f2n discors. En cas deth Mus\u00e8u dera Val d\u2019Aran er espaci d\u2019exposicions temporaus se trape pla\u00e7at en un l\u00f2c plan emblematic: era gl\u00e8isa gotica de sant Joan d\u2019Arties.<\/p>\n<p>Es exposicions que s\u2019i organizen v\u00f2len apregondir en diu\u00e8rsi asp\u00e8ctes dera cultura aranesa, sense deishar de costat asp\u00e8ctes d\u2019inter\u00e8s m\u00e8s generau. En aguest madeish espaci s\u2019organizen jornades, confer\u00e9ncies e corsi que complementen es exposicions que s\u2019i m\u00f2stren.[\/vc_column_text][vc_single_image image=&#8221;38798&#8243; img_size=&#8221;full&#8221;][vc_single_image image=&#8221;38898&#8243; img_size=&#8221;full&#8221;][vc_single_image image=&#8221;38902&#8243; img_size=&#8221;full&#8221;][vc_single_image image=&#8221;38906&#8243; img_size=&#8221;full&#8221;][vc_toggle title=&#8221;Informacion basica&#8221;]Sala d\u00b4exposicions itinerantes<br \/>\nConsultar exposicions<\/p>\n<p>Adre\u00e7a:<br \/>\nCarretera Salard\u00fa<br \/>\n25599 Arties<br \/>\nTel. 973 641 815<\/p>\n<p>Servicis:<br \/>\nVisites guidades damb res\u00e8rva per auan\u00e7a.[\/vc_toggle][\/vc_column][\/vc_row]<\/p>\n ","protected":false},"excerpt":{"rendered":"<p>[vc_row][vc_column][vc_single_image image=&#8221;39795&#8243; img_size=&#8221;full&#8221;][vc_column_text]Lic\u00e8u ara fresca 2018 &#8211; Sant Joan d&#8217;Arties Un des espacis a on se m\u00f2stre era activitat d\u2019un mus\u00e8u ei enes sues exposicions temporaus, aguestes complementen e amplien eth discors des exposicions permanents, m\u00e8s estatiques e damb ua lectura mens prigonda en s\u00f2n discors. En cas deth Mus\u00e8u dera Val d\u2019Aran er espaci&#8230;<\/p>\n","protected":false},"author":8,"featured_media":0,"parent":38874,"menu_order":0,"comment_status":"closed","ping_status":"closed","template":"page-full.php","meta":{"footnotes":""},"_links":{"self":[{"href":"https:\/\/www.conselharan.org\/ca\/wp-json\/wp\/v2\/pages\/38912"}],"collection":[{"href":"https:\/\/www.conselharan.org\/ca\/wp-json\/wp\/v2\/pages"}],"about":[{"href":"https:\/\/www.conselharan.org\/ca\/wp-json\/wp\/v2\/types\/page"}],"author":[{"embeddable":true,"href":"https:\/\/www.conselharan.org\/ca\/wp-json\/wp\/v2\/users\/8"}],"replies":[{"embeddable":true,"href":"https:\/\/www.conselharan.org\/ca\/wp-json\/wp\/v2\/comments?post=38912"}],"version-history":[{"count":3,"href":"https:\/\/www.conselharan.org\/ca\/wp-json\/wp\/v2\/pages\/38912\/revisions"}],"predecessor-version":[{"id":40027,"href":"https:\/\/www.conselharan.org\/ca\/wp-json\/wp\/v2\/pages\/38912\/revisions\/40027"}],"up":[{"embeddable":true,"href":"https:\/\/www.conselharan.org\/ca\/wp-json\/wp\/v2\/pages\/38874"}],"wp:attachment":[{"href":"https:\/\/www.conselharan.org\/ca\/wp-json\/wp\/v2\/media?parent=38912"}],"curies":[{"name":"wp","href":"https:\/\/api.w.org\/{rel}","templated":true}]}}