{"id":39104,"date":"2021-01-11T17:38:03","date_gmt":"2021-01-11T16:38:03","guid":{"rendered":"https:\/\/www.conselharan.org\/sant-andreu-de-salardu\/"},"modified":"2021-02-01T11:38:10","modified_gmt":"2021-02-01T10:38:10","slug":"sant-andreu-de-salardu","status":"publish","type":"page","link":"https:\/\/www.conselharan.org\/ca\/cultura\/museus-dera-val-daran-un-museu-en-territori\/rota-deth-romanic-d-aran\/sant-andreu-de-salardu\/","title":{"rendered":"Sant Andr\u00e8u de Salard\u00fa"},"content":{"rendered":"<p>[vc_row][vc_column][vc_single_image image=&#8221;38994&#8243; img_size=&#8221;full&#8221;][vc_column_text]<span style=\"font-family: Cambria, serif;\"><span style=\"font-size: small;\">Exterior de l\u2019esgl\u00e9sia<\/span><\/span><\/p>\n<p>Era gl\u00e8isa de Sant Andr\u00e8u mos recep damb ua imatge arquitectonica exteriora pr\u00f2pia deth romanic tardan, deth s. XIII. Era sua planta ei de tipe basilicau, era cabe\u00e7ada ei de tres absides e era portada monumentau, d\u2019arquiv\u00f2utes en degradacion. En angle sud-o\u00e8st i a junhuda ua tor campanau deth s\u00e8gle XV de planta octogonau, tamb v\u00f2uta de nervadures gotica.<\/p>\n<p>Eth perim\u00e8tre exterior dera gl\u00e8isa aufr\u00eds un arric trebalh escultoric en forma de cons\u00f2les. Era portada, concebuda en cinc arcs en degradacion arreceradi per un marc volad\u00eds, presente ua decoracion compausada principaument per motius vegetaus; dess\u00fas dera clau der arc, en tot coronar era portada, i a esculpit un crismon.<\/p>\n<p>En interior, mos susprener\u00e0 era sua eleganta estructura arquitectonica gotica, sostenguda per pilars de base quarrada de v\u00f2utes de crotzeria; eth hiestrau dub\u00e8rt ath mur de cogant, de granes dimensions, remate eth discurs gotic. En tot despla\u00e7ar-mos entath presbit\u00e8ri arribaram en un des exemples de pintura murau m\u00e8s grani e m\u00e8s ben conservadi dera Val d\u2019Aran: son ues pintures deth s\u00e8gle XVII a on se representen diu\u00e8rses sc\u00e8nes e personatges biblics.<\/p>\n<p>Era visita a Sant Andr\u00e8u de Salard\u00fa culmine en absides centrau, a on se trape era talha deth Crist de Salard\u00fa, \u00f2bra m\u00e8stra deth talh\u00e8r d\u2019Erill la Vall, datada deth s\u00e8gle XII. Era talha amuishe era imatge d\u2019un Crist patint, damb era seccion triangulara des sues cames e es tr\u00e8ts caracteristics dera iconologia religiosa romanica.[\/vc_column_text][\/vc_column][\/vc_row]<\/p>\n ","protected":false},"excerpt":{"rendered":"<p>[vc_row][vc_column][vc_single_image image=&#8221;38994&#8243; img_size=&#8221;full&#8221;][vc_column_text]Exterior de l\u2019esgl\u00e9sia Era gl\u00e8isa de Sant Andr\u00e8u mos recep damb ua imatge arquitectonica exteriora pr\u00f2pia deth romanic tardan, deth s. XIII. Era sua planta ei de tipe basilicau, era cabe\u00e7ada ei de tres absides e era portada monumentau, d\u2019arquiv\u00f2utes en degradacion. En angle sud-o\u00e8st i a junhuda ua tor campanau deth s\u00e8gle&#8230;<\/p>\n","protected":false},"author":8,"featured_media":0,"parent":39093,"menu_order":0,"comment_status":"closed","ping_status":"closed","template":"page-full.php","meta":{"footnotes":""},"_links":{"self":[{"href":"https:\/\/www.conselharan.org\/ca\/wp-json\/wp\/v2\/pages\/39104"}],"collection":[{"href":"https:\/\/www.conselharan.org\/ca\/wp-json\/wp\/v2\/pages"}],"about":[{"href":"https:\/\/www.conselharan.org\/ca\/wp-json\/wp\/v2\/types\/page"}],"author":[{"embeddable":true,"href":"https:\/\/www.conselharan.org\/ca\/wp-json\/wp\/v2\/users\/8"}],"replies":[{"embeddable":true,"href":"https:\/\/www.conselharan.org\/ca\/wp-json\/wp\/v2\/comments?post=39104"}],"version-history":[{"count":2,"href":"https:\/\/www.conselharan.org\/ca\/wp-json\/wp\/v2\/pages\/39104\/revisions"}],"predecessor-version":[{"id":40039,"href":"https:\/\/www.conselharan.org\/ca\/wp-json\/wp\/v2\/pages\/39104\/revisions\/40039"}],"up":[{"embeddable":true,"href":"https:\/\/www.conselharan.org\/ca\/wp-json\/wp\/v2\/pages\/39093"}],"wp:attachment":[{"href":"https:\/\/www.conselharan.org\/ca\/wp-json\/wp\/v2\/media?parent=39104"}],"curies":[{"name":"wp","href":"https:\/\/api.w.org\/{rel}","templated":true}]}}