{"id":39146,"date":"2021-01-11T18:04:29","date_gmt":"2021-01-11T17:04:29","guid":{"rendered":"https:\/\/www.conselharan.org\/museus-dera-val-daran-un-museu-en-territori\/rota-deth-romanic-d-aran\/sant-martin-de-tours-de-gausac\/"},"modified":"2021-02-01T12:54:12","modified_gmt":"2021-02-01T11:54:12","slug":"sant-martin-de-tours-de-gausac","status":"publish","type":"page","link":"https:\/\/www.conselharan.org\/ca\/cultura\/museus-dera-val-daran-un-museu-en-territori\/rota-deth-romanic-d-aran\/sant-martin-de-tours-de-gausac\/","title":{"rendered":"Sant Martin de Tours de Gausac"},"content":{"rendered":"<p>[vc_row][vc_column][vc_single_image image=&#8221;39051&#8243; img_size=&#8221;full&#8221;][vc_column_text]<span style=\"font-family: Cambria, serif;\"><span style=\"font-size: small;\">Vista general de l\u2019exterior de l\u2019esgl\u00e9sia<\/span><\/span><\/p>\n<p>Era gl\u00e8isa de Sant Martin de Gausac ei un magnific exemple d\u2019arquitectura gotica, un estil artistic p\u00f2c comun ena Val d\u2019Aran. S\u2019articule en ua soleta nau, damb era incorporacion de cap\u00e8les lateraus e cabe\u00e7ada per ua absida poligonau.<\/p>\n<p>Maugrat era unitat estilistica dera gl\u00e8isa de Gausac, \u00f2c que se met de manif\u00e8st ua seq\u00fcencialitat constructiva que semble arringar enes darreries deth s\u00e8gle XIII o comen\u00e7ament deth XIV enquia arribar ena plenitud formau gotica deth s\u00e8gle XV. Pr\u2019amor dera intervencion efectuada en ostiu der an 2001, se confirm\u00e8c era pres\u00e9ncia d\u2019elements constructius pertanhents as darreries deth peri\u00f2de romanic.<\/p>\n<p>Er eretatge romanic se rem\u00e8rque en batiader que trapam laguens deth temple. Se tracte d\u2019un vas cilindriforme a on i a esculpit un discurs iconografic pari\u00e8r ath des batiaderes de Casau e Escunhau. Tanben ei dera ep\u00f2ca romanica er aiguasenh\u00e8r que trapam encastrat en interior dera gl\u00e8isa, a pr\u00f2p dera p\u00f2rta d\u2019entrada; era sua decoracion se base en elements vegetaus \u2013cam\u00e8res e huelhes-, f\u00f2r\u00e7a repetida en batiaderes e aiguanhenh\u00e8rs e que tanben trapam enes de en Mont, Casau, Escunhau, Beg\u00f3s, eca.<\/p>\n<p>Era estructura arquitectonica dera gl\u00e8isa se ten a base de pilastres de seccion semicilindrica, des d\u2019a on gessen es v\u00f2utes de crotzeria que curbissen era bastenda. Era absida, en tot seguir es directritzes formaus deth gotic, ei de configuracion poligonau. Ent\u00e0 acabar, cau destacar eth Crist esculpit que traparam encastrat en un des murs deth nart\u00e8x o n\u00e8ira d\u2019entrada e que poderie procedir deth timpan dera anteriora gl\u00e8isa romanica.[\/vc_column_text][vc_single_image image=&#8221;39141&#8243; img_size=&#8221;full&#8221;][\/vc_column][\/vc_row]<\/p>\n ","protected":false},"excerpt":{"rendered":"<p>[vc_row][vc_column][vc_single_image image=&#8221;39051&#8243; img_size=&#8221;full&#8221;][vc_column_text]Vista general de l\u2019exterior de l\u2019esgl\u00e9sia Era gl\u00e8isa de Sant Martin de Gausac ei un magnific exemple d\u2019arquitectura gotica, un estil artistic p\u00f2c comun ena Val d\u2019Aran. S\u2019articule en ua soleta nau, damb era incorporacion de cap\u00e8les lateraus e cabe\u00e7ada per ua absida poligonau. Maugrat era unitat estilistica dera gl\u00e8isa de Gausac, \u00f2c&#8230;<\/p>\n","protected":false},"author":8,"featured_media":0,"parent":39093,"menu_order":0,"comment_status":"closed","ping_status":"closed","template":"page-full.php","meta":{"footnotes":""},"_links":{"self":[{"href":"https:\/\/www.conselharan.org\/ca\/wp-json\/wp\/v2\/pages\/39146"}],"collection":[{"href":"https:\/\/www.conselharan.org\/ca\/wp-json\/wp\/v2\/pages"}],"about":[{"href":"https:\/\/www.conselharan.org\/ca\/wp-json\/wp\/v2\/types\/page"}],"author":[{"embeddable":true,"href":"https:\/\/www.conselharan.org\/ca\/wp-json\/wp\/v2\/users\/8"}],"replies":[{"embeddable":true,"href":"https:\/\/www.conselharan.org\/ca\/wp-json\/wp\/v2\/comments?post=39146"}],"version-history":[{"count":2,"href":"https:\/\/www.conselharan.org\/ca\/wp-json\/wp\/v2\/pages\/39146\/revisions"}],"predecessor-version":[{"id":40070,"href":"https:\/\/www.conselharan.org\/ca\/wp-json\/wp\/v2\/pages\/39146\/revisions\/40070"}],"up":[{"embeddable":true,"href":"https:\/\/www.conselharan.org\/ca\/wp-json\/wp\/v2\/pages\/39093"}],"wp:attachment":[{"href":"https:\/\/www.conselharan.org\/ca\/wp-json\/wp\/v2\/media?parent=39146"}],"curies":[{"name":"wp","href":"https:\/\/api.w.org\/{rel}","templated":true}]}}