{"id":39186,"date":"2021-01-12T09:52:52","date_gmt":"2021-01-12T08:52:52","guid":{"rendered":"https:\/\/www.conselharan.org\/museus-dera-val-daran-un-museu-en-territori\/rota-deth-romanic-d-aran\/santa-maria-de-vilamos\/"},"modified":"2021-02-01T12:57:16","modified_gmt":"2021-02-01T11:57:16","slug":"santa-maria-de-vilamos","status":"publish","type":"page","link":"https:\/\/www.conselharan.org\/ca\/cultura\/museus-dera-val-daran-un-museu-en-territori\/rota-deth-romanic-d-aran\/santa-maria-de-vilamos\/","title":{"rendered":"Santa Maria de Vilam\u00f2s"},"content":{"rendered":"<p>[vc_row][vc_column][vc_single_image image=&#8221;39836&#8243; img_size=&#8221;full&#8221;][vc_column_text]<span style=\"font-family: Cambria, serif;\"><span style=\"font-size: small;\">Santa Maria de Vilam\u00f2s<\/span><\/span><\/p>\n<p>Era gl\u00e8isa de Santa Maria de Vilam\u00f2s c\u00f2nste d\u2019ua planta basilicau de tres naus: era nau centrau e era laterau de meddia presenten ua v\u00f2uta de canon o de miei punt e era v\u00f2uta dera nau de n\u00f2rd\u00a0 ei de quart de cercle. Tota era estructura se ten damb uns pilars circulars rematadi en ua imp\u00f2sta sense decorar. Era darr\u00e8ra restauracion a amuishat era configuracion dera ma\u00e7oneria interiora, a on s\u2019obs\u00e8rve era disposicion ordenada e escairada des carr\u00e8us, f\u00f2r\u00e7a pr\u00f2pia deth peri\u00f2de romanic.<\/p>\n<p>Ena part centrau deth mur de meddia i a adossada era tor campanau dera gl\u00e8isa, eth quau, amassa damb eth dera gl\u00e8isa de Boss\u00f2st, son es dus unics campanaus romanics que se cons\u00e8rven ena Val d\u2019Aran. Era disposicion de dubertures e elements decoratius deth campanau de Vilam\u00f2s ei tot a f\u00e8t romanica; ne son exemples es hiestraus de miei punt adoveladi e es lesenes que recorren eth c\u00f2s deth campanau.<\/p>\n<p>Ja en ep\u00f2ca mod\u00e8rna s\u2019incorpor\u00e8c era cabe\u00e7ada actuau, que substitu\u00efc er originau\u00a0 romanic. Era p\u00f2rta d\u2019acc\u00e8s ath temple, origin\u00e0riament pla\u00e7ada en mur de meddia, demore pla\u00e7ada actuaument en mur de cogant e ei de bastenda mod\u00e8rna, der an 1816. Ath dess\u00fas se i plac\u00e8c er antic crismon romanic.<\/p>\n<p>Un des atractius artistics m\u00e8s subergessents dera gl\u00e8isa de Santa Maria de Vilam\u00f2s son es lauses funer\u00e0ries romanes, que se trapen encastrades en diu\u00e8rsi ambits muraus. Destaquen sustot es que i a junhudes ara tor deth campanau e que s\u2019obs\u00e8rven deth carr\u00e8r estant.[\/vc_column_text][\/vc_column][\/vc_row]<\/p>\n ","protected":false},"excerpt":{"rendered":"<p>[vc_row][vc_column][vc_single_image image=&#8221;39836&#8243; img_size=&#8221;full&#8221;][vc_column_text]Santa Maria de Vilam\u00f2s Era gl\u00e8isa de Santa Maria de Vilam\u00f2s c\u00f2nste d\u2019ua planta basilicau de tres naus: era nau centrau e era laterau de meddia presenten ua v\u00f2uta de canon o de miei punt e era v\u00f2uta dera nau de n\u00f2rd\u00a0 ei de quart de cercle. Tota era estructura se ten damb&#8230;<\/p>\n","protected":false},"author":8,"featured_media":0,"parent":39093,"menu_order":0,"comment_status":"closed","ping_status":"closed","template":"page-full.php","meta":{"footnotes":""},"_links":{"self":[{"href":"https:\/\/www.conselharan.org\/ca\/wp-json\/wp\/v2\/pages\/39186"}],"collection":[{"href":"https:\/\/www.conselharan.org\/ca\/wp-json\/wp\/v2\/pages"}],"about":[{"href":"https:\/\/www.conselharan.org\/ca\/wp-json\/wp\/v2\/types\/page"}],"author":[{"embeddable":true,"href":"https:\/\/www.conselharan.org\/ca\/wp-json\/wp\/v2\/users\/8"}],"replies":[{"embeddable":true,"href":"https:\/\/www.conselharan.org\/ca\/wp-json\/wp\/v2\/comments?post=39186"}],"version-history":[{"count":2,"href":"https:\/\/www.conselharan.org\/ca\/wp-json\/wp\/v2\/pages\/39186\/revisions"}],"predecessor-version":[{"id":40086,"href":"https:\/\/www.conselharan.org\/ca\/wp-json\/wp\/v2\/pages\/39186\/revisions\/40086"}],"up":[{"embeddable":true,"href":"https:\/\/www.conselharan.org\/ca\/wp-json\/wp\/v2\/pages\/39093"}],"wp:attachment":[{"href":"https:\/\/www.conselharan.org\/ca\/wp-json\/wp\/v2\/media?parent=39186"}],"curies":[{"name":"wp","href":"https:\/\/api.w.org\/{rel}","templated":true}]}}