{"id":39244,"date":"2021-01-12T12:50:21","date_gmt":"2021-01-12T11:50:21","guid":{"rendered":"https:\/\/www.conselharan.org\/patrimoni-culturau-dera-val-daran\/actuacions-patrimoni-en-2009\/descoberta-e-restauracion-de-naues-pintures-muraus-ena-gleisa-de-santa-eularia-dunha\/"},"modified":"2021-01-12T12:50:21","modified_gmt":"2021-01-12T11:50:21","slug":"descoberta-e-restauracion-de-naues-pintures-muraus-ena-gleisa-de-santa-eularia-dunha","status":"publish","type":"page","link":"https:\/\/www.conselharan.org\/ca\/cultura\/patrimoni-culturau-dera-val-daran\/actuacions-patrimoni-en-2009\/descoberta-e-restauracion-de-naues-pintures-muraus-ena-gleisa-de-santa-eularia-dunha\/","title":{"rendered":"Descob\u00e8rta e restauracion de naues pintures muraus ena gl\u00e8isa de Santa Eul\u00e0ria d\u2019Unha"},"content":{"rendered":"<p>Frut des trabalhs de recuperacion e restauracion de pintures prebotjadi peth Conselh Generau d\u2019Aran ena gl\u00e8isa de Santa Eul\u00e0ria d\u2019Unha (Naut Aran) pendent eth mes de junhs\u00e8ga e agost d\u2019enguan, ei era descob\u00e8rta ena v\u00f2uta deth prum\u00e8r tram dera nau laterau sud dera gl\u00e8isa, d\u2019ues pintures renaishentistes de plan nauta qualitat artistica e f\u00f2r\u00e7a ben conservades. Se tracte dera representacion des tres vertuts teologaus (F\u00e8, Esperan\u00e7a e Caritat) e des quate vertuts cardinaus (prud\u00e9ncia, just\u00edcia, fortalesa e temper\u00e0ncia), simbolizades per personatges femenins portant es respectius atributs e emmarcades per ua arquitectura de caract\u00e8r plan classic tamb colomnes e fronton.<br \/>\nMaugrat era manca d\u2019un estudi apregondit, eth conjunt se p\u00f2t datar ena dusau meitat deth s\u00e8gle XVI o principis deth XVII.<\/p>\n<p>Era exist\u00e9ncia d\u2019ua representacion pictorica des vertuts ena v\u00f2uta se coneishie ja des deth 2007, demp\u00fas d\u2019ua campanha de restauracion anteriora, Totun era descob\u00e8rta a surprenut pera nauta qualitat artistica, eth s\u00f2n acusat classicisme e eth bon estat de conservacion.<\/p>\n ","protected":false},"excerpt":{"rendered":"<p>Frut des trabalhs de recuperacion e restauracion de pintures prebotjadi peth Conselh Generau d\u2019Aran ena gl\u00e8isa de Santa Eul\u00e0ria d\u2019Unha (Naut Aran) pendent eth mes de junhs\u00e8ga e agost d\u2019enguan, ei era descob\u00e8rta ena v\u00f2uta deth prum\u00e8r tram dera nau laterau sud dera gl\u00e8isa, d\u2019ues pintures renaishentistes de plan nauta qualitat artistica e f\u00f2r\u00e7a ben&#8230;<\/p>\n","protected":false},"author":8,"featured_media":0,"parent":38617,"menu_order":0,"comment_status":"closed","ping_status":"closed","template":"page-full.php","meta":{"footnotes":""},"_links":{"self":[{"href":"https:\/\/www.conselharan.org\/ca\/wp-json\/wp\/v2\/pages\/39244"}],"collection":[{"href":"https:\/\/www.conselharan.org\/ca\/wp-json\/wp\/v2\/pages"}],"about":[{"href":"https:\/\/www.conselharan.org\/ca\/wp-json\/wp\/v2\/types\/page"}],"author":[{"embeddable":true,"href":"https:\/\/www.conselharan.org\/ca\/wp-json\/wp\/v2\/users\/8"}],"replies":[{"embeddable":true,"href":"https:\/\/www.conselharan.org\/ca\/wp-json\/wp\/v2\/comments?post=39244"}],"version-history":[{"count":0,"href":"https:\/\/www.conselharan.org\/ca\/wp-json\/wp\/v2\/pages\/39244\/revisions"}],"up":[{"embeddable":true,"href":"https:\/\/www.conselharan.org\/ca\/wp-json\/wp\/v2\/pages\/38617"}],"wp:attachment":[{"href":"https:\/\/www.conselharan.org\/ca\/wp-json\/wp\/v2\/media?parent=39244"}],"curies":[{"name":"wp","href":"https:\/\/api.w.org\/{rel}","templated":true}]}}