{"id":39260,"date":"2021-01-12T13:03:13","date_gmt":"2021-01-12T12:03:13","guid":{"rendered":"https:\/\/www.conselharan.org\/patrimoni-culturau-dera-val-daran\/actuacions-patrimoni-en-2009\/drenatge-ena-gleisa-de-begos\/"},"modified":"2021-01-12T13:03:13","modified_gmt":"2021-01-12T12:03:13","slug":"drenatge-ena-gleisa-de-begos","status":"publish","type":"page","link":"https:\/\/www.conselharan.org\/ca\/cultura\/patrimoni-culturau-dera-val-daran\/actuacions-patrimoni-en-2009\/drenatge-ena-gleisa-de-begos\/","title":{"rendered":"Drenatge ena gl\u00e8isa de Beg\u00f3s"},"content":{"rendered":"<p>Pendent era primauera s\u2019amiat a t\u00e8rme ua actuacion ena gl\u00e8isa de Sant R\u00f2c de Beg\u00f3s ent\u00e0 res\u00f2lver es gr\u00e8us umiditats qu\u2019afectauen era bastissa. Era intervencion qu\u2019a auut un c\u00f2st d\u2019aprupr\u00e8tz 12.000\u20ac a consistit en un drenatge perimetrau ena part m\u00e8s afectada, eth costat n\u00f2rd dera bastissa a on se trape eth cement\u00e8ri, en tot impermeabilizar era part inferiora deth mur e dotar-lo d\u2019un sist\u00e8ma d\u2019evacacuacion d\u2019aig\u00fces.<\/p>\n<p>Era intervencion a permetut tanben m\u00e9ter de manif\u00e8st es origens romanics dera bastissa, tamb era eliminacion dera g\u00e8dra que caperaue eth pan de mur conservat en costat n\u00f2rd decorat tamb un fris de dents de ress\u00e8ga e arcs c\u00e8cs d\u2019estil lombard e era descob\u00e8rta de part deth parament dera absida romanica integrat en ua ampliacion posteriora.<br \/>\nEth Conselh Generau d\u2019Aran a era intencion d\u2019amiar a t\u00e8rme d\u2019autes actuacions en edifici ent\u00e0 h\u00e8r-lo visitable pr\u2019amor de considerar-lo un interessant exponent que permet seguir a trau\u00e8s des s\u00f2ns murs e mobiliari era seq\u00fc\u00e9ncia cronologica e artistica des der estil romanic e gotic enquiar estil barr\u00f2c des s\u00e8gles XVII e XVIII sense desbrembar-se deth rempleg d\u2019ep\u00f2ca romana integrat en mur que permet retrocedir enqui\u00e0s s\u00e8gles IV o V dC.<\/p>\n ","protected":false},"excerpt":{"rendered":"<p>Pendent era primauera s\u2019amiat a t\u00e8rme ua actuacion ena gl\u00e8isa de Sant R\u00f2c de Beg\u00f3s ent\u00e0 res\u00f2lver es gr\u00e8us umiditats qu\u2019afectauen era bastissa. Era intervencion qu\u2019a auut un c\u00f2st d\u2019aprupr\u00e8tz 12.000\u20ac a consistit en un drenatge perimetrau ena part m\u00e8s afectada, eth costat n\u00f2rd dera bastissa a on se trape eth cement\u00e8ri, en tot impermeabilizar&#8230;<\/p>\n","protected":false},"author":8,"featured_media":0,"parent":38617,"menu_order":0,"comment_status":"closed","ping_status":"closed","template":"page-full.php","meta":{"footnotes":""},"_links":{"self":[{"href":"https:\/\/www.conselharan.org\/ca\/wp-json\/wp\/v2\/pages\/39260"}],"collection":[{"href":"https:\/\/www.conselharan.org\/ca\/wp-json\/wp\/v2\/pages"}],"about":[{"href":"https:\/\/www.conselharan.org\/ca\/wp-json\/wp\/v2\/types\/page"}],"author":[{"embeddable":true,"href":"https:\/\/www.conselharan.org\/ca\/wp-json\/wp\/v2\/users\/8"}],"replies":[{"embeddable":true,"href":"https:\/\/www.conselharan.org\/ca\/wp-json\/wp\/v2\/comments?post=39260"}],"version-history":[{"count":0,"href":"https:\/\/www.conselharan.org\/ca\/wp-json\/wp\/v2\/pages\/39260\/revisions"}],"up":[{"embeddable":true,"href":"https:\/\/www.conselharan.org\/ca\/wp-json\/wp\/v2\/pages\/38617"}],"wp:attachment":[{"href":"https:\/\/www.conselharan.org\/ca\/wp-json\/wp\/v2\/media?parent=39260"}],"curies":[{"name":"wp","href":"https:\/\/api.w.org\/{rel}","templated":true}]}}