{"id":39297,"date":"2021-01-13T09:31:03","date_gmt":"2021-01-13T08:31:03","guid":{"rendered":"https:\/\/www.conselharan.org\/patrimoni-culturau-dera-val-daran\/actuacions-patrimoni-en-2008\/un-nau-sistema-expositiu-acuelh-eth-crist-de-mijaran\/"},"modified":"2021-01-13T09:31:03","modified_gmt":"2021-01-13T08:31:03","slug":"un-nau-sistema-expositiu-acuelh-eth-crist-de-mijaran","status":"publish","type":"page","link":"https:\/\/www.conselharan.org\/ca\/cultura\/patrimoni-culturau-dera-val-daran\/actuacions-patrimoni-en-2008\/un-nau-sistema-expositiu-acuelh-eth-crist-de-mijaran\/","title":{"rendered":"Un nau sist\u00e8ma expositiu acuelh eth Crist de Mijaran"},"content":{"rendered":"<p>Des deth passat mes de mar\u00e7 era emblematica imatge romanica deth Crist de Mijaran, sauvada ena gl\u00e8isa de Sant Miqu\u00e8u de Vielha, gaud\u00eds d\u2019un nau sistema expositiu.<\/p>\n<p>Eth Conselh Generau d\u2019Aran en collaboracion tamb era parroquia, ena sua preocupacion ent\u00e0 conservar e m\u00e9ter en valor que le correspon ua \u00f2bra de tan nauta significacion art\u00edstica, encarguec eth dessenh e produccion deth proj\u00e8cte a ua empresa especializada en proj\u00e8ctes e servicis tecnics ent\u00e0 mus\u00e8us.<\/p>\n<p>Era naua presentacion, frut d\u2019un trabalh interdesciplinari dignifique e afavor\u00eds era comprension dera p\u00e8\u00e7a e era sua integracion laguens d\u2019un espaci de culte en tot garantir ath madeish temps era sua preservaci\u00f3n.<\/p>\n<p>Ua naua urna estanca, dotada de diuersi dispositius de seguretat e de contr\u00f2tle climatic, constitu\u00eds er element centrau dera cap\u00e8la laterau a on ei pla\u00e7at eth Crist, en tot protegir era p\u00e8\u00e7a des condicions medioambientaus ext\u00e8rnes , adocint era temperatura, estabilizant era umetat, e filtrant es radiacions ultraviolades nociues entara magnifica policrom\u00eda origin\u00e0ria qu\u2019era imatge a conservat.<\/p>\n<p>D\u2019auta part, tamb era volontat de perm\u00e9ter era perf\u00e8cta visualizacion dera \u00f2bra, era veirina incorp\u00f2re ua nau\u00e8ra tecnolog\u00eda d\u2019illominacion integrada per leds.<\/p>\n<p>Dus plafons explicatius permeten de manera grafica e escrita apropar e dar a con\u00e9isher era significaci\u00f3n artistica e istorica deth Crist de Mijaran, \u00f2bra capdau deth nomentat m\u00e8stre d\u2019Erill.<\/p>\n<p>Era naue presentacion se complete tamb era illominacion tamben mejan\u00e7ant leds des pintures deth s. XVII qu\u2019en tot representar sc\u00e8nes dera vida de Crist dec\u00f2ren era v\u00f2uta dera ponina cap\u00e8la.<\/p>\n<p>Era actuacion qu\u2019a supausat un c\u00f2st d\u2019aproximadament 25.000\u20ac s\u2019enquadre laguens deth programa Interreg IIIA, Fran\u00e7a-Espanha, Camins Pirenencs der Art Romanic<\/p>\n ","protected":false},"excerpt":{"rendered":"<p>Des deth passat mes de mar\u00e7 era emblematica imatge romanica deth Crist de Mijaran, sauvada ena gl\u00e8isa de Sant Miqu\u00e8u de Vielha, gaud\u00eds d\u2019un nau sistema expositiu. Eth Conselh Generau d\u2019Aran en collaboracion tamb era parroquia, ena sua preocupacion ent\u00e0 conservar e m\u00e9ter en valor que le correspon ua \u00f2bra de tan nauta significacion art\u00edstica,&#8230;<\/p>\n","protected":false},"author":8,"featured_media":0,"parent":39265,"menu_order":0,"comment_status":"closed","ping_status":"closed","template":"page-full.php","meta":{"footnotes":""},"_links":{"self":[{"href":"https:\/\/www.conselharan.org\/ca\/wp-json\/wp\/v2\/pages\/39297"}],"collection":[{"href":"https:\/\/www.conselharan.org\/ca\/wp-json\/wp\/v2\/pages"}],"about":[{"href":"https:\/\/www.conselharan.org\/ca\/wp-json\/wp\/v2\/types\/page"}],"author":[{"embeddable":true,"href":"https:\/\/www.conselharan.org\/ca\/wp-json\/wp\/v2\/users\/8"}],"replies":[{"embeddable":true,"href":"https:\/\/www.conselharan.org\/ca\/wp-json\/wp\/v2\/comments?post=39297"}],"version-history":[{"count":0,"href":"https:\/\/www.conselharan.org\/ca\/wp-json\/wp\/v2\/pages\/39297\/revisions"}],"up":[{"embeddable":true,"href":"https:\/\/www.conselharan.org\/ca\/wp-json\/wp\/v2\/pages\/39265"}],"wp:attachment":[{"href":"https:\/\/www.conselharan.org\/ca\/wp-json\/wp\/v2\/media?parent=39297"}],"curies":[{"name":"wp","href":"https:\/\/api.w.org\/{rel}","templated":true}]}}