{"id":39318,"date":"2021-01-13T10:09:43","date_gmt":"2021-01-13T09:09:43","guid":{"rendered":"https:\/\/www.conselharan.org\/patrimoni-culturau-dera-val-daran\/actuacions-patrimoni-en-2008\/apraiament-deth-losat-deth-campanau-de-sant-peir-de-betlan\/"},"modified":"2021-01-13T10:10:34","modified_gmt":"2021-01-13T09:10:34","slug":"apraiament-deth-losat-deth-campanau-de-sant-peir-de-betlan","status":"publish","type":"page","link":"https:\/\/www.conselharan.org\/ca\/cultura\/patrimoni-culturau-dera-val-daran\/actuacions-patrimoni-en-2008\/apraiament-deth-losat-deth-campanau-de-sant-peir-de-betlan\/","title":{"rendered":"Apraiament deth losat deth campanau de Sant P\u00e8ir de Betlan"},"content":{"rendered":"<p>Ena darrera setmana de junhs\u00e8ga s\u2019execut\u00e8c era reparacion deth losat deth campanau dera gl\u00e8isa de Sant P\u00e8ir de Betlan, encomanada peth departament de Cultura e Politica Ling\u00fcistica deth Conselh Generau, per un imp\u00f2rt d\u201911.000\u20ac damb er objectiu de h\u00e8r front ara precaria situacion en quau se trapaue era estructura deth tet.<\/p>\n ","protected":false},"excerpt":{"rendered":"<p>Ena darrera setmana de junhs\u00e8ga s\u2019execut\u00e8c era reparacion deth losat deth campanau dera gl\u00e8isa de Sant P\u00e8ir de Betlan, encomanada peth departament de Cultura e Politica Ling\u00fcistica deth Conselh Generau, per un imp\u00f2rt d\u201911.000\u20ac damb er objectiu de h\u00e8r front ara precaria situacion en quau se trapaue era estructura deth tet.<\/p>\n","protected":false},"author":8,"featured_media":0,"parent":39265,"menu_order":0,"comment_status":"closed","ping_status":"closed","template":"page-full.php","meta":{"footnotes":""},"_links":{"self":[{"href":"https:\/\/www.conselharan.org\/ca\/wp-json\/wp\/v2\/pages\/39318"}],"collection":[{"href":"https:\/\/www.conselharan.org\/ca\/wp-json\/wp\/v2\/pages"}],"about":[{"href":"https:\/\/www.conselharan.org\/ca\/wp-json\/wp\/v2\/types\/page"}],"author":[{"embeddable":true,"href":"https:\/\/www.conselharan.org\/ca\/wp-json\/wp\/v2\/users\/8"}],"replies":[{"embeddable":true,"href":"https:\/\/www.conselharan.org\/ca\/wp-json\/wp\/v2\/comments?post=39318"}],"version-history":[{"count":1,"href":"https:\/\/www.conselharan.org\/ca\/wp-json\/wp\/v2\/pages\/39318\/revisions"}],"predecessor-version":[{"id":39321,"href":"https:\/\/www.conselharan.org\/ca\/wp-json\/wp\/v2\/pages\/39318\/revisions\/39321"}],"up":[{"embeddable":true,"href":"https:\/\/www.conselharan.org\/ca\/wp-json\/wp\/v2\/pages\/39265"}],"wp:attachment":[{"href":"https:\/\/www.conselharan.org\/ca\/wp-json\/wp\/v2\/media?parent=39318"}],"curies":[{"name":"wp","href":"https:\/\/api.w.org\/{rel}","templated":true}]}}