{"id":39330,"date":"2021-01-13T10:12:30","date_gmt":"2021-01-13T09:12:30","guid":{"rendered":"https:\/\/www.conselharan.org\/patrimoni-culturau-dera-val-daran\/actuacions-patrimoni-en-2008\/renovacion-dera-coberta-dera-glcisa-de-st-miqueu-de-vielha\/"},"modified":"2021-01-13T10:12:30","modified_gmt":"2021-01-13T09:12:30","slug":"renovacion-dera-coberta-dera-glcisa-de-st-miqueu-de-vielha","status":"publish","type":"page","link":"https:\/\/www.conselharan.org\/ca\/cultura\/patrimoni-culturau-dera-val-daran\/actuacions-patrimoni-en-2008\/renovacion-dera-coberta-dera-glcisa-de-st-miqueu-de-vielha\/","title":{"rendered":"Renovacion dera cob\u00e8rta dera gl\u010disa de St. Miqu\u00e8u de Vielha"},"content":{"rendered":"<p>Eth Conselh Generau d\u2019Aran a comen\u00e7at pendent eth mes de junhs\u00e8ga es trabalhs de renovacion dera cob\u00e8rta deth creu\u00e8r e dera sacristia dera gl\u00e8isa de St. Miqu\u00e8u de Vielha. Es \u00f2bres, adjudicades tamb caract\u00e8r d\u2019urg\u00e9ncia pr\u2019amor des filtracions d\u2019aigua que dej\u00e0 se produs\u00edssen, an un c\u00f2st de 75.440\u20ac e an compdat tamb ua subvencion dera Direccion Generau de Patrim\u00f2ni Culturau dera Generalitat de Catalonha.<\/p>\n<p>Era intervencion prepause era substitucion des materiaus maumerents per auti de naui des madeishes caracteristiques, en tot conservar er asp\u00e8cte e volumetria originaus, exceptat en volad\u00eds deth tet que se preten s\u2019alongar-lo ent\u00e0 balhar ua melhor proteccion dera pluja as fa\u00e7ades dera gl\u00e8isa.<\/p>\n ","protected":false},"excerpt":{"rendered":"<p>Eth Conselh Generau d\u2019Aran a comen\u00e7at pendent eth mes de junhs\u00e8ga es trabalhs de renovacion dera cob\u00e8rta deth creu\u00e8r e dera sacristia dera gl\u00e8isa de St. Miqu\u00e8u de Vielha. Es \u00f2bres, adjudicades tamb caract\u00e8r d\u2019urg\u00e9ncia pr\u2019amor des filtracions d\u2019aigua que dej\u00e0 se produs\u00edssen, an un c\u00f2st de 75.440\u20ac e an compdat tamb ua subvencion dera&#8230;<\/p>\n","protected":false},"author":8,"featured_media":0,"parent":39265,"menu_order":0,"comment_status":"closed","ping_status":"closed","template":"page-full.php","meta":{"footnotes":""},"_links":{"self":[{"href":"https:\/\/www.conselharan.org\/ca\/wp-json\/wp\/v2\/pages\/39330"}],"collection":[{"href":"https:\/\/www.conselharan.org\/ca\/wp-json\/wp\/v2\/pages"}],"about":[{"href":"https:\/\/www.conselharan.org\/ca\/wp-json\/wp\/v2\/types\/page"}],"author":[{"embeddable":true,"href":"https:\/\/www.conselharan.org\/ca\/wp-json\/wp\/v2\/users\/8"}],"replies":[{"embeddable":true,"href":"https:\/\/www.conselharan.org\/ca\/wp-json\/wp\/v2\/comments?post=39330"}],"version-history":[{"count":0,"href":"https:\/\/www.conselharan.org\/ca\/wp-json\/wp\/v2\/pages\/39330\/revisions"}],"up":[{"embeddable":true,"href":"https:\/\/www.conselharan.org\/ca\/wp-json\/wp\/v2\/pages\/39265"}],"wp:attachment":[{"href":"https:\/\/www.conselharan.org\/ca\/wp-json\/wp\/v2\/media?parent=39330"}],"curies":[{"name":"wp","href":"https:\/\/api.w.org\/{rel}","templated":true}]}}