{"id":39387,"date":"2021-01-13T10:43:26","date_gmt":"2021-01-13T09:43:26","guid":{"rendered":"https:\/\/www.conselharan.org\/patrimoni-culturau-dera-val-daran\/actuacions-patrimoni-en-2008\/reproduccion-virtuau-des-pintures-romaniques-de-sta-maria-de-cap-daran\/"},"modified":"2021-01-13T10:43:26","modified_gmt":"2021-01-13T09:43:26","slug":"reproduccion-virtuau-des-pintures-romaniques-de-sta-maria-de-cap-daran","status":"publish","type":"page","link":"https:\/\/www.conselharan.org\/ca\/cultura\/patrimoni-culturau-dera-val-daran\/actuacions-patrimoni-en-2008\/reproduccion-virtuau-des-pintures-romaniques-de-sta-maria-de-cap-daran\/","title":{"rendered":"Reproduccion virtuau des pintures romaniques de Sta. Maria de Cap d\u2019Aran"},"content":{"rendered":"<p>[vc_row][vc_column][vc_column_text]Frut deth conv\u00e8ni entre Conselh Generau d&#8217;Aran, departament de Politica Territoriau e \u00d2bres Publiques (PTOP), Entitat Menor Descentralizada de Tred\u00f2s e Bisbat d&#8217;Urgell ei un proj\u00e8cte entara reproduccion virtuau des pintures romaniques deth s\u00e8gle XII dera gl\u00e8isa de Santa Maria de Cap d&#8217;Aran, que sigueren expoliades pendent ena postgu\u00e8rra e en part, ara exposades en Metropolitan Museum de Naua York, damb ua inversion de m\u00e9s de 60.000\u00e8uros.<\/p>\n<p>Es imatges que se projectaran damb nauta resolucion en un des lateraus deth temple, damb era possibilitat de projectar-les en un futur en absis d&#8217;a on provenguien. Entad a\u00e7\u00f2, eth Conselh Generau a encomanat ara Universitat Politecnica de Catalonha (UPC) eth proj\u00e8cte entrara reproduccion der ensem des pintures, que decoraue er absis e eth presbit\u00e8ri. Ena v\u00f2uta dera absida se i representaue era esc\u00e8na principau dera Mair de Diu en Majestat e eth Mainatge, flanquejada pes arc\u00e0ngels Sant Gabri\u00e8l e Sant Miqu\u00e8u e dera Adoracion des Reis. Completauen er ensem un Pantrocrator, er Esperit Sant jos forma de colomba e diuersi sants e apostols.[\/vc_column_text][vc_single_image image=&#8221;39382&#8243; img_size=&#8221;full&#8221;][\/vc_column][\/vc_row]<\/p>\n ","protected":false},"excerpt":{"rendered":"<p>[vc_row][vc_column][vc_column_text]Frut deth conv\u00e8ni entre Conselh Generau d&#8217;Aran, departament de Politica Territoriau e \u00d2bres Publiques (PTOP), Entitat Menor Descentralizada de Tred\u00f2s e Bisbat d&#8217;Urgell ei un proj\u00e8cte entara reproduccion virtuau des pintures romaniques deth s\u00e8gle XII dera gl\u00e8isa de Santa Maria de Cap d&#8217;Aran, que sigueren expoliades pendent ena postgu\u00e8rra e en part, ara exposades en&#8230;<\/p>\n","protected":false},"author":8,"featured_media":0,"parent":39265,"menu_order":0,"comment_status":"closed","ping_status":"closed","template":"page-full.php","meta":{"footnotes":""},"_links":{"self":[{"href":"https:\/\/www.conselharan.org\/ca\/wp-json\/wp\/v2\/pages\/39387"}],"collection":[{"href":"https:\/\/www.conselharan.org\/ca\/wp-json\/wp\/v2\/pages"}],"about":[{"href":"https:\/\/www.conselharan.org\/ca\/wp-json\/wp\/v2\/types\/page"}],"author":[{"embeddable":true,"href":"https:\/\/www.conselharan.org\/ca\/wp-json\/wp\/v2\/users\/8"}],"replies":[{"embeddable":true,"href":"https:\/\/www.conselharan.org\/ca\/wp-json\/wp\/v2\/comments?post=39387"}],"version-history":[{"count":0,"href":"https:\/\/www.conselharan.org\/ca\/wp-json\/wp\/v2\/pages\/39387\/revisions"}],"up":[{"embeddable":true,"href":"https:\/\/www.conselharan.org\/ca\/wp-json\/wp\/v2\/pages\/39265"}],"wp:attachment":[{"href":"https:\/\/www.conselharan.org\/ca\/wp-json\/wp\/v2\/media?parent=39387"}],"curies":[{"name":"wp","href":"https:\/\/api.w.org\/{rel}","templated":true}]}}