{"id":39456,"date":"2021-01-13T12:40:46","date_gmt":"2021-01-13T11:40:46","guid":{"rendered":"https:\/\/www.conselharan.org\/patrimoni-culturau-dera-val-daran\/actuacions-en-patrimoni-2007\/"},"modified":"2021-01-26T09:29:35","modified_gmt":"2021-01-26T08:29:35","slug":"actuacions-en-patrimoni-2007","status":"publish","type":"page","link":"https:\/\/www.conselharan.org\/ca\/cultura\/patrimoni-culturau-dera-val-daran\/actuacions-en-patrimoni-2007\/","title":{"rendered":"Actuacions en patrim\u00f2ni 2007"},"content":{"rendered":"<p>ACTUACIONS DE CONSERVACION E RESTAURACION DETH PATRIM\u00d2NI PENDENT 2007<\/p>\n<p>En s\u00f2n pr\u00e8tzh\u00e8t de conservar e recuperar es bens integrants deth patrim\u00f2ni culturau aran\u00e9s, eth Conselh Generau d\u2019Aran a desvolopat o prev\u00e9 desvolopar enguan diu\u00e8rses actuacions, un nombre important des quaus af\u00e8cten a gl\u00e8ises que coma ben sabem, constitu\u00efssen ua part plan subergessenta deth n\u00f2ste patrim\u00f2ni.<\/p>\n<p>Restauracion des p\u00f2rtes dera gl\u00e8isa dera Mair de Diu dera Purificacion de Boss\u00f2st<\/p>\n<p>Amiada a t\u00e8rme ena tardoada de 2006 era neteja des elements arquitectonics que configuren andues, entre g\u00e8r e hereu\u00e8r de 2007, eth Conselh Generau d\u2019Aran contunh\u00e8c tamb es trabalhs de meteja, assolidament e restauracion des p\u00f2rtes de husta que barren andues portades, en aguest cas, a cargue dera restauradora Sra. Gl\u00f2ria Corona e Socasau.<\/p>\n<p>Aguestes p\u00f2rtes, \u00f2bra des s\u00e8gles XVII o XVIII, formades cadua per dues huelhes de husta de cerid\u00e8r, son dividides en tres quarterons. Es quarterons superiors son decoradi tamb eth simb\u00e8u deth Papat: era tiara e es claus crotzades. Enes centraus i son representades crotz de ueit puntes en tot qu\u2019es inferiors non p\u00f2rten decoracion.<\/p>\n<p>Era intervencion qu\u2019a auut un c\u00f2st aproximat de 6.000\u20ac, realizada cossent tamb eth crit\u00e8ri de maxim resp\u00e8cte ent\u00e0s elements originaus, s\u2019a encaminat a estabilizar era husta e arturar eth proc\u00e8s de degradacion, sonque tamb aqueres restitucions inprescindibles ent\u00e0 non distorsionar era visualizacion dera \u00f2bra.<\/p>\n<p><img loading=\"lazy\" decoding=\"async\" class=\"alignnone wp-image-39451 size-full\" src=\"https:\/\/www.conselharan.org\/wp-content\/uploads\/2021\/01\/act_1_2007.jpg\" alt=\"\" width=\"222\" height=\"408\" srcset=\"https:\/\/www.conselharan.org\/wp-content\/uploads\/2021\/01\/act_1_2007.jpg 222w, https:\/\/www.conselharan.org\/wp-content\/uploads\/2021\/01\/act_1_2007-163x300.jpg 163w\" sizes=\"(max-width: 222px) 100vw, 222px\" \/><img loading=\"lazy\" decoding=\"async\" class=\"alignnone wp-image-39418 size-full\" src=\"https:\/\/www.conselharan.org\/wp-content\/uploads\/2021\/01\/act_2_2007.jpg\" alt=\"\" width=\"241\" height=\"409\" srcset=\"https:\/\/www.conselharan.org\/wp-content\/uploads\/2021\/01\/act_2_2007.jpg 241w, https:\/\/www.conselharan.org\/wp-content\/uploads\/2021\/01\/act_2_2007-177x300.jpg 177w\" sizes=\"(max-width: 241px) 100vw, 241px\" \/><\/p>\n<p>F\u00f2to 1 e 2: Era p\u00f2rta meridionau dera gl\u00e8isa de Boss\u00f2st abantes e demp\u00fas dera restauracion<\/p>\n<p>Restauracion d\u2019ua taula d\u2019estil gotic procedent de St. Sernilh de Betren<\/p>\n<p>En passat mes de mai retorn\u00e8c entara Val d\u2019Aran era taula gotica, trapada er an passat en campanau de Betren e que pr\u2019amor dera fragilitat deth s\u00f2n estat de conservacion s\u2019auie portat a restaurar en Centre de Restauracion de Bens M\u00f2bles dera Generalitat de Catalunya, pla\u00e7at en Valdoreix (Barcelona) S\u2019a encuedat dera restauracion er equip de Td\u2019Art. Eth Conselh Generau d\u2019Aran a artenhut dera Generalitat de Catalunya ua ajuda deth 70% ent\u00e0 assomir eth c\u00f2st dera actuacion, de m\u00e8s de 6.000\u20ac.<\/p>\n<p>Se tracte d\u2019ua taula, tamb dues scenes dedicades ara vida e eth martiri de St. Sernilh, d\u2019estil gotic totun que de datacion tardiua, possiblament deth s\u00e8gle XVI.<br \/>\n<img loading=\"lazy\" decoding=\"async\" class=\"alignnone wp-image-39422 size-full\" src=\"https:\/\/www.conselharan.org\/wp-content\/uploads\/2021\/01\/act_3_2007.jpg\" alt=\"\" width=\"262\" height=\"457\" srcset=\"https:\/\/www.conselharan.org\/wp-content\/uploads\/2021\/01\/act_3_2007.jpg 262w, https:\/\/www.conselharan.org\/wp-content\/uploads\/2021\/01\/act_3_2007-172x300.jpg 172w\" sizes=\"(max-width: 262px) 100vw, 262px\" \/><br \/>\n<img loading=\"lazy\" decoding=\"async\" class=\"alignnone wp-image-39426 size-full\" src=\"https:\/\/www.conselharan.org\/wp-content\/uploads\/2021\/01\/act_5_2007.jpg\" alt=\"\" width=\"318\" height=\"237\" srcset=\"https:\/\/www.conselharan.org\/wp-content\/uploads\/2021\/01\/act_5_2007.jpg 318w, https:\/\/www.conselharan.org\/wp-content\/uploads\/2021\/01\/act_5_2007-300x224.jpg 300w\" sizes=\"(max-width: 318px) 100vw, 318px\" \/><\/p>\n<p>Reabilitacion interiora dera gl\u00e8isa de St. F\u00e8lix de Bagergue<\/p>\n<p>Era gl\u00e8isa de St. F\u00e8lix de Bagergue ei ua bastissa romanica, deth s. XII, posteriorament modificada pendent es s. XVI e XVII tamb era ampliacion dera cabec\u00e8ra e de dues cap\u00e8les lateraus.<\/p>\n<p>En un moment cronologicament indeterminat, patic er esbaussament dera v\u00f2uta de miei punt romanica que siguec rempla\u00e7ada per ua faussa v\u00f2uta en husta, h\u00e8 p\u00f2gui ans renauida en una actuacion anteriora.<\/p>\n<p>Es trabalhs de reabilitacion actuaus an auut per obj\u00e8cte era neteja, rejuntat o perbocat des murs perimetraus e des arrincaments conservadi dera antica v\u00f2uta romanica. De man\u00e8ra prealabla, s\u2019ami\u00e8ren prospeccions ent\u00e0 descartar era possibla exist\u00e9ncia de decoracion pictorica enes murs.<\/p>\n<p>Era intervencion, que s\u2019a amiat entre es mesi de mar\u00e7 e junh, a auut un c\u00f2st de 16.227,33\u20ac, des quaus eth 50% a cargue deth Conselh Generau d\u2019Aran e eth 50% restant dera Entitat Menor Descentralizada de Bagergue. Eth Conselh Generau d\u2019Aran, a trau\u00e8rs der Airau de Patrim\u00f2ni Culturau, a assumit eth seguiment tecnic des actuacions.<br \/>\n<img loading=\"lazy\" decoding=\"async\" class=\"alignnone wp-image-39430 size-full\" src=\"https:\/\/www.conselharan.org\/wp-content\/uploads\/2021\/01\/act_6_2007.jpg\" alt=\"\" width=\"387\" height=\"516\" srcset=\"https:\/\/www.conselharan.org\/wp-content\/uploads\/2021\/01\/act_6_2007.jpg 387w, https:\/\/www.conselharan.org\/wp-content\/uploads\/2021\/01\/act_6_2007-225x300.jpg 225w\" sizes=\"(max-width: 387px) 100vw, 387px\" \/><br \/>\nEs trabalhs de neteja e assolidament<br \/>\n<img loading=\"lazy\" decoding=\"async\" class=\"alignnone wp-image-39434 size-full\" src=\"https:\/\/www.conselharan.org\/wp-content\/uploads\/2021\/01\/act_7_2007.jpg\" alt=\"\" width=\"457\" height=\"380\" srcset=\"https:\/\/www.conselharan.org\/wp-content\/uploads\/2021\/01\/act_7_2007.jpg 457w, https:\/\/www.conselharan.org\/wp-content\/uploads\/2021\/01\/act_7_2007-300x249.jpg 300w\" sizes=\"(max-width: 457px) 100vw, 457px\" \/><br \/>\nDetalh des hener\u00e8cles existentes abantes dera intervencion<br \/>\n<img loading=\"lazy\" decoding=\"async\" class=\"alignnone wp-image-39438 size-full\" src=\"https:\/\/www.conselharan.org\/wp-content\/uploads\/2021\/01\/act_8_2007.jpg\" alt=\"\" width=\"568\" height=\"426\" srcset=\"https:\/\/www.conselharan.org\/wp-content\/uploads\/2021\/01\/act_8_2007.jpg 568w, https:\/\/www.conselharan.org\/wp-content\/uploads\/2021\/01\/act_8_2007-300x225.jpg 300w\" sizes=\"(max-width: 568px) 100vw, 568px\" \/><br \/>\nAsp\u00e8cte generau dera gl\u00e8isa demp\u00fas dera intervencion<\/p>\n<p>\u00d2bres d\u2019assolidament e reabilitacion en campanau de Sant Julian de Gar\u00f2s<br \/>\nA finaus d\u2019abriu comenc\u00e8ren es \u00f2bres previstes en proj\u00e8cte d\u2019assolidament dera tor-campanau de St. Julian de Gar\u00f2s, realizat per arquit\u00e8cte J. Filloy.<\/p>\n<p>Eth proj\u00e8cte prev\u00e9 res\u00f2lver es grani probl\u00e8mes estructuraus que patie era bastissa e era reabilitacion des fa\u00e7ades.<\/p>\n<p>Semble \u00e8ster qu\u2019es granes hener\u00e8cles verticaus que se daurien enes s\u00f2ns murs, sigueren provocades peth terratrem de 1923.<\/p>\n<p>E. Salazar, contratista dera \u00f2bra, prev\u00e9 era sua finalizacion en mes d\u2019octobre.<br \/>\nEra execucion des trabalhs, tamb un pressup\u00f2st de 62.000\u20ac, finan\u00e7at a parts egaus peth Conselh Generau d\u2019Aran e er Ajuntament de Naut Aran, a estat adjudicada ath contratista E. Salazar, especializat en actuacions en patrim\u00f2ni culturau, qui prev\u00e9 era sua finalizacion en pr\u00f2pl\u00e8u octobre.<\/p>\n<p><img loading=\"lazy\" decoding=\"async\" class=\"alignnone wp-image-39442 size-full\" src=\"https:\/\/www.conselharan.org\/wp-content\/uploads\/2021\/01\/act_9_2007.jpg\" alt=\"\" width=\"448\" height=\"597\" srcset=\"https:\/\/www.conselharan.org\/wp-content\/uploads\/2021\/01\/act_9_2007.jpg 448w, https:\/\/www.conselharan.org\/wp-content\/uploads\/2021\/01\/act_9_2007-225x300.jpg 225w\" sizes=\"(max-width: 448px) 100vw, 448px\" \/><\/p>\n<p>Proj\u00e8cte basic e d\u2019execucion des \u00f2bres de restauracion dera gl\u00e8isa de Santa Maria d\u2019Arties (1a fase)<\/p>\n<p>Era gl\u00e8\u00ecsa de Santa Maria d\u2019Arties, declarada Ben Culturau d\u2019Inter\u00e8s Nacionau ei un exponent capdau laguens deth patrim\u00f2ni culturau dera Val d\u2019Aran. Ath del\u00e0 dera sua arquitectura romanica era gl\u00e8isa sauve en interior ua rica e variada ornamentacion religiosa d\u2019estil gotic, renaishentista e barr\u00f2ca. .<\/p>\n<p>Eth proj\u00e8cte, encomanat pera Direccion Generau deth Patrim\u00f2ni Culturau deth Departament de Cultura dera Generalitat de Catalunya, ar arquit\u00e8cte Joan Jos\u00e8p Polo i Berroy, autor e director tanben dera actuacion d\u2019assolidament realizada en 1998-99 que metec fin as gr\u00e8us patologies que a niv\u00e8u estructurau patie er edifici.<\/p>\n<p>Eth proj\u00e8cte actuau prev\u00e9 intervier ena cabec\u00e8ra dera gl\u00e8isa tamb er objectiu de completar er assolidament dera madeisha e era recuperacion e dignificacion dera imatge exteriora d\u2019aguesta part der edifici, actuaument desprovista dera sua absida centrau.<\/p>\n<p>Ei previst qu\u2019es \u00f2bres comencen a meitats deth pr\u00f2pl\u00e8u mes de seteme. Totun de man\u00e8ra prealabla ad aguestes s\u2019amiar\u00e0n cataments arqueologics ent\u00e0 documentar er airau a intervier e sajar de localizar era fondamentacion dera absida des.h\u00e8ta. Dirigir\u00e0 es cataments er arqueol\u00f2g P\u00e8ir C\u00f2ts e Casanha.<\/p>\n<p><img loading=\"lazy\" decoding=\"async\" class=\"alignnone wp-image-39446 size-full\" src=\"https:\/\/www.conselharan.org\/wp-content\/uploads\/2021\/01\/act_10_2007.jpg\" alt=\"\" width=\"480\" height=\"321\" srcset=\"https:\/\/www.conselharan.org\/wp-content\/uploads\/2021\/01\/act_10_2007.jpg 480w, https:\/\/www.conselharan.org\/wp-content\/uploads\/2021\/01\/act_10_2007-300x201.jpg 300w\" sizes=\"(max-width: 480px) 100vw, 480px\" \/><br \/>\nAsp\u00e8cte actuau dera cabec\u00e8ra dera gl\u00e8isa tamb era absida centrau escap\u00e7ada<\/p>\n ","protected":false},"excerpt":{"rendered":"<p>ACTUACIONS DE CONSERVACION E RESTAURACION DETH PATRIM\u00d2NI PENDENT 2007 En s\u00f2n pr\u00e8tzh\u00e8t de conservar e recuperar es bens integrants deth patrim\u00f2ni culturau aran\u00e9s, eth Conselh Generau d\u2019Aran a desvolopat o prev\u00e9 desvolopar enguan diu\u00e8rses actuacions, un nombre important des quaus af\u00e8cten a gl\u00e8ises que coma ben sabem, constitu\u00efssen ua part plan subergessenta deth n\u00f2ste patrim\u00f2ni&#8230;.<\/p>\n","protected":false},"author":8,"featured_media":0,"parent":38579,"menu_order":0,"comment_status":"closed","ping_status":"closed","template":"page-full.php","meta":{"footnotes":""},"_links":{"self":[{"href":"https:\/\/www.conselharan.org\/ca\/wp-json\/wp\/v2\/pages\/39456"}],"collection":[{"href":"https:\/\/www.conselharan.org\/ca\/wp-json\/wp\/v2\/pages"}],"about":[{"href":"https:\/\/www.conselharan.org\/ca\/wp-json\/wp\/v2\/types\/page"}],"author":[{"embeddable":true,"href":"https:\/\/www.conselharan.org\/ca\/wp-json\/wp\/v2\/users\/8"}],"replies":[{"embeddable":true,"href":"https:\/\/www.conselharan.org\/ca\/wp-json\/wp\/v2\/comments?post=39456"}],"version-history":[{"count":1,"href":"https:\/\/www.conselharan.org\/ca\/wp-json\/wp\/v2\/pages\/39456\/revisions"}],"predecessor-version":[{"id":39753,"href":"https:\/\/www.conselharan.org\/ca\/wp-json\/wp\/v2\/pages\/39456\/revisions\/39753"}],"up":[{"embeddable":true,"href":"https:\/\/www.conselharan.org\/ca\/wp-json\/wp\/v2\/pages\/38579"}],"wp:attachment":[{"href":"https:\/\/www.conselharan.org\/ca\/wp-json\/wp\/v2\/media?parent=39456"}],"curies":[{"name":"wp","href":"https:\/\/api.w.org\/{rel}","templated":true}]}}